{"id":42116,"date":"2025-12-16T01:45:06","date_gmt":"2025-12-16T09:45:06","guid":{"rendered":"https:\/\/tangooled.com\/?post_type=product&#038;p=42116"},"modified":"2026-02-02T22:08:49","modified_gmt":"2026-02-03T06:08:49","slug":"low-lighting-led-strip-skirting-board-trim-channel-for-10mm-led-strip","status":"publish","type":"product","link":"https:\/\/tangooled.com\/ro\/produs\/low-lighting-led-strip-skirting-board-trim-channel-for-10mm-led-strip\/","title":{"rendered":"Canal de bordur\u0103 din aluminiu pentru benzi LED de 10 mm cu iluminare slab\u0103"},"content":{"rendered":"<div class=\"wp-block-group is-vertical is-layout-flex wp-container-core-group-is-layout-d255d7c4 wp-block-group-is-layout-flex\" style=\"padding-top:var(--wp--preset--spacing--80);padding-bottom:var(--wp--preset--spacing--80)\">\n<p>Plinta noastr\u0103 cu iluminare LED de jos func\u021bioneaz\u0103 at\u00e2t cu pere\u021bi placate cu gresie, c\u00e2t \u0219i cu placaje din lemn. Canalul de plint\u0103 LED din aluminiu este ascuns acolo unde peretele cu gresie se \u00eent\u00e2lne\u0219te cu podeaua. Aceasta nu doar c\u0103 ofer\u0103 o lumin\u0103 ambiental\u0103 pl\u0103cut\u0103 \u00een spa\u021bii mici, dar se integreaz\u0103 \u0219i \u00een diferite stiluri de camere.\u00a0<\/p>\n\n\n\n<p>This low lighting led skirting channel is 10 mm wide and 70 mm tall. It\u2019s suitable for compact spaces, such as kitchens and bathrooms, where space is relatively small. Its slim size won\u2019t take up too much space.<\/p>\n\n\n\n<p>Lumina de la acest profil de plint\u0103 LED str\u0103luce\u0219te \u00een jos \u0219i este reflectat\u0103 prin arcadelor profilurilor c\u0103tre zona podelei, evit\u00e2nd problemele de glare \u0219i \u00eembun\u0103t\u0103\u021bind confortul ilumin\u0103rii plintei LED.<\/p>\n<\/div>\n\n\n\n<div class=\"wp-block-group has-background is-vertical is-layout-flex wp-container-core-group-is-layout-d255d7c4 wp-block-group-is-layout-flex\" style=\"background-color:#f1f1f1;padding-top:var(--wp--preset--spacing--80);padding-bottom:var(--wp--preset--spacing--80)\">\n<div class=\"wp-block-group is-vertical is-layout-flex wp-container-core-group-is-layout-8cf370e7 wp-block-group-is-layout-flex\">\n<h2 class=\"wp-block-heading\" style=\"padding-top:var(--wp--preset--spacing--40);padding-bottom:var(--wp--preset--spacing--40);font-size:25px;font-style:normal;font-weight:600;text-transform:capitalize\">De ce s\u0103 alegi canalul nostru de plint\u0103 LED cu iluminare de jos?<\/h2>\n\n\n\n<ul class=\"wp-block-list\">\n<li>Se potrive\u0219te perfect cu benzi LED de 10 mm, astfel \u00eenc\u00e2t s\u0103 ai un design curat f\u0103r\u0103 lumini sau cabluri vizibile.<\/li>\n\n\n\n<li>Fabricat dintr-un aliaj de aluminiu 6063-T5 rezistent, care men\u021bine benzile tale LED rece \u0219i \u00een siguran\u021b\u0103.<\/li>\n\n\n\n<li>Dispune de un capac difuzor mat care face lumina mai bl\u00e2nd\u0103 \u0219i mai uniform\u0103, astfel \u00eenc\u00e2t s\u0103 nu existe pete ascu\u021bite sau glare.<\/li>\n\n\n\n<li>Cre\u0219pre\u021b prin instalare \u00eencorporat\u0103 sau tencuit\u0103, astfel \u00eenc\u00e2t s\u0103 se potriveasc\u0103 perfect cu pere\u021bii sau plintele tale pentru un aspect \u00eengrijit.<\/li>\n\n\n\n<li>Disponibil \u00een finisaje vopsite \u00een pulbere argintii, albe \u0219i negre pentru a completa designul spa\u021biului t\u0103u.\u00a0<\/li>\n\n\n\n<li>\u00cel po\u021bi t\u0103ia cu u\u0219urin\u021b\u0103 la lungimea dorit\u0103.<\/li>\n<\/ul>\n<\/div>\n<\/div>\n\n\n\n<div class=\"wp-block-group is-vertical is-layout-flex wp-container-core-group-is-layout-d255d7c4 wp-block-group-is-layout-flex\" style=\"padding-top:var(--wp--preset--spacing--80);padding-bottom:var(--wp--preset--spacing--80)\">\n<hr class=\"wp-block-separator has-alpha-channel-opacity\"\/>\n\n\n\n<div class=\"wp-block-media-text has-media-on-the-right is-stacked-on-mobile\" style=\"grid-template-columns:auto 40%\"><div class=\"wp-block-media-text__content\">\n<h2 class=\"wp-block-heading\" style=\"padding-top:var(--wp--preset--spacing--40);padding-bottom:var(--wp--preset--spacing--40);font-size:25px;font-style:normal;font-weight:600;text-transform:capitalize\">Pa\u0219i pentru Instalare<\/h2>\n\n\n\n<ul class=\"wp-block-list\">\n<li>Taie canalul \u0219i capa difuzor la lungimea plintei tale.<\/li>\n\n\n\n<li>Set the aluminum\u00a0profile back into drywall, plasterboard, or already-installed skirting trimmings.<\/li>\n\n\n\n<li>Pentru a face peretele s\u0103 arate curat \u0219i uniform, acoper\u0103 aripile de montare cu tencuial\u0103.<\/li>\n\n\n\n<li>Introduce\u021bi banda LED de 10mm \u00een canal.<\/li>\n\n\n\n<li>Pentru a face lumina mai bl\u00e2nd\u0103, fixeaz\u0103 capacul difuzor pe canal.<\/li>\n\n\n\n<li>Conecteaz\u0103-l \u0219i bucur\u0103-te de noile tale lumini ambientale.<\/li>\n<\/ul>\n<\/div><figure class=\"wp-block-media-text__media\"><img loading=\"lazy\" decoding=\"async\" width=\"500\" height=\"500\" src=\"https:\/\/tangooled.com\/wp-content\/uploads\/2025\/12\/sk09-ins.webp\" alt=\"low lighting led strip skirting board trim channel for 10mm led strip\" class=\"wp-image-42153 size-full\" srcset=\"https:\/\/tangooled.com\/wp-content\/uploads\/2025\/12\/sk09-ins.webp 500w, https:\/\/tangooled.com\/wp-content\/uploads\/2025\/12\/sk09-ins-300x300.webp 300w, https:\/\/tangooled.com\/wp-content\/uploads\/2025\/12\/sk09-ins-150x150.webp 150w\" sizes=\"auto, (max-width: 500px) 100vw, 500px\" \/><\/figure><\/div>\n<\/div>\n\n\n\n<div class=\"wp-block-group has-background is-vertical is-layout-flex wp-container-core-group-is-layout-b429018a wp-block-group-is-layout-flex\" style=\"background-color:#f1f1f1f2;padding-top:var(--wp--preset--spacing--70);padding-bottom:var(--wp--preset--spacing--70)\">\n<h2 class=\"wp-block-heading\" style=\"padding-top:var(--wp--preset--spacing--40);padding-bottom:var(--wp--preset--spacing--40);font-size:25px;font-style:normal;font-weight:600\">Unde s\u0103 folose\u0219ti?<\/h2>\n\n\n\n<p>Canalul nostru de plint\u0103 LED cu iluminare de jos este excelent pentru multe spa\u021bii:<\/p>\n\n\n\n<ul class=\"wp-block-list\">\n<li>Holuri \u0219i coridoare: Iluminarea curent\u0103 cu LED-uri va face ca mersul pe timpul nop\u021bii s\u0103 fie sigur \u0219i elegant.<\/li>\n\n\n\n<li>Saloane \u0219i dormitoare: Folose\u0219te iluminare de atmosfer\u0103 care se desf\u0103\u0219oar\u0103 de-a lungul pere\u021bilor pentru a face spa\u021biul s\u0103 se simt\u0103 cald \u0219i primitor.<\/li>\n\n\n\n<li>Sali de cinema \u0219i teatre: Folose\u0219te efecte de iluminare pe alei pentru a da camerei tale media o str\u0103lucire ambiental\u0103 bl\u00e2nd\u0103.<\/li>\n\n\n\n<li>Birouri \u0219i afaceri: Folose\u0219te extruzii arhitecturale elegante cu LED-uri pentru a ghida oamenii \u0219i a \u00eembun\u0103t\u0103\u021bi aspectul camerei.<\/li>\n<\/ul>\n<\/div>\n\n\n\n<div class=\"wp-block-group is-vertical is-layout-flex wp-container-core-group-is-layout-d255d7c4 wp-block-group-is-layout-flex\" style=\"padding-top:var(--wp--preset--spacing--80);padding-bottom:var(--wp--preset--spacing--80)\">\n<h2 class=\"wp-block-heading\" style=\"padding-top:var(--wp--preset--spacing--40);padding-bottom:var(--wp--preset--spacing--40);font-size:25px;font-style:normal;font-weight:600;text-transform:capitalize\">Produse conexe care s-ar putea s\u0103-\u021bi plac\u0103<\/h2>\n\n\n\n<ul class=\"wp-block-list\">\n<li><a href=\"https:\/\/tangooled.com\/ro\/produs\/black-led-profile-with-black-diffuser-for-10mm-led-strip-light\/\"><mark style=\"background-color:rgba(0, 0, 0, 0)\" class=\"has-inline-color has-vivid-red-color\">Profil LED negru cu difuzor negru pentru iluminarea benzilor LED de 10mm<\/mark><\/a> \u2014 For a sleek, modern black aluminum finish with excellent light control.<\/li>\n\n\n\n<li><a href=\"https:\/\/tangooled.com\/ro\/produs\/led-light-diffuser-channel-aluminum-15x12mm-for-10mm-led-strips\/\"><mark style=\"background-color:rgba(0, 0, 0, 0)\" class=\"has-inline-color has-vivid-red-color\">Canal de difuzor de lumin\u0103 LED din aluminiu 15x12mm pentru benzi LED de 10mm<\/mark><\/a> \u2014 Extra sturdy profiles with great diffusion for 10mm LEDs.<\/li>\n\n\n\n<li><a href=\"https:\/\/tangooled.com\/ro\/produs\/25x6mm-low-profile-led-strip-channel-for-10mm-led-strip-light\/\"><mark style=\"background-color:rgba(0, 0, 0, 0)\" class=\"has-inline-color has-vivid-red-color\">Canale LED cu profil joas\u0103 de 25x6mm pentru banda LED de 10mm <\/mark><\/a>\u2014 Ideal for slim spaces needing hidden LED lighting.<\/li>\n\n\n\n<li><a href=\"https:\/\/tangooled.com\/ro\/produs\/surface-mount-led-profile-with-frosted-diffuser-for-10mm-rope-lights\/\"><mark style=\"background-color:rgba(0, 0, 0, 0)\" class=\"has-inline-color has-vivid-red-color\">Profil LED de montare pe suprafa\u021b\u0103 cu difuzor frosted pentru lumini de sfoar\u0103 de 10mm<\/mark><\/a> \u2014 Perfect for surface installations with soft light spread.<\/li>\n\n\n\n<li><a href=\"https:\/\/tangooled.com\/ro\/produs\/recessed-led-baseboard-molding-for-5mm-strip-lighting\/\"><mark style=\"background-color:rgba(0, 0, 0, 0)\" class=\"has-inline-color has-vivid-red-color\">Plinta LED \u00eencastrat\u0103 pentru iluminarea cu benzi de 5 mm<\/mark><\/a> \u2014 A complementary choice for smaller, narrow LED strips.<\/li>\n<\/ul>\n<\/div>\n\n\n\n<p><\/p>","protected":false},"featured_media":13657,"template":"","meta":{"_acf_changed":true,"_seopress_robots_primary_cat":"none","_seopress_titles_title":"Low Lighting LED Skirting Board Trim Channel SK09 | TANGOOLED","_seopress_titles_desc":"The SK09 is a professional low lighting led skirting board optimized for 10mm strips. Create a soft, atmospheric glow at floor level with this durable aluminum trim channel.","_seopress_robots_index":""},"pcb-width":[228],"product-cat":[198],"class_list":{"0":"post-42116","1":"product","2":"type-product","3":"status-publish","4":"has-post-thumbnail","6":"pcb-width-6-12mm","7":"product-cat-skirting-profile"},"acf":[],"_links":{"self":[{"href":"https:\/\/tangooled.com\/ro\/wp-json\/wp\/v2\/product\/42116","targetHints":{"allow":["GET"]}}],"collection":[{"href":"https:\/\/tangooled.com\/ro\/wp-json\/wp\/v2\/product"}],"about":[{"href":"https:\/\/tangooled.com\/ro\/wp-json\/wp\/v2\/types\/product"}],"wp:featuredmedia":[{"embeddable":true,"href":"https:\/\/tangooled.com\/ro\/wp-json\/wp\/v2\/media\/13657"}],"wp:attachment":[{"href":"https:\/\/tangooled.com\/ro\/wp-json\/wp\/v2\/media?parent=42116"}],"wp:term":[{"taxonomy":"pcb-width","embeddable":true,"href":"https:\/\/tangooled.com\/ro\/wp-json\/wp\/v2\/pcb-width?post=42116"},{"taxonomy":"product-cat","embeddable":true,"href":"https:\/\/tangooled.com\/ro\/wp-json\/wp\/v2\/product-cat?post=42116"}],"curies":[{"name":"wp","href":"https:\/\/api.w.org\/{rel}","templated":true}]}}