{"id":42114,"date":"2025-12-16T01:39:52","date_gmt":"2025-12-16T09:39:52","guid":{"rendered":"https:\/\/tangooled.com\/?post_type=product&#038;p=42114"},"modified":"2026-02-02T22:08:31","modified_gmt":"2026-02-03T06:08:31","slug":"recessed-led-baseboard-molding-for-5mm-strip-lighting","status":"publish","type":"product","link":"https:\/\/tangooled.com\/ro\/produs\/recessed-led-baseboard-molding-for-5mm-strip-lighting\/","title":{"rendered":"Maz\u0103ra din aluminiu \u00eencorporat\u0103 pentru iluminatul cu band\u0103 LED de 5 mm"},"content":{"rendered":"<div class=\"wp-block-group is-vertical is-layout-flex wp-container-core-group-is-layout-d255d7c4 wp-block-group-is-layout-flex\" style=\"padding-top:var(--wp--preset--spacing--80);padding-bottom:var(--wp--preset--spacing--80)\">\n<p>Aceast\u0103 plac\u0103 de baz\u0103 LED \u00eencastrat\u0103 este un canal sub\u021bire construit dintr-un aliaj de aluminiu rezistent. Func\u021bioneaz\u0103 excelent pentru a ilumina podeaua. Designul este conceput pentru a sus\u021bine benzi LED cu l\u0103\u021bimea de 5 mm \u00een siguran\u021b\u0103. Nu exist\u0103 reflexii dure, deoarece difuzorul mat men\u021bine lumina constant\u0103, moale \u0219i f\u0103r\u0103 pete.<\/p>\n\n\n\n<p>Acest canal de baz\u0103 are doar 10 mm l\u0103\u021bime \u0219i 40 mm \u00een\u0103l\u021bime, astfel c\u0103 poate fi amplasat \u00een zone mici, cum ar fi buc\u0103t\u0103riile \u0219i b\u0103ile, f\u0103r\u0103 a ocupa prea mult spa\u021biu. Poate fi montat f\u0103r\u0103 decoruri acolo unde peretele \u00eent\u00e2lne\u0219te podeaua, ceea ce \u00eenseamn\u0103 c\u0103 func\u021bioneaz\u0103 at\u00e2t cu pere\u021bi din furnir de lemn, c\u00e2t \u0219i cu pere\u021bi din pl\u0103ci. Forma se potrive\u0219te cu \u00eemprejurimile f\u0103r\u0103 suporturi sau margini vizibile, oferindu-i un aspect curat \u0219i modern.<\/p>\n<\/div>\n\n\n\n<div class=\"wp-block-group has-background is-vertical is-layout-flex wp-container-core-group-is-layout-d255d7c4 wp-block-group-is-layout-flex\" style=\"background-color:#f1f1f1;padding-top:var(--wp--preset--spacing--80);padding-bottom:var(--wp--preset--spacing--80)\">\n<div class=\"wp-block-group is-vertical is-layout-flex wp-container-core-group-is-layout-8cf370e7 wp-block-group-is-layout-flex\">\n<h2 class=\"wp-block-heading\" style=\"padding-top:var(--wp--preset--spacing--40);padding-bottom:var(--wp--preset--spacing--40);font-size:25px;font-style:normal;font-weight:600;text-transform:capitalize\">Caracteristici \u0219i Beneficii<\/h2>\n\n\n\n<ul class=\"wp-block-list\">\n<li>Design montat la nivel: Placa \u00eencastrat\u0103 este la acela\u0219i nivel cu peretele pentru un aspect \u00eengrijit.\u00a0<\/li>\n\n\n\n<li>Func\u021bioneaz\u0103 cu benzi LED de 5 mm: Men\u021bine benzile LED \u00eenguste la locul lor f\u0103r\u0103 goluri sau mi\u0219care.<\/li>\n\n\n\n<li>Lumin\u0103 uniform\u0103 \u0219i f\u0103r\u0103 puncte: Lentila difuzorului mat face ca lumina s\u0103 fie mai moale, astfel \u00eenc\u00e2t s\u0103 str\u0103luceasc\u0103 uniform tot timpul.<\/li>\n\n\n\n<li>Fabricat din aluminiu rezistent: Protejeaz\u0103 benzile LED \u0219i func\u021bioneaz\u0103 ca un radiator pentru a le prelungi durata de via\u021b\u0103.<\/li>\n\n\n\n<li>Finisaje diferite: Po\u021bi s\u0103-l ob\u021bii \u00een argint anodizat, negru acoperit cu pulbere sau alb vopsibil.<\/li>\n\n\n\n<li>Func\u021bioneaz\u0103 at\u00e2t pentru construc\u021bii noi, c\u00e2t \u0219i pentru renov\u0103ri: poate fi instalat cu u\u0219urin\u021b\u0103 \u00een gips carton sau tencuial\u0103.<\/li>\n<\/ul>\n<\/div>\n<\/div>\n\n\n\n<div class=\"wp-block-group\" style=\"padding-top:var(--wp--preset--spacing--60);padding-bottom:var(--wp--preset--spacing--60)\"><div class=\"wp-block-group__inner-container is-layout-constrained wp-block-group-is-layout-constrained\">\n<div class=\"wp-block-media-text has-media-on-the-right is-stacked-on-mobile\" style=\"grid-template-columns:auto 40%\"><div class=\"wp-block-media-text__content\">\n<h2 class=\"wp-block-heading\" style=\"padding-top:var(--wp--preset--spacing--40);padding-bottom:var(--wp--preset--spacing--40);font-size:25px;font-style:normal;font-weight:600;text-transform:capitalize\">Cum se instaleaz\u0103 placa de baz\u0103 LED \u00eencastrat\u0103<\/h2>\n\n\n\n<ul class=\"wp-block-list\">\n<li>F\u0103 o t\u0103ietur\u0103 \u00een gips carton sau tencuial\u0103 unde va merge placarea.<\/li>\n\n\n\n<li>Introdu cadrul de aluminiu astfel \u00eenc\u00e2t s\u0103 fie la nivel cu peretele.<\/li>\n\n\n\n<li>Introdu banda ta LED de 5 mm \u00een canal.<\/li>\n\n\n\n<li>Pune difuzorul mat \u0219i \u00eenchide capetele profilului cu capace. <\/li>\n\n\n\n<li>Pentru a-i da aspectul unei singure piese, termin\u0103 tencuiala sau vopseaua \u00een jurul pl\u0103cii.<\/li>\n\n\n\n<li>Conecteaz\u0103-te la un driver LED care func\u021bioneaz\u0103 la 12V sau 24V (v\u00e2ndut separat).<\/li>\n<\/ul>\n<\/div><figure class=\"wp-block-media-text__media\"><img loading=\"lazy\" decoding=\"async\" width=\"500\" height=\"500\" src=\"https:\/\/tangooled.com\/wp-content\/uploads\/2025\/12\/sk08-ins.webp\" alt=\"recessed led baseboard molding for 5mm strip lighting\" class=\"wp-image-42152 size-full\" srcset=\"https:\/\/tangooled.com\/wp-content\/uploads\/2025\/12\/sk08-ins.webp 500w, https:\/\/tangooled.com\/wp-content\/uploads\/2025\/12\/sk08-ins-300x300.webp 300w, https:\/\/tangooled.com\/wp-content\/uploads\/2025\/12\/sk08-ins-150x150.webp 150w\" sizes=\"auto, (max-width: 500px) 100vw, 500px\" \/><\/figure><\/div>\n<\/div><\/div>\n\n\n\n<div class=\"wp-block-group has-background is-vertical is-layout-flex wp-container-core-group-is-layout-b429018a wp-block-group-is-layout-flex\" style=\"background-color:#f1f1f1f2;padding-top:var(--wp--preset--spacing--70);padding-bottom:var(--wp--preset--spacing--70)\">\n<h2 class=\"wp-block-heading\" style=\"padding-top:var(--wp--preset--spacing--40);padding-bottom:var(--wp--preset--spacing--40);font-size:25px;font-style:normal;font-weight:600\">Unde s\u0103 \u00eel folose\u0219ti?<\/h2>\n\n\n\n<p>Placa noastr\u0103 de baz\u0103 LED \u00eencastrat\u0103 este perfect\u0103 pentru:<\/p>\n\n\n\n<ul class=\"wp-block-list\">\n<li>Holuri \u0219i coridoare: Apari\u021bie modern\u0103 \u0219i iluminare de noapte sigur\u0103.<\/li>\n\n\n\n<li>Livinguri \u0219i dormitoare: Adaug\u0103 o str\u0103lucire cald\u0103 podelei care face locul s\u0103 se simt\u0103 primitor.<\/li>\n\n\n\n<li>Buc\u0103t\u0103rii \u0219i b\u0103i: Iluminarea sub dulapuri este o modalitate curat\u0103 \u0219i elegant\u0103 de a ilumina sarcinile.<\/li>\n\n\n\n<li>Spa\u021bii comerciale: Hoteluri, restaurante \u0219i locuri de munc\u0103 ador\u0103 iluminarea indirect\u0103 care este at\u00e2t de elegant\u0103.<\/li>\n<\/ul>\n<\/div>\n\n\n\n<div class=\"wp-block-group is-vertical is-layout-flex wp-container-core-group-is-layout-d255d7c4 wp-block-group-is-layout-flex\" style=\"padding-top:var(--wp--preset--spacing--80);padding-bottom:var(--wp--preset--spacing--80)\">\n<h2 class=\"wp-block-heading\" style=\"padding-top:var(--wp--preset--spacing--40);padding-bottom:var(--wp--preset--spacing--40);font-size:25px;font-style:normal;font-weight:600;text-transform:capitalize\">Produse conexe<\/h2>\n\n\n\n<ul class=\"wp-block-list\">\n<li>Exploreaz\u0103<a href=\"https:\/\/tangooled.com\/ro\/produs\/8x9mm-led-profile-aluminum-channel-rigid-bar-for-5mm-led-strips\/\"><mark style=\"background-color:rgba(0, 0, 0, 0)\" class=\"has-inline-color has-vivid-red-color\"> Canal de aluminiu LED 8x9mm pentru benzi LED de 5mm<\/mark><\/a> pentru designuri alternative de canale.<\/li>\n\n\n\n<li>Cau\u021bi mai multe canale de iluminat? \u00cencearc\u0103 <a href=\"https:\/\/tangooled.com\/ro\/produs\/recessed-aluminum-profile-17x8mm-for-led-strip-lighting\/\"><mark style=\"background-color:rgba(0, 0, 0, 0)\" class=\"has-inline-color has-vivid-red-color\">Profilul de aluminiu LED \u00eencastrat 17x8mm pentru iluminatul cu benzi LED<\/mark> <\/a>pentru dimensiuni diferite.<\/li>\n\n\n\n<li>Ai nevoie de un difuzor pentru benzi mai late? Verific\u0103 <mark style=\"background-color:rgba(0, 0, 0, 0)\" class=\"has-inline-color has-vivid-red-color\"><a href=\"https:\/\/tangooled.com\/ro\/produs\/black-led-diffuser-aluminum-channel-for-12mm-tape-lights\/\">Canal din aluminiu cu difuzor LED negru pentru benzi de 12mm<\/a><\/mark><mark style=\"background-color:rgba(0, 0, 0, 0)\" class=\"has-inline-color has-black-color\">.<\/mark><\/li>\n<\/ul>\n<\/div>\n\n\n\n<div class=\"wp-block-group has-background\" style=\"background-color:#f1f1f1;padding-top:var(--wp--preset--spacing--80);padding-bottom:var(--wp--preset--spacing--80)\"><div class=\"wp-block-group__inner-container is-layout-constrained wp-block-group-is-layout-constrained\">\n<h2 class=\"wp-block-heading\" style=\"padding-top:var(--wp--preset--spacing--40);padding-right:0;padding-bottom:var(--wp--preset--spacing--40);padding-left:0;font-size:25px;font-style:normal;font-weight:600;text-transform:capitalize\">Rezumat<\/h2>\n\n\n\n<p style=\"padding-right:var(--wp--preset--spacing--50);padding-left:var(--wp--preset--spacing--50)\">Placa noastr\u0103 de baz\u0103 LED \u00eencastrat\u0103 pentru iluminatul cu benzi de 5mm adaug\u0103 iluminare elegant\u0103 \u0219i discret\u0103 \u00een case \u0219i afaceri moderne. Ofer\u0103 o lumin\u0103 frumoas\u0103 \u0219i uniform\u0103 de-a lungul pere\u021bilor \u0219i podelelor cu ajutorul ramei sale din aluminiu rezistent, construc\u021biei montate la nivel \u0219i lentilei difuzorului mat. Ofer\u0103 siguran\u021b\u0103 \u0219i stil \u00een coridoare, buc\u0103t\u0103rii, spa\u021bii de locuit \u0219i birouri.<\/p>\n<\/div><\/div>\n\n\n\n<p><\/p>","protected":false},"featured_media":13655,"template":"","meta":{"_acf_changed":true,"_seopress_robots_primary_cat":"none","_seopress_titles_title":"Recessed LED Baseboard Molding for 5mm Strip SK08 | TANGOOLED","_seopress_titles_desc":"The SK08 is a premium recessed led baseboard molding specifically designed for ultra-narrow 5mm strips. Create a subtle, minimalist glowing line at the floor level with this slim aluminum profile.","_seopress_robots_index":""},"pcb-width":[228],"product-cat":[198],"class_list":{"0":"post-42114","1":"product","2":"type-product","3":"status-publish","4":"has-post-thumbnail","6":"pcb-width-6-12mm","7":"product-cat-skirting-profile"},"acf":[],"_links":{"self":[{"href":"https:\/\/tangooled.com\/ro\/wp-json\/wp\/v2\/product\/42114","targetHints":{"allow":["GET"]}}],"collection":[{"href":"https:\/\/tangooled.com\/ro\/wp-json\/wp\/v2\/product"}],"about":[{"href":"https:\/\/tangooled.com\/ro\/wp-json\/wp\/v2\/types\/product"}],"wp:featuredmedia":[{"embeddable":true,"href":"https:\/\/tangooled.com\/ro\/wp-json\/wp\/v2\/media\/13655"}],"wp:attachment":[{"href":"https:\/\/tangooled.com\/ro\/wp-json\/wp\/v2\/media?parent=42114"}],"wp:term":[{"taxonomy":"pcb-width","embeddable":true,"href":"https:\/\/tangooled.com\/ro\/wp-json\/wp\/v2\/pcb-width?post=42114"},{"taxonomy":"product-cat","embeddable":true,"href":"https:\/\/tangooled.com\/ro\/wp-json\/wp\/v2\/product-cat?post=42114"}],"curies":[{"name":"wp","href":"https:\/\/api.w.org\/{rel}","templated":true}]}}