{"id":42112,"date":"2025-12-16T01:34:52","date_gmt":"2025-12-16T09:34:52","guid":{"rendered":"https:\/\/tangooled.com\/?post_type=product&#038;p=42112"},"modified":"2026-02-02T22:08:15","modified_gmt":"2026-02-03T06:08:15","slug":"aluminum-drywall-led-skirting-profile-for-12mm-tape-light","status":"publish","type":"product","link":"https:\/\/tangooled.com\/ro\/produs\/aluminum-drywall-led-skirting-profile-for-12mm-tape-light\/","title":{"rendered":"Profil de margine LED din aluminiu pentru guma de 12 mm"},"content":{"rendered":"<div class=\"wp-block-group is-vertical is-layout-flex wp-container-core-group-is-layout-d255d7c4 wp-block-group-is-layout-flex\" style=\"padding-top:var(--wp--preset--spacing--80);padding-bottom:var(--wp--preset--spacing--80)\">\n<p>Acest profil de margine LED din aluminiu pentru band\u0103 de 12 mm este o t\u0103ietur\u0103 simpl\u0103, foarte flexibil\u0103, perfect\u0103 pentru construirea unei ilumin\u0103ri discrete \u0219i curate. Fabricat din aluminiu rezistent, ofer\u0103 un aspect durabil \u0219i minimalist pentru a crea linii drepte de lumin\u0103 oriunde dore\u0219ti. Spre deosebire de multe alte profile, acest design este l\u0103sat inten\u021bionat f\u0103r\u0103 difuzor, men\u021bin\u00e2nd structura simpl\u0103 pentru a ob\u021bine cea mai direct\u0103 lumin\u0103 posibil\u0103 de la banda ta LED.<\/p>\n\n\n\n<p>Acest canal poate fi u\u0219or \u00eenglobat \u00een gips-carton sau placaj, fie ca o margine de LED modern\u0103 aproape de podea, fie ca un profil subtil la \u00een\u0103l\u021bime pe perete. Designul s\u0103u este axat pe plasarea joas\u0103 sau medie pe perete pentru a oferi o lumin\u0103 curat\u0103 \u0219i indirect\u0103, f\u0103r\u0103 a se extinde la jonc\u021biunile de perete sau tavan.<\/p>\n\n\n\n<p>Since it&#8217;s designed to be trimless, the whole profile hides completely inside the wall. This provides an incredibly clean and modern finish, with no visible aluminum edges once installation and plastering are complete. The channel is compatible with a range of common strip light widths, fitting LED tapes that are 8 mm, 10 mm, and up to 12 mm wide, ensuring broad flexibility in your choice of lighting.<\/p>\n<\/div>\n\n\n\n<div class=\"wp-block-group has-background is-vertical is-layout-flex wp-container-core-group-is-layout-d255d7c4 wp-block-group-is-layout-flex\" style=\"background-color:#f1f1f1;padding-top:var(--wp--preset--spacing--80);padding-bottom:var(--wp--preset--spacing--80)\">\n<div class=\"wp-block-group is-vertical is-layout-flex wp-container-core-group-is-layout-8cf370e7 wp-block-group-is-layout-flex\">\n<h2 class=\"wp-block-heading\" style=\"padding-top:var(--wp--preset--spacing--40);padding-bottom:var(--wp--preset--spacing--40);font-size:25px;font-style:normal;font-weight:600;text-transform:capitalize\">De ce s\u0103 alegi profilul nostru de margine LED pentru gips-carton<\/h2>\n\n\n\n<ul class=\"wp-block-list\">\n<li>Finisaj curat, f\u0103r\u0103 margini: Acest profil se integreaz\u0103 direct \u00een gips-carton. \u00cel tencuie\u0219ti deasupra f\u0103r\u0103 goluri sau \u00eembin\u0103ri.<\/li>\n\n\n\n<li>Construc\u021bie din aluminiu rezistent: Fabricat din aluminiu anodizat de \u00eenalt\u0103 calitate 6063-T5, r\u0103ce\u0219te benzile tale LED pentru a dura mai mult.<\/li>\n\n\n\n<li>Se potrive\u0219te cu benzi LED de 12 mm l\u0103\u021bime: Dimensiune perfect\u0103 pentru cele mai multe benzi LED de pe pia\u021b\u0103.<\/li>\n\n\n\n<li>Utilizare versatil\u0103: Perfect pentru Holuri, sc\u0103ri, camere de zi, hoteluri, magazine sau birouri.<\/li>\n<\/ul>\n<\/div>\n<\/div>\n\n\n\n<div class=\"wp-block-group\" style=\"padding-top:var(--wp--preset--spacing--60);padding-bottom:var(--wp--preset--spacing--60)\"><div class=\"wp-block-group__inner-container is-layout-constrained wp-block-group-is-layout-constrained\">\n<div class=\"wp-block-media-text has-media-on-the-right is-stacked-on-mobile\" style=\"grid-template-columns:auto 40%\"><div class=\"wp-block-media-text__content\">\n<h2 class=\"wp-block-heading\" style=\"padding-top:var(--wp--preset--spacing--40);padding-bottom:var(--wp--preset--spacing--40);font-size:25px;font-style:normal;font-weight:600;text-transform:capitalize\">Pa\u0219i simpli pentru instalare<\/h2>\n\n\n\n<ul class=\"wp-block-list\">\n<li>Viseaz\u0103 canalul de aluminiu la peretele din gips-carton sau la studurile de lemn.<\/li>\n\n\n\n<li>Acoper\u0103 marginile cu tencuial\u0103 sau agregat pentru gips-carton.<\/li>\n\n\n\n<li>S\u0103p\u0103-l neted \u0219i vopse\u0219te peretele.<\/li>\n\n\n\n<li>Introdu banda ta LED de 12 mm \u00een interior.<\/li>\n\n\n\n<li>Conecteaz\u0103 banda LED la o surs\u0103 de alimentare cu tensiune mic\u0103.<\/li>\n<\/ul>\n<\/div><figure class=\"wp-block-media-text__media\"><img loading=\"lazy\" decoding=\"async\" width=\"500\" height=\"500\" src=\"https:\/\/tangooled.com\/wp-content\/uploads\/2025\/12\/sk07-ins.webp\" alt=\"aluminum drywall led skirting profile for 12mm tape light\" class=\"wp-image-42147 size-full\" srcset=\"https:\/\/tangooled.com\/wp-content\/uploads\/2025\/12\/sk07-ins.webp 500w, https:\/\/tangooled.com\/wp-content\/uploads\/2025\/12\/sk07-ins-300x300.webp 300w, https:\/\/tangooled.com\/wp-content\/uploads\/2025\/12\/sk07-ins-150x150.webp 150w\" sizes=\"auto, (max-width: 500px) 100vw, 500px\" \/><\/figure><\/div>\n<\/div><\/div>\n\n\n\n<div class=\"wp-block-group has-background is-vertical is-layout-flex wp-container-core-group-is-layout-b429018a wp-block-group-is-layout-flex\" style=\"background-color:#f1f1f1f2;padding-top:var(--wp--preset--spacing--70);padding-bottom:var(--wp--preset--spacing--70)\">\n<h2 class=\"wp-block-heading\" style=\"padding-top:var(--wp--preset--spacing--40);padding-bottom:var(--wp--preset--spacing--40);font-size:25px;font-style:normal;font-weight:600\">Perfect pentru multe locuri<\/h2>\n\n\n\n<p>Aceast\u0103 bordur\u0103 de aluminiu LED poate fi utilizat\u0103 \u00een multe camere \u0219i zone diferite:<\/p>\n\n\n\n<ul class=\"wp-block-list\">\n<li>Acas\u0103: Camere de zi, sc\u0103ri \u0219i holuri<\/li>\n\n\n\n<li>Hoteluri: holuri, camere de oaspe\u021bi \u0219i recep\u021bii<\/li>\n\n\n\n<li>Magazine: Iluminare de accent pentru a eviden\u021bia pere\u021bii<\/li>\n\n\n\n<li>Birouri: Sub birouri sau pe c\u0103i pentru o iluminare bl\u00e2nd\u0103.<\/li>\n\n\n\n<li>Spitale \u0219i teatre: Iluminare sigur\u0103, cu unghiuri reduse de reflexie<\/li>\n<\/ul>\n<\/div>\n\n\n\n<div class=\"wp-block-group\" style=\"padding-top:var(--wp--preset--spacing--80);padding-bottom:var(--wp--preset--spacing--80)\"><div class=\"wp-block-group__inner-container is-layout-constrained wp-block-group-is-layout-constrained\">\n<h2 class=\"wp-block-heading\" style=\"padding-top:var(--wp--preset--spacing--40);padding-bottom:var(--wp--preset--spacing--40);font-size:25px;font-style:normal;font-weight:600;text-transform:capitalize\">Produse conexe care s-ar putea s\u0103-\u021bi plac\u0103<\/h2>\n\n\n\n<ul class=\"wp-block-list\">\n<li>Black LED diffuser aluminum channel for 12mm tape lights \u2014 <a href=\"https:\/\/tangooled.com\/ro\/produs\/black-led-diffuser-aluminum-channel-for-12mm-tape-lights\/\"><mark style=\"background-color:rgba(0, 0, 0, 0)\" class=\"has-inline-color has-vivid-red-color\">Vezi produsul<\/mark><\/a><\/li>\n\n\n\n<li>Surface mount LED profile with frosted diffuser for 10mm rope lights \u2014 <a href=\"https:\/\/tangooled.com\/ro\/produs\/surface-mount-led-profile-with-frosted-diffuser-for-10mm-rope-lights\/\"><mark style=\"background-color:rgba(0, 0, 0, 0)\" class=\"has-inline-color has-vivid-red-color\">Vezi produsul<\/mark><\/a><\/li>\n\n\n\n<li>18mm flexible LED profile for 12mm LED strips \u2014 <a href=\"https:\/\/tangooled.com\/ro\/produs\/18mm-flexible-led-profile-for-12mm-led-strips\/\"><mark style=\"background-color:rgba(0, 0, 0, 0)\" class=\"has-inline-color has-vivid-red-color\">Vezi produsul<\/mark><\/a><\/li>\n<\/ul>\n<\/div><\/div>\n\n\n\n<div class=\"wp-block-group has-background\" style=\"background-color:#f1f1f1;padding-top:var(--wp--preset--spacing--80);padding-bottom:var(--wp--preset--spacing--80)\"><div class=\"wp-block-group__inner-container is-layout-constrained wp-block-group-is-layout-constrained\">\n<h2 class=\"wp-block-heading\" style=\"padding-top:var(--wp--preset--spacing--40);padding-right:0;padding-bottom:var(--wp--preset--spacing--40);padding-left:0;font-size:25px;font-style:normal;font-weight:600;text-transform:capitalize\">Rezumat<\/h2>\n\n\n\n<p style=\"padding-right:var(--wp--preset--spacing--50);padding-left:var(--wp--preset--spacing--50)\">Profilul de margine LED din aluminiu pentru band\u0103 de 12 mm este o modalitate inteligent\u0103 de a pune iluminare indirect\u0103 pe pere\u021bii t\u0103i, care este curat\u0103 \u0219i neted\u0103. Func\u021bioneaz\u0103 bine cu lumini LED de 12 mm \u0219i se integreaz\u0103 \u00een gips-carton pentru un aspect curat. Folose\u0219te-l \u00een case, afaceri, hoteluri sau magazine pentru a ad\u0103uga iluminare modern\u0103 \u0219i stilat\u0103 care se \u00eencadreaz\u0103 perfect.<\/p>\n<\/div><\/div>\n\n\n\n<p><\/p>","protected":false},"featured_media":13653,"template":"","meta":{"_acf_changed":true,"_seopress_robots_primary_cat":"none","_seopress_titles_title":"Aluminum Drywall LED Skirting Profile for 12mm Tape Light SK07 | TANGOOLED","_seopress_titles_desc":"The SK07 is a durable aluminum drywall led skirting profile optimized for 12mm tape lights. Achieve a clean, integrated linear light finish in plasterboard walls with this recessed baseboard.","_seopress_robots_index":""},"pcb-width":[228],"product-cat":[198],"class_list":{"0":"post-42112","1":"product","2":"type-product","3":"status-publish","4":"has-post-thumbnail","6":"pcb-width-6-12mm","7":"product-cat-skirting-profile"},"acf":[],"_links":{"self":[{"href":"https:\/\/tangooled.com\/ro\/wp-json\/wp\/v2\/product\/42112","targetHints":{"allow":["GET"]}}],"collection":[{"href":"https:\/\/tangooled.com\/ro\/wp-json\/wp\/v2\/product"}],"about":[{"href":"https:\/\/tangooled.com\/ro\/wp-json\/wp\/v2\/types\/product"}],"wp:featuredmedia":[{"embeddable":true,"href":"https:\/\/tangooled.com\/ro\/wp-json\/wp\/v2\/media\/13653"}],"wp:attachment":[{"href":"https:\/\/tangooled.com\/ro\/wp-json\/wp\/v2\/media?parent=42112"}],"wp:term":[{"taxonomy":"pcb-width","embeddable":true,"href":"https:\/\/tangooled.com\/ro\/wp-json\/wp\/v2\/pcb-width?post=42112"},{"taxonomy":"product-cat","embeddable":true,"href":"https:\/\/tangooled.com\/ro\/wp-json\/wp\/v2\/product-cat?post=42112"}],"curies":[{"name":"wp","href":"https:\/\/api.w.org\/{rel}","templated":true}]}}