{"id":42108,"date":"2025-12-16T01:28:09","date_gmt":"2025-12-16T09:28:09","guid":{"rendered":"https:\/\/tangooled.com\/?post_type=product&#038;p=42108"},"modified":"2026-02-02T22:07:20","modified_gmt":"2026-02-03T06:07:20","slug":"side-lighting-2-in-1-aluminum-led-baseboard-for-15mm-strips","status":"publish","type":"product","link":"https:\/\/tangooled.com\/ro\/produs\/side-lighting-2-in-1-aluminum-led-baseboard-for-15mm-strips\/","title":{"rendered":"iluminare lateral\u0103 2-in-1 printr-un soclu LED din aluminiu pentru benzi de 15mm"},"content":{"rendered":"<div class=\"wp-block-group is-vertical is-layout-flex wp-container-core-group-is-layout-d255d7c4 wp-block-group-is-layout-flex\" style=\"padding-top:var(--wp--preset--spacing--80);padding-bottom:var(--wp--preset--spacing--80)\">\n<p>Brighten your space with the 2-in-1 LED Baseboard\u2014a smart, modern way for room lighting. This creative LED aluminum skirting serves a dual purpose; it works as a standard wall baseboard and as a hidden lighting channel. The design features two aluminum parts: one for fixed installation, and the other holds the LED strip lights.<\/p>\n\n\n\n<p>Acest canal de iluminare lateral\u0103 din aluminiu func\u021bioneaz\u0103 cu diferite benzi LED. L\u0103\u021bimea interioar\u0103 este de 16.8&nbsp;mm, care se potrive\u0219te perfect cu majoritatea benzilor LED de p\u00e2n\u0103 la 15&nbsp;mm l\u0103\u021bime. Acest lucru \u00ee\u021bi permite s\u0103 alegi benzile LED cu diferite niveluri de str\u0103lucire \u0219i temperaturi de culoare pentru a \u00eendeplini cerin\u021bele tale specifice \u0219i personalizate de iluminat.<\/p>\n\n\n\n<p>Dimensiunile exterioare ale canalului sunt de 60&nbsp;mm \u00een \u00een\u0103l\u021bime \u0219i 16.5&nbsp;mm \u00een l\u0103\u021bime. \u0218i culorile sunt disponibile \u00een patru finisaje elegante: Argintiu, Alb, Negru \u0219i Gri. Acest lucru asigur\u0103 c\u0103 soclul completeaz\u0103 o gam\u0103 larg\u0103 de stiluri interioare. Indiferent dac\u0103 spa\u021biul t\u0103u este modern minimalist, industrial sau luxos, po\u021bi g\u0103si varianta potrivit\u0103 pentru a \u00eembun\u0103t\u0103\u021bi estetic\u0103 general\u0103.<\/p>\n<\/div>\n\n\n\n<div class=\"wp-block-group has-background is-vertical is-layout-flex wp-container-core-group-is-layout-d255d7c4 wp-block-group-is-layout-flex\" style=\"background-color:#f1f1f1;padding-top:var(--wp--preset--spacing--80);padding-bottom:var(--wp--preset--spacing--80)\">\n<div class=\"wp-block-group is-vertical is-layout-flex wp-container-core-group-is-layout-8cf370e7 wp-block-group-is-layout-flex\">\n<h2 class=\"wp-block-heading\" style=\"padding-top:var(--wp--preset--spacing--40);padding-bottom:var(--wp--preset--spacing--40);font-size:25px;font-style:normal;font-weight:600;text-transform:capitalize\">De ce s\u0103 alegi acest soclu LED 2-in-1 cu iluminare lateral\u0103?<\/h2>\n\n\n\n<ul class=\"wp-block-list\">\n<li>Efect de iluminare lateral\u0103: Benzile LED lumineaz\u0103 lateral, oferind pere\u021bilor \u0219i podelelor o lumin\u0103 bl\u00e2nd\u0103 \u0219i uniform\u0103 care face ca spa\u021biul s\u0103 se simt\u0103 cald \u0219i modern.<\/li>\n\n\n\n<li>Soclu din aluminiu 2-in-1: Aceast\u0103 extrudare din aluminiu \u00eenlocuie\u0219te soclurile tradi\u021bionale, greoaie \u0219i adaug\u0103 lumini LED ascunse pentru stil \u0219i utilitate.<\/li>\n\n\n\n<li>Se potrive\u0219te benzilor LED de 15mm l\u0103\u021bime: Acesta este un spa\u021biu suficient pentru multe benzi LED populare, inclusiv cele de densitate mare \u0219i rezistente la ap\u0103.<\/li>\n\n\n\n<li>Durabil \u0219i simplu de montat: Taie-l la dimensiunea dorit\u0103 pe loc \u0219i folose\u0219te capacele de cap\u0103t furnizate pentru a-l plasa la nivel cu gips-cartonul pentru un finisaj curat.<\/li>\n\n\n\n<li>Gestionare a c\u0103ldurii \u00eembun\u0103t\u0103\u021bit\u0103: Soclul din aliaj de aluminiu men\u021bine c\u0103ldura departe de LED-uri pentru a evita deteriorarea \u0219i a p\u0103stra lumina mai str\u0103lucitoare pentru mai mult timp.<br><br><br><\/li>\n<\/ul>\n<\/div>\n<\/div>\n\n\n\n<div class=\"wp-block-group is-vertical is-layout-flex wp-container-core-group-is-layout-d255d7c4 wp-block-group-is-layout-flex\" style=\"padding-top:var(--wp--preset--spacing--80);padding-bottom:var(--wp--preset--spacing--80)\">\n<hr class=\"wp-block-separator has-alpha-channel-opacity\"\/>\n\n\n\n<div class=\"wp-block-media-text has-media-on-the-right is-stacked-on-mobile\" style=\"grid-template-columns:auto 40%\"><div class=\"wp-block-media-text__content\">\n<h2 class=\"wp-block-heading\" style=\"padding-top:var(--wp--preset--spacing--40);padding-bottom:var(--wp--preset--spacing--40);font-size:25px;font-style:normal;font-weight:600;text-transform:capitalize\">cum s\u0103 folose\u0219ti<\/h2>\n\n\n\n<ul class=\"wp-block-list\">\n<li>Decide unde vrei s\u0103 fie lumina \u0219i soclul.<\/li>\n\n\n\n<li>Taie profilul din aluminiu cu iluminare lateral\u0103 2-in-1 pentru a se potrivi lungimii peretelui t\u0103u.<\/li>\n\n\n\n<li>Plaseaz\u0103 banda LED \u00een interiorul canalului.<\/li>\n\n\n\n<li>Pune difuzorul frosted pentru a face lumina s\u0103 se r\u0103sp\u00e2ndeasc\u0103 uniform.<\/li>\n\n\n\n<li>Instaleaz\u0103 canalul din aluminiu astfel \u00eenc\u00e2t s\u0103 se alinieze cu gips-cartonul.<\/li>\n\n\n\n<li>Conecteaz\u0103 banda LED la o surs\u0103 de alimentare adecvat\u0103.<\/li>\n<\/ul>\n<\/div><figure class=\"wp-block-media-text__media\"><img loading=\"lazy\" decoding=\"async\" width=\"500\" height=\"500\" src=\"https:\/\/tangooled.com\/wp-content\/uploads\/2025\/12\/sk05-ins.webp\" alt=\"side lighting 2 in 1 aluminum led baseboard for 15mm strips\" class=\"wp-image-42142 size-full\" srcset=\"https:\/\/tangooled.com\/wp-content\/uploads\/2025\/12\/sk05-ins.webp 500w, https:\/\/tangooled.com\/wp-content\/uploads\/2025\/12\/sk05-ins-300x300.webp 300w, https:\/\/tangooled.com\/wp-content\/uploads\/2025\/12\/sk05-ins-150x150.webp 150w\" sizes=\"auto, (max-width: 500px) 100vw, 500px\" \/><\/figure><\/div>\n<\/div>\n\n\n\n<div class=\"wp-block-group has-background is-vertical is-layout-flex wp-container-core-group-is-layout-b429018a wp-block-group-is-layout-flex\" style=\"background-color:#f1f1f1f2;padding-top:var(--wp--preset--spacing--70);padding-bottom:var(--wp--preset--spacing--70)\">\n<h2 class=\"wp-block-heading\" style=\"padding-top:var(--wp--preset--spacing--40);padding-bottom:var(--wp--preset--spacing--40);font-size:25px;font-style:normal;font-weight:600\">Unde po\u021bi s\u0103-l folose\u0219ti?<\/h2>\n\n\n\n<ul class=\"wp-block-list\">\n<li>Coridoare \u0219i holuri<\/li>\n\n\n\n<li>Sc\u0103ri \u0219i landinguri<\/li>\n\n\n\n<li>Buc\u0103t\u0103rii (iluminare sub mobil\u0103)<\/li>\n\n\n\n<li>Saloane \u0219i cinematografe acas\u0103<\/li>\n\n\n\n<li>Dormitoare \u0219i b\u0103i<\/li>\n\n\n\n<li>Birouri \u0219i afaceri precum hoteluri \u0219i magazine<\/li>\n<\/ul>\n<\/div>\n\n\n\n<div class=\"wp-block-group is-vertical is-layout-flex wp-container-core-group-is-layout-d255d7c4 wp-block-group-is-layout-flex\" style=\"padding-top:var(--wp--preset--spacing--80);padding-bottom:var(--wp--preset--spacing--80)\">\n<h2 class=\"wp-block-heading\" style=\"padding-top:var(--wp--preset--spacing--40);padding-bottom:var(--wp--preset--spacing--40);font-size:25px;font-style:normal;font-weight:600;text-transform:capitalize\">What\u2019s in the kit?<\/h2>\n\n\n\n<ul class=\"wp-block-list\">\n<li>Canal LED din aluminiu<\/li>\n\n\n\n<li>Capac Difuzor din Policarbonat M\u0103t\u0103sos<\/li>\n\n\n\n<li>Capace de cap\u0103t<\/li>\n\n\n\n<li>Conectori col\u021b<\/li>\n<\/ul>\n<\/div>\n\n\n\n<div class=\"wp-block-group has-background\" style=\"background-color:#f1f1f1;padding-top:var(--wp--preset--spacing--80);padding-bottom:var(--wp--preset--spacing--80)\"><div class=\"wp-block-group__inner-container is-layout-constrained wp-block-group-is-layout-constrained\">\n<h2 class=\"wp-block-heading\" style=\"padding-top:var(--wp--preset--spacing--40);padding-right:0;padding-bottom:var(--wp--preset--spacing--40);padding-left:0;font-size:25px;font-style:normal;font-weight:600;text-transform:capitalize\">Produse rela\u021bionate pentru proiectul t\u0103u<\/h2>\n\n\n\n<ul class=\"wp-block-list\">\n<li>Pentru benzi LED mai lungi sau cu dou\u0103 r\u00e2nduri, alege <a href=\"https:\/\/tangooled.com\/ro\/produs\/22x15mm-led-light-channel-aluminum-extrusion-for-flexible-strips\/\"><mark style=\"background-color:rgba(0, 0, 0, 0)\" class=\"has-inline-color has-vivid-red-color\">Extrudare din aluminiu pentru canal LED 22x15mm pentru benzi flexibile<\/mark><\/a><\/li>\n\n\n\n<li>Verific\u0103 <a href=\"https:\/\/tangooled.com\/ro\/produs\/25mm-u-shape-led-mounting-channel-for-15mm-double-row-led-strip-lights\/\"><mark style=\"background-color:rgba(0, 0, 0, 0)\" class=\"has-inline-color has-vivid-red-color\">Canal de montare LED \u00een form\u0103 de U de 25mm pentru benzi LED cu dou\u0103 r\u00e2nduri de 15mm<\/mark><\/a> dac\u0103 vrei iluminare elegant\u0103 pe margine.<\/li>\n\n\n\n<li>Vezi <a href=\"https:\/\/tangooled.com\/ro\/produs\/black-led-profile-with-black-diffuser-for-10mm-led-strip-light\/\"><mark style=\"background-color:rgba(0, 0, 0, 0)\" class=\"has-inline-color has-vivid-red-color\">profil LED negru cu difuzor negru pentru LED strip de 10mm<\/mark><\/a>.<\/li>\n\n\n\n<li>Adaug\u0103 difuzori uit\u00e2ndu-te la <a href=\"https:\/\/tangooled.com\/ro\/produs\/led-light-diffuser-channel-aluminum-15x12mm-for-10mm-led-strips\/\"><mark style=\"background-color:rgba(0, 0, 0, 0)\" class=\"has-inline-color has-vivid-red-color\">Canal din aluminiu pentru difuzor LED 15x12mm pentru benzi LED de 10mm<\/mark><\/a>.<\/li>\n<\/ul>\n<\/div><\/div>\n\n\n\n<div class=\"wp-block-group\" style=\"padding-top:var(--wp--preset--spacing--80);padding-bottom:var(--wp--preset--spacing--80)\"><div class=\"wp-block-group__inner-container is-layout-constrained wp-block-group-is-layout-constrained\">\n<p>Our side lighting 2-in-1 aluminum LED baseboard is a simple solution to have durable, long-lasting baseboards that look great in your house or business. It&#8217;s a modern, sleek way to light up your home and decorate it.<br>Pentru mai multe informa\u021bii despre produse \u0219i accesorii similare, viziteaz\u0103 <a href=\"https:\/\/tangooled.com\/ro\/led-profiles\/\"><mark style=\"background-color:rgba(0, 0, 0, 0)\" class=\"has-inline-color has-vivid-red-color\">profilul canalului pentru banda LED din aluminiu<\/mark><\/a> colectia sau verific\u0103 <mark style=\"background-color:rgba(0, 0, 0, 0)\" class=\"has-inline-color has-vivid-red-color\">profilul LED montat pe suprafa\u021b\u0103 cu difuzor frosted pentru benzi de lumin\u0103 de 10 mm<\/mark> pentru a se potrivi perfect nevoilor tale de iluminat.<\/p>\n<\/div><\/div>","protected":false},"featured_media":13640,"template":"","meta":{"_acf_changed":true,"_seopress_robots_primary_cat":"none","_seopress_titles_title":"Side Lighting 2-in-1 LED Baseboard for 15mm Strip SK05 | TANGOOLED","_seopress_titles_desc":"The SK05 is a high-performance side lighting 2-in-1 led baseboard optimized for 15mm strips. Create a sophisticated, integrated linear glow at the wall base with this heavy-duty aluminum profile.","_seopress_robots_index":""},"pcb-width":[228],"product-cat":[198],"class_list":{"0":"post-42108","1":"product","2":"type-product","3":"status-publish","4":"has-post-thumbnail","6":"pcb-width-6-12mm","7":"product-cat-skirting-profile"},"acf":[],"_links":{"self":[{"href":"https:\/\/tangooled.com\/ro\/wp-json\/wp\/v2\/product\/42108","targetHints":{"allow":["GET"]}}],"collection":[{"href":"https:\/\/tangooled.com\/ro\/wp-json\/wp\/v2\/product"}],"about":[{"href":"https:\/\/tangooled.com\/ro\/wp-json\/wp\/v2\/types\/product"}],"wp:featuredmedia":[{"embeddable":true,"href":"https:\/\/tangooled.com\/ro\/wp-json\/wp\/v2\/media\/13640"}],"wp:attachment":[{"href":"https:\/\/tangooled.com\/ro\/wp-json\/wp\/v2\/media?parent=42108"}],"wp:term":[{"taxonomy":"pcb-width","embeddable":true,"href":"https:\/\/tangooled.com\/ro\/wp-json\/wp\/v2\/pcb-width?post=42108"},{"taxonomy":"product-cat","embeddable":true,"href":"https:\/\/tangooled.com\/ro\/wp-json\/wp\/v2\/product-cat?post=42108"}],"curies":[{"name":"wp","href":"https:\/\/api.w.org\/{rel}","templated":true}]}}