{"id":42071,"date":"2025-12-15T00:37:30","date_gmt":"2025-12-15T08:37:30","guid":{"rendered":"https:\/\/tangooled.com\/?post_type=product&#038;p=42071"},"modified":"2026-01-31T06:28:44","modified_gmt":"2026-01-31T14:28:44","slug":"up-lighting-led-wall-aluminum-channel-with-tall-flange-for-12mm-led-tape-light","status":"publish","type":"product","link":"https:\/\/tangooled.com\/ro\/produs\/up-lighting-led-wall-aluminum-channel-with-tall-flange-for-12mm-led-tape-light\/","title":{"rendered":"canal din aluminiu pentru lampa LED de perete cu flan\u0219\u0103 \u00eenalt\u0103 pentru band\u0103 LED de 12mm"},"content":{"rendered":"<div class=\"wp-block-group is-vertical is-layout-flex wp-container-core-group-is-layout-d255d7c4 wp-block-group-is-layout-flex\" style=\"padding-top:var(--wp--preset--spacing--80);padding-bottom:var(--wp--preset--spacing--80)\">\n<p>Canalul nostru LED de perete pentru iluminare are o flan\u0219\u0103 \u00eenalt\u0103 care faciliteaz\u0103 \u0219i asigur\u0103 montarea pe perete. Acest profil este excelent pentru a crea o sp\u0103lare frumoas\u0103 \u0219i indirect\u0103 a luminii pe pere\u021bi.<\/p>\n\n\n\n<p>Canalul este fabricat din aluminiu extrudat puternic 6063 T5, ceea ce ajut\u0103 banda LED de 12mm s\u0103 r\u0103m\u00e2n\u0103 rece \u0219i s\u0103 dureze mai mult. Are un difuzor din policarbonat (PC) care \u00eembl\u00e2nze\u0219te lumina, elimin\u0103 petele \u0219i creeaz\u0103 o str\u0103lucire ambientala uniform\u0103.<\/p>\n\n\n\n<p>Po\u021bi fixa flan\u0219a \u00eenalt\u0103 direct pe perete, ceea ce face un canal de montare robust pentru iluminatul pe perete. Odat\u0103 ce profilul de perete din aluminiu este fixat, pune banda ta LED \u0219i apas\u0103 capacele de cap\u0103t \u0219i difuzorul pentru a \u00eei oferi un aspect curat \u0219i profesional.<\/p>\n\n\n\n<p>Acest profil versatil este potrivit pentru multe utiliz\u0103ri diferite. Folose\u0219te-l acas\u0103 pentru a ad\u0103uga o not\u0103 modern\u0103 la sufragerii sau holuri. Creeaz\u0103 o atmosfer\u0103 primitoare \u0219i elegant\u0103 \u00een hoteluri \u0219i restaurante. Este, de asemenea, ideal pentru zonele de afaceri care doresc s\u0103 pun\u0103 \u00een eviden\u021b\u0103 aspecte arhitecturale cu iluminat elegant.<\/p>\n<\/div>\n\n\n\n<div class=\"wp-block-group has-background is-vertical is-layout-flex wp-container-core-group-is-layout-d255d7c4 wp-block-group-is-layout-flex\" style=\"background-color:#f1f1f1;padding-top:var(--wp--preset--spacing--80);padding-bottom:var(--wp--preset--spacing--80)\">\n<div class=\"wp-block-group is-vertical is-layout-flex wp-container-core-group-is-layout-8cf370e7 wp-block-group-is-layout-flex\">\n<h2 class=\"wp-block-heading\" style=\"padding-top:var(--wp--preset--spacing--40);padding-bottom:var(--wp--preset--spacing--40);font-size:25px;font-style:normal;font-weight:600;text-transform:capitalize\">De ce s\u0103 alegi acest canal LED de perete pentru iluminare cu flan\u0219\u0103 \u00eenalt\u0103?<\/h2>\n\n\n\n<ul class=\"wp-block-list\">\n<li>Controlul direc\u021biei luminii: Unghiul de 45 de grade permite luminii s\u0103 curg\u0103 \u00een sus \u0219i \u00een afar\u0103, ceea ce este excelent pentru sp\u0103larea pere\u021bilor \u0219i iluminatul indirect.<\/li>\n\n\n\n<li>Se potrive\u0219te pentru benzile LED de p\u00e2n\u0103 la 14mm l\u0103\u021bime, inclusiv banda LED RGB+W cu \u00eenalt\u0103 putere \u0219i benzile LED COB. Acest lucru \u00eenseamn\u0103 c\u0103 po\u021bi satisface toate nevoile tale de iluminat.<\/li>\n\n\n\n<li>Simplu de asamblat: Vine cu capacele de cap\u0103t \u0219i clemele de montare pentru o finisare ordonat\u0103. Po\u021bi s\u0103-l ag\u0103\u021bi pe pere\u021bi sau s\u0103-l pui \u00een ni\u0219e arhitecturale.<\/li>\n\n\n\n<li>Func\u021bioneaz\u0103 bine \u00een case moderne, birouri, magazine \u0219i hoteluri.<\/li>\n\n\n\n<li>Poate fi t\u0103iat pe teren pentru instala\u021bii unice.<\/li>\n<\/ul>\n<\/div>\n<\/div>\n\n\n\n<div class=\"wp-block-group is-vertical is-layout-flex wp-container-core-group-is-layout-d255d7c4 wp-block-group-is-layout-flex\" style=\"padding-top:var(--wp--preset--spacing--80);padding-bottom:var(--wp--preset--spacing--80)\">\n<hr class=\"wp-block-separator has-alpha-channel-opacity\"\/>\n\n\n\n<div class=\"wp-block-media-text has-media-on-the-right is-stacked-on-mobile\" style=\"grid-template-columns:auto 40%\"><div class=\"wp-block-media-text__content\">\n<h2 class=\"wp-block-heading\" style=\"padding-top:var(--wp--preset--spacing--40);padding-bottom:var(--wp--preset--spacing--40);font-size:25px;font-style:normal;font-weight:600;text-transform:capitalize\">Cum s\u0103 folose\u0219ti acest canal de aluminiu LED pentru iluminare de perete<\/h2>\n\n\n\n<ul class=\"wp-block-list\">\n<li>Taie canalul la lungimea dorit\u0103.<\/li>\n\n\n\n<li>Folose\u0219te \u0219uruburi pentru a fixa canalul pe st\u00e2lpii de perete sau pe gips-carton.<\/li>\n\n\n\n<li>Pune banda ta LED de 12mm \u00een interior.<\/li>\n\n\n\n<li>Pentru a face lumina mai moale, pune capacul din difuzor mat.<\/li>\n\n\n\n<li>Adaug\u0103 capacele de cap\u0103t pentru a ob\u021bine un aspect ordonat.<\/li>\n<\/ul>\n<\/div><figure class=\"wp-block-media-text__media\"><img loading=\"lazy\" decoding=\"async\" width=\"500\" height=\"500\" src=\"https:\/\/tangooled.com\/wp-content\/uploads\/2025\/12\/wp08-ins.webp\" alt=\"up lighting wall angled led channel inner width 14mm (copy)\" class=\"wp-image-42072 size-full\" srcset=\"https:\/\/tangooled.com\/wp-content\/uploads\/2025\/12\/wp08-ins.webp 500w, https:\/\/tangooled.com\/wp-content\/uploads\/2025\/12\/wp08-ins-300x300.webp 300w, https:\/\/tangooled.com\/wp-content\/uploads\/2025\/12\/wp08-ins-150x150.webp 150w\" sizes=\"auto, (max-width: 500px) 100vw, 500px\" \/><\/figure><\/div>\n<\/div>\n\n\n\n<div class=\"wp-block-group has-background is-vertical is-layout-flex wp-container-core-group-is-layout-b429018a wp-block-group-is-layout-flex\" style=\"background-color:#f1f1f1f2;padding-top:var(--wp--preset--spacing--70);padding-bottom:var(--wp--preset--spacing--70)\">\n<h2 class=\"wp-block-heading\" style=\"padding-top:var(--wp--preset--spacing--40);padding-bottom:var(--wp--preset--spacing--40);font-size:25px;font-style:normal;font-weight:600\">Scenarii de utilizare<\/h2>\n\n\n\n<ul class=\"wp-block-list\">\n<li>Foloseste \u00een holuri \u0219i sufragerii pentru a ad\u0103uga iluminat superior moale.<\/li>\n\n\n\n<li>Perfect pentru buc\u0103t\u0103rii moderne sau teatre de acas\u0103 unde iluminatul ambiental este crucial.<\/li>\n\n\n\n<li>Se potrive\u0219te bine pe pere\u021bii restaurantelor, \u00een vestiarele hotelurilor, \u00een holurile birourilor \u0219i \u00een vitrinele magazinelor.<\/li>\n\n\n\n<li>Creeaz\u0103 lumini de accent cu linii clare care pun \u00een eviden\u021b\u0103 arhitectura.<\/li>\n<\/ul>\n<\/div>\n\n\n\n<div class=\"wp-block-group is-vertical is-layout-flex wp-container-core-group-is-layout-d255d7c4 wp-block-group-is-layout-flex\" style=\"padding-top:var(--wp--preset--spacing--80);padding-bottom:var(--wp--preset--spacing--80)\">\n<h2 class=\"wp-block-heading\" style=\"padding-top:var(--wp--preset--spacing--40);padding-bottom:var(--wp--preset--spacing--40);font-size:25px;font-style:normal;font-weight:600;text-transform:capitalize\">Produse rela\u021bionate pentru proiectul t\u0103u<\/h2>\n\n\n\n<ul class=\"wp-block-list\">\n<li>Exploreaz\u0103 <a href=\"https:\/\/tangooled.com\/ro\/produs\/black-led-diffuser-aluminum-channel-for-12mm-tape-lights\/\"><mark style=\"background-color:rgba(0, 0, 0, 0)\" class=\"has-inline-color has-vivid-red-color\">canal din aluminiu cu difuzor LED negru pentru benzi de lumin\u0103 de 12 mm <\/mark><\/a>pentru un finisaj elegant \u0219i \u00eentunecat.<\/li>\n\n\n\n<li>Verific\u0103 aceasta <a href=\"https:\/\/tangooled.com\/ro\/produs\/surface-mount-led-profile-with-frosted-diffuser-for-10mm-rope-lights\/\"><mark style=\"background-color:rgba(0, 0, 0, 0)\" class=\"has-inline-color has-vivid-red-color\">profilul LED montat pe suprafa\u021b\u0103 cu difuzor frosted pentru benzi de lumin\u0103 de 10 mm<\/mark><\/a> dac\u0103 dore\u0219ti o op\u021biune de montare pe suprafa\u021b\u0103.<\/li>\n\n\n\n<li>\u00cencearc\u0103 <a href=\"https:\/\/tangooled.com\/ro\/produs\/18x18mm-led-strip-corner-profile-for-12mm-led-strips\/\"><mark style=\"background-color:rgba(0, 0, 0, 0)\" class=\"has-inline-color has-vivid-red-color\">Profil col\u021bar LED de 18x18mm pentru benzi LED de 12mm<\/mark><\/a> pentru instala\u021bii \u00een col\u021buri.<\/li>\n\n\n\n<li>Ia \u00een considerare <a href=\"https:\/\/tangooled.com\/ro\/produs\/recessed-led-aluminum-profile-up-and-down-lighting-channel-for-cabinet\/\"><mark style=\"background-color:rgba(0, 0, 0, 0)\" class=\"has-inline-color has-vivid-red-color\">canal din aluminiu LED \u00eencastrat pentru iluminat sus \u0219i jos pentru cabinet<\/mark><\/a> pentru efecte de iluminare sus-jos.<\/li>\n\n\n\n<li>Vezi <a href=\"https:\/\/tangooled.com\/ro\/produs\/25x14m-surface-mounted-led-light-aluminum-profile\/\"><mark style=\"background-color:rgba(0, 0, 0, 0)\" class=\"has-inline-color has-vivid-red-color\">Profil de aluminiu LED montat pe suprafa\u021b\u0103 25x14m<\/mark><\/a> pentru proiecte extinse de montare pe suprafa\u021b\u0103.<\/li>\n<\/ul>\n<\/div>\n\n\n\n<div class=\"wp-block-group has-background\" style=\"background-color:#f1f1f1;padding-top:var(--wp--preset--spacing--80);padding-bottom:var(--wp--preset--spacing--80)\"><div class=\"wp-block-group__inner-container is-layout-constrained wp-block-group-is-layout-constrained\">\n<h2 class=\"wp-block-heading\" style=\"padding-top:var(--wp--preset--spacing--40);padding-bottom:var(--wp--preset--spacing--40);font-size:25px;font-style:normal;font-weight:600;text-transform:capitalize\">De ce canalul nostru LED de perete pentru iluminare este cea mai bun\u0103 alegere<\/h2>\n\n\n\n<p style=\"padding-right:var(--wp--preset--spacing--50);padding-left:var(--wp--preset--spacing--50)\">This product is designed for simple installation and long-lasting. It meets the standards for professional architectural lighting and is great for anyone who wants modern lighting design.The tall flange and durable aluminum alloy keep your LED tape safe while giving it a smooth, professional look. It\u2019s also a flexible choice for many locations \u2014 from residential to office to retail.<\/p>\n<\/div><\/div>\n\n\n\n<p><\/p>","protected":false},"featured_media":13519,"template":"","meta":{"_acf_changed":true,"_seopress_robots_primary_cat":"none","_seopress_titles_title":"Up Lighting LED Wall Channel with Tall Flange | TANGOOLED","_seopress_titles_desc":"The WP08 is a professional up lighting led wall channel featuring a tall flange to eliminate glare. Optimized for 12mm led tape lights, this aluminum profile creates a clean upward glow for architectural wall washing.","_seopress_robots_index":""},"pcb-width":[228],"product-cat":[195],"class_list":{"0":"post-42071","1":"product","2":"type-product","3":"status-publish","4":"has-post-thumbnail","6":"pcb-width-6-12mm","7":"product-cat-wall-mout-profile"},"acf":[],"_links":{"self":[{"href":"https:\/\/tangooled.com\/ro\/wp-json\/wp\/v2\/product\/42071","targetHints":{"allow":["GET"]}}],"collection":[{"href":"https:\/\/tangooled.com\/ro\/wp-json\/wp\/v2\/product"}],"about":[{"href":"https:\/\/tangooled.com\/ro\/wp-json\/wp\/v2\/types\/product"}],"wp:featuredmedia":[{"embeddable":true,"href":"https:\/\/tangooled.com\/ro\/wp-json\/wp\/v2\/media\/13519"}],"wp:attachment":[{"href":"https:\/\/tangooled.com\/ro\/wp-json\/wp\/v2\/media?parent=42071"}],"wp:term":[{"taxonomy":"pcb-width","embeddable":true,"href":"https:\/\/tangooled.com\/ro\/wp-json\/wp\/v2\/pcb-width?post=42071"},{"taxonomy":"product-cat","embeddable":true,"href":"https:\/\/tangooled.com\/ro\/wp-json\/wp\/v2\/product-cat?post=42071"}],"curies":[{"name":"wp","href":"https:\/\/api.w.org\/{rel}","templated":true}]}}