{"id":38886,"date":"2025-08-20T22:52:22","date_gmt":"2025-08-21T06:52:22","guid":{"rendered":"https:\/\/tangooled.com\/?post_type=product&#038;p=38886"},"modified":"2026-02-02T02:20:38","modified_gmt":"2026-02-02T10:20:38","slug":"v-shape-diffuser-corner-led-profile-inner-20mm","status":"publish","type":"product","link":"https:\/\/tangooled.com\/ro\/produs\/v-shape-diffuser-corner-led-profile-inner-20mm\/","title":{"rendered":"profil LED din aluminiu \u00een form\u0103 de V pentru col\u021b, l\u0103\u021bime interioar\u0103 20mm"},"content":{"rendered":"<div class=\"wp-block-group is-vertical is-layout-flex wp-container-core-group-is-layout-d255d7c4 wp-block-group-is-layout-flex\" style=\"padding-top:var(--wp--preset--spacing--80);padding-bottom:var(--wp--preset--spacing--80)\">\n<p>Profilul nostru LED din aluminiu \u00een form\u0103 de V pentru col\u021b este o modalitate ideal\u0103 de a ilumina col\u021burile. Acest canal robust din aluminiu este f\u0103cut s\u0103 se potriveasc\u0103 perfect \u00een orice col\u021b de 90 de grade. Poate sus\u021bine benzi LED de p\u00e2n\u0103 la 20 mm l\u0103\u021bime corespunz\u0103tor.<\/p>\n\n\n\n<p>Acest profil ofer\u0103 o lumin\u0103 moale, uniform\u0103, f\u0103r\u0103 pete orbitoare, ceea ce asigur\u0103 c\u0103 iluminatul este neted \u0219i curat. Capacitatea de difuzie mat\u0103 care vine cu el acoper\u0103 zonele fierbin\u021bi \u0219i \u00eembl\u00e2nze\u0219te punctele ascu\u021bite ale LED-urilor \u00een lumin\u0103 continu\u0103. Profilul robust din aluminiu anodizat ajut\u0103, de asemenea, s\u0103 men\u021bin\u0103 benzile LED reci, ceea ce le protejeaz\u0103 de praf \u0219i daune \u0219i le prelunge\u0219te durata de via\u021b\u0103.<\/p>\n<\/div>\n\n\n\n<div class=\"wp-block-group has-background is-vertical is-layout-flex wp-container-core-group-is-layout-d255d7c4 wp-block-group-is-layout-flex\" style=\"background-color:#f1f1f1;padding-top:var(--wp--preset--spacing--80);padding-bottom:var(--wp--preset--spacing--80)\">\n<div class=\"wp-block-group is-vertical is-layout-flex wp-container-core-group-is-layout-8cf370e7 wp-block-group-is-layout-flex\">\n<h2 class=\"wp-block-heading\" style=\"padding-top:var(--wp--preset--spacing--40);padding-bottom:var(--wp--preset--spacing--40);font-size:25px;font-style:normal;font-weight:600;text-transform:capitalize\">Ce face acest profil \u00een form\u0103 de V special?<\/h2>\n\n\n\n<ul class=\"wp-block-list\">\n<li>Ie\u015fire de lumin\u0103 uniform\u0103: Difuzorul mat creeaz\u0103 o linie uniform\u0103 de lumin\u0103 f\u0103r\u0103 pete sau orbiri.<\/li>\n\n\n\n<li>Aluminiu de \u00eenalt\u0103 calitate: Un canal robust care dureaz\u0103 mult timp \u0219i func\u021bioneaz\u0103 ca un radiator de c\u0103ldur\u0103.<\/li>\n\n\n\n<li>U\u0219or de asamblat: Pur \u0219i simplu fixa\u021bi profilul pe suprafa\u021b\u0103 \u0219i prinde\u021bi difuzorul.&nbsp;<\/li>\n\n\n\n<li>Func\u021bioneaz\u0103 cu benzi LED de mare lumen, benzi LED inteligente sau benzi LED cu dou\u0103 r\u00e2nduri cu spa\u021biu suplimentar. Func\u021bioneaz\u0103 excelent cu benzi LED de 20mm.<\/li>\n<\/ul>\n<\/div>\n<\/div>\n\n\n\n<div class=\"wp-block-group\" style=\"padding-top:var(--wp--preset--spacing--60);padding-bottom:var(--wp--preset--spacing--60)\"><div class=\"wp-block-group__inner-container is-layout-constrained wp-block-group-is-layout-constrained\">\n<div class=\"wp-block-media-text has-media-on-the-right is-stacked-on-mobile\" style=\"grid-template-columns:auto 40%\"><div class=\"wp-block-media-text__content\">\n<h2 class=\"wp-block-heading\" style=\"padding-top:var(--wp--preset--spacing--40);padding-bottom:var(--wp--preset--spacing--40);font-size:25px;font-style:normal;font-weight:600;text-transform:capitalize\">Cum s\u0103 instala\u021bi cu u\u0219urin\u021b\u0103<\/h2>\n\n\n\n<ul class=\"wp-block-list\">\n<li>Folosi\u021bi \u0219uruburi pentru a ata\u0219a acest canal la col\u021b.<\/li>\n\n\n\n<li>Plasa\u021bi banda LED \u00een interiorul canalului.<\/li>\n\n\n\n<li>Prinde\u021bi difuzorul LED pentru a face lumina s\u0103 se disperseze uniform.<\/li>\n\n\n\n<li>Montati capacele de la capete pentru a oferi un aspect complet.<\/li>\n<\/ul>\n<\/div><figure class=\"wp-block-media-text__media\"><img loading=\"lazy\" decoding=\"async\" width=\"500\" height=\"500\" src=\"https:\/\/tangooled.com\/wp-content\/uploads\/2025\/08\/la30a-ins.webp\" alt=\"profil LED din aluminiu \u00een form\u0103 de V pentru col\u021b, l\u0103\u021bime interioar\u0103 20mm\" class=\"wp-image-41961 size-full\" srcset=\"https:\/\/tangooled.com\/wp-content\/uploads\/2025\/08\/la30a-ins.webp 500w, https:\/\/tangooled.com\/wp-content\/uploads\/2025\/08\/la30a-ins-300x300.webp 300w, https:\/\/tangooled.com\/wp-content\/uploads\/2025\/08\/la30a-ins-150x150.webp 150w\" sizes=\"auto, (max-width: 500px) 100vw, 500px\" \/><\/figure><\/div>\n<\/div><\/div>\n\n\n\n<div class=\"wp-block-group has-background is-vertical is-layout-flex wp-container-core-group-is-layout-b429018a wp-block-group-is-layout-flex\" style=\"background-color:#f1f1f1f2;padding-top:var(--wp--preset--spacing--70);padding-bottom:var(--wp--preset--spacing--70)\">\n<h2 class=\"wp-block-heading\" style=\"padding-top:var(--wp--preset--spacing--40);padding-bottom:var(--wp--preset--spacing--40);font-size:25px;font-style:normal;font-weight:600;text-transform:capitalize\">Cum s\u0103 folosi\u021bi profilul LED din col\u021b \u00een form\u0103 de V<\/h2>\n\n\n\n<p style=\"padding-right:var(--wp--preset--spacing--50);padding-left:var(--wp--preset--spacing--50)\">Acest canal din aluminiu este foarte util pentru multe proiecte de iluminare. Este proiectat pentru a emite lumin\u0103 la un unghi de 45 de grade \u0219i func\u021bioneaz\u0103 cu benzi LED largi (p\u00e2n\u0103 la 20mm). Excelent pentru locuri unde lumina trebuie s\u0103 se disperseze uniform \u00een col\u021buri.<\/p>\n\n\n\n<ul class=\"wp-block-list\">\n<li>Lumini sub dulapuri \u00een buc\u0103t\u0103rii&nbsp;<\/li>\n\n\n\n<li>Lumini \u00een garde robe \u0219i dulapuri&nbsp;<\/li>\n\n\n\n<li>Lumini pe rafturile de expunere din retail<\/li>\n\n\n\n<li>Lumini \u00een cove arhitecturale&nbsp;<\/li>\n<\/ul>\n<\/div>\n\n\n\n<div class=\"wp-block-group is-vertical is-layout-flex wp-container-core-group-is-layout-d255d7c4 wp-block-group-is-layout-flex\" style=\"padding-top:var(--wp--preset--spacing--80);padding-bottom:var(--wp--preset--spacing--80)\">\n<h2 class=\"wp-block-heading\" style=\"padding-top:var(--wp--preset--spacing--40);padding-bottom:var(--wp--preset--spacing--40);font-size:25px;font-style:normal;font-weight:600;text-transform:capitalize\">Aplica\u021bii profil LED montat pe suprafa\u021b\u0103<\/h2>\n\n\n\n<p>Profilul nostru LED din aluminiu \u00een form\u0103 de V pentru col\u021b este conceput pentru a face luminile s\u0103 arate curate, luminoase \u0219i profesionale. Se potrive\u0219te pentru benzi LED largi, le protejeaz\u0103 \u0219i disperseaz\u0103 lumina uniform \u00een spa\u021bii mici. Folosi\u021bi-l \u00een buc\u0103t\u0103rii, dulapuri, birouri \u0219i vitrine pentru a g\u0103si echilibrul potrivit \u00eentre stil \u0219i utilitate. Pute\u021bi finaliza rapid sistemul de iluminat consult\u00e2nd diferite <a href=\"https:\/\/tangooled.com\/ro\/led-profiles\/\"><mark style=\"background-color:rgba(0, 0, 0, 0)\" class=\"has-inline-color has-vivid-red-color\">profiluri din aluminiu<\/mark><\/a> pe site-ul Tangooled<\/p>\n<\/div>","protected":false},"featured_media":40756,"template":"","meta":{"_acf_changed":false,"_seopress_robots_primary_cat":"none","_seopress_titles_title":"V Shape Diffuser Corner LED Profile | 20mm Inner Width | TANGOOLED","_seopress_titles_desc":"Source the LA30A V shape diffuser corner LED profile. Features a 20mm inner width for high-output strips and heavy-duty aluminum for heat management.","_seopress_robots_index":""},"pcb-width":[229],"product-cat":[196],"class_list":{"0":"post-38886","1":"product","2":"type-product","3":"status-publish","4":"has-post-thumbnail","6":"pcb-width-15-20mm","7":"product-cat-corner-profile"},"acf":[],"_links":{"self":[{"href":"https:\/\/tangooled.com\/ro\/wp-json\/wp\/v2\/product\/38886","targetHints":{"allow":["GET"]}}],"collection":[{"href":"https:\/\/tangooled.com\/ro\/wp-json\/wp\/v2\/product"}],"about":[{"href":"https:\/\/tangooled.com\/ro\/wp-json\/wp\/v2\/types\/product"}],"wp:featuredmedia":[{"embeddable":true,"href":"https:\/\/tangooled.com\/ro\/wp-json\/wp\/v2\/media\/40756"}],"wp:attachment":[{"href":"https:\/\/tangooled.com\/ro\/wp-json\/wp\/v2\/media?parent=38886"}],"wp:term":[{"taxonomy":"pcb-width","embeddable":true,"href":"https:\/\/tangooled.com\/ro\/wp-json\/wp\/v2\/pcb-width?post=38886"},{"taxonomy":"product-cat","embeddable":true,"href":"https:\/\/tangooled.com\/ro\/wp-json\/wp\/v2\/product-cat?post=38886"}],"curies":[{"name":"wp","href":"https:\/\/api.w.org\/{rel}","templated":true}]}}