{"id":35408,"date":"2025-07-03T22:21:36","date_gmt":"2025-07-04T06:21:36","guid":{"rendered":"https:\/\/tangooled.com\/?post_type=product&#038;p=35408"},"modified":"2026-01-31T01:47:57","modified_gmt":"2026-01-31T09:47:57","slug":"up-lighting-wall-angled-led-channel-inner-width-14mm","status":"publish","type":"product","link":"https:\/\/tangooled.com\/ro\/produs\/up-lighting-wall-angled-led-channel-inner-width-14mm\/","title":{"rendered":"canal LED pentru iluminare pe perete cu unghi, l\u0103\u021bime interioar\u0103 de 14mm"},"content":{"rendered":"<div class=\"wp-block-group is-vertical is-layout-flex wp-container-core-group-is-layout-d255d7c4 wp-block-group-is-layout-flex\" style=\"padding-top:var(--wp--preset--spacing--80);padding-bottom:var(--wp--preset--spacing--80)\">\n<p>Canalul nostru LED unghiular pentru iluminare pe perete va face ca pere\u021bii t\u0103i s\u0103 fie mai lumino\u0219i. Canalul este realizat din aluminiu anodizat 6063-T5, care este rezistent. Este f\u0103cut pentru a proiecta lumina asupra pere\u021bilor sub un unghi de 45 de grade. Aceast\u0103 pozi\u021bie exact\u0103 trimite o lumin\u0103 bl\u00e2nd\u0103 f\u0103r\u0103 str\u0103lucire sau pete \u00eentunecate.<\/p>\n\n\n\n<p>Acest canal LED pentru iluminare pe perete poate sus\u021bine numeroase benzi LED \u0219i are o l\u0103\u021bime interioar\u0103 de 14 mm. De asemenea, avem trei tipuri diferite de difuzoare: opal, mat \u0219i clar. Po\u021bi alege pe cel care \u00ee\u021bi ofer\u0103 cea mai bun\u0103 lumin\u0103. Canalul con\u021bine capace de cap\u0103t \u0219i clipuri de montare pentru a asigura o finisare curat\u0103 \u0219i complet\u0103.<\/p>\n\n\n\n<p>Aceast\u0103 tehnologie este excelent\u0103 pentru iluminarea arhitectural\u0103, deoarece emite o lumin\u0103 uniform\u0103, f\u0103r\u0103 puncte, care se ridic\u0103. Func\u021bioneaz\u0103 eficient \u00een re\u0219edin\u021be, hoteluri \u0219i \u00eentreprinderi.<\/p>\n<\/div>\n\n\n\n<div class=\"wp-block-group has-background is-vertical is-layout-flex wp-container-core-group-is-layout-d255d7c4 wp-block-group-is-layout-flex\" style=\"background-color:#f1f1f1;padding-top:var(--wp--preset--spacing--80);padding-bottom:var(--wp--preset--spacing--80)\">\n<div class=\"wp-block-group is-vertical is-layout-flex wp-container-core-group-is-layout-8cf370e7 wp-block-group-is-layout-flex\">\n<h2 class=\"wp-block-heading\" style=\"padding-top:var(--wp--preset--spacing--40);padding-bottom:var(--wp--preset--spacing--40);font-size:25px;font-style:normal;font-weight:600;text-transform:capitalize\">De ce s\u0103 alegi canalul nostru LED unghiular pentru iluminare pe perete?<\/h2>\n\n\n\n<ul class=\"wp-block-list\">\n<li>Controlul direc\u021biei luminii: Unghiul de 45 de grade permite luminii s\u0103 curg\u0103 \u00een sus \u0219i \u00een afar\u0103, ceea ce este excelent pentru sp\u0103larea pere\u021bilor \u0219i iluminatul indirect.<\/li>\n\n\n\n<li>Se potrive\u0219te pentru benzile LED de p\u00e2n\u0103 la 14mm l\u0103\u021bime, inclusiv banda LED RGB+W cu \u00eenalt\u0103 putere \u0219i benzile LED COB. Acest lucru \u00eenseamn\u0103 c\u0103 po\u021bi satisface toate nevoile tale de iluminat.<\/li>\n\n\n\n<li>Simplu de asamblat: Vine cu capacele de cap\u0103t \u0219i clemele de montare pentru o finisare ordonat\u0103. Po\u021bi s\u0103-l ag\u0103\u021bi pe pere\u021bi sau s\u0103-l pui \u00een ni\u0219e arhitecturale.<\/li>\n\n\n\n<li>Func\u021bioneaz\u0103 bine \u00een case moderne, birouri, magazine \u0219i hoteluri.<\/li>\n\n\n\n<li>Poate fi t\u0103iat pe teren pentru instala\u021bii unice.<\/li>\n<\/ul>\n<\/div>\n<\/div>\n\n\n\n<div class=\"wp-block-group\" style=\"padding-top:var(--wp--preset--spacing--60);padding-bottom:var(--wp--preset--spacing--60)\"><div class=\"wp-block-group__inner-container is-layout-constrained wp-block-group-is-layout-constrained\">\n<div class=\"wp-block-media-text has-media-on-the-right is-stacked-on-mobile\"><div class=\"wp-block-media-text__content\">\n<h2 class=\"wp-block-heading\" style=\"padding-top:var(--wp--preset--spacing--40);padding-bottom:var(--wp--preset--spacing--40);font-size:25px;font-style:normal;font-weight:600;text-transform:capitalize\">Scenarii de utilizare comune<\/h2>\n\n\n\n<ul class=\"wp-block-list\">\n<li>Pere\u021bi accentuati: Folose\u0219te canalul nostru pentru a scoate \u00een eviden\u021b\u0103 pere\u021bii cu texturi precum c\u0103r\u0103mid\u0103 sau piatr\u0103.<\/li>\n\n\n\n<li>Livinguri \u0219i dormitoare: Adaug\u0103 iluminare bl\u00e2nd\u0103, cald\u0103 pentru a crea o atmosfer\u0103 cozy.<\/li>\n\n\n\n<li>Hallways and Corridors: Give modern lighting that doesn&#8217;t glare.<\/li>\n\n\n\n<li>Home Theaters: Make the perfect mood lighting that isn&#8217;t too bright.<\/li>\n<\/ul>\n<\/div><figure class=\"wp-block-media-text__media\"><img loading=\"lazy\" decoding=\"async\" width=\"500\" height=\"500\" src=\"https:\/\/tangooled.com\/wp-content\/uploads\/2025\/07\/wp02-ins.webp\" alt=\"up lighting led wall aluminum channel with tall flange for 12mm led tape light\" class=\"wp-image-42068 size-full\" srcset=\"https:\/\/tangooled.com\/wp-content\/uploads\/2025\/07\/wp02-ins.webp 500w, https:\/\/tangooled.com\/wp-content\/uploads\/2025\/07\/wp02-ins-300x300.webp 300w, https:\/\/tangooled.com\/wp-content\/uploads\/2025\/07\/wp02-ins-150x150.webp 150w\" sizes=\"auto, (max-width: 500px) 100vw, 500px\" \/><\/figure><\/div>\n<\/div><\/div>\n\n\n\n<div class=\"wp-block-group has-background is-vertical is-layout-flex wp-container-core-group-is-layout-b429018a wp-block-group-is-layout-flex\" style=\"background-color:#f1f1f1f2;padding-top:var(--wp--preset--spacing--70);padding-bottom:var(--wp--preset--spacing--70)\">\n<h2 class=\"wp-block-heading\" style=\"padding-top:var(--wp--preset--spacing--40);padding-bottom:var(--wp--preset--spacing--40);font-size:25px;font-style:normal;font-weight:600\">What\u2019s in the Box?<\/h2>\n\n\n\n<ul class=\"wp-block-list\">\n<li>1 x Canal LED unghiular din aluminiu <\/li>\n\n\n\n<li>1 x Capac difuzor mat (prindere tip snap-on)<\/li>\n\n\n\n<li>2 x Clipuri de montare pe metru<\/li>\n\n\n\n<li>2 x Capace de cap\u0103t (simple \u0219i cu orificiu pentru s\u00e2rm\u0103)<\/li>\n<\/ul>\n<\/div>\n\n\n\n<div class=\"wp-block-group is-vertical is-layout-flex wp-container-core-group-is-layout-d255d7c4 wp-block-group-is-layout-flex\" style=\"padding-top:var(--wp--preset--spacing--80);padding-bottom:var(--wp--preset--spacing--80)\">\n<h2 class=\"wp-block-heading\" style=\"padding-top:var(--wp--preset--spacing--40);padding-bottom:var(--wp--preset--spacing--40);font-size:25px;font-style:normal;font-weight:600;text-transform:capitalize\">Explora\u021bi Produse Asem\u0103n\u0103toare<\/h2>\n\n\n\n<ul class=\"wp-block-list\">\n<li>Pentru benzi LED \u00eenguste, verific\u0103 acest <a href=\"https:\/\/tangooled.com\/ro\/produs\/black-led-profile-with-black-diffuser-for-10mm-led-strip-light\/\"><mark style=\"background-color:rgba(0, 0, 0, 0)\" class=\"has-inline-color has-vivid-red-color\">profil LED negru cu difuzor negru pentru LED strip de 10mm<\/mark><\/a>.<\/li>\n\n\n\n<li>Ai nevoie de un difuzor pentru l\u0103\u021bimi medii? Vezi <a href=\"https:\/\/tangooled.com\/ro\/produs\/black-led-diffuser-aluminum-channel-for-12mm-tape-lights\/\"><mark style=\"background-color:rgba(0, 0, 0, 0)\" class=\"has-inline-color has-vivid-red-color\">canalul din aluminiu cu difuzor negru pentru band\u0103 de 12mm <\/mark><\/a><a href=\"https:\/\/tangooled.com\/ro\/produs\/led-strip-light-channel-aluminum-profile-with-diffused-cover-6mm-height\/\"><mark style=\"background-color:rgba(0, 0, 0, 0)\" class=\"has-inline-color has-vivid-red-color\">lumini<\/mark><\/a>.<\/li>\n\n\n\n<li>Vrei un profil sub\u021bire? \u00cencerc\u0103 <a href=\"https:\/\/tangooled.com\/ro\/produs\/led-strip-light-channel-aluminum-profile-with-diffused-cover-6mm-height\/\"><mark style=\"background-color:rgba(0, 0, 0, 0)\" class=\"has-inline-color has-vivid-red-color\">Profil din aluminiu pentru benzi LED cu capac difuzor de 6mm \u00een\u0103l\u021bime<\/mark><\/a>.<\/li>\n<\/ul>\n<\/div>\n\n\n\n<div class=\"wp-block-group has-background\" style=\"background-color:#f1f1f1;padding-top:var(--wp--preset--spacing--80);padding-bottom:var(--wp--preset--spacing--80)\"><div class=\"wp-block-group__inner-container is-layout-constrained wp-block-group-is-layout-constrained\">\n<h2 class=\"wp-block-heading\" style=\"padding-top:var(--wp--preset--spacing--40);padding-bottom:var(--wp--preset--spacing--40);font-size:25px;font-style:normal;font-weight:600;text-transform:capitalize\">Rezumat<\/h2>\n\n\n\n<p style=\"padding-right:var(--wp--preset--spacing--50);padding-left:var(--wp--preset--spacing--50)\">Canalul nostru LED unghiular pentru iluminare pe perete, cu o l\u0103\u021bime interioar\u0103 de 14mm, este cea mai bun\u0103 alegere pentru o iluminare curat\u0103, luminoas\u0103 \u0219i de lung\u0103 durat\u0103. Se potrive\u0219te multor benzi LED, protejeaz\u0103 LED-urile tale \u0219i creeaz\u0103 efecte de iluminat indirecte frumoase pentru orice spa\u021biu.<\/p>\n<\/div><\/div>\n\n\n\n<p><\/p>","protected":false},"featured_media":13473,"template":"","meta":{"_acf_changed":true,"_seopress_robots_primary_cat":"none","_seopress_titles_title":"Up Lighting Wall Angled LED Channel | 14mm Inner Width WP01 Profile | TANGOOLED","_seopress_titles_desc":"The WP02 is a professional up lighting wall angled led channel with a 14mm inner width. Designed for indirect wall washing, its angled aluminum profile creates a soft upward glow.","_seopress_robots_index":""},"pcb-width":[228],"product-cat":[195],"class_list":{"0":"post-35408","1":"product","2":"type-product","3":"status-publish","4":"has-post-thumbnail","6":"pcb-width-6-12mm","7":"product-cat-wall-mout-profile"},"acf":[],"_links":{"self":[{"href":"https:\/\/tangooled.com\/ro\/wp-json\/wp\/v2\/product\/35408","targetHints":{"allow":["GET"]}}],"collection":[{"href":"https:\/\/tangooled.com\/ro\/wp-json\/wp\/v2\/product"}],"about":[{"href":"https:\/\/tangooled.com\/ro\/wp-json\/wp\/v2\/types\/product"}],"wp:featuredmedia":[{"embeddable":true,"href":"https:\/\/tangooled.com\/ro\/wp-json\/wp\/v2\/media\/13473"}],"wp:attachment":[{"href":"https:\/\/tangooled.com\/ro\/wp-json\/wp\/v2\/media?parent=35408"}],"wp:term":[{"taxonomy":"pcb-width","embeddable":true,"href":"https:\/\/tangooled.com\/ro\/wp-json\/wp\/v2\/pcb-width?post=35408"},{"taxonomy":"product-cat","embeddable":true,"href":"https:\/\/tangooled.com\/ro\/wp-json\/wp\/v2\/product-cat?post=35408"}],"curies":[{"name":"wp","href":"https:\/\/api.w.org\/{rel}","templated":true}]}}