{"id":35407,"date":"2025-07-03T22:18:59","date_gmt":"2025-07-04T06:18:59","guid":{"rendered":"https:\/\/tangooled.com\/?post_type=product&#038;p=35407"},"modified":"2026-01-26T23:41:44","modified_gmt":"2026-01-27T07:41:44","slug":"wall-mount-up-lighting-led-profile-with-outer-curved-aluminum-channel","status":"publish","type":"product","link":"https:\/\/tangooled.com\/ro\/produs\/wall-mount-up-lighting-led-profile-with-outer-curved-aluminum-channel\/","title":{"rendered":"profil LED de perete montat pe perete cu canal din aluminiu curbat extern"},"content":{"rendered":"<div class=\"wp-block-group is-vertical is-layout-flex wp-container-core-group-is-layout-d255d7c4 wp-block-group-is-layout-flex\" style=\"padding-top:var(--wp--preset--spacing--80);padding-bottom:var(--wp--preset--spacing--80)\">\n<p>Descoperi\u021bi profilul nostru LED de perete cu extrudare din aluminiu curbat. Acest nou design are dou\u0103 p\u0103r\u021bi: un canal principal pentru banda dumneavoastr\u0103 LED \u0219i o&nbsp;carcas\u0103 curbat\u0103 din aluminiu care se fixeaz\u0103 pe exterior. Difuzorul PC inclus face ca lumina s\u0103 fie mai moale, oferindu-i o str\u0103lucire delicat\u0103 \u0219i pl\u0103cut\u0103.<\/p>\n\n\n\n<p>Instalarea este simpl\u0103. Pur \u0219i simplu fixa\u021bi canalul principal de montare pe perete, apoi ata\u0219a\u021bi carcas\u0103 curbat\u0103 din aluminiu pentru un aspect curat, f\u0103r\u0103 \u0219uruburi. Pute\u021bi s\u0103-l monta\u021bi pentru iluminare util\u0103 \u00een jos sau iluminare func\u021bional\u0103 \u00een sus, oferindu-v\u0103 control complet asupra atmosferei din camer\u0103.<\/p>\n\n\n\n<p>Ceea ce face acest profil special este capacitatea sa de a crea linii continue de lumin\u0103. Folosind conectori, pute\u021bi uni cu u\u0219urin\u021b\u0103 segmente pentru a naviga \u00een col\u021burile interioare \u0219i exterioare, perfecte pentru conturarea pere\u021bilor sau a caracteristicilor arhitecturale.<\/p>\n\n\n\n<p>Acest canal de lumin\u0103 adaptabil pentru perete este perfect pentru orice mediu. Poate fi folosit \u00een re\u0219edin\u021be ca accente moderne \u00een holuri sau camere de zi, \u00een hoteluri pentru a ad\u0103uga o not\u0103 de rafinament sau \u00een spa\u021bii comerciale pentru a crea medii dinamice \u0219i atr\u0103g\u0103toare.<\/p>\n<\/div>\n\n\n\n<div class=\"wp-block-group has-background is-vertical is-layout-flex wp-container-core-group-is-layout-d255d7c4 wp-block-group-is-layout-flex\" style=\"background-color:#f1f1f1;padding-top:var(--wp--preset--spacing--80);padding-bottom:var(--wp--preset--spacing--80)\">\n<div class=\"wp-block-group is-vertical is-layout-flex wp-container-core-group-is-layout-8cf370e7 wp-block-group-is-layout-flex\">\n<h2 class=\"wp-block-heading\" style=\"padding-top:var(--wp--preset--spacing--40);padding-bottom:var(--wp--preset--spacing--40);font-size:25px;font-style:normal;font-weight:600;text-transform:capitalize\">De ce s\u0103 alegi acest profil?<\/h2>\n\n\n\n<ul class=\"wp-block-list\">\n<li>Creat pentru locuin\u021be moderne \u0219i utiliz\u0103ri arhitecturale.<\/li>\n\n\n\n<li>Perfect pentru iluminatul cu aplice pe perete \u0219i iluminatul de accent.<\/li>\n\n\n\n<li>Creeaz\u0103 efecte delicate de sp\u0103lare \u0219i p\u0103\u0219ire pe perete f\u0103r\u0103 tulburare.<\/li>\n\n\n\n<li>Func\u021bioneaz\u0103 cu o gam\u0103 larg\u0103 de utiliz\u0103ri comerciale, precum iluminatul pentru hoteluri, afaceri \u0219i \u0219coli.<\/li>\n<\/ul>\n<\/div>\n<\/div>\n\n\n\n<div class=\"wp-block-group\" style=\"padding-top:var(--wp--preset--spacing--60);padding-bottom:var(--wp--preset--spacing--60)\"><div class=\"wp-block-group__inner-container is-layout-constrained wp-block-group-is-layout-constrained\">\n<div class=\"wp-block-media-text has-media-on-the-right is-stacked-on-mobile\" style=\"grid-template-columns:auto 40%\"><div class=\"wp-block-media-text__content\">\n<h2 class=\"wp-block-heading\" style=\"padding-top:var(--wp--preset--spacing--40);padding-bottom:var(--wp--preset--spacing--40);font-size:25px;font-style:normal;font-weight:600;text-transform:capitalize\">Cum s\u0103 instala\u021bi<\/h2>\n\n\n\n<ul class=\"wp-block-list\">\n<li>Fixarea canalului de iluminat din aluminiu pe perete cu \u0219uruburi.<\/li>\n\n\n\n<li>Ata\u0219a\u021bi benzile LED \u00een interiorul acestui canal de iluminat.<\/li>\n\n\n\n<li>Fixeaz\u0103 capacul difuzor pentru a proteja LED-urile \u0219i a \u00eenmuia lumina.<\/li>\n\n\n\n<li>Ata\u0219a\u021bi partea curbat\u0103 din aluminiu \u0219i capacele de cap\u0103t canalului de iluminat pentru un finisaj curat.<\/li>\n\n\n\n<li>Conecta\u021bi sursa de alimentare \u0219i bucura\u021bi-v\u0103 de iluminatul indirect \u00een sus.<\/li>\n<\/ul>\n<\/div><figure class=\"wp-block-media-text__media\"><img loading=\"lazy\" decoding=\"async\" width=\"500\" height=\"500\" src=\"https:\/\/tangooled.com\/wp-content\/uploads\/2025\/07\/wp07-ins.webp\" alt=\"profil LED de perete montat pe perete cu canal din aluminiu curbat extern\" class=\"wp-image-42099 size-full\" srcset=\"https:\/\/tangooled.com\/wp-content\/uploads\/2025\/07\/wp07-ins.webp 500w, https:\/\/tangooled.com\/wp-content\/uploads\/2025\/07\/wp07-ins-300x300.webp 300w, https:\/\/tangooled.com\/wp-content\/uploads\/2025\/07\/wp07-ins-150x150.webp 150w\" sizes=\"auto, (max-width: 500px) 100vw, 500px\" \/><\/figure><\/div>\n<\/div><\/div>\n\n\n\n<div class=\"wp-block-group has-background is-vertical is-layout-flex wp-container-core-group-is-layout-b429018a wp-block-group-is-layout-flex\" style=\"background-color:#f1f1f1f2;padding-top:var(--wp--preset--spacing--70);padding-bottom:var(--wp--preset--spacing--70)\">\n<h2 class=\"wp-block-heading\" style=\"padding-top:var(--wp--preset--spacing--40);padding-bottom:var(--wp--preset--spacing--40);font-size:25px;font-style:normal;font-weight:600;text-transform:capitalize\">what&#8217;s in the kit?<\/h2>\n\n\n\n<ul class=\"wp-block-list\">\n<li>2x Canale din aluminiu anodizat (unul pentru montare, unul pentru benzile LED)<\/li>\n\n\n\n<li>1x Difuzor de lumin\u0103 opal<\/li>\n\n\n\n<li>Capace de finalizare<\/li>\n\n\n\n<li>Conectori pentru conexiune continu\u0103<\/li>\n<\/ul>\n<\/div>\n\n\n\n<div class=\"wp-block-group is-vertical is-layout-flex wp-container-core-group-is-layout-d255d7c4 wp-block-group-is-layout-flex\" style=\"padding-top:var(--wp--preset--spacing--80);padding-bottom:var(--wp--preset--spacing--80)\">\n<h2 class=\"wp-block-heading\" style=\"padding-top:var(--wp--preset--spacing--40);padding-bottom:var(--wp--preset--spacing--40);font-size:25px;font-style:normal;font-weight:600;text-transform:capitalize\">Unde s\u0103 folose\u0219ti<\/h2>\n\n\n\n<ul class=\"wp-block-list\">\n<li>Camere de zi: Creaz\u0103 o atmosfer\u0103 cald\u0103 \u0219i sofisticat\u0103 cu lumin\u0103 indirect\u0103.<\/li>\n\n\n\n<li>Holuri: Adaug\u0103 lumin\u0103 util\u0103 f\u0103r\u0103 a ocupa prea mult spa\u021biu.<\/li>\n\n\n\n<li>S\u0103li de cinema acas\u0103: Reduce str\u0103lucirea \u0219i scoate \u00een eviden\u021b\u0103 pere\u021bii \u0219i tavanele.<\/li>\n\n\n\n<li>Magazine cu am\u0103nuntul: Folose\u0219te iluminatul modern de accent pentru a atrage aten\u021bia asupra produselor.<\/li>\n\n\n\n<li>Restaurante: Lumina moale \u0219i primitoare \u00eei face pe oameni s\u0103 se simt\u0103 mai bine.<\/li>\n\n\n\n<li>Offices: A modern style and light that doesn&#8217;t glare make it comfortable.<\/li>\n<\/ul>\n<\/div>\n\n\n\n<div class=\"wp-block-group has-background\" style=\"background-color:#f1f1f1;padding-top:var(--wp--preset--spacing--80);padding-bottom:var(--wp--preset--spacing--80)\"><div class=\"wp-block-group__inner-container is-layout-constrained wp-block-group-is-layout-constrained\">\n<h2 class=\"wp-block-heading\" style=\"padding-top:var(--wp--preset--spacing--40);padding-bottom:var(--wp--preset--spacing--40);font-size:25px;font-style:normal;font-weight:600;text-transform:capitalize\">Exploreaz\u0103 mai multe profile \u0219i accesorii:<\/h2>\n\n\n\n<ul class=\"wp-block-list\">\n<li><a href=\"https:\/\/tangooled.com\/ro\/produs\/black-led-profile-with-black-diffuser-for-10mm-led-strip-light\/\"><mark style=\"background-color:rgba(0, 0, 0, 0)\" class=\"has-inline-color has-vivid-red-color\">Profil LED negru cu difuzor negru pentru band\u0103 LED de 10 mm.<\/mark><\/a><\/li>\n\n\n\n<li><a href=\"https:\/\/tangooled.com\/ro\/produs\/surface-mount-led-profile-with-frosted-diffuser-for-10mm-rope-lights\/\"><mark style=\"background-color:rgba(0, 0, 0, 0)\" class=\"has-inline-color has-vivid-red-color\">Profil LED de montare pe suprafa\u021b\u0103 cu difuzor satin pentru benzile de 10mm<\/mark><\/a>.<\/li>\n\n\n\n<li><a href=\"https:\/\/tangooled.com\/ro\/produs\/aluminum-led-profile-with-30-degree-lens-diffuser-for-10mm-led-strips\/\"><mark style=\"background-color:rgba(0, 0, 0, 0)\" class=\"has-inline-color has-vivid-red-color\">Profil LED din aluminiu cu difuzor cu lentil\u0103 de 30 de grade pentru benzile LED de 10 mm<\/mark><\/a>.<\/li>\n\n\n\n<li><a href=\"https:\/\/tangooled.com\/ro\/produs\/vertical-wall-mount-curved-led-profile-for-upward-lighting\/\"><mark style=\"background-color:rgba(0, 0, 0, 0)\" class=\"has-inline-color has-vivid-red-color\">Profil LED curbat pentru montare vertical\u0103 pe perete pentru iluminat \u00een sus<\/mark><\/a><\/li>\n<\/ul>\n<\/div><\/div>\n\n\n\n<div class=\"wp-block-group\" style=\"padding-top:var(--wp--preset--spacing--80);padding-bottom:var(--wp--preset--spacing--80)\"><div class=\"wp-block-group__inner-container is-layout-constrained wp-block-group-is-layout-constrained\">\n<h2 class=\"wp-block-heading\" style=\"padding-top:var(--wp--preset--spacing--40);padding-bottom:var(--wp--preset--spacing--40);font-size:25px;font-style:normal;font-weight:600;text-transform:capitalize\">de ce s\u0103 folosi\u021bi profilul nostru LED de perete?<\/h2>\n\n\n\n<p>Profilul nostru LED de perete are o extrudare din aluminiu curbat\u0103 pe exterior care \u00eei ofer\u0103 un aspect elegant \u0219i protejeaz\u0103 mai bine LED-urile, av\u00e2nd \u00een acela\u0219i timp o gestionare mai bun\u0103 a c\u0103ldurii. Acest lucru \u00eel face ideal pentru aplice de perete frumoase \u0219i iluminat indirect \u00een arhitectur\u0103. Este conceput pentru a func\u021biona pentru o varietate de scopuri, cum ar fi iluminatul \u00een sus, \u00een jos \u0219i iluminarea de accent, av\u00e2nd un finisaj profesional. Pute\u021bi ob\u021bine servicii OEM \u0219i ODM pentru a schimba lungimile, finisajele \u0219i accesoriile care func\u021bioneaz\u0103 cu ele.<\/p>\n\n\n\n<p><\/p>\n<\/div><\/div>","protected":false},"featured_media":33662,"template":"","meta":{"_acf_changed":true,"_seopress_robots_primary_cat":"none","_seopress_titles_title":"Wall Mount LED Profile with Outer Curved Aluminum Channel | TANGOOLED","_seopress_titles_desc":"The WP07 is a premium wall mount up lighting led profile featuring a distinctive outer curved aluminum channel. Designed for soft indirect illumination, this curved profile adds architectural elegance to walls while providing a smooth upward glow.","_seopress_robots_index":""},"pcb-width":[228],"product-cat":[195],"class_list":{"0":"post-35407","1":"product","2":"type-product","3":"status-publish","4":"has-post-thumbnail","6":"pcb-width-6-12mm","7":"product-cat-wall-mout-profile"},"acf":[],"_links":{"self":[{"href":"https:\/\/tangooled.com\/ro\/wp-json\/wp\/v2\/product\/35407","targetHints":{"allow":["GET"]}}],"collection":[{"href":"https:\/\/tangooled.com\/ro\/wp-json\/wp\/v2\/product"}],"about":[{"href":"https:\/\/tangooled.com\/ro\/wp-json\/wp\/v2\/types\/product"}],"wp:featuredmedia":[{"embeddable":true,"href":"https:\/\/tangooled.com\/ro\/wp-json\/wp\/v2\/media\/33662"}],"wp:attachment":[{"href":"https:\/\/tangooled.com\/ro\/wp-json\/wp\/v2\/media?parent=35407"}],"wp:term":[{"taxonomy":"pcb-width","embeddable":true,"href":"https:\/\/tangooled.com\/ro\/wp-json\/wp\/v2\/pcb-width?post=35407"},{"taxonomy":"product-cat","embeddable":true,"href":"https:\/\/tangooled.com\/ro\/wp-json\/wp\/v2\/product-cat?post=35407"}],"curies":[{"name":"wp","href":"https:\/\/api.w.org\/{rel}","templated":true}]}}