{"id":35406,"date":"2025-07-03T22:13:06","date_gmt":"2025-07-04T06:13:06","guid":{"rendered":"https:\/\/tangooled.com\/?post_type=product&#038;p=35406"},"modified":"2026-01-31T01:54:58","modified_gmt":"2026-01-31T09:54:58","slug":"low-lighting-slim-in-wall-aluminum-led-channel-for-8mm-led-strip","status":"publish","type":"product","link":"https:\/\/tangooled.com\/ro\/produs\/low-lighting-slim-in-wall-aluminum-led-channel-for-8mm-led-strip\/","title":{"rendered":"canal LED din aluminiu sub\u021bire \u00een perete pentru band\u0103 LED de 8mm"},"content":{"rendered":"<div class=\"wp-block-group is-vertical is-layout-flex wp-container-core-group-is-layout-d255d7c4 wp-block-group-is-layout-flex\" style=\"padding-top:var(--wp--preset--spacing--80);padding-bottom:var(--wp--preset--spacing--80)\">\n<p>\u00cent\u00e2lni\u021bi canalul nostru LED slim pentru iluminare slab\u0103 \u00een perete, o alegere fantastic\u0103 pentru a ad\u0103uga o lumin\u0103 subtil\u0103 \u0219i modern\u0103 \u00een spa\u021biile dumneavoastr\u0103. Acest canal LED \u00eencastrat din gips-carton este construit din aluminiu 6063 rezistent, care ajut\u0103 la men\u021binerea temperaturii sc\u0103zute a benzilor LED, astfel \u00eenc\u00e2t s\u0103 dureze mai mult. Include un capac din policarbonat (PC) care se fixeaz\u0103 \u00een loc, cre\u00e2nd o lumin\u0103 moale \u0219i uniform\u0103, f\u0103r\u0103 puncte luminoase.<\/p>\n\n\n\n<p>Proiectat pentru a fi \u00eencastrat, acest canal LED din aluminiu se monteaz\u0103 la nivel cu gips-cartonul folosind clipsuri cu arc, oferind un aspect profesional, \u00eencorporat. Profilul emite lumin\u0103 \u00een jos, fiind perfect pentru a crea o iluminare indirect\u0103, bl\u00e2nd\u0103 pe pere\u021bi.<\/p>\n\n\n\n<p>It&#8217;s a versatile solution for many places. Use it in your home to light up hallways or stairs. In hotels and restaurants, it creates a warm and welcoming atmosphere. It\u2019s also great for commercial spaces like retail stores or offices wanting a touch of sleek, understated light.<\/p>\n<\/div>\n\n\n\n<div class=\"wp-block-group has-background is-vertical is-layout-flex wp-container-core-group-is-layout-d255d7c4 wp-block-group-is-layout-flex\" style=\"background-color:#f1f1f1;padding-top:var(--wp--preset--spacing--80);padding-bottom:var(--wp--preset--spacing--80)\">\n<div class=\"wp-block-group is-vertical is-layout-flex wp-container-core-group-is-layout-8cf370e7 wp-block-group-is-layout-flex\">\n<h2 class=\"wp-block-heading\" style=\"padding-top:var(--wp--preset--spacing--40);padding-bottom:var(--wp--preset--spacing--40);font-size:25px;font-style:normal;font-weight:600;text-transform:capitalize\">De ce s\u0103 alege\u021bi canalul nostru LED slim pentru iluminare slab\u0103 \u00een perete<\/h2>\n\n\n\n<ul class=\"wp-block-list\">\n<li>Designul f\u0103r\u0103 margini \u0219i \u00eencastrat \u00eel face u\u0219or de utilizat cu gips-cartonul<\/li>\n\n\n\n<li>Func\u021bioneaz\u0103 cu benzile LED standard de 8mm, precum COB \u0219i 2835<\/li>\n\n\n\n<li>Excelent pentru iluminArea covoarelor sau iluminare arhitectural\u0103<\/li>\n\n\n\n<li>Poate fi utilizat \u00een LED-uri \u00een podea, rafturi sau pentru iluminarea sc\u0103rilor<\/li>\n\n\n\n<li>Profilul super sub\u021bire se potrive\u0219te bine cu stilurile moderne \u0219i minimaliste.<\/li>\n<\/ul>\n<\/div>\n<\/div>\n\n\n\n<div class=\"wp-block-group\" style=\"padding-top:var(--wp--preset--spacing--60);padding-bottom:var(--wp--preset--spacing--60)\"><div class=\"wp-block-group__inner-container is-layout-constrained wp-block-group-is-layout-constrained\">\n<div class=\"wp-block-media-text has-media-on-the-right is-stacked-on-mobile\" style=\"grid-template-columns:auto 40%\"><div class=\"wp-block-media-text__content\">\n<h2 class=\"wp-block-heading\" style=\"padding-top:var(--wp--preset--spacing--40);padding-bottom:var(--wp--preset--spacing--40);font-size:25px;font-style:normal;font-weight:600;text-transform:capitalize\">cum s\u0103 folose\u0219ti<\/h2>\n\n\n\n<ul class=\"wp-block-list\">\n<li>Canalul nostru LED din aluminiu de profil sc\u0103zut este creat pentru a fi u\u0219or de instalat \u00een gips-carton sau tavane.<\/li>\n\n\n\n<li>Canalul este men\u021binut \u00een loc de clipsuri de suport cu arc \u00eentr-o canelur\u0103 pre-t\u0103iat\u0103, ceea ce \u00eel face u\u0219or de montat \u0219i \u00eel \u00eempiedic\u0103 s\u0103 aib\u0103 nevoie de tencuial\u0103 sau paste de gips-carton peste un flan\u0219.<\/li>\n\n\n\n<li>Odat\u0103 ce este pus \u00een loc, este destinat s\u0103 emit\u0103 lumin\u0103 \u00eentr-o direc\u021bie specific\u0103, fie \u00een jos, fie lateral (st\u00e2nga sau dreapta).<\/li>\n\n\n\n<li>Pur \u0219i simplu introduce\u021bi banda dumneavoastr\u0103 LED de 8mm \u00een profil \u0219i ad\u0103uga\u021bi difuzorul mat pentru a finaliza designul. Acest lucru v\u0103 va oferi o iluminare uniform\u0103, f\u0103r\u0103 puncte luminoase.<\/li>\n<\/ul>\n<\/div><figure class=\"wp-block-media-text__media\"><img loading=\"lazy\" decoding=\"async\" width=\"500\" height=\"500\" src=\"https:\/\/tangooled.com\/wp-content\/uploads\/2025\/07\/wp06-ins.webp\" alt=\"low lighting slim in wall aluminum led channel for 8mm led strip\" class=\"wp-image-42094 size-full\" srcset=\"https:\/\/tangooled.com\/wp-content\/uploads\/2025\/07\/wp06-ins.webp 500w, https:\/\/tangooled.com\/wp-content\/uploads\/2025\/07\/wp06-ins-300x300.webp 300w, https:\/\/tangooled.com\/wp-content\/uploads\/2025\/07\/wp06-ins-150x150.webp 150w\" sizes=\"auto, (max-width: 500px) 100vw, 500px\" \/><\/figure><\/div>\n<\/div><\/div>\n\n\n\n<div class=\"wp-block-group has-background is-vertical is-layout-flex wp-container-core-group-is-layout-b429018a wp-block-group-is-layout-flex\" style=\"background-color:#f1f1f1f2;padding-top:var(--wp--preset--spacing--70);padding-bottom:var(--wp--preset--spacing--70)\">\n<h2 class=\"wp-block-heading\" style=\"padding-top:var(--wp--preset--spacing--40);padding-bottom:var(--wp--preset--spacing--40);font-size:25px;font-style:normal;font-weight:600\">Cele mai bune aplica\u021bii pentru canalul LED slim pentru iluminare slab\u0103 \u00een perete<\/h2>\n\n\n\n<ul class=\"wp-block-list\">\n<li>Iluminare de Accent Arhitectural: Folosi\u021bi lumina liniar\u0103 pentru a eviden\u021bia pere\u021bii, rafturile sau tavanele.<\/li>\n\n\n\n<li>Iluminare de Cove: Pune\u021bi-l \u00een jurul tavanelor pentru a crea o str\u0103lucire subtil\u0103, indirect\u0103.<\/li>\n\n\n\n<li>Iluminare pentru Dulapuri \u0219i Rafturi: Ad\u0103uga\u021bi benzile de lumin\u0103 frumoase \u0219i discrete \u00een mobilierul dumneavoastr\u0103.<\/li>\n\n\n\n<li>Iluminare pentru sc\u0103ri \u0219i margini de podea: Face\u021bi treptele sau marginile podelei sigure \u0219i nu prea luminoase.<\/li>\n\n\n\n<li>Integrare cu gips-carton: Func\u021bioneaz\u0103 cu tencuial\u0103 sau past\u0103, fiind excelent pentru cl\u0103dirile moderne din gips-carton.<\/li>\n<\/ul>\n<\/div>\n\n\n\n<div class=\"wp-block-group is-vertical is-layout-flex wp-container-core-group-is-layout-d255d7c4 wp-block-group-is-layout-flex\" style=\"padding-top:var(--wp--preset--spacing--80);padding-bottom:var(--wp--preset--spacing--80)\">\n<h2 class=\"wp-block-heading\" style=\"font-size:25px;font-style:normal;font-weight:600;text-transform:capitalize\">Produse conexe<\/h2>\n\n\n\n<ul class=\"wp-block-list\">\n<li>\u00cencearc\u0103 <a href=\"https:\/\/tangooled.com\/ro\/produs\/black-led-diffuser-aluminum-channel-for-12mm-tape-lights\/\"><mark style=\"background-color:rgba(0, 0, 0, 0)\" class=\"has-inline-color has-vivid-red-color\">canal din aluminiu cu difuzor negru pentru lumini cu band\u0103 de 12mm<\/mark><\/a> pentru benzile LED mai late.<\/li>\n\n\n\n<li>Verific\u0103 <a href=\"https:\/\/tangooled.com\/ro\/produs\/led-strip-light-channel-aluminum-profile-with-diffused-cover-6mm-height\/\"><mark style=\"background-color:rgba(0, 0, 0, 0)\" class=\"has-inline-color has-vivid-red-color\">Profil din aluminiu pentru benzi LED cu capac difuzor de 6mm \u00een\u0103l\u021bime<\/mark><\/a> pentru nevoi ultra-sub\u021biri.<\/li>\n\n\n\n<li>Pentru nevoile de montaj de suprafa\u021b\u0103, consulta\u021bi <a href=\"https:\/\/tangooled.com\/ro\/produs\/surface-mount-led-profile-with-frosted-diffuser-for-10mm-rope-lights\/\"><mark style=\"background-color:rgba(0, 0, 0, 0)\" class=\"has-inline-color has-vivid-red-color\">profilul LED montat pe suprafa\u021b\u0103 cu difuzor frosted pentru benzi de lumin\u0103 de 10 mm<\/mark><\/a>.<\/li>\n<\/ul>\n<\/div>\n\n\n\n<p><\/p>","protected":false},"featured_media":13499,"template":"","meta":{"_acf_changed":true,"_seopress_robots_primary_cat":"none","_seopress_titles_title":"Slim In-Wall LED Channel for Low Lighting WP06 | TANGOOLED","_seopress_titles_desc":"The WP06 is an ultra-slim in-wall led channel designed for low lighting applications. Optimized for 8mm led strips, this minimalist aluminum profile provides subtle footlight and path illumination for modern hallways.","_seopress_robots_index":""},"pcb-width":[228],"product-cat":[195],"class_list":{"0":"post-35406","1":"product","2":"type-product","3":"status-publish","4":"has-post-thumbnail","6":"pcb-width-6-12mm","7":"product-cat-wall-mout-profile"},"acf":[],"_links":{"self":[{"href":"https:\/\/tangooled.com\/ro\/wp-json\/wp\/v2\/product\/35406","targetHints":{"allow":["GET"]}}],"collection":[{"href":"https:\/\/tangooled.com\/ro\/wp-json\/wp\/v2\/product"}],"about":[{"href":"https:\/\/tangooled.com\/ro\/wp-json\/wp\/v2\/types\/product"}],"wp:featuredmedia":[{"embeddable":true,"href":"https:\/\/tangooled.com\/ro\/wp-json\/wp\/v2\/media\/13499"}],"wp:attachment":[{"href":"https:\/\/tangooled.com\/ro\/wp-json\/wp\/v2\/media?parent=35406"}],"wp:term":[{"taxonomy":"pcb-width","embeddable":true,"href":"https:\/\/tangooled.com\/ro\/wp-json\/wp\/v2\/pcb-width?post=35406"},{"taxonomy":"product-cat","embeddable":true,"href":"https:\/\/tangooled.com\/ro\/wp-json\/wp\/v2\/product-cat?post=35406"}],"curies":[{"name":"wp","href":"https:\/\/api.w.org\/{rel}","templated":true}]}}