{"id":35405,"date":"2025-07-03T22:11:08","date_gmt":"2025-07-04T06:11:08","guid":{"rendered":"https:\/\/tangooled.com\/?post_type=product&#038;p=35405"},"modified":"2026-01-26T23:35:02","modified_gmt":"2026-01-27T07:35:02","slug":"wall-recessed-down-lighting-60mm-led-aluminum-profile","status":"publish","type":"product","link":"https:\/\/tangooled.com\/ro\/produs\/wall-recessed-down-lighting-60mm-led-aluminum-profile\/","title":{"rendered":"profil din aluminiu cu lampa LED \u00eencastrat \u00een perete de 60mm"},"content":{"rendered":"<div class=\"wp-block-group is-vertical is-layout-flex wp-container-core-group-is-layout-d255d7c4 wp-block-group-is-layout-flex\" style=\"padding-top:var(--wp--preset--spacing--80);padding-bottom:var(--wp--preset--spacing--80)\">\n<p>Profilul nostru de perete LED \u00eencastrat de 60 mm integrat \u00een perete ofer\u0103 iluminatului arhitectural un aspect elegant \u0219i modern. Este un canal pentru iluminatul \u00eencastrat ce se monteaz\u0103 \u00een perete, fixat cu cleme pentru pl\u0103ci de ghips pentru un aspect curat, f\u0103r\u0103 margini. Cu o dimensiune extern\u0103 total\u0103 de 70mm (l\u0103\u021bime) 24.5mm (ad\u00e2ncime), canalul este proiectat pentru a fi \u00eencastrat \u00een perete sau tavan cu o \u00een\u0103l\u021bime \u00eencastrat\u0103 de 60mm pentru a ob\u021bine efectul dorit. Acest design robust asigur\u0103 c\u0103 profilul se potrive\u0219te perfect \u0219i securizat, fiind ideal pentru generarea unor efecte de iluminat liniar captivante.<\/p>\n\n\n\n<p>This 60mm downlighting LED wall profile features a simple design that makes it very useful. It can make homes&#8217; halls, living rooms, and stairs look elegant. It&#8217;s fantastic for emphasizing things in modern office environments, galleries, and stores when used for commercial lighting. It looks good and functions properly.<\/p>\n<\/div>\n\n\n\n<div class=\"wp-block-group has-background is-vertical is-layout-flex wp-container-core-group-is-layout-d255d7c4 wp-block-group-is-layout-flex\" style=\"background-color:#f1f1f1;padding-top:var(--wp--preset--spacing--80);padding-bottom:var(--wp--preset--spacing--80)\">\n<div class=\"wp-block-group is-vertical is-layout-flex wp-container-core-group-is-layout-8cf370e7 wp-block-group-is-layout-flex\">\n<h2 class=\"wp-block-heading\" style=\"padding-top:var(--wp--preset--spacing--40);padding-bottom:var(--wp--preset--spacing--40);font-size:25px;font-style:normal;font-weight:600;text-transform:capitalize\">De ce s\u0103 alegi profilul nostru de perete LED \u00eencastrat de 60 mm?<\/h2>\n\n\n\n<ul class=\"wp-block-list\">\n<li>Fabricat din aluminiu anodizat 6063, care dispersa c\u0103ldura bine \u0219i face ca luminile LED s\u0103 dureze mai mult.<\/li>\n\n\n\n<li>Designul f\u0103r\u0103 margini, pentru tencuial\u0103, \u00eei permite s\u0103 fie ascuns \u00een pl\u0103ci de ghips sau tencuial\u0103. Nu sunt cadre, ci pur \u0219i simplu o linie pur\u0103 de lumin\u0103.<\/li>\n\n\n\n<li>Vine cu un difuzor frosting care face ca lumina s\u0103 fie moale \u0219i uniform\u0103, f\u0103r\u0103 pete sau umbre orbitoare.<\/li>\n\n\n\n<li>Ideal pentru cur\u0103\u021barea pere\u021bilor, ad\u0103ug\u00e2nd lumin\u0103 pe plafoane, sc\u0103ri \u0219i plinte.<\/li>\n<\/ul>\n<\/div>\n<\/div>\n\n\n\n<div class=\"wp-block-group\" style=\"padding-top:var(--wp--preset--spacing--60);padding-bottom:var(--wp--preset--spacing--60)\"><div class=\"wp-block-group__inner-container is-layout-constrained wp-block-group-is-layout-constrained\">\n<div class=\"wp-block-media-text has-media-on-the-right is-stacked-on-mobile\" style=\"grid-template-columns:auto 40%\"><div class=\"wp-block-media-text__content\">\n<h2 class=\"wp-block-heading\" style=\"padding-top:var(--wp--preset--spacing--40);padding-bottom:var(--wp--preset--spacing--40);font-size:25px;font-style:normal;font-weight:600;text-transform:capitalize\">Cum s\u0103 instala\u021bi<\/h2>\n\n\n\n<ul class=\"wp-block-list\">\n<li>Cut a precise groove in the drywall or plasterboard. This cavity&#8217;s dimensions, particularly its height, must be suitable for the profile&#8217;s 60mm embedding section and allow space for the spring support clips.<\/li>\n\n\n\n<li>Fixeaz\u0103 clemele de suport cu arc pe spatele profilului LED.<\/li>\n\n\n\n<li>Fixeaz\u0103 banda LED \u00een interiorul canalului, apoi ata\u0219eaz\u0103 difuzorul frosting \u0219i capacetele de la cap\u0103t.<\/li>\n\n\n\n<li>Introdu profilul \u00een cavitatea preg\u0103tit\u0103. Clemele cu arc se vor comprima \u0219i apoi se vor extinde \u00een spatele pl\u0103cii de ghips, securiz\u00e2nd ferm profilul la nivelul suprafe\u021bei.<\/li>\n\n\n\n<li>\u00cen cele din urm\u0103, conecteaz\u0103 profilul LED la sursa de alimentare.<\/li>\n<\/ul>\n<\/div><figure class=\"wp-block-media-text__media\"><img loading=\"lazy\" decoding=\"async\" width=\"500\" height=\"500\" src=\"https:\/\/tangooled.com\/wp-content\/uploads\/2025\/07\/wp05-ins.webp\" alt=\"profil din aluminiu cu lampa LED \u00eencastrat \u00een perete de 60mm\" class=\"wp-image-42081 size-full\" srcset=\"https:\/\/tangooled.com\/wp-content\/uploads\/2025\/07\/wp05-ins.webp 500w, https:\/\/tangooled.com\/wp-content\/uploads\/2025\/07\/wp05-ins-300x300.webp 300w, https:\/\/tangooled.com\/wp-content\/uploads\/2025\/07\/wp05-ins-150x150.webp 150w\" sizes=\"auto, (max-width: 500px) 100vw, 500px\" \/><\/figure><\/div>\n<\/div><\/div>\n\n\n\n<div class=\"wp-block-group has-background is-vertical is-layout-flex wp-container-core-group-is-layout-b429018a wp-block-group-is-layout-flex\" style=\"background-color:#f1f1f1f2;padding-top:var(--wp--preset--spacing--70);padding-bottom:var(--wp--preset--spacing--70)\">\n<h2 class=\"wp-block-heading\" style=\"padding-top:var(--wp--preset--spacing--40);padding-bottom:var(--wp--preset--spacing--40);font-size:25px;font-style:normal;font-weight:600;text-transform:capitalize\">Cele mai bune modalit\u0103\u021bi de a utiliza profilul nostru LED de perete \u00eencastrat de 60 mm<\/h2>\n\n\n\n<ul class=\"wp-block-list\">\n<li>Holuri \u0219i coridoare: Folose\u0219te lumini de perete elegante \u0219i netede pentru a-\u021bi ilumina traseul.<\/li>\n\n\n\n<li>Pentru sc\u0103ri, ar trebui s\u0103 fie o iluminare sigur\u0103 \u0219i bl\u00e2nd\u0103 pe trepte \u0219i pere\u021bi.<\/li>\n\n\n\n<li>Pere\u021bi accentua\u021bi: Folose\u0219te iluminatul \u00eencastrat pentru a atrage aten\u021bia asupra artei sau elementelor de design.<\/li>\n\n\n\n<li>Magazine \u0219i birouri: Iluminare modern\u0103 \u0219i eficient\u0103 pentru munc\u0103 \u0219i expunere.<\/li>\n\n\n\n<li>Plinte \u0219i borduri: Lumin\u0103 de nivel sc\u0103zut care arat\u0103 bine.<\/li>\n<\/ul>\n<\/div>\n\n\n\n<div class=\"wp-block-group is-vertical is-layout-flex wp-container-core-group-is-layout-d255d7c4 wp-block-group-is-layout-flex\" style=\"padding-top:var(--wp--preset--spacing--80);padding-bottom:var(--wp--preset--spacing--80)\">\n<h2 class=\"wp-block-heading\" style=\"padding-top:var(--wp--preset--spacing--40);padding-bottom:var(--wp--preset--spacing--40);font-size:25px;font-style:normal;font-weight:600;text-transform:capitalize\">Ce Este \u00cen Cutie?<\/h2>\n\n\n\n<ul class=\"wp-block-list\">\n<li>1 x profil din aluminiu de 2.5 metri<\/li>\n\n\n\n<li>1 x capac de difuzor de 2.5 metri<\/li>\n\n\n\n<li>2 x capacete (unul cu gaur\u0103 pentru cabluri)<\/li>\n\n\n\n<li>2x cleme cu arc<\/li>\n<\/ul>\n<\/div>\n\n\n\n<div class=\"wp-block-group has-background\" style=\"background-color:#f1f1f1;padding-top:var(--wp--preset--spacing--80);padding-bottom:var(--wp--preset--spacing--80)\"><div class=\"wp-block-group__inner-container is-layout-constrained wp-block-group-is-layout-constrained\">\n<h2 class=\"wp-block-heading\" style=\"padding-top:var(--wp--preset--spacing--40);padding-bottom:var(--wp--preset--spacing--40);font-size:25px;font-style:normal;font-weight:600;text-transform:capitalize\">rezumat<\/h2>\n\n\n\n<p style=\"padding-right:var(--wp--preset--spacing--50);padding-left:var(--wp--preset--spacing--50)\">It\u2019s an ideal method to bring modern, clean, and soft linear lighting to any area is with our recessed 60mm LED wall profile. The robust aluminum body, broad channel, and frosted diffuser top make it easy to put powerful LED strips in walls or ceilings to generate beautiful, smooth lines of light.<\/p>\n<\/div><\/div>\n\n\n\n<p><\/p>","protected":false},"featured_media":13493,"template":"","meta":{"_acf_changed":true,"_seopress_robots_primary_cat":"none","_seopress_titles_title":"Recessed 60mm LED Wall Profile | Wall Recessed Down Lighting Channel | TANGOOLED","_seopress_titles_desc":"The WP05 is a professional recessed 60mm led wall profile designed for seamless down lighting. This 60mm aluminum channel integrates into the wall to create a clean, modern wash light effect.","_seopress_robots_index":""},"pcb-width":[229],"product-cat":[195],"class_list":{"0":"post-35405","1":"product","2":"type-product","3":"status-publish","4":"has-post-thumbnail","6":"pcb-width-15-20mm","7":"product-cat-wall-mout-profile"},"acf":[],"_links":{"self":[{"href":"https:\/\/tangooled.com\/ro\/wp-json\/wp\/v2\/product\/35405","targetHints":{"allow":["GET"]}}],"collection":[{"href":"https:\/\/tangooled.com\/ro\/wp-json\/wp\/v2\/product"}],"about":[{"href":"https:\/\/tangooled.com\/ro\/wp-json\/wp\/v2\/types\/product"}],"wp:featuredmedia":[{"embeddable":true,"href":"https:\/\/tangooled.com\/ro\/wp-json\/wp\/v2\/media\/13493"}],"wp:attachment":[{"href":"https:\/\/tangooled.com\/ro\/wp-json\/wp\/v2\/media?parent=35405"}],"wp:term":[{"taxonomy":"pcb-width","embeddable":true,"href":"https:\/\/tangooled.com\/ro\/wp-json\/wp\/v2\/pcb-width?post=35405"},{"taxonomy":"product-cat","embeddable":true,"href":"https:\/\/tangooled.com\/ro\/wp-json\/wp\/v2\/product-cat?post=35405"}],"curies":[{"name":"wp","href":"https:\/\/api.w.org\/{rel}","templated":true}]}}