{"id":35404,"date":"2025-07-03T22:08:51","date_gmt":"2025-07-04T06:08:51","guid":{"rendered":"https:\/\/tangooled.com\/?post_type=product&#038;p=35404"},"modified":"2026-01-26T23:29:38","modified_gmt":"2026-01-27T07:29:38","slug":"up-and-down-wall-sconce-light-led-strip-channel-for-15mm-white-led-strip","status":"publish","type":"product","link":"https:\/\/tangooled.com\/ro\/produs\/up-and-down-wall-sconce-light-led-strip-channel-for-15mm-white-led-strip\/","title":{"rendered":"canal de strip LED pentru aplica\u021bia pe perete, cu lumina \u00een sus \u0219i \u00een jos, pentru stripuri LED de 15 mm"},"content":{"rendered":"<div class=\"wp-block-group is-vertical is-layout-flex wp-container-core-group-is-layout-d255d7c4 wp-block-group-is-layout-flex\" style=\"padding-top:var(--wp--preset--spacing--80);padding-bottom:var(--wp--preset--spacing--80)\">\n<p>This modern wall sconce LED strip channel will make your place look better by providing balanced up and down lighting. The profile is made of long-lasting 6063 aluminum alloy, which helps it stay cool and last a long time. The entire height is 50mm, and there are two different lighting grooves, one on top and one on the bottom, each with a width of\u00a017.6mm. The two lighting surfaces shown can each hold an LED strip that is up to 15.0mm wide. The diffusers are composed of high-quality polycarbonate (PC), which makes sure that the light is smooth, soft, and even. The diffusers are composed of high-quality polycarbonate (PC), which makes sure that the light is smooth, soft, and even.<\/p>\n\n\n\n<p>Acest profil are o abordare simpl\u0103, cu un sistem de clipsuri \u00een dou\u0103 etape pentru o instalare curat\u0103, cu o montare pe suprafa\u021b\u0103 consistent\u0103. Ofer\u0103 o iluminare suplimentar\u0103 eficient\u0103 care elimin\u0103 perfect umbrele prin str\u0103lucirea luminii at\u00e2t \u00een sus, c\u00e2t \u0219i \u00een jos simultan. Acest profil de iluminare \u00een sus \u0219i \u00een jos este perfect pentru a ad\u0103uga accente atr\u0103g\u0103toare \u00een case, coridoare de hoteluri, afaceri \u0219i proiecte de iluminat arhitectural.<\/p>\n<\/div>\n\n\n\n<div class=\"wp-block-group has-background is-vertical is-layout-flex wp-container-core-group-is-layout-d255d7c4 wp-block-group-is-layout-flex\" style=\"background-color:#f1f1f1;padding-top:var(--wp--preset--spacing--80);padding-bottom:var(--wp--preset--spacing--80)\">\n<div class=\"wp-block-group is-vertical is-layout-flex wp-container-core-group-is-layout-8cf370e7 wp-block-group-is-layout-flex\">\n<h2 class=\"wp-block-heading\" style=\"padding-top:var(--wp--preset--spacing--40);padding-bottom:var(--wp--preset--spacing--40);font-size:25px;font-style:normal;font-weight:600;text-transform:capitalize\">De ce s\u0103 alegi acest canal de strip LED pentru aplica\u021bia pe perete?<\/h2>\n\n\n\n<ul class=\"wp-block-list\">\n<li>Design cu emisie dual\u0103: Lumina str\u0103luce\u0219te at\u00e2t \u00een sus, c\u00e2t \u0219i \u00een jos, f\u0103c\u00e2nd pere\u021bii t\u0103i s\u0103 str\u0103luceasc\u0103 u\u0219or \u0219i complet.<\/li>\n\n\n\n<li>Se potrive\u0219te cu stripuri LED de 15 mm: Func\u021bioneaz\u0103 bine cu stripuri late, precum COB (Chip on Board) \u0219i stripuri LED cu densitate mare.<\/li>\n\n\n\n<li>Lumina neted\u0103: Dispersorul opal face ca lumina s\u0103 fie moale \u0219i uniform\u0103, f\u0103r\u0103 puncte luminoase.<\/li>\n\n\n\n<li>Carcas\u0103 puternic\u0103 din aluminiu: Cutia anodizat\u0103 din aluminiu protejeaz\u0103 stripul t\u0103u LED de rugin\u0103 \u0219i \u00eel men\u021bine rece.<\/li>\n\n\n\n<li>U\u0219or de instalat: Clipsurile permit montarea pe orice perete. Arat\u0103 bine \u0219i se potrive\u0219te perfect cu spa\u021biul t\u0103u.<\/li>\n\n\n\n<li>Culori diferite: Po\u021bi alege o finisare alb\u0103 mat\u0103, neagr\u0103 mat\u0103 sau argintie, care s\u0103 se potriveasc\u0103 cu stilul t\u0103u.<\/li>\n<\/ul>\n<\/div>\n<\/div>\n\n\n\n<div class=\"wp-block-group\" style=\"padding-top:var(--wp--preset--spacing--60);padding-bottom:var(--wp--preset--spacing--60)\"><div class=\"wp-block-group__inner-container is-layout-constrained wp-block-group-is-layout-constrained\">\n<div class=\"wp-block-media-text has-media-on-the-right is-stacked-on-mobile\" style=\"grid-template-columns:auto 40%\"><div class=\"wp-block-media-text__content\">\n<h2 class=\"wp-block-heading\" style=\"font-size:25px;font-style:normal;font-weight:600;text-transform:capitalize\">Unde s\u0103 folose\u0219ti canalul t\u0103u de strip LED pentru aplica\u021bia pe perete<\/h2>\n\n\n\n<ul class=\"wp-block-list\">\n<li>Coridoare \u0219i sc\u0103ri: Iluminare de c\u0103l\u0103uz\u0103 care este sigur\u0103, str\u0103lucitoare \u0219i frumoas\u0103.<\/li>\n\n\n\n<li>Dormitoare \u0219i camere de zi: Folose\u0219te lumina \u00een sus \u0219i \u00een jos pentru a crea o atmosfer\u0103 sau pentru a eviden\u021bia pere\u021bii.<\/li>\n\n\n\n<li>Baie \u0219i zone de toalet\u0103: Excelent pentru o lumin\u0103 moale, curat\u0103, aproape de oglinzi.<\/li>\n\n\n\n<li>Restaurante \u0219i hoteluri: F\u0103-i pe clien\u021bi s\u0103 se simt\u0103 ca acas\u0103 cu o iluminare cald\u0103 \u0219i modern\u0103.<\/li>\n\n\n\n<li>Birouri \u0219i magazine: lumin\u0103 elegant\u0103, eficient\u0103, care lumineaz\u0103 camerele \u0219i pune \u00een eviden\u021b\u0103 articolele.<\/li>\n<\/ul>\n<\/div><figure class=\"wp-block-media-text__media\"><img loading=\"lazy\" decoding=\"async\" width=\"500\" height=\"500\" src=\"https:\/\/tangooled.com\/wp-content\/uploads\/2025\/07\/wp04-ins.webp\" alt=\"canal de strip LED pentru aplica\u021bia pe perete, cu lumina \u00een sus \u0219i \u00een jos, pentru stripuri LED de 15 mm\" class=\"wp-image-42077 size-full\" srcset=\"https:\/\/tangooled.com\/wp-content\/uploads\/2025\/07\/wp04-ins.webp 500w, https:\/\/tangooled.com\/wp-content\/uploads\/2025\/07\/wp04-ins-300x300.webp 300w, https:\/\/tangooled.com\/wp-content\/uploads\/2025\/07\/wp04-ins-150x150.webp 150w\" sizes=\"auto, (max-width: 500px) 100vw, 500px\" \/><\/figure><\/div>\n<\/div><\/div>\n\n\n\n<div class=\"wp-block-group has-background is-vertical is-layout-flex wp-container-core-group-is-layout-b429018a wp-block-group-is-layout-flex\" style=\"background-color:#f1f1f1f2;padding-top:var(--wp--preset--spacing--70);padding-bottom:var(--wp--preset--spacing--70)\">\n<h2 class=\"wp-block-heading\" style=\"padding-top:var(--wp--preset--spacing--40);padding-bottom:var(--wp--preset--spacing--40);font-size:25px;font-style:normal;font-weight:600\">What\u2019s Inside the Box?<\/h2>\n\n\n\n<ul class=\"wp-block-list\">\n<li>Canal din aluminiu pentru aplica\u021bii pe perete<\/li>\n\n\n\n<li>Dispersor opal cu prindere<\/li>\n\n\n\n<li>Dou\u0103 capace de cap\u0103t (una solid\u0103, una pentru cablare)<\/li>\n\n\n\n<li>Clipsuri de montare pentru o instalare u\u0219oar\u0103<\/li>\n<\/ul>\n<\/div>\n\n\n\n<div class=\"wp-block-group is-vertical is-layout-flex wp-container-core-group-is-layout-d255d7c4 wp-block-group-is-layout-flex\" style=\"padding-top:var(--wp--preset--spacing--80);padding-bottom:var(--wp--preset--spacing--80)\">\n<h2 class=\"wp-block-heading\" style=\"padding-top:var(--wp--preset--spacing--40);padding-bottom:var(--wp--preset--spacing--40);font-size:25px;font-style:normal;font-weight:600;text-transform:capitalize\">Produse asociate pe care s-ar putea s\u0103 le plac\u0103<\/h2>\n\n\n\n<ul class=\"wp-block-list\">\n<li>Profil LED montat pe suprafa\u021b\u0103 cu dispersor mat pentru lumini de tip funie de 10 mm: <a href=\"https:\/\/tangooled.com\/ro\/produs\/surface-mount-led-profile-with-frosted-diffuser-for-10mm-rope-lights\/\"><mark style=\"background-color:rgba(0, 0, 0, 0)\" class=\"has-inline-color has-vivid-red-color\">Vezi produsul<\/mark><\/a><\/li>\n\n\n\n<li>Profil LED montat pe suprafa\u021b\u0103 de 25x14mm: <a href=\"https:\/\/tangooled.com\/ro\/produs\/25x14m-surface-mounted-led-light-aluminum-profile\/\"><mark style=\"background-color:rgba(0, 0, 0, 0)\" class=\"has-inline-color has-vivid-red-color\">Vezi produsul<\/mark><\/a><\/li>\n\n\n\n<li>Canal pentru lumini LED de 22x10mm pentru stripuri LED flexibile de 15mm: <a href=\"https:\/\/tangooled.com\/ro\/produs\/22x10mm-led-profile-light-channel-for-15mm-flexible-led-strips\/\"><mark style=\"background-color:rgba(0, 0, 0, 0)\" class=\"has-inline-color has-vivid-red-color\">Vezi produsul<\/mark><\/a><\/li>\n<\/ul>\n<\/div>\n\n\n\n<div class=\"wp-block-group has-background\" style=\"background-color:#f1f1f1;padding-top:var(--wp--preset--spacing--80);padding-bottom:var(--wp--preset--spacing--80)\"><div class=\"wp-block-group__inner-container is-layout-constrained wp-block-group-is-layout-constrained\">\n<h2 class=\"wp-block-heading\" style=\"padding-top:var(--wp--preset--spacing--40);padding-bottom:var(--wp--preset--spacing--40);font-size:25px;font-style:normal;font-weight:600;text-transform:capitalize\">Rezumat<\/h2>\n\n\n\n<p style=\"padding-right:var(--wp--preset--spacing--50);padding-left:var(--wp--preset--spacing--50)\">Our up and down wall sconce light led strip channel gives you modern, energy-efficient lighting. It&#8217;s the ideal choice for stylish, long-lasting, and bright light that fills your complete environment. Enjoy trendy and energy-saving illumination with our up and down wall sconce light led strip channel. It&#8217;s the best option for lighting that is elegant, works well, and lasts a long time.<\/p>\n<\/div><\/div>\n\n\n\n<p><\/p>","protected":false},"featured_media":13488,"template":"","meta":{"_acf_changed":true,"_seopress_robots_primary_cat":"none","_seopress_titles_title":"Up and Down Wall Sconce LED Strip Channel | 15mm Wide WP04 Profile | TANGOOLED","_seopress_titles_desc":"The WP04 is a professional wall sconce led strip channel designed for 15mm white led strips. This up and down aluminum profile creates a sleek, bi-directional lighting effect for hallways and living areas.","_seopress_robots_index":""},"pcb-width":[229],"product-cat":[195],"class_list":{"0":"post-35404","1":"product","2":"type-product","3":"status-publish","4":"has-post-thumbnail","6":"pcb-width-15-20mm","7":"product-cat-wall-mout-profile"},"acf":[],"_links":{"self":[{"href":"https:\/\/tangooled.com\/ro\/wp-json\/wp\/v2\/product\/35404","targetHints":{"allow":["GET"]}}],"collection":[{"href":"https:\/\/tangooled.com\/ro\/wp-json\/wp\/v2\/product"}],"about":[{"href":"https:\/\/tangooled.com\/ro\/wp-json\/wp\/v2\/types\/product"}],"wp:featuredmedia":[{"embeddable":true,"href":"https:\/\/tangooled.com\/ro\/wp-json\/wp\/v2\/media\/13488"}],"wp:attachment":[{"href":"https:\/\/tangooled.com\/ro\/wp-json\/wp\/v2\/media?parent=35404"}],"wp:term":[{"taxonomy":"pcb-width","embeddable":true,"href":"https:\/\/tangooled.com\/ro\/wp-json\/wp\/v2\/pcb-width?post=35404"},{"taxonomy":"product-cat","embeddable":true,"href":"https:\/\/tangooled.com\/ro\/wp-json\/wp\/v2\/product-cat?post=35404"}],"curies":[{"name":"wp","href":"https:\/\/api.w.org\/{rel}","templated":true}]}}