{"id":35274,"date":"2025-07-03T02:11:20","date_gmt":"2025-07-03T10:11:20","guid":{"rendered":"https:\/\/tangooled.com\/?post_type=product&#038;p=35274"},"modified":"2026-02-02T02:03:50","modified_gmt":"2026-02-02T10:03:50","slug":"35x35mm-circular-ring-lights-led-aluminum-profile-for-hanging","status":"publish","type":"product","link":"https:\/\/tangooled.com\/ro\/produs\/35x35mm-circular-ring-lights-led-aluminum-profile-for-hanging\/","title":{"rendered":"Profil din aluminiu LED pentru inel circular de 35x35mm pentru suspendare"},"content":{"rendered":"<div class=\"wp-block-group is-vertical is-layout-flex wp-container-core-group-is-layout-d255d7c4 wp-block-group-is-layout-flex\" style=\"padding-top:var(--wp--preset--spacing--80);padding-bottom:var(--wp--preset--spacing--80)\">\n<p>Profilul nostru LED circular de 35x35mm va face mediul dumneavoastr\u0103 mai luminos. Profilul din aluminiu poate fi utilizat pentru suspendare ca un frumos plafon circular de lumin\u0103, personalizat ca dimensiune. Diametrul acestui inel poate fi personalizat pentru a se potrivi cu spa\u021biul dumneavoastr\u0103, variind \u00eentre 600mm \u0219i 3000mm. Fabricat din aluminiu rezistent, ofer\u0103 locuri de munc\u0103, hoteluri, magazine \u0219i case o lumin\u0103 frumoas\u0103, uniform\u0103. Pute\u021bi s\u0103-l face\u021bi s\u0103 arate \u0219i mai bine aleg\u00e2nd dintre negru clasic, alb curat sau argint modern. De asemenea, oferim finisaje de culoare personalizate pentru a ne asigura c\u0103 se potrivesc cu viziunea specific\u0103 a modului \u00een care dori\u021bi s\u0103 arate casa dumneavoastr\u0103.<\/p>\n<\/div>\n\n\n\n<div class=\"wp-block-group has-background is-vertical is-layout-flex wp-container-core-group-is-layout-d255d7c4 wp-block-group-is-layout-flex\" style=\"background-color:#f1f1f1;padding-top:var(--wp--preset--spacing--80);padding-bottom:var(--wp--preset--spacing--80)\">\n<div class=\"wp-block-group is-vertical is-layout-flex wp-container-core-group-is-layout-8cf370e7 wp-block-group-is-layout-flex\">\n<h2 class=\"wp-block-heading\" style=\"padding-top:var(--wp--preset--spacing--40);padding-bottom:var(--wp--preset--spacing--40);font-size:25px;font-style:normal;font-weight:600;text-transform:capitalize\">De ce s\u0103 alege\u021bi acest profil LED circular de 35x35mm?<\/h2>\n\n\n\n<ul class=\"wp-block-list\">\n<li>Profilul LED circular de 35x35mm este o extrudare din aluminiu robust\u0103 \u0219i atractiv\u0103 care func\u021bioneaz\u0103 bine cu iluminatul modern.<\/li>\n\n\n\n<li>Forma rotund\u0103 \u00eel face un excelent plafon arhitectural de lumin\u0103 sau un pendul halo. <\/li>\n\n\n\n<li>Difuzorul mat asigur\u0103 o lumin\u0103 lin\u0103 \u0219i f\u0103r\u0103 puncte, f\u0103r\u0103 str\u0103lucire. <\/li>\n\n\n\n<li>Montajul suspendat este simplu cu kitul de suspensie cu fir.<\/li>\n\n\n\n<li>Func\u021bioneaz\u0103 \u00een case, birouri, hoteluri \u0219i magazine care au nevoie de o modalitate modern\u0103 de a suspenda lumini.<\/li>\n<\/ul>\n<\/div>\n<\/div>\n\n\n\n<div class=\"wp-block-group\" style=\"padding-top:var(--wp--preset--spacing--80);padding-bottom:var(--wp--preset--spacing--80)\"><div class=\"wp-block-group__inner-container is-layout-constrained wp-block-group-is-layout-constrained\">\n<h2 class=\"wp-block-heading\" style=\"font-size:25px;font-style:normal;font-weight:600;text-transform:capitalize\">Perfect pentru aceste aplica\u021bii<\/h2>\n\n\n\n<ul class=\"wp-block-list\">\n<li>S\u0103li de conferin\u021be \u0219i birouri comerciale\u00a0<\/li>\n\n\n\n<li>Holuri \u0219i atriumuri de hotel<\/li>\n\n\n\n<li>Showroomuri \u0219i buticuri de retail\u00a0<\/li>\n\n\n\n<li>Spa\u021bii de living \u0219i dining \u00een case<\/li>\n\n\n\n<li>Studii de art\u0103 \u0219i spa\u021bii creative de lucru<\/li>\n<\/ul>\n<\/div><\/div>\n\n\n\n<div class=\"wp-block-group has-background is-vertical is-layout-flex wp-container-core-group-is-layout-b429018a wp-block-group-is-layout-flex\" style=\"background-color:#f1f1f1f2;padding-top:var(--wp--preset--spacing--70);padding-bottom:var(--wp--preset--spacing--70)\">\n<h2 class=\"wp-block-heading\" style=\"padding-top:var(--wp--preset--spacing--40);padding-right:0;padding-bottom:var(--wp--preset--spacing--40);padding-left:0;font-size:25px;font-style:normal;font-weight:600\">Func\u021bioneaz\u0103 cu aceste benzi LED<\/h2>\n\n\n\n<ul class=\"wp-block-list\">\n<li>LED strips with a high CRI (Ra > 90) for accurate colors.<\/li>\n\n\n\n<li>Benzile LED albe \u00eentr-o singur\u0103 culoare (3000K, 4000K sau 6000K).<\/li>\n\n\n\n<li>Benzile care schimb\u0103 culoarea de la RGB la RGBW.<\/li>\n\n\n\n<li>Benzile care au o l\u0103\u021bime de p\u00e2n\u0103 la 20 mm se potrivesc perfect \u00een canalul de profil.<\/li>\n<\/ul>\n<\/div>\n\n\n\n<div class=\"wp-block-group\" style=\"padding-top:var(--wp--preset--spacing--80);padding-bottom:var(--wp--preset--spacing--80)\"><div class=\"wp-block-group__inner-container is-layout-constrained wp-block-group-is-layout-constrained\">\n<h2 class=\"wp-block-heading\" style=\"padding-top:var(--wp--preset--spacing--40);padding-bottom:var(--wp--preset--spacing--40);font-size:25px;font-style:normal;font-weight:600;text-transform:capitalize\">Rezumat<\/h2>\n\n\n\n<p>Profilul LED circular de suspendare de 35x35mm este fabricat din aluminiu extrudat. Difuzorul mat \u00eempr\u0103\u0219tie lumina uniform, f\u0103r\u0103 a o face excesiv de str\u0103lucitoare. Acest profil este perfect pentru lumini suspendate moderne, lumini arhitecturale \u00een form\u0103 de inel \u0219i profile LED circulare vizibile, deoarece este proiectat s\u0103 fie montat pe un pendul. Vine \u00eentr-o multitudine de culori, poate fi dimat \u0219i poate fi modificat pentru a se potrivi cu orice dimensiune, deci se potrive\u0219te bine \u00een case, magazine, hoteluri \u0219i locuri de munc\u0103.<\/p>\n<\/div><\/div>\n\n\n\n<p><\/p>","protected":false},"featured_media":20009,"template":"","meta":{"_acf_changed":true,"_seopress_robots_primary_cat":"none","_seopress_titles_title":"35x35mm Circular Ring LED Profile | Curved Aluminum Channel C3535","_seopress_titles_desc":"The C3535 is a premium 35x35mm circular ring led profile for bespoke curved lighting. Create elegant suspended ring lights and geometric halo fixtures with ease.","_seopress_robots_index":""},"pcb-width":[230],"product-cat":[202],"class_list":{"0":"post-35274","1":"product","2":"type-product","3":"status-publish","4":"has-post-thumbnail","6":"pcb-width-20-25mm","7":"product-cat-circular-profile"},"acf":[],"_links":{"self":[{"href":"https:\/\/tangooled.com\/ro\/wp-json\/wp\/v2\/product\/35274","targetHints":{"allow":["GET"]}}],"collection":[{"href":"https:\/\/tangooled.com\/ro\/wp-json\/wp\/v2\/product"}],"about":[{"href":"https:\/\/tangooled.com\/ro\/wp-json\/wp\/v2\/types\/product"}],"wp:featuredmedia":[{"embeddable":true,"href":"https:\/\/tangooled.com\/ro\/wp-json\/wp\/v2\/media\/20009"}],"wp:attachment":[{"href":"https:\/\/tangooled.com\/ro\/wp-json\/wp\/v2\/media?parent=35274"}],"wp:term":[{"taxonomy":"pcb-width","embeddable":true,"href":"https:\/\/tangooled.com\/ro\/wp-json\/wp\/v2\/pcb-width?post=35274"},{"taxonomy":"product-cat","embeddable":true,"href":"https:\/\/tangooled.com\/ro\/wp-json\/wp\/v2\/product-cat?post=35274"}],"curies":[{"name":"wp","href":"https:\/\/api.w.org\/{rel}","templated":true}]}}