{"id":35175,"date":"2025-07-02T19:12:46","date_gmt":"2025-07-03T03:12:46","guid":{"rendered":"https:\/\/tangooled.com\/?post_type=product&#038;p=35175"},"modified":"2026-02-02T01:56:56","modified_gmt":"2026-02-02T09:56:56","slug":"shallow-recessed-floor-led-profile-10mm-deep","status":"publish","type":"product","link":"https:\/\/tangooled.com\/ro\/produs\/shallow-recessed-floor-led-profile-10mm-deep\/","title":{"rendered":"profil LED \u00eencastrat \u00een podea, ad\u00e2ncime 10mm"},"content":{"rendered":"<div class=\"wp-block-group is-vertical is-layout-flex wp-container-core-group-is-layout-d255d7c4 wp-block-group-is-layout-flex\" style=\"padding-top:var(--wp--preset--spacing--80);padding-bottom:var(--wp--preset--spacing--80)\">\n<p>Our FL01 shallow recessed floor LED profile is a great\u00a0way to provide clean, modern lighting. This slim\u00a0aluminum channel is 19.5mm wide and 10mm deep\u00a0on the outside. The inner width is\u00a011.4mm. It works with LED strips that are up to 10mm wide, so it&#8217;s great for simple floor lighting designs that can be walked on.<\/p>\n\n\n\n<p>Este construit direct \u00een podele, alei sau deck-uri astfel \u00eenc\u00e2t s\u0103 se integreze perfect cu suprafa\u021ba. Acest profil robust men\u021bine lucrurile rece \u0219i sigure \u00een acela\u0219i timp. Creeaz\u0103 cu u\u0219urin\u021b\u0103 linii netede de lumin\u0103 moale, de lung\u0103 durat\u0103 \u00een casa ta sau \u00een mediul de afaceri pentru un efect arhitectural sigur \u0219i profesionist.<\/p>\n<\/div>\n\n\n\n<div class=\"wp-block-group has-background is-vertical is-layout-flex wp-container-core-group-is-layout-d255d7c4 wp-block-group-is-layout-flex\" style=\"background-color:#f1f1f1;padding-top:var(--wp--preset--spacing--80);padding-bottom:var(--wp--preset--spacing--80)\">\n<div class=\"wp-block-group is-vertical is-layout-flex wp-container-core-group-is-layout-8cf370e7 wp-block-group-is-layout-flex\">\n<h2 class=\"wp-block-heading\" style=\"padding-top:var(--wp--preset--spacing--40);padding-bottom:var(--wp--preset--spacing--40);font-size:25px;font-style:normal;font-weight:600;text-transform:capitalize\">De ce s\u0103 alegi profilul nostru LED de podea \u00eencastrat?<\/h2>\n\n\n\n<ul class=\"wp-block-list\">\n<li>Design ultra-sub\u021bire: doar 10 mm ad\u00e2nc pentru \u00eencastrare redus\u0103.<\/li>\n\n\n\n<li>Evaluat pentru a fi c\u0103lcat: suficient de robust pentru a fi c\u0103lcat \u00een locuri publice \u0219i holuri.<\/li>\n\n\n\n<li>Aluminiu anodizat de \u00eenalt\u0103 calitate care ac\u021bioneaz\u0103 ca un radiator de c\u0103ldur\u0103 \u0219i rezist\u0103 la rugin\u0103.<\/li>\n\n\n\n<li>Func\u021bioneaz\u0103 cu benzi LED de 10 mm l\u0103\u021bime: func\u021bioneaz\u0103 cu SMD3528, COB \u0219i versiuni RGB.<\/li>\n\n\n\n<li>Difuzor opal: face ca lumina s\u0103 fie neted\u0103 \u0219i lipsit\u0103 de puncte.<\/li>\n\n\n\n<li>Available in 2m and 3m lengths, so it&#8217;s easy to cut to size for any application.<\/li>\n\n\n\n<li>Poate fi utilizat at\u00e2t \u00een interior, c\u00e2t \u0219i \u00een exterior \u00een loca\u021bii semi-protejate c\u00e2nd este folosit cu benzi LED impermeabile.<\/li>\n<\/ul>\n<\/div>\n<\/div>\n\n\n\n<div class=\"wp-block-group\" style=\"padding-top:var(--wp--preset--spacing--60);padding-bottom:var(--wp--preset--spacing--60)\"><div class=\"wp-block-group__inner-container is-layout-constrained wp-block-group-is-layout-constrained\">\n<div class=\"wp-block-media-text has-media-on-the-right is-stacked-on-mobile\" style=\"grid-template-columns:auto 40%\"><div class=\"wp-block-media-text__content\">\n<h2 class=\"wp-block-heading\" style=\"padding-top:var(--wp--preset--spacing--40);padding-bottom:var(--wp--preset--spacing--40);font-size:25px;font-style:normal;font-weight:600;text-transform:capitalize\">U\u0219or de asamblat<\/h2>\n\n\n\n<ul class=\"wp-block-list\">\n<li>Taie \u0219an\u021bul \u00een podea: un \u0219an\u021b de 10 mm ad\u00e2ncime care se potrive\u0219te exact formei.<\/li>\n\n\n\n<li>Adaug\u0103 profilul: Plaseaz\u0103 canalul din aluminiu \u00een \u0219an\u021b astfel \u00eenc\u00e2t s\u0103 fie la acela\u0219i nivel cu podeaua.<\/li>\n\n\n\n<li>Pentru a-l men\u021bine pe loc: Verific\u0103 dac\u0103 solul este suficient de solid pentru a fi c\u0103lcat.<\/li>\n\n\n\n<li>Adaug\u0103 benzi LED: Plaseaz\u0103 orice band\u0103 LED de 10 mm l\u0103\u021bime care se potrive\u0219te \u00een profil.<\/li>\n\n\n\n<li>Difuzor tip snap-on: Capacitatea opal se fixeaz\u0103 \u00een loc deasupra benzii \u0219i \u00eempr\u0103\u0219tie lumina.<\/li>\n\n\n\n<li>Monteaz\u0103 capacele la capete \u0219i etan\u0219eaz\u0103-le cu silicon dac\u0103 trebuie s\u0103 men\u021bii umiditatea departe.<\/li>\n<\/ul>\n<\/div><figure class=\"wp-block-media-text__media\"><img loading=\"lazy\" decoding=\"async\" width=\"500\" height=\"500\" src=\"https:\/\/tangooled.com\/wp-content\/uploads\/2025\/07\/fl01-ins.webp\" alt=\"shallow recessed floor led profile 10mm deep\" class=\"wp-image-42242 size-full\" srcset=\"https:\/\/tangooled.com\/wp-content\/uploads\/2025\/07\/fl01-ins.webp 500w, https:\/\/tangooled.com\/wp-content\/uploads\/2025\/07\/fl01-ins-300x300.webp 300w, https:\/\/tangooled.com\/wp-content\/uploads\/2025\/07\/fl01-ins-150x150.webp 150w\" sizes=\"auto, (max-width: 500px) 100vw, 500px\" \/><\/figure><\/div>\n<\/div><\/div>\n\n\n\n<div class=\"wp-block-group has-background is-vertical is-layout-flex wp-container-core-group-is-layout-b429018a wp-block-group-is-layout-flex\" style=\"background-color:#f1f1f1f2;padding-top:var(--wp--preset--spacing--70);padding-bottom:var(--wp--preset--spacing--70)\">\n<h2 class=\"wp-block-heading\" style=\"padding-top:var(--wp--preset--spacing--40);padding-bottom:var(--wp--preset--spacing--40);font-size:25px;font-style:normal;font-weight:600;text-transform:capitalize\">Utiliz\u0103ri perfecte pentru canalul de 10mm ad\u00e2nc care poate fi c\u0103lcat<\/h2>\n\n\n\n<p>Produsul nostru este excelent pentru o mul\u021bime de aplica\u021bii de iluminare at\u00e2t \u00een interior, c\u00e2t \u0219i \u00een exterior:<\/p>\n\n\n\n<ul class=\"wp-block-list\">\n<li>Iluminat integrat \u00een podea: Instaleaz\u0103-l la nivel cu pl\u0103ci ceramice, lemn masiv, laminate sau podele din beton.<\/li>\n\n\n\n<li>Luminile pentru sc\u0103ri \u0219i trepte: Pentru a le face mai sigure \u0219i mai elegante, pune lumini \u00een bordurile sc\u0103rilor.<\/li>\n\n\n\n<li>Iluminat de accent pentru alei \u0219i coridoare: Folose\u0219te profilu pentru LED-uri evaluate pentru utilizare pe care pot fi c\u0103lcate \u0219i care dureaz\u0103 pentru a forma linii directoare.<\/li>\n\n\n\n<li>Afi\u0219aje pentru afaceri \u0219i retail: Ajut\u0103 consumatorii s\u0103 se orienteze \u00een interior sau s\u0103 pun\u0103 \u00een valoare produsele.<\/li>\n\n\n\n<li>Terase \u0219i deck-uri (cu impermeabilizare): Plaseaz\u0103 lumini de podea \u00een exterior pentru a le face mai invitante.<\/li>\n<\/ul>\n<\/div>\n\n\n\n<div class=\"wp-block-group is-vertical is-layout-flex wp-container-core-group-is-layout-d255d7c4 wp-block-group-is-layout-flex\" style=\"padding-top:var(--wp--preset--spacing--80);padding-bottom:var(--wp--preset--spacing--80)\">\n<h2 class=\"wp-block-heading\" style=\"padding-top:var(--wp--preset--spacing--40);padding-bottom:var(--wp--preset--spacing--40);font-size:25px;font-style:normal;font-weight:600;text-transform:capitalize\">Produse mai relevante<\/h2>\n\n\n\n<p>Exploreaz\u0103 aceste profile LED din aluminiu corelate care completeaz\u0103 profilul t\u0103u LED de podea \u00eencastrat:<\/p>\n\n\n\n<ul class=\"wp-block-list\">\n<li><a href=\"https:\/\/tangooled.com\/ro\/produs\/black-led-profile-with-black-diffuser-for-10mm-led-strip-light\/\"><mark style=\"background-color:rgba(0, 0, 0, 0)\" class=\"has-inline-color has-vivid-red-color\">Profil LED negru cu difuzor negru pentru banda LED de 10mm<\/mark><\/a>.<\/li>\n\n\n\n<li><a href=\"https:\/\/tangooled.com\/ro\/produs\/surface-mount-led-profile-with-frosted-diffuser-for-10mm-rope-lights\/\"><mark style=\"background-color:rgba(0, 0, 0, 0)\" class=\"has-inline-color has-vivid-red-color\">Profil LED de montare pe suprafa\u021b\u0103 cu difuzor satin pentru benzile de 10mm<\/mark><\/a>.<\/li>\n\n\n\n<li><a href=\"https:\/\/tangooled.com\/ro\/produs\/led-strip-light-channel-aluminum-profile-with-diffused-cover-6mm-height\/\"><mark style=\"background-color:rgba(0, 0, 0, 0)\" class=\"has-inline-color has-vivid-red-color\">Profil din aluminiu pentru benzi LED cu capac difuzor de 6mm \u00een\u0103l\u021bime<\/mark><\/a>.<\/li>\n\n\n\n<li><mark style=\"background-color:rgba(0, 0, 0, 0)\" class=\"has-inline-color has-vivid-red-color\"><a href=\"https:\/\/tangooled.com\/ro\/produs\/26mm-floor-recessed-led-aluminum-channel-for-12mm-led-strips\/\">Canal din aluminiu \u00eencastrat pentru LED de 26mm pentru benzi LED de 12mm<\/a>.<\/mark><\/li>\n\n\n\n<li><a href=\"https:\/\/tangooled.com\/ro\/produs\/recessed-floor-step-edge-lighting-led-profile\/\"><mark style=\"background-color:rgba(0, 0, 0, 0)\" class=\"has-inline-color has-vivid-red-color\">Profilul LED de iluminare pentru marginea treptelor \u00eencastrate<\/mark><\/a>.<\/li>\n<\/ul>\n<\/div>\n\n\n\n<div class=\"wp-block-group has-background\" style=\"background-color:#f1f1f1;padding-top:var(--wp--preset--spacing--80);padding-bottom:var(--wp--preset--spacing--80)\"><div class=\"wp-block-group__inner-container is-layout-constrained wp-block-group-is-layout-constrained\">\n<p style=\"padding-right:var(--wp--preset--spacing--50);padding-left:var(--wp--preset--spacing--50)\">The ideal choice for professional-grade floor lighting that can be walked on is our shallow recessed floor LED profile, which is 10mm deep. It works great in homes, offices, stores, and architectural projects, and it has a sleek look. With Tangooled&#8217;s TG-FL01, you can improve your lighting right now.<\/p>\n<\/div><\/div>\n\n\n\n<p><\/p>","protected":false},"featured_media":13524,"template":"","meta":{"_acf_changed":true,"_seopress_robots_primary_cat":"none","_seopress_titles_title":"Shallow Recessed Floor LED Profile | 10mm Deep Walk-over Channel | TANGOOLED","_seopress_titles_desc":"The FL01 is a premium shallow recessed floor LED profile with a slim 10mm depth. Designed for high-durability and walk-over safety, this aluminum channel is perfect for linear floor lighting in hallways and commercial spaces.","_seopress_robots_index":""},"pcb-width":[228],"product-cat":[199],"class_list":{"0":"post-35175","1":"product","2":"type-product","3":"status-publish","4":"has-post-thumbnail","6":"pcb-width-6-12mm","7":"product-cat-inground-profile"},"acf":[],"_links":{"self":[{"href":"https:\/\/tangooled.com\/ro\/wp-json\/wp\/v2\/product\/35175","targetHints":{"allow":["GET"]}}],"collection":[{"href":"https:\/\/tangooled.com\/ro\/wp-json\/wp\/v2\/product"}],"about":[{"href":"https:\/\/tangooled.com\/ro\/wp-json\/wp\/v2\/types\/product"}],"wp:featuredmedia":[{"embeddable":true,"href":"https:\/\/tangooled.com\/ro\/wp-json\/wp\/v2\/media\/13524"}],"wp:attachment":[{"href":"https:\/\/tangooled.com\/ro\/wp-json\/wp\/v2\/media?parent=35175"}],"wp:term":[{"taxonomy":"pcb-width","embeddable":true,"href":"https:\/\/tangooled.com\/ro\/wp-json\/wp\/v2\/pcb-width?post=35175"},{"taxonomy":"product-cat","embeddable":true,"href":"https:\/\/tangooled.com\/ro\/wp-json\/wp\/v2\/product-cat?post=35175"}],"curies":[{"name":"wp","href":"https:\/\/api.w.org\/{rel}","templated":true}]}}