{"id":35173,"date":"2025-07-02T18:58:37","date_gmt":"2025-07-03T02:58:37","guid":{"rendered":"https:\/\/tangooled.com\/?post_type=product&#038;p=35173"},"modified":"2026-01-26T19:57:03","modified_gmt":"2026-01-27T03:57:03","slug":"up-down-illumination-pendant-led-profile-sgd5470","status":"publish","type":"product","link":"https:\/\/tangooled.com\/ro\/produs\/up-down-illumination-pendant-led-profile-sgd5470\/","title":{"rendered":"SGD5470: Profil LED suspendat cu iluminare de sus \u0219i jos"},"content":{"rendered":"<div class=\"wp-block-group\" style=\"padding-top:var(--wp--preset--spacing--80);padding-bottom:var(--wp--preset--spacing--80)\"><div class=\"wp-block-group__inner-container is-layout-constrained wp-block-group-is-layout-constrained\">\n<p>Profilul LED pentru iluminare de sus \u00een jos SGD5470 este solu\u021bia ideal\u0103 pentru toate nevoile dvs. moderne de iluminat. Acest canal de extrudare din aluminiu de \u00eenalt\u0103 calitate este conceput pentru iluminare dual\u0103, astfel c\u0103 poate ilumina at\u00e2t \u00een sus, c\u00e2t \u0219i \u00een jos, \u00eentr-un corp de iluminat stilat \u0219i liniar. Profilul din aluminiu func\u021bioneaz\u0103 cu benzi LED at\u00e2t flexibile, c\u00e2t \u0219i rigide. Are o gestionare excelent\u0103 a c\u0103ldurii, o difuzare uniform\u0103 a luminii \u0219i op\u021biuni de instalare suspendat\u0103 care v\u0103 permit s\u0103 ilumina\u021bi orice spa\u021biu comercial, reziden\u021bial sau de ospitalitate cu stil \u0219i func\u021bionalitate.<\/p>\n\n\n\n<p>Profilul suspendat pentru iluminare de sus \u0219i jos SGD5470 este at\u00e2t stilat, c\u00e2t \u0219i practic. Carcasa din aluminiu robust\u0103 men\u021bine benzile LED reci, ceea ce le face s\u0103 dureze mai mult \u0219i p\u0103streaz\u0103 str\u0103lucirea \u00een timp. Designul cu canal dublu permite utilizarea a dou\u0103 benzi LED, ceea ce v\u0103 permite s\u0103 crea\u021bi efecte de iluminat sofisticate, cum ar fi sp\u0103larea pere\u021bilor, str\u0103lucirea tavanului sau o lumin\u0103 util\u0103 combinat\u0103, ilumin\u00e2nd at\u00e2t partea de sus, c\u00e2t \u0219i cea de jos a spa\u021biului.<\/p>\n<\/div><\/div>\n\n\n\n<div class=\"wp-block-group has-background\" style=\"background-color:#f1f1f1;padding-top:var(--wp--preset--spacing--80);padding-bottom:var(--wp--preset--spacing--80)\"><div class=\"wp-block-group__inner-container is-layout-constrained wp-block-group-is-layout-constrained\">\n<div class=\"wp-block-group\" style=\"padding-top:var(--wp--preset--spacing--40);padding-bottom:var(--wp--preset--spacing--40)\"><div class=\"wp-block-group__inner-container is-layout-constrained wp-block-group-is-layout-constrained\">\n<h2 class=\"wp-block-heading\" style=\"padding-top:var(--wp--preset--spacing--40);padding-bottom:var(--wp--preset--spacing--40);font-size:25px;font-style:normal;font-weight:600;text-transform:capitalize\">De ce s\u0103 alege\u021bi acest profil LED pentru iluminare de sus \u0219i jos?<\/h2>\n\n\n\n<ul class=\"wp-block-list\">\n<li> Iluminare dual\u0103: Lumin\u0103 puternic\u0103 de lucru \u00een jos, cu iluminare ambiental\u0103 moale \u00een sus.<\/li>\n\n\n\n<li> Material de \u00eenalt\u0103 calitate: Fabricat din aluminiu anodizat 6063-T5, care este rezistent \u0219i permite disiparea c\u0103ldurii.<\/li>\n\n\n\n<li>Iluminare neted\u0103, f\u0103r\u0103 puncte: Difuzorul din policarbonat frosted asigur\u0103 c\u0103 spoturile LED nu sunt vizibile.<\/li>\n\n\n\n<li>Montare versatil\u0103: Sistemul de suspendare pentru pandantiv func\u021bioneaz\u0103 bine \u00een birouri, buc\u0103t\u0103rii, afaceri \u0219i altele.<\/li>\n\n\n\n<li>Design personalizabil \u0219i modular: T\u0103ia\u021bi la dimensiune sau conecta\u021bi profile pentru curse lungi care nu se termin\u0103 niciodat\u0103.<\/li>\n<\/ul>\n<\/div><\/div>\n<\/div><\/div>\n\n\n\n<div class=\"wp-block-group\" style=\"padding-top:var(--wp--preset--spacing--80);padding-bottom:var(--wp--preset--spacing--80)\"><div class=\"wp-block-group__inner-container is-layout-constrained wp-block-group-is-layout-constrained\">\n<h2 class=\"wp-block-heading\" style=\"font-size:25px;font-style:normal;font-weight:600;text-transform:capitalize\">Aplica\u021bie &amp; Instalare<\/h2>\n\n\n\n<p style=\"padding-top:var(--wp--preset--spacing--40);padding-bottom:var(--wp--preset--spacing--40)\">Profilul LED pentru iluminare de sus \u0219i jos SGD5470 este perfect pentru orice loc care necesit\u0103 iluminare arhitectural\u0103 echilibrat\u0103:<\/p>\n\n\n\n<div class=\"wp-block-media-text has-media-on-the-right is-stacked-on-mobile\" style=\"grid-template-columns:auto 40%\"><div class=\"wp-block-media-text__content\">\n<ul class=\"wp-block-list\">\n<li>Pentru un mediu de lucru productiv, ilumina\u021bi spa\u021biile de lucru \u0219i tavanele \u00een acela\u0219i timp \u00een birouri \u0219i s\u0103li de conferin\u021be.<\/li>\n\n\n\n<li>Pentru insulele din buc\u0103t\u0103rie \u0219i zonele de servire, o lumin\u0103 de lucru str\u0103lucitoare \u00een jos \u0219i o str\u0103lucire ambiental\u0103 cald\u0103 \u00een sus.<\/li>\n\n\n\n<li>Magazine \u0219i buticuri: Face\u021bi ca produsele s\u0103 ias\u0103 \u00een eviden\u021b\u0103 \u0219i men\u021bine\u021bi un spa\u021biu primitor.<\/li>\n\n\n\n<li>Lobiurile hotelurilor \u0219i restaurantelor: Sisteme pendante stilate care ilumineaz\u0103 bine camera.<\/li>\n\n\n\n<li>Galerii de art\u0103 \u0219i muzee: Excelente pentru iluminare delicat\u0103 \u0219i practic\u0103 cu efecte de sp\u0103lare a pere\u021bilor.<\/li>\n\n\n\n<li>Acest profil se instaleaz\u0103 ca un sistem de suspendare pentru pandantiv cu kit-uri de cabluri. Difuzorul frosted snap-in ascunde punctele fierbin\u021bi LED \u0219i creeaz\u0103 o linie de lumin\u0103 uniform\u0103.<\/li>\n<\/ul>\n<\/div><figure class=\"wp-block-media-text__media\"><img loading=\"lazy\" decoding=\"async\" width=\"500\" height=\"500\" src=\"https:\/\/tangooled.com\/wp-content\/uploads\/2025\/07\/sgd5470-ins.webp\" alt=\"up and down illumination pendant aluminum led strip mounting profile sgd5470\" class=\"wp-image-41053 size-full\" srcset=\"https:\/\/tangooled.com\/wp-content\/uploads\/2025\/07\/sgd5470-ins.webp 500w, https:\/\/tangooled.com\/wp-content\/uploads\/2025\/07\/sgd5470-ins-300x300.webp 300w, https:\/\/tangooled.com\/wp-content\/uploads\/2025\/07\/sgd5470-ins-150x150.webp 150w\" sizes=\"auto, (max-width: 500px) 100vw, 500px\" \/><\/figure><\/div>\n<\/div><\/div>\n\n\n\n<div class=\"wp-block-group has-background is-vertical is-layout-flex wp-container-core-group-is-layout-b429018a wp-block-group-is-layout-flex\" style=\"background-color:#f1f1f1f2;padding-top:var(--wp--preset--spacing--70);padding-bottom:var(--wp--preset--spacing--70)\">\n<h2 class=\"wp-block-heading\" style=\"padding-top:var(--wp--preset--spacing--40);padding-bottom:var(--wp--preset--spacing--40);font-size:25px;font-style:normal;font-weight:600;text-transform:capitalize\">what&#8217;s can you get from the kit?<\/h2>\n\n\n\n<ul class=\"wp-block-list\">\n<li>Un canal de aluminiu de \u00eenalt\u0103 calitate.<\/li>\n\n\n\n<li>Un capac difuzor opal pentru difuzarea luminii.<\/li>\n\n\n\n<li>Dou\u0103 capace metalice de cap\u0103t.<\/li>\n\n\n\n<li>Kit de cablu de suspendare.<\/li>\n<\/ul>\n<\/div>\n\n\n\n<div class=\"wp-block-group\" style=\"padding-top:var(--wp--preset--spacing--80);padding-bottom:var(--wp--preset--spacing--80)\"><div class=\"wp-block-group__inner-container is-layout-constrained wp-block-group-is-layout-constrained\">\n<h2 class=\"wp-block-heading\" style=\"padding-top:var(--wp--preset--spacing--40);padding-bottom:var(--wp--preset--spacing--40);font-size:25px;font-style:normal;font-weight:600;text-transform:capitalize\">produse conexe<\/h2>\n\n\n\n<p>Explora\u021bi mai multe op\u021biuni \u00een profilele LED din aluminiu pentru a se potrivi nevoilor dvs.:<\/p>\n\n\n\n<ul class=\"wp-block-list\">\n<li><a href=\"https:\/\/tangooled.com\/ro\/produs\/black-led-diffuser-aluminum-channel-for-12mm-tape-lights\/\"><mark style=\"background-color:rgba(0, 0, 0, 0)\" class=\"has-inline-color has-vivid-red-color\">Canal din aluminiu cu difuzor LED negru pentru benzi de 12mm<\/mark><\/a><\/li>\n\n\n\n<li><a href=\"https:\/\/tangooled.com\/ro\/produs\/surface-mount-led-profile-with-frosted-diffuser-for-10mm-rope-lights\/\"><mark style=\"background-color:rgba(0, 0, 0, 0)\" class=\"has-inline-color has-vivid-red-color\">Profil LED de montare pe suprafa\u021b\u0103 cu difuzor satin pentru benzile de 10mm<\/mark><\/a><\/li>\n\n\n\n<li><a href=\"https:\/\/tangooled.com\/ro\/produs\/aluminum-profile-with-60-degree-lens-led-diffuser\/\"><mark style=\"background-color:rgba(0, 0, 0, 0)\" class=\"has-inline-color has-vivid-red-color\">Profil din aluminiu cu difuzor LED cu lentil\u0103 de 60 de grade<\/mark><\/a><\/li>\n\n\n\n<li><a href=\"https:\/\/tangooled.com\/ro\/produs\/led-strip-light-channel-aluminum-profile-with-diffused-cover-6mm-height\/\"><mark style=\"background-color:rgba(0, 0, 0, 0)\" class=\"has-inline-color has-vivid-red-color\">Profil din aluminiu pentru benzi LED cu capac difuzor de 6mm \u00een\u0103l\u021bime<\/mark><\/a><\/li>\n<\/ul>\n<\/div><\/div>\n\n\n\n<p>Profilul LED pentru iluminare de sus \u0219i jos SGD5470 este construit pentru stil \u0219i performan\u021b\u0103. \u00cembun\u0103t\u0103\u021bi\u021bi ast\u0103zi designul dvs. de iluminat!<\/p>","protected":false},"featured_media":35146,"template":"","meta":{"_acf_changed":true,"_seopress_robots_primary_cat":"none","_seopress_titles_title":"Up Down Illumination Pendant LED Profile | SGD5470 Dual-Sided Glow | TANGOOLED","_seopress_titles_desc":"The SGD5470 is a premium up down illumination pendant led profile. Featuring dual-sided light output, this 54x70mm aluminum channel creates both direct and indirect lighting for high-end office interiors.","_seopress_robots_index":""},"pcb-width":[231],"product-cat":[194],"class_list":{"0":"post-35173","1":"product","2":"type-product","3":"status-publish","4":"has-post-thumbnail","6":"pcb-width-25-35mm","7":"product-cat-suspended-profile"},"acf":[],"_links":{"self":[{"href":"https:\/\/tangooled.com\/ro\/wp-json\/wp\/v2\/product\/35173","targetHints":{"allow":["GET"]}}],"collection":[{"href":"https:\/\/tangooled.com\/ro\/wp-json\/wp\/v2\/product"}],"about":[{"href":"https:\/\/tangooled.com\/ro\/wp-json\/wp\/v2\/types\/product"}],"wp:featuredmedia":[{"embeddable":true,"href":"https:\/\/tangooled.com\/ro\/wp-json\/wp\/v2\/media\/35146"}],"wp:attachment":[{"href":"https:\/\/tangooled.com\/ro\/wp-json\/wp\/v2\/media?parent=35173"}],"wp:term":[{"taxonomy":"pcb-width","embeddable":true,"href":"https:\/\/tangooled.com\/ro\/wp-json\/wp\/v2\/pcb-width?post=35173"},{"taxonomy":"product-cat","embeddable":true,"href":"https:\/\/tangooled.com\/ro\/wp-json\/wp\/v2\/product-cat?post=35173"}],"curies":[{"name":"wp","href":"https:\/\/api.w.org\/{rel}","templated":true}]}}