{"id":35118,"date":"2025-07-02T17:00:18","date_gmt":"2025-07-03T01:00:18","guid":{"rendered":"https:\/\/tangooled.com\/?post_type=product&#038;p=35118"},"modified":"2026-01-29T23:46:12","modified_gmt":"2026-01-30T07:46:12","slug":"35mm-aluminum-base-opal-square-light-cover-sg3535c","status":"publish","type":"product","link":"https:\/\/tangooled.com\/ro\/produs\/35mm-aluminum-base-opal-square-light-cover-sg3535c\/","title":{"rendered":"SG3535C: Profil LED din aluminiu de 35 mm cu capac p\u0103trat opal"},"content":{"rendered":"<div class=\"wp-block-group is-vertical is-layout-flex wp-container-core-group-is-layout-d255d7c4 wp-block-group-is-layout-flex\" style=\"padding-top:var(--wp--preset--spacing--80);padding-bottom:var(--wp--preset--spacing--80)\">\n<p>Baza noastr\u0103 din aluminiu de \u00eenalt\u0103 calitate cu capac p\u0103trat opal va lumina camera ta. Acest corp de iluminat liniar elegant are dimensiunile de 35x35mm \u0219i este perfect pentru spa\u021bii de lux, cum ar fi buc\u0103t\u0103riile \u0219i birourile. Structura sa rezistent\u0103 este realizat\u0103 din aluminiu extrudat, ceea ce ajut\u0103 la disiparea c\u0103ldurii. Asta \u00eenseamn\u0103 c\u0103 benzile tale LED vor dura mai mult \u0219i vor func\u021biona mai fiabil.<\/p>\n\n\n\n<p>Profilul vine cu un difuzor p\u0103trat opal impresionant. Aceast\u0103 func\u021bie face ca lumina s\u0103 fie mai pu\u021bin dur\u0103, astfel \u00eenc\u00e2t s\u0103 nu existe str\u0103lucire \u0219i lumina s\u0103 fie uniform\u0103. Beneficiezi de un aspect profesional, f\u0103r\u0103 puncte de lumin\u0103, ceea ce face vizionarea mult mai confortabil\u0103 \u0219i garanteaz\u0103 c\u0103 lumina este distribuit\u0103 uniform \u00een camer\u0103.<\/p>\n\n\n\n<p>C\u00e2nd vine vorba de instalare, profilul nostru LED p\u0103trat este extrem de adaptabil. Po\u021bi fie s\u0103-l montezi \u00een siguran\u021b\u0103 pe o suprafa\u021b\u0103, fie s\u0103 folose\u0219ti kituri de s\u00e2rm\u0103 pentru suspendare. Capacele metalice de la capete \u0219i clemele de montaj sunt dou\u0103 accesorii importante care vin cu kitul. Folose\u0219te acest canal de 35x35mm pentru a construi corpuri de iluminat moderne \u0219i unice pentru orice camer\u0103.<\/p>\n<\/div>\n\n\n\n<div class=\"wp-block-group has-background is-vertical is-layout-flex wp-container-core-group-is-layout-d255d7c4 wp-block-group-is-layout-flex\" style=\"background-color:#f1f1f1;padding-top:var(--wp--preset--spacing--80);padding-bottom:var(--wp--preset--spacing--80)\">\n<div class=\"wp-block-group is-vertical is-layout-flex wp-container-core-group-is-layout-8cf370e7 wp-block-group-is-layout-flex\">\n<h2 class=\"wp-block-heading\" style=\"padding-top:var(--wp--preset--spacing--40);padding-bottom:var(--wp--preset--spacing--40);font-size:25px;font-style:normal;font-weight:600;text-transform:capitalize\">De ce s\u0103 alegi baza noastr\u0103 din aluminiu de 35 mm cu capac p\u0103trat opal?<\/h2>\n\n\n\n<ul class=\"wp-block-list\">\n<li>Baza din aluminiu puternic\u0103 \u0219i u\u0219oar\u0103: Baza este realizat\u0103 din aluminiu de grad arhitectural, care ajut\u0103 la men\u021binerea temperaturii sc\u0103zute a luminilor LED pentru o perioad\u0103 lung\u0103 de timp.<\/li>\n\n\n\n<li>Difuzor p\u0103trat opal: Fabricat din policarbonat (PC) cu transmitere \u00eenalt\u0103 &nbsp; difuzor opal, ofer\u0103 o iluminare moale \u0219i uniform\u0103, f\u0103r\u0103 str\u0103lucire sau pete dure.<\/li>\n\n\n\n<li>Suspendare ajustabil\u0103: Vine cu un kit de suspendare din cablu de avia\u021bie care faciliteaz\u0103 ajustarea \u00een\u0103l\u021bimii \u0219i ofer\u0103 un aspect curat \u0219i modern.<\/li>\n\n\n\n<li>U\u0219or de instalat: Vine cu cleme de montaj \u0219i un kit de suspendare pentru tavan care se potrive\u0219te, astfel \u00eenc\u00e2t s\u0103 func\u021bioneze at\u00e2t cu tavane plate, c\u00e2t \u0219i cu cele \u00eenclinate.<\/li>\n\n\n\n<li>Func\u021bioneaz\u0103 \u00een multe locuri: Ideal pentru buc\u0103t\u0103rii, s\u0103li de mese, s\u0103li de conferin\u021be, zone comerciale \u0219i birouri open-space.<\/li>\n<\/ul>\n<\/div>\n<\/div>\n\n\n\n<div class=\"wp-block-group\" style=\"padding-top:var(--wp--preset--spacing--60);padding-bottom:var(--wp--preset--spacing--60)\"><div class=\"wp-block-group__inner-container is-layout-constrained wp-block-group-is-layout-constrained\">\n<h2 class=\"wp-block-heading\" style=\"font-size:25px;font-style:normal;font-weight:600;text-transform:capitalize\">Cele mai bune utiliz\u0103ri pentru aceast\u0103 baz\u0103 din aluminiu cu capac p\u0103trat opal<\/h2>\n\n\n\n<div class=\"wp-block-media-text has-media-on-the-right is-stacked-on-mobile\"><div class=\"wp-block-media-text__content\">\n<ul class=\"wp-block-list\">\n<li>Iluminare pentru insula din buc\u0103t\u0103rie: lumina str\u0103lucitoare \u0219i uniform\u0103, f\u0103r\u0103 str\u0103lucire.<\/li>\n\n\n\n<li>Lumin\u0103 suspendat\u0103 pentru sala de mese: face ca \u00eenc\u0103perea s\u0103 par\u0103 cald\u0103 \u0219i modern\u0103.<\/li>\n\n\n\n<li>Birouri: Lumina natural\u0103 clar\u0103 te ajut\u0103 s\u0103 te concentrezi \u0219i reduce oboseala ocular\u0103.<\/li>\n\n\n\n<li>S\u0103li de conferin\u021be: Un stil elegant \u0219i modern cu control total asupra luminilor.<\/li>\n\n\n\n<li>Spa\u021bii comerciale: Eviden\u021biaz\u0103 produsele \u00een lumina str\u0103lucitoare \u0219i clar\u0103.<\/li>\n\n\n\n<li>Zone de recep\u021bie \u0219i holuri: Vizitatorii sunt \u00eent\u00e2mpina\u021bi cu o iluminare elegant\u0103 \u0219i impresionant\u0103.<\/li>\n<\/ul>\n<\/div><figure class=\"wp-block-media-text__media\"><img loading=\"lazy\" decoding=\"async\" width=\"500\" height=\"500\" src=\"https:\/\/tangooled.com\/wp-content\/uploads\/2025\/07\/sg3535c-ins.webp\" alt=\"baz\u0103 din aluminiu cu capac de lumin\u0103 p\u0103trat opal pentru suspendare\" class=\"wp-image-41107 size-full\" srcset=\"https:\/\/tangooled.com\/wp-content\/uploads\/2025\/07\/sg3535c-ins.webp 500w, https:\/\/tangooled.com\/wp-content\/uploads\/2025\/07\/sg3535c-ins-300x300.webp 300w, https:\/\/tangooled.com\/wp-content\/uploads\/2025\/07\/sg3535c-ins-150x150.webp 150w\" sizes=\"auto, (max-width: 500px) 100vw, 500px\" \/><\/figure><\/div>\n<\/div><\/div>\n\n\n\n<div class=\"wp-block-group has-background\" style=\"background-color:#f1f1f1;padding-top:var(--wp--preset--spacing--80);padding-bottom:var(--wp--preset--spacing--80)\"><div class=\"wp-block-group__inner-container is-layout-constrained wp-block-group-is-layout-constrained\">\n<h2 class=\"wp-block-heading\" style=\"font-size:25px;font-style:normal;font-weight:600;text-transform:capitalize\">Ce prime\u0219ti c\u00e2nd cumperi<\/h2>\n\n\n\n<ul class=\"wp-block-list\">\n<li>Canal din aluminiu suspendat<\/li>\n\n\n\n<li>capac p\u0103trat opal<\/li>\n\n\n\n<li>Dou\u0103 capace metalice<\/li>\n\n\n\n<li>Suspendare ajustabil\u0103 cu cablu de avia\u021bie \u0219i hardware de montaj<\/li>\n<\/ul>\n<\/div><\/div>\n\n\n\n<div class=\"wp-block-group\" style=\"padding-top:var(--wp--preset--spacing--80);padding-bottom:var(--wp--preset--spacing--80)\"><div class=\"wp-block-group__inner-container is-layout-constrained wp-block-group-is-layout-constrained\">\n<h2 class=\"wp-block-heading\" style=\"padding-top:0;padding-bottom:0;font-size:25px;font-style:normal;font-weight:600;text-transform:capitalize\">Produse asociate pe care s-ar putea s\u0103 le plac\u0103<\/h2>\n\n\n\n<ul class=\"wp-block-list\">\n<li><a href=\"https:\/\/tangooled.com\/ro\/produs\/black-led-diffuser-aluminum-channel-for-12mm-tape-lights\/\"><mark style=\"background-color:rgba(0, 0, 0, 0)\" class=\"has-inline-color has-vivid-red-color\">Canal din aluminiu cu difuzor LED negru pentru benzi de 12mm<\/mark><\/a><\/li>\n\n\n\n<li><mark style=\"background-color:rgba(0, 0, 0, 0)\" class=\"has-inline-color has-vivid-red-color\"><a href=\"https:\/\/tangooled.com\/ro\/produs\/25x14m-surface-mounted-led-light-aluminum-profile\/\">Profile din aluminiu pentru LED montat pe suprafa\u021b\u0103, 25x14mm<\/a><\/mark><\/li>\n\n\n\n<li><a href=\"https:\/\/tangooled.com\/ro\/produs\/square-led-diffuser-channel-with-hidden-mounting-clips-for-surface-mounting\/\"><mark style=\"background-color:rgba(0, 0, 0, 0)\" class=\"has-inline-color has-vivid-red-color\">Canal difuzor LED p\u0103trat cu cleme de montaj ascunse pentru montaj pe suprafa\u021b\u0103<\/mark><\/a><\/li>\n\n\n\n<li><a href=\"https:\/\/tangooled.com\/ro\/produs\/aluminum-u-channel-with-curved-led-diffuser-inner-16mm\/\"><mark style=\"background-color:rgba(0, 0, 0, 0)\" class=\"has-inline-color has-vivid-red-color\">Canal U din aluminiu cu difuzor LED curbat interior de 16 mm<\/mark><\/a><\/li>\n<\/ul>\n<\/div><\/div>\n\n\n\n<div class=\"wp-block-group has-background\" style=\"background-color:#f1f1f1;padding-top:var(--wp--preset--spacing--80);padding-bottom:var(--wp--preset--spacing--80)\"><div class=\"wp-block-group__inner-container is-layout-constrained wp-block-group-is-layout-constrained\">\n<h2 class=\"wp-block-heading\" style=\"padding-top:var(--wp--preset--spacing--40);padding-bottom:var(--wp--preset--spacing--40);font-size:25px;font-style:normal;font-weight:600;text-transform:capitalize\">Rezumat<\/h2>\n\n\n\n<p style=\"padding-right:var(--wp--preset--spacing--50);padding-left:var(--wp--preset--spacing--50);font-size:20px\">Our aluminum base with opal square light cover is a modern suspension fixture that has clean lines and no glare. The adjustable suspension and sturdy aluminum channel make it a great choice for homes and businesses alike. It&#8217;s great for offices, kitchens, and more. Check out our other <a href=\"https:\/\/tangooled.com\/ro\/led-profiles\/\"><mark style=\"background-color:rgba(0, 0, 0, 0)\" class=\"has-inline-color has-vivid-red-color\">profiluri LED din aluminiu<\/mark><\/a> pentru mai multe op\u021biuni inteligente de iluminare.<\/p>\n<\/div><\/div>","protected":false},"featured_media":14711,"template":"","meta":{"_acf_changed":true,"_seopress_robots_primary_cat":"none","_seopress_titles_title":"35mm Aluminum Base with Opal Square Light Cover | SG3535C Profile","_seopress_titles_desc":"The SG3535C features a 35mm aluminum base with a premium opal square light cover. This suspended profile creates a unique 3-sided 3D lighting effect, ensuring soft, spotless illumination for modern interiors.","_seopress_robots_index":""},"pcb-width":[230],"product-cat":[192,194],"class_list":{"0":"post-35118","1":"product","2":"type-product","3":"status-publish","4":"has-post-thumbnail","6":"pcb-width-20-25mm","7":"product-cat-surface-led-profile","8":"product-cat-suspended-profile"},"acf":[],"_links":{"self":[{"href":"https:\/\/tangooled.com\/ro\/wp-json\/wp\/v2\/product\/35118","targetHints":{"allow":["GET"]}}],"collection":[{"href":"https:\/\/tangooled.com\/ro\/wp-json\/wp\/v2\/product"}],"about":[{"href":"https:\/\/tangooled.com\/ro\/wp-json\/wp\/v2\/types\/product"}],"wp:featuredmedia":[{"embeddable":true,"href":"https:\/\/tangooled.com\/ro\/wp-json\/wp\/v2\/media\/14711"}],"wp:attachment":[{"href":"https:\/\/tangooled.com\/ro\/wp-json\/wp\/v2\/media?parent=35118"}],"wp:term":[{"taxonomy":"pcb-width","embeddable":true,"href":"https:\/\/tangooled.com\/ro\/wp-json\/wp\/v2\/pcb-width?post=35118"},{"taxonomy":"product-cat","embeddable":true,"href":"https:\/\/tangooled.com\/ro\/wp-json\/wp\/v2\/product-cat?post=35118"}],"curies":[{"name":"wp","href":"https:\/\/api.w.org\/{rel}","templated":true}]}}