{"id":34992,"date":"2025-07-01T05:57:33","date_gmt":"2025-07-01T13:57:33","guid":{"rendered":"https:\/\/tangooled.com\/?post_type=product&#038;p=34992"},"modified":"2026-01-25T22:40:30","modified_gmt":"2026-01-26T06:40:30","slug":"75x75mm-ceiling-recessed-led-profile-driver-space","status":"publish","type":"product","link":"https:\/\/tangooled.com\/ro\/produs\/75x75mm-ceiling-recessed-led-profile-driver-space\/","title":{"rendered":"Profil LED \u00eencastrat de 75x75mm cu spa\u021biu integrat pentru driver"},"content":{"rendered":"<div class=\"wp-block-group\" style=\"padding-top:var(--wp--preset--spacing--80);padding-bottom:var(--wp--preset--spacing--80)\"><div class=\"wp-block-group__inner-container is-layout-constrained wp-block-group-is-layout-constrained\">\n<p>Acest canal LED \u00eencastrat de 75x75mm este fabricat din aliaj de aluminiu 6063-T5 de \u00eenalt\u0103 calitate \u0219i are un spa\u021biu integrat pentru driver. Este destinat a fi instalat \u00eentr-un spa\u021biu \u00eencastrat. Acesta func\u021bioneaz\u0103 cu benzi LED cu patru r\u00e2nduri sau benzi rigide care au o l\u0103\u021bime de 50mm sau mai pu\u021bin.<\/p>\n\n\n\n<p>What&#8217;s great about this LED channel is that it has a built-in place for an LED driver and a removable middle layer for LED strip lights. The space for the driver inside the channel makes the outside look clean. The movable layer allows for easier maintenance.<\/p>\n\n\n\n<p>Acest canal LED \u00eencastrat de 75mm este livrat cu capace de metal, bucle de suport U \u0219i diverse conectori care fac instalarea foarte flexibil\u0103. Po\u021bi folosi aceste accesorii pentru a lega f\u0103r\u0103 cusur mai multe canale pentru curse lineare nelimitate \u0219i pentru a asambla cu u\u0219urin\u021b\u0103 forme complexe \u0219i personalizate pentru a se potrivi oric\u0103rei cerin\u021be de design.<\/p>\n\n\n\n<p>Acest canal din aluminiu \u00eencastrat de 75x75mm este utilizat pe scar\u0103 larg\u0103 \u00een proiectele de iluminat pentru acas\u0103 \u0219i comerciale, cum ar fi plafoanele, buc\u0103t\u0103riile, dining-urile, birourile etc.<\/p>\n<\/div><\/div>\n\n\n\n<div class=\"wp-block-group has-background is-vertical is-layout-flex wp-container-core-group-is-layout-d255d7c4 wp-block-group-is-layout-flex\" style=\"background-color:#f1f1f1;padding-top:var(--wp--preset--spacing--80);padding-bottom:var(--wp--preset--spacing--80)\">\n<div class=\"wp-block-group is-vertical is-layout-flex wp-container-core-group-is-layout-8cf370e7 wp-block-group-is-layout-flex\">\n<h2 class=\"wp-block-heading\" style=\"padding-top:var(--wp--preset--spacing--40);padding-bottom:var(--wp--preset--spacing--40);font-size:25px;font-style:normal;font-weight:600;text-transform:capitalize\">Ce face ca acest profil LED \u00eencastrat de 75x75mm s\u0103 fie special?<\/h2>\n\n\n\n<ul class=\"wp-block-list\">\n<li>Integrated Driver Space: The power supply fits inside the channel since there is a built-in driver space. You don&#8217;t need to hide drivers in other boxes or places.<\/li>\n\n\n\n<li>Trimless, recessed installation: The channel&#8217;s flange fits beneath drywall or plaster for a smooth, mud-in finish that lets in light without showing any boundaries.<\/li>\n\n\n\n<li>R\u0103citor de aluminiu durabil: Acest r\u0103citor este fabricat din aluminiu extrudat de \u00eenalt\u0103 calitate, care ajut\u0103 benzile LED s\u0103 dureze mai mult prin men\u021binerea lor r\u0103coroase.<\/li>\n\n\n\n<li>Difuzoare f\u0103r\u0103 glare: Cele trei difuzoare diferite pentru acest canal ofer\u0103 o iluminare f\u0103r\u0103 puncte \u0219i f\u0103r\u0103 glare.<\/li>\n\n\n\n<li>Func\u021bioneaz\u0103 cu multe benzi LED: Se potrive\u0219te cu benzi LED mari, inclusiv sisteme duale \u0219i Philips Hue.<\/li>\n<\/ul>\n<\/div>\n<\/div>\n\n\n\n<div class=\"wp-block-group\" style=\"padding-top:var(--wp--preset--spacing--60);padding-bottom:var(--wp--preset--spacing--60)\"><div class=\"wp-block-group__inner-container is-layout-constrained wp-block-group-is-layout-constrained\">\n<div class=\"wp-block-media-text has-media-on-the-right is-stacked-on-mobile\"><div class=\"wp-block-media-text__content\">\n<h2 class=\"wp-block-heading\" style=\"font-size:25px;font-style:normal;font-weight:600;text-transform:capitalize\">Cum se instaleaz\u0103<\/h2>\n\n\n\n<ul class=\"wp-block-list\">\n<li>Taie canalul de aluminiu&nbsp;\u0219i tava mijlocie la lungimea corect\u0103.<\/li>\n\n\n\n<li>Lipe\u0219te benzile LED \u00een tava \u00eendep\u0103rtabil\u0103 \u0219i fixeaz\u0103 tava \u00een canal cu \u0219uruburi.<\/li>\n\n\n\n<li>Pune driverul LED \u00een partea de jos a camerei care este deja acolo pentru el.<\/li>\n\n\n\n<li>Conecteaz\u0103 \u0219i testeaz\u0103 driverul LED \u0219i benzile.<\/li>\n\n\n\n<li>Acoper\u0103 difuzorul \u0219i ata\u0219eaz\u0103 capacele de ambele p\u0103r\u021bi.<\/li>\n\n\n\n<li>Foloseste bucle U&nbsp;pentru a \u00eencorpora lumina canalului \u00een tavan sau gips-carton.<\/li>\n<\/ul>\n<\/div><figure class=\"wp-block-media-text__media\"><img loading=\"lazy\" decoding=\"async\" width=\"500\" height=\"500\" src=\"https:\/\/tangooled.com\/wp-content\/uploads\/2025\/07\/r7572-ins.webp\" alt=\"75mm recessed aluminum led channel with built in driver space\" class=\"wp-image-41240 size-full\" srcset=\"https:\/\/tangooled.com\/wp-content\/uploads\/2025\/07\/r7572-ins.webp 500w, https:\/\/tangooled.com\/wp-content\/uploads\/2025\/07\/r7572-ins-300x300.webp 300w, https:\/\/tangooled.com\/wp-content\/uploads\/2025\/07\/r7572-ins-150x150.webp 150w\" sizes=\"auto, (max-width: 500px) 100vw, 500px\" \/><\/figure><\/div>\n<\/div><\/div>\n\n\n\n<div class=\"wp-block-group has-background\" style=\"background-color:#f1f1f1f2;padding-top:var(--wp--preset--spacing--80);padding-bottom:var(--wp--preset--spacing--80)\"><div class=\"wp-block-group__inner-container is-layout-constrained wp-block-group-is-layout-constrained\">\n<h2 class=\"wp-block-heading\" style=\"padding-top:var(--wp--preset--spacing--40);padding-bottom:var(--wp--preset--spacing--40);font-size:25px;font-style:normal;font-weight:600;text-transform:capitalize\">Ce po\u021bi ob\u021bine \u00een kit?<\/h2>\n\n\n\n<ul class=\"wp-block-list\">\n<li>Canal din aluminiu anodizat \u0219i tava mijlocie (t\u0103iat\u0103 la dimensiune)<\/li>\n\n\n\n<li>Difuzor LED opal, mat sau microprismatic<\/li>\n\n\n\n<li>Dou\u0103 capace metalice<\/li>\n\n\n\n<li>Flan\u0219e de \u00eencastrare<\/li>\n\n\n\n<li>Conectori<\/li>\n<\/ul>\n<\/div><\/div>\n\n\n\n<div class=\"wp-block-group\" style=\"padding-top:var(--wp--preset--spacing--80);padding-bottom:var(--wp--preset--spacing--80)\"><div class=\"wp-block-group__inner-container is-layout-constrained wp-block-group-is-layout-constrained\">\n<h2 class=\"wp-block-heading\" style=\"padding-top:var(--wp--preset--spacing--40);padding-bottom:var(--wp--preset--spacing--40);font-size:25px;font-style:normal;font-weight:600;text-transform:capitalize\">Unde s\u0103 folose\u0219ti acest canal LED \u00eencastrat de 75x75mm<\/h2>\n\n\n\n<ul class=\"wp-block-list\">\n<li>Acas\u0103: camere de zi \u0219i cinematografe de acas\u0103, unde dore\u0219ti linii de lumin\u0103 curate \u0219i moderne.<\/li>\n\n\n\n<li>Birouri: Holuri \u0219i s\u0103li de conferin\u021b\u0103 cu iluminat ambiental elegant.<\/li>\n\n\n\n<li>Retail \u0219i ospitalitate: Folose\u0219te iluminatul de accent sau iluminatul de cove pentru a atrage aten\u021bia asupra detaliilor arhitecturale \u00een magazine, hall-uri de hotel \u0219i restaurante.<\/li>\n\n\n\n<li>Iluminat arhitectural: Folose\u0219te o linie de lumin\u0103 puternic\u0103 \u0219i str\u0103lucitoare pentru a contura pere\u021bii, plafoanele \u0219i schimb\u0103rile de spa\u021biu.<\/li>\n<\/ul>\n<\/div><\/div>\n\n\n\n<div class=\"wp-block-group has-background\" style=\"background-color:#f1f1f1;padding-top:var(--wp--preset--spacing--80);padding-bottom:var(--wp--preset--spacing--80)\"><div class=\"wp-block-group__inner-container is-layout-constrained wp-block-group-is-layout-constrained\">\n<h2 class=\"wp-block-heading\" style=\"padding-top:var(--wp--preset--spacing--40);padding-bottom:var(--wp--preset--spacing--40);font-size:25px;font-style:normal;font-weight:600;text-transform:capitalize\">Rezumat<\/h2>\n\n\n\n<p style=\"padding-right:var(--wp--preset--spacing--50);padding-left:var(--wp--preset--spacing--50)\">Acest profil LED \u00eencastrat de 75x75mm cu spa\u021biu integrat pentru driver este cea mai bun\u0103 extrudare LED pentru persoanele care doresc un iluminat arhitectural f\u0103r\u0103 margini, care este u\u0219or de instalat. Face o lumin\u0103 liniar\u0103 puternic\u0103 care se potrive\u0219te \u00een gips-carton plat sau \u00een tavan \u0219i are un finisaj uniform.<\/p>\n\n\n\n<p style=\"padding-right:var(--wp--preset--spacing--50);padding-left:var(--wp--preset--spacing--50)\">Poate fi utilizat \u00een diverse locuri, de la buc\u0103t\u0103rii de acas\u0103 la holuri de birou \u0219i expuneri de magazine. Are difuzoare care se ata\u0219eaz\u0103 u\u0219or, care fac lumina uniform\u0103 \u0219i f\u0103r\u0103 puncte \u0219i are un spa\u021biu pentru benzi LED mari.<\/p>\n<\/div><\/div>\n\n\n\n<p style=\"padding-top:var(--wp--preset--spacing--60);padding-bottom:var(--wp--preset--spacing--60)\">Exploreaz\u0103 toate op\u021biunile, de la profile sub\u021biri la canale largi, plus accesorii precum capace de cap\u0103t \u0219i kituri de montaj la Tangooled:<\/p>\n\n\n\n<ul class=\"wp-block-list\">\n<li><mark style=\"background-color:rgba(0, 0, 0, 0)\" class=\"has-inline-color has-vivid-red-color\"><a href=\"https:\/\/tangooled.com\/ro\/produs\/black-led-profile-with-black-diffuser-for-10mm-led-strip-light\/\">Profil LED negru cu difuzor negru<\/a><\/mark><\/li>\n\n\n\n<li><a href=\"https:\/\/tangooled.com\/ro\/produs\/25x6mm-low-profile-led-strip-channel-for-10mm-led-strip-light\/\"><mark style=\"background-color:rgba(0, 0, 0, 0)\" class=\"has-inline-color has-vivid-red-color\">Canal LED de profil sc\u0103zut de 25x6mm<\/mark><\/a><\/li>\n\n\n\n<li><a href=\"https:\/\/tangooled.com\/ro\/produs\/surface-mount-led-profile-with-frosted-diffuser-for-10mm-rope-lights\/\"><mark style=\"background-color:rgba(0, 0, 0, 0)\" class=\"has-inline-color has-vivid-red-color\">Profil LED montat pe suprafa\u021b\u0103 cu dispersor mat<\/mark><\/a><\/li>\n<\/ul>\n\n\n\n<p><\/p>","protected":false},"featured_media":14737,"template":"","meta":{"_acf_changed":true,"_seopress_robots_primary_cat":"none","_seopress_titles_title":"75x75mm Ceiling Recessed LED Profile | Integrated Driver Space","_seopress_titles_desc":"Streamline your installation with our 75x75mm ceiling recessed LED profile. Featuring a large built-in driver space, this deep aluminum channel ensures a flawless, dot-free glow for commercial main lighting.","_seopress_robots_index":""},"pcb-width":[232],"product-cat":[193],"class_list":{"0":"post-34992","1":"product","2":"type-product","3":"status-publish","4":"has-post-thumbnail","6":"pcb-width-35-45mm","7":"product-cat-recessed-profile"},"acf":[],"_links":{"self":[{"href":"https:\/\/tangooled.com\/ro\/wp-json\/wp\/v2\/product\/34992","targetHints":{"allow":["GET"]}}],"collection":[{"href":"https:\/\/tangooled.com\/ro\/wp-json\/wp\/v2\/product"}],"about":[{"href":"https:\/\/tangooled.com\/ro\/wp-json\/wp\/v2\/types\/product"}],"wp:featuredmedia":[{"embeddable":true,"href":"https:\/\/tangooled.com\/ro\/wp-json\/wp\/v2\/media\/14737"}],"wp:attachment":[{"href":"https:\/\/tangooled.com\/ro\/wp-json\/wp\/v2\/media?parent=34992"}],"wp:term":[{"taxonomy":"pcb-width","embeddable":true,"href":"https:\/\/tangooled.com\/ro\/wp-json\/wp\/v2\/pcb-width?post=34992"},{"taxonomy":"product-cat","embeddable":true,"href":"https:\/\/tangooled.com\/ro\/wp-json\/wp\/v2\/product-cat?post=34992"}],"curies":[{"name":"wp","href":"https:\/\/api.w.org\/{rel}","templated":true}]}}