{"id":34991,"date":"2025-07-01T05:50:39","date_gmt":"2025-07-01T13:50:39","guid":{"rendered":"https:\/\/tangooled.com\/?post_type=product&#038;p=34991"},"modified":"2026-01-25T22:19:17","modified_gmt":"2026-01-26T06:19:17","slug":"75mm-recessed-black-led-aluminum-channel-for-multi-led-strips","status":"publish","type":"product","link":"https:\/\/tangooled.com\/ro\/produs\/75mm-recessed-black-led-aluminum-channel-for-multi-led-strips\/","title":{"rendered":"canal din aluminiu LED negru \u00eencastrat de 75mm pentru benzi LED multiple"},"content":{"rendered":"<div class=\"wp-block-group is-vertical is-layout-flex wp-container-core-group-is-layout-d255d7c4 wp-block-group-is-layout-flex\" style=\"padding-top:var(--wp--preset--spacing--80);padding-bottom:var(--wp--preset--spacing--80)\">\n<p>Canalul nostru LED din aluminiu negru, pentru montare \u00eencastrat\u0103 de 75mm, este proiectat pentru integrare f\u0103r\u0103 cusur. Are o l\u0103\u021bime interioar\u0103 de 65mm, o \u00een\u0103l\u021bime de 32mm \u0219i flange de 7mm pe fiecare parte. Acest design este dezvoltat pentru instalare \u00eencastrat\u0103, ceea ce ascunde spa\u021biile dintre corpul de iluminat \u0219i structura peretelui sau a tavanului, f\u0103c\u00e2nd tranzi\u021bia dintre ele lin\u0103.<\/p>\n\n\n\n<p>Cu o l\u0103\u021bime interioar\u0103 de 65mm, acest canal LED negru poate sus\u021bine mai mult de o band\u0103 LED sau o l\u0103mpi PCB rigide largi. Aceast\u0103 caracteristic\u0103 important\u0103 asigur\u0103 o emisie de lumin\u0103 de \u00eenalt\u0103 intensitate, oferindu-v\u0103 \u00een acela\u0219i timp o experien\u021b\u0103 de iluminare str\u0103lucitoare.<\/p>\n\n\n\n<p>This 75&#215;32 recessed aluminum channel has diffusers that are opal, frosted, or micro-prismatic. This option gives you the choice between a dotless lighting effect and glare-free light, depending on what you need for your design.<\/p>\n<\/div>\n\n\n\n<div class=\"wp-block-group has-background is-vertical is-layout-flex wp-container-core-group-is-layout-d255d7c4 wp-block-group-is-layout-flex\" style=\"background-color:#f1f1f1;padding-top:var(--wp--preset--spacing--80);padding-bottom:var(--wp--preset--spacing--80)\">\n<div class=\"wp-block-group is-vertical is-layout-flex wp-container-core-group-is-layout-8cf370e7 wp-block-group-is-layout-flex\">\n<h2 class=\"wp-block-heading\" style=\"padding-top:var(--wp--preset--spacing--40);padding-bottom:var(--wp--preset--spacing--40);font-size:25px;font-style:normal;font-weight:600;text-transform:capitalize\">De ce s\u0103 alegi canalul nostru LED din aluminiu negru, pentru montare \u00eencastrat\u0103 de 75mm?<\/h2>\n\n\n\n<ul class=\"wp-block-list\">\n<li>The wide size of 75mm \u00d7 32mm lets you put multiple LED strips inside.<\/li>\n\n\n\n<li>Designul \u00eencastrat v\u0103 permite s\u0103 ascunde\u021bi canalul \u00een peretele sau tavanul dumneavoastr\u0103. Nu exist\u0103 margini inestetice, ci doar linii curate.<\/li>\n\n\n\n<li>Finisajul negru mat \u00eel face perfect pentru case, birouri \u0219i magazine moderne, unde stilul conteaz\u0103.<\/li>\n\n\n\n<li>Carcasa din aluminiu r\u0103ce\u0219te bine benzile LED, ceea ce le face s\u0103 dureze mai mult.<\/li>\n\n\n\n<li>Difuzorul LED mat ofer\u0103 lumin\u0103 uniform\u0103, f\u0103r\u0103 puncte, \u00een timp ce difuzorul micro-prismatic este f\u0103r\u0103 str\u0103lucire.<\/li>\n\n\n\n<li>It&#8217;s a great choice for high-output lighting in homes, offices, or stores.<\/li>\n<\/ul>\n<\/div>\n<\/div>\n\n\n\n<div class=\"wp-block-group\" style=\"padding-top:var(--wp--preset--spacing--60);padding-bottom:var(--wp--preset--spacing--60)\"><div class=\"wp-block-group__inner-container is-layout-constrained wp-block-group-is-layout-constrained\">\n<div class=\"wp-block-media-text has-media-on-the-right is-stacked-on-mobile\"><div class=\"wp-block-media-text__content\">\n<h2 class=\"wp-block-heading\" style=\"padding-top:var(--wp--preset--spacing--40);padding-bottom:var(--wp--preset--spacing--40);font-size:25px;text-transform:capitalize\">cum s\u0103 instala\u021bi<\/h2>\n\n\n\n<ul class=\"wp-block-list\">\n<li>T\u0103ia\u021bi o canelur\u0103 \u00een rigips, \u00een tavan sau \u00een panouri de lemn personalizate, de aproximativ 75mm l\u0103\u021bime \u0219i 32mm ad\u00e2ncime.<\/li>\n\n\n\n<li>Lipici\u021bi benzile LED \u00een interiorul canalului.<\/li>\n\n\n\n<li>Ata\u0219a\u021bi capacul difuzorului \u0219i fixa\u021bi capacele de cap\u0103t pentru un aspect finit.<\/li>\n\n\n\n<li>Montati suporturile de \u00eencastrare \u00een spatele acestui canal.<\/li>\n\n\n\n<li>Introduce\u021bi canalul LED din aluminiu negru, \u00eencastrat de 75x32mm, la nivel cu suprafa\u021ba.<\/li>\n<\/ul>\n<\/div><figure class=\"wp-block-media-text__media\"><img loading=\"lazy\" decoding=\"async\" width=\"500\" height=\"500\" src=\"https:\/\/tangooled.com\/wp-content\/uploads\/2025\/07\/r7532-ins-c.webp\" alt=\"75x32mm recessed black led aluminum channel for multi led strips\" class=\"wp-image-41259 size-full\" srcset=\"https:\/\/tangooled.com\/wp-content\/uploads\/2025\/07\/r7532-ins-c.webp 500w, https:\/\/tangooled.com\/wp-content\/uploads\/2025\/07\/r7532-ins-c-300x300.webp 300w, https:\/\/tangooled.com\/wp-content\/uploads\/2025\/07\/r7532-ins-c-150x150.webp 150w\" sizes=\"auto, (max-width: 500px) 100vw, 500px\" \/><\/figure><\/div>\n<\/div><\/div>\n\n\n\n<div class=\"wp-block-group has-background\" style=\"background-color:#f1f1f1;padding-top:var(--wp--preset--spacing--80);padding-bottom:var(--wp--preset--spacing--80)\"><div class=\"wp-block-group__inner-container is-layout-constrained wp-block-group-is-layout-constrained\">\n<h2 class=\"wp-block-heading\" style=\"padding-top:var(--wp--preset--spacing--40);padding-bottom:var(--wp--preset--spacing--40);font-size:25px;font-style:normal;font-weight:600;text-transform:capitalize\">What&#8217;s in the kit?<\/h2>\n\n\n\n<ul class=\"wp-block-list\">\n<li>Profil din aluminiu cu acoperire neagr\u0103<\/li>\n\n\n\n<li>Difuzor de lumin\u0103 PC opal<\/li>\n\n\n\n<li>Capace metalice de finisare<\/li>\n\n\n\n<li>Suporturi cu arc<\/li>\n<\/ul>\n<\/div><\/div>\n\n\n\n<div class=\"wp-block-group\" style=\"padding-top:var(--wp--preset--spacing--80);padding-bottom:var(--wp--preset--spacing--80)\"><div class=\"wp-block-group__inner-container is-layout-constrained wp-block-group-is-layout-constrained\">\n<h2 class=\"wp-block-heading\" style=\"padding-top:var(--wp--preset--spacing--40);padding-bottom:var(--wp--preset--spacing--40);font-size:25px;font-style:normal;font-weight:600;text-transform:capitalize\">Perfect pentru aceste locuri<\/h2>\n\n\n\n<ul class=\"wp-block-list\">\n<li>Birouri \u0219i magazine mari: Iluminare principal\u0103 pentru spa\u021bii open-space. \u00cencastrat pentru iluminare str\u0103lucitoare \u0219i uniform\u0103, f\u0103r\u0103 str\u0103lucire, \u00een centre de date \u0219i zone de co-working.<\/li>\n\n\n\n<li>Spa\u021bii publice \u0219i specializate: Iluminare de standard \u00eenalt pentru zone precum s\u0103li de conferin\u021be, centre de expozi\u021bie, coridoare de spital \u0219i holuri mari. Ofer\u0103 o acoperire larg\u0103 \u0219i func\u021bional\u0103 a luminii.<\/li>\n\n\n\n<li>Retail \u0219i expunere: Iluminare accentuat\u0103 \u00eencorporat\u0103 pentru pere\u021bi \u0219i rafturi. Emite o lumin\u0103 str\u0103lucitoare \u0219i uniform\u0103 care scoate cu adev\u0103rat \u00een eviden\u021b\u0103 lucrurile \u00een showrooms \u0219i magazine de lux.<\/li>\n\n\n\n<li>Iluminare elementar\u0103 pentru zone de lux. Creeaz\u0103 linii de lumin\u0103 care sunt mereu aprinse \u0219i care pot fi schimbate \u00een holurile \u0219i s\u0103lile hotelurilor pentru a ghida vizitatorii \u0219i a \u00eembun\u0103t\u0103\u021bi atmosfera.<\/li>\n<\/ul>\n<\/div><\/div>\n\n\n\n<div class=\"wp-block-group has-background\" style=\"background-color:#f1f1f1;padding-top:var(--wp--preset--spacing--80);padding-bottom:var(--wp--preset--spacing--80)\"><div class=\"wp-block-group__inner-container is-layout-constrained wp-block-group-is-layout-constrained\">\n<h2 class=\"wp-block-heading\" style=\"padding-top:var(--wp--preset--spacing--40);padding-bottom:var(--wp--preset--spacing--40);font-size:25px;font-style:normal;font-weight:600;text-transform:capitalize\">Produse conexe pentru nevoi diferite<\/h2>\n\n\n\n<p style=\"padding-right:var(--wp--preset--spacing--50);padding-left:var(--wp--preset--spacing--50)\">Pentru op\u021biuni de montare pe suprafa\u021b\u0103, consulta\u021bi profilul LED pentru montare pe suprafa\u021b\u0103 cu difuzor mat pentru benzi de lumini de 10mm,<mark style=\"background-color:rgba(0, 0, 0, 0)\" class=\"has-inline-color has-vivid-red-color\"> <a href=\"https:\/\/tangooled.com\/ro\/produs\/surface-mount-led-profile-with-frosted-diffuser-for-10mm-rope-lights\/\">aici<\/a>.<\/mark> Dac\u0103 ave\u021bi nevoie de un canal \u00een form\u0103 de U, \u00eencerca\u021bi profilul din aluminiu negru \u00een form\u0103 de U pentru benzi LED de 10mm, <a href=\"https:\/\/tangooled.com\/ro\/produs\/black-aluminum-u-channel-profile-for-10mm-led-strips\/\"><mark style=\"background-color:rgba(0, 0, 0, 0)\" class=\"has-inline-color has-vivid-red-color\">link<\/mark><\/a>. Pentru benzi LED duble \u00een profile mai \u00eenguste, verifica\u021bi canalul LED pentru dulapuri cu difuzor pentru benzi LED duble. <a href=\"https:\/\/tangooled.com\/ro\/produs\/cabinet-led-strip-channel-with-diffuser-for-double-led-strips\/\"><mark style=\"background-color:rgba(0, 0, 0, 0)\" class=\"has-inline-color has-vivid-red-color\">pagin\u0103<\/mark><\/a>.<\/p>\n<\/div><\/div>\n\n\n\n<div class=\"wp-block-group\" style=\"padding-top:var(--wp--preset--spacing--80);padding-bottom:var(--wp--preset--spacing--80)\"><div class=\"wp-block-group__inner-container is-layout-constrained wp-block-group-is-layout-constrained\">\n<h2 class=\"wp-block-heading\" style=\"padding-top:var(--wp--preset--spacing--40);padding-bottom:var(--wp--preset--spacing--40);font-size:25px;text-transform:capitalize\">Rezumat<\/h2>\n\n\n\n<p>C\u00e2nd ave\u021bi nevoie de un corp pentru LED-uri de mari dimensiuni, montat la nivel, cu finisaj negru din aluminiu anodizat, canalul nostru LED din aluminiu negru \u00eencastrat de 75x32mm pentru multiple benzi LED este cea mai bun\u0103 solu\u021bie. Func\u021bioneaz\u0103 cu multe tipuri diferite de benzi LED \u0219i v\u0103 ajut\u0103 s\u0103 realiza\u021bi iluminat care este curat, str\u0103lucitor \u0219i elegant pentru orice spa\u021biu.<\/p>\n<\/div><\/div>\n\n\n\n<p><\/p>","protected":false},"featured_media":14746,"template":"","meta":{"_acf_changed":true,"_seopress_robots_primary_cat":"none","_seopress_titles_title":"75mm Wide Recessed LED Channel | Dot-Free Profile | TANGOOLED","_seopress_titles_desc":"The R7532 is a premium 75mm wide recessed LED channel with 32mm depth for a perfect dot-free finish. Ideal for multi-row LED strips in commercial and office lighting projects.","_seopress_robots_index":""},"pcb-width":[233],"product-cat":[193],"class_list":{"0":"post-34991","1":"product","2":"type-product","3":"status-publish","4":"has-post-thumbnail","6":"pcb-width-50-90mm","7":"product-cat-recessed-profile"},"acf":[],"_links":{"self":[{"href":"https:\/\/tangooled.com\/ro\/wp-json\/wp\/v2\/product\/34991","targetHints":{"allow":["GET"]}}],"collection":[{"href":"https:\/\/tangooled.com\/ro\/wp-json\/wp\/v2\/product"}],"about":[{"href":"https:\/\/tangooled.com\/ro\/wp-json\/wp\/v2\/types\/product"}],"wp:featuredmedia":[{"embeddable":true,"href":"https:\/\/tangooled.com\/ro\/wp-json\/wp\/v2\/media\/14746"}],"wp:attachment":[{"href":"https:\/\/tangooled.com\/ro\/wp-json\/wp\/v2\/media?parent=34991"}],"wp:term":[{"taxonomy":"pcb-width","embeddable":true,"href":"https:\/\/tangooled.com\/ro\/wp-json\/wp\/v2\/pcb-width?post=34991"},{"taxonomy":"product-cat","embeddable":true,"href":"https:\/\/tangooled.com\/ro\/wp-json\/wp\/v2\/product-cat?post=34991"}],"curies":[{"name":"wp","href":"https:\/\/api.w.org\/{rel}","templated":true}]}}