{"id":34981,"date":"2025-07-01T05:13:13","date_gmt":"2025-07-01T13:13:13","guid":{"rendered":"https:\/\/tangooled.com\/?post_type=product&#038;p=34981"},"modified":"2026-01-25T20:01:49","modified_gmt":"2026-01-26T04:01:49","slug":"35x35mm-recessed-led-strip-profile-with-driver-space","status":"publish","type":"product","link":"https:\/\/tangooled.com\/ro\/produs\/35x35mm-recessed-led-strip-profile-with-driver-space\/","title":{"rendered":"profil LED \u00eencastrat de 35x35mm cu spa\u021biu pentru driver"},"content":{"rendered":"<div class=\"wp-block-group is-vertical is-layout-flex wp-container-core-group-is-layout-d255d7c4 wp-block-group-is-layout-flex\" style=\"padding-top:var(--wp--preset--spacing--80);padding-bottom:var(--wp--preset--spacing--80)\">\n<p>This 35&#215;35 mm recessed LED strip profile with driver space is designed to hide both the LED strip and its power supply seamlessly within the ceiling. This 35x35mm LED profile features a removable middle tray, which is great for installing LED strips up to 21 mm wide. The rigid aluminum profile housing ensures excellent heat management, guaranteeing the long life of your lighting system.<\/p>\n\n\n\n<p>To install, simply attach the specialized recessed buckles to the profile&#8217;s back slots. This preparatory step is vital, as it allows the fixture to be securely pushed into the ceiling cutout, achieving a perfectly flush, trimless finish that integrates cleanly with the surrounding architecture.<\/p>\n\n\n\n<p>This 35&#215;35 mm recessed LED channel is ideally suited for impactful linear lighting in high-end commercial environments. This includes large-scale projects in offices, retail spaces, and hotel lobbies.<\/p>\n<\/div>\n\n\n\n<div class=\"wp-block-group has-background\" style=\"background-color:#f1f1f1;padding-top:var(--wp--preset--spacing--80);padding-bottom:var(--wp--preset--spacing--80)\"><div class=\"wp-block-group__inner-container is-layout-constrained wp-block-group-is-layout-constrained\">\n<div class=\"wp-block-group is-vertical is-layout-flex wp-container-core-group-is-layout-8cf370e7 wp-block-group-is-layout-flex\">\n<h2 class=\"wp-block-heading\" style=\"padding-top:var(--wp--preset--spacing--40);padding-bottom:var(--wp--preset--spacing--40);font-size:25px;font-style:normal;font-weight:600;text-transform:capitalize\">De ce s\u0103 alege\u021bi profilul nostru LED de 35x35 mm?<\/h2>\n\n\n\n<ul class=\"wp-block-list\">\n<li>Spa\u021biu pentru driver integrat: Disponibil pentru un driver LED foarte sub\u021bire \u0219i \u00eel men\u021bine ascuns \u00een interiorul profilului, a\u0219a c\u0103 nu sunt vizibile cutii voluminoase.<\/li>\n\n\n\n<li>Lumina moale f\u0103r\u0103 pete: Difuzorul opal face ca lumina s\u0103 fie uniform\u0103, f\u0103r\u0103 pete sau orbire.<\/li>\n\n\n\n<li>Aluminiu de \u00eenalt\u0103 calitate: Un radiator excelent care men\u021bine LED-urile reci \u0219i le face s\u0103 dureze mai mult.<\/li>\n\n\n\n<li>Design \u00eencastrat, f\u0103r\u0103 margini: U\u0219or de tencuit \u0219i face ca lumina s\u0103 par\u0103 uniform\u0103.<\/li>\n\n\n\n<li>Pute\u021bi personaliza lungimea, finisajul de culoare \u0219i accesoriile care se potrivesc cel mai bine proiectului dvs.<\/li>\n<\/ul>\n<\/div>\n<\/div><\/div>\n\n\n\n<div class=\"wp-block-group\" style=\"padding-top:var(--wp--preset--spacing--60);padding-bottom:var(--wp--preset--spacing--60)\"><div class=\"wp-block-group__inner-container is-layout-constrained wp-block-group-is-layout-constrained\">\n<div class=\"wp-block-media-text has-media-on-the-right is-stacked-on-mobile\" style=\"grid-template-columns:auto 40%\"><div class=\"wp-block-media-text__content\">\n<h2 class=\"wp-block-heading\" style=\"padding-top:var(--wp--preset--spacing--40);padding-bottom:var(--wp--preset--spacing--40);font-size:25px;font-style:normal;font-weight:600;text-transform:capitalize\">Accesorii &amp; Instalare<\/h2>\n\n\n\n<ul class=\"wp-block-list\">\n<li>Capace metalice pentru capete: \u00cenchide\u021bi capetele pentru a le oferi un aspect curat.<\/li>\n\n\n\n<li>Sprijin cu arc: Men\u021bine profilul \u00een pozi\u021bie \u00een timp ce \u00eel instala\u021bi.<\/li>\n\n\n\n<li>Band\u0103 LED: Func\u021bioneaz\u0103 cu benzi de p\u00e2n\u0103 la 21 mm l\u0103\u021bime, inclusiv benzi LED COB cu un CRI ridicat.<\/li>\n\n\n\n<li>Drivere: Utiliza\u021bi drivere LED ultra-sub\u021biri de 24V care se potrivesc \u00een interiorul cavit\u0103\u021bii.<\/li>\n<\/ul>\n<\/div><figure class=\"wp-block-media-text__media\"><img loading=\"lazy\" decoding=\"async\" width=\"500\" height=\"500\" src=\"https:\/\/tangooled.com\/wp-content\/uploads\/2025\/07\/r3535-ins.webp\" alt=\"35x35mm recessed led tape profile with driver space\" class=\"wp-image-41854 size-full\" srcset=\"https:\/\/tangooled.com\/wp-content\/uploads\/2025\/07\/r3535-ins.webp 500w, https:\/\/tangooled.com\/wp-content\/uploads\/2025\/07\/r3535-ins-300x300.webp 300w, https:\/\/tangooled.com\/wp-content\/uploads\/2025\/07\/r3535-ins-150x150.webp 150w\" sizes=\"auto, (max-width: 500px) 100vw, 500px\" \/><\/figure><\/div>\n<\/div><\/div>\n\n\n\n<div class=\"wp-block-group has-background\" style=\"background-color:#f1f1f1;padding-top:var(--wp--preset--spacing--80);padding-bottom:var(--wp--preset--spacing--80)\"><div class=\"wp-block-group__inner-container is-layout-constrained wp-block-group-is-layout-constrained\">\n<h2 class=\"wp-block-heading\" style=\"padding-top:var(--wp--preset--spacing--40);padding-bottom:var(--wp--preset--spacing--40);font-size:25px;font-style:normal;font-weight:600;text-transform:capitalize\">Unde s\u0103 folosi\u021bi profilul LED \u00eencastrat de 35x35 mm<\/h2>\n\n\n\n<ul class=\"wp-block-list\">\n<li>Tavane \u0219i pere\u021bi: Utiliza\u021bi profilul pentru a crea linii de lumin\u0103 curate \u0219i moderne \u00een gips-carton sau tencuial\u0103.<\/li>\n\n\n\n<li>Iluminat de col\u021b: A\u0219eza\u021bi lumini \u00een col\u021buri pentru a genera lumin\u0103 indirect\u0103 moale.<\/li>\n\n\n\n<li>Iluminat pentru activit\u0103\u021bi: Ideal pentru birouri, dulapuri sau zone care necesit\u0103 lumin\u0103 clar\u0103.<\/li>\n\n\n\n<li>Retail \u0219i ospitalitate: Iluminatul modern \u00een magazine, hoteluri sau birouri le ofer\u0103 un aspect contemporan.<\/li>\n<\/ul>\n<\/div><\/div>\n\n\n\n<div class=\"wp-block-group\" style=\"padding-top:var(--wp--preset--spacing--80);padding-bottom:var(--wp--preset--spacing--80)\"><div class=\"wp-block-group__inner-container is-layout-constrained wp-block-group-is-layout-constrained\">\n<h2 class=\"wp-block-heading\" style=\"padding-top:var(--wp--preset--spacing--40);padding-bottom:var(--wp--preset--spacing--40);font-size:25px;font-style:normal;font-weight:600;text-transform:capitalize\">Produse \u0219i surse conexe<\/h2>\n\n\n\n<ul class=\"wp-block-list\">\n<li>Afla\u021bi despre diferite profile LED liniare \u0219i accesorii pe <a href=\"https:\/\/klusdesign.eu\/en\/profiles-recessed\"><mark style=\"background-color:rgba(0, 0, 0, 0)\" class=\"has-inline-color has-vivid-red-color\">pagina profilelor Klus Design<\/mark><\/a>.<\/li>\n\n\n\n<li>Pentru op\u021biuni de lumin\u0103 de band\u0103 semi-difuzate, consulta\u021bi <a href=\"https:\/\/lsicorp.com\/lighting\/product\/linear-semi-diffused\/\">L<mark style=\"background-color:rgba(0, 0, 0, 0)\" class=\"has-inline-color has-vivid-red-color\">Produs semi-difuzat SI Industries<\/mark><\/a>.<\/li>\n\n\n\n<li>Exploreaz\u0103 <a href=\"https:\/\/www.jescolighting.com\/portfolio\/ch-sm-32\/\"><mark style=\"background-color:rgba(0, 0, 0, 0)\" class=\"has-inline-color has-vivid-red-color\">Jesco Lighting\u2019s recessed profiles<\/mark><\/a> pentru op\u021biuni de design \u00eembun\u0103t\u0103\u021bite<\/li>\n<\/ul>\n<\/div><\/div>\n\n\n\n<div class=\"wp-block-group has-background\" style=\"background-color:#f1f1f1f2;padding-top:var(--wp--preset--spacing--80);padding-bottom:var(--wp--preset--spacing--80)\"><div class=\"wp-block-group__inner-container is-layout-constrained wp-block-group-is-layout-constrained\">\n<h2 class=\"wp-block-heading\" style=\"padding-top:var(--wp--preset--spacing--40);padding-bottom:var(--wp--preset--spacing--40);font-size:25px;font-style:normal;font-weight:600\">Alege\u021bi-ne pentru nevoile dvs. de profil LED<\/h2>\n\n\n\n<p style=\"padding-right:var(--wp--preset--spacing--50);padding-left:var(--wp--preset--spacing--50)\">Acest profil de band\u0103 LED \u00eencastrat de 35x35 mm cu spa\u021biu pentru driver este o extrudare arhitectural\u0103 ideal\u0103 pentru designerii care doresc un iluminat \u00eencastrat elegant, f\u0103r\u0103 margini, cu spa\u021biu integrat pentru alimentare. Corpul din aluminiu 6063-T5 r\u0103ce\u0219te rapid benzile LED de \u00eenalt\u0103 calitate, gener\u00e2nd o str\u0103lucire curat\u0103, f\u0103r\u0103 pete, printr-un difuzor opal din PC durabil. Poate fi modificat pentru a se potrivi nevoilor dvs. \u0219i este simplu de asamblat. Func\u021bioneaz\u0103 bine \u00een case, afaceri, magazine \u0219i hoteluri. <\/p>\n<\/div><\/div>\n\n\n\n<p><\/p>","protected":false},"featured_media":14810,"template":"","meta":{"_acf_changed":true,"_seopress_robots_primary_cat":"none","_seopress_titles_title":"35x35mm Recessed LED Strip Profile with Driver Space | TANGOOLED","_seopress_titles_desc":"The R3535 is a 35x35mm recessed LED strip profile with internal driver space. This large-scale aluminum channel simplifies installation by housing the power supply inside the profile.","_seopress_robots_index":""},"pcb-width":[229],"product-cat":[193],"class_list":{"0":"post-34981","1":"product","2":"type-product","3":"status-publish","4":"has-post-thumbnail","6":"pcb-width-15-20mm","7":"product-cat-recessed-profile"},"acf":[],"_links":{"self":[{"href":"https:\/\/tangooled.com\/ro\/wp-json\/wp\/v2\/product\/34981","targetHints":{"allow":["GET"]}}],"collection":[{"href":"https:\/\/tangooled.com\/ro\/wp-json\/wp\/v2\/product"}],"about":[{"href":"https:\/\/tangooled.com\/ro\/wp-json\/wp\/v2\/types\/product"}],"wp:featuredmedia":[{"embeddable":true,"href":"https:\/\/tangooled.com\/ro\/wp-json\/wp\/v2\/media\/14810"}],"wp:attachment":[{"href":"https:\/\/tangooled.com\/ro\/wp-json\/wp\/v2\/media?parent=34981"}],"wp:term":[{"taxonomy":"pcb-width","embeddable":true,"href":"https:\/\/tangooled.com\/ro\/wp-json\/wp\/v2\/pcb-width?post=34981"},{"taxonomy":"product-cat","embeddable":true,"href":"https:\/\/tangooled.com\/ro\/wp-json\/wp\/v2\/product-cat?post=34981"}],"curies":[{"name":"wp","href":"https:\/\/api.w.org\/{rel}","templated":true}]}}