{"id":34971,"date":"2025-07-01T02:43:16","date_gmt":"2025-07-01T10:43:16","guid":{"rendered":"https:\/\/tangooled.com\/?post_type=product&#038;p=34971"},"modified":"2026-01-25T19:53:34","modified_gmt":"2026-01-26T03:53:34","slug":"32mm-deep-recessed-led-strip-channel","status":"publish","type":"product","link":"https:\/\/tangooled.com\/ro\/produs\/32mm-deep-recessed-led-strip-channel\/","title":{"rendered":"Canal LED \u00eencastrat de 32mm ad\u00e2nc"},"content":{"rendered":"<div class=\"wp-block-group is-vertical is-layout-flex wp-container-core-group-is-layout-d255d7c4 wp-block-group-is-layout-flex\" style=\"padding-top:var(--wp--preset--spacing--80);padding-bottom:var(--wp--preset--spacing--80)\">\n<p>Profilul nostru R3532 este un canal LED \u00eencastrat de 32mm ad\u00e2ncime. Ofer\u0103 o lumin\u0103 uniform\u0103 \u0219i de \u00eenalt\u0103 calitate. Baza acestui profil are doar 32mm ad\u00e2ncime \u0219i 35mm l\u0103\u021bime, dar poate sus\u021bine benzi LED de p\u00e2n\u0103 la 25mm l\u0103\u021bime pentru o distribu\u021bie optim\u0103 a luminii.<\/p>\n\n\n\n<p>The aluminum frame isn&#8217;t just for looks; it&#8217;s also a high-performance heatsink that keeps the LED strips&nbsp;functioning smoothly for a long period. The&nbsp;installation process is easy, starting with&nbsp;inserting&nbsp;special&nbsp;recessed&nbsp;buckles&nbsp;into&nbsp;the&nbsp;channel&#8217;s&nbsp;back slot, then pressing the profile into the ceiling&nbsp;or&nbsp;drywall&nbsp;groove,&nbsp;leaving&nbsp;a&nbsp;perfect,&nbsp;trimless&nbsp;finish.<\/p>\n\n\n\n<p>Aceast\u0103 lumin\u0103 este potrivit\u0103 pentru proiecte de arhitectur\u0103 modern\u0103, deoarece ofer\u0103 o lumin\u0103 linear\u0103 discret\u0103 \u0219i continu\u0103, ideal\u0103 pentru medii profesionale, inclusiv holuri corporative, showroom-uri speciale \u0219i birouri moderne.<\/p>\n<\/div>\n\n\n\n<div class=\"wp-block-group has-background\" style=\"background-color:#f1f1f1;padding-top:var(--wp--preset--spacing--60);padding-bottom:var(--wp--preset--spacing--60)\"><div class=\"wp-block-group__inner-container is-layout-constrained wp-block-group-is-layout-constrained\">\n<div class=\"wp-block-group\" style=\"padding-top:var(--wp--preset--spacing--80);padding-bottom:var(--wp--preset--spacing--80)\"><div class=\"wp-block-group__inner-container is-layout-constrained wp-block-group-is-layout-constrained\">\n<h2 class=\"wp-block-heading\" style=\"padding-top:var(--wp--preset--spacing--40);padding-bottom:var(--wp--preset--spacing--40);font-size:25px;font-style:normal;font-weight:600;text-transform:capitalize\">De ce s\u0103 alegi canalul nostru LED \u00eencastrat de 32mm?<\/h2>\n\n\n\n<ul class=\"wp-block-list\">\n<li>L\u0103\u021bimea interioar\u0103 de 25.6mm: Aceasta se potrive\u0219te benzilor LED de p\u00e2n\u0103 la 25mm l\u0103\u021bime, inclusiv LED-uri COB (Chip on Board) cu densitate mare sau SMD-uri cu dou\u0103 r\u00e2nduri, oferind cea mai puternic\u0103 \u0219i uniform\u0103 lumin\u0103.<\/li>\n\n\n\n<li>Design pentru tencuire: Flan\u0219ele de tencuire faciliteaz\u0103 instalarea \u00een gips-carton, f\u0103c\u00e2nd carcasa LED invizibil\u0103.<\/li>\n\n\n\n<li>Difuzie uniform\u0103, f\u0103r\u0103 puncte: Vine cu un difuzor din PC opal de \u00eenalt\u0103 calitate care face ca fluxul de lumin\u0103 s\u0103 fie uniform \u0219i f\u0103r\u0103 reflexii, f\u0103r\u0103 puncte LED vizibile sau puncte calde.<\/li>\n\n\n\n<li>Material de \u00eenalt\u0103 calitate: Aluminiul anodizat este folosit pentru a fabrica acest canal, care ajut\u0103 LED-urile s\u0103 dureze mai mult \u0219i s\u0103 func\u021bioneze mai eficient prin distribuirea uniform\u0103 a c\u0103ldurii.<\/li>\n\n\n\n<li>Poate fi folosit pentru diferite aplica\u021bii: excelent pentru acas\u0103, afaceri \u0219i proiecte arhitecturale, inclusiv iluminat de cove, iluminat sub mobilier, iluminat \u00eencastrat \u00een pere\u021bi \u0219i iluminat ambiental pe tavan.<\/li>\n<\/ul>\n<\/div><\/div>\n<\/div><\/div>\n\n\n\n<div class=\"wp-block-group\" style=\"padding-top:var(--wp--preset--spacing--60);padding-bottom:var(--wp--preset--spacing--60)\"><div class=\"wp-block-group__inner-container is-layout-constrained wp-block-group-is-layout-constrained\">\n<div class=\"wp-block-media-text has-media-on-the-right is-stacked-on-mobile\" style=\"grid-template-columns:auto 40%\"><div class=\"wp-block-media-text__content\">\n<h2 class=\"wp-block-heading\" style=\"padding-top:var(--wp--preset--spacing--40);padding-bottom:var(--wp--preset--spacing--40);font-size:25px;font-style:normal;font-weight:600;text-transform:capitalize\">Instalare simplificat\u0103<\/h2>\n\n\n\n<ul class=\"wp-block-list\">\n<li>F\u0103 o t\u0103ietur\u0103 curat\u0103 \u0219i dreapt\u0103 \u00een tavanul sau tencuiala ta.<\/li>\n\n\n\n<li>Folose\u0219te cataramele \u00eencastrate care vin cu extrac\u021bia din aluminiu pentru a o fixa \u00een loc.<\/li>\n\n\n\n<li>Pune banda ta LED \u00een canal \u0219i conecteaz\u0103 firele.<\/li>\n\n\n\n<li>Pune difuzorul \u00een pozi\u021bie pentru a ob\u021bine o lumin\u0103 moale \u0219i uniform\u0103.<\/li>\n<\/ul>\n<\/div><figure class=\"wp-block-media-text__media\"><img loading=\"lazy\" decoding=\"async\" width=\"500\" height=\"500\" src=\"https:\/\/tangooled.com\/wp-content\/uploads\/2025\/07\/r3532-ins.webp\" alt=\"35mm recessed silver led strip light channel\" class=\"wp-image-41828 size-full\" srcset=\"https:\/\/tangooled.com\/wp-content\/uploads\/2025\/07\/r3532-ins.webp 500w, https:\/\/tangooled.com\/wp-content\/uploads\/2025\/07\/r3532-ins-300x300.webp 300w, https:\/\/tangooled.com\/wp-content\/uploads\/2025\/07\/r3532-ins-150x150.webp 150w\" sizes=\"auto, (max-width: 500px) 100vw, 500px\" \/><\/figure><\/div>\n<\/div><\/div>\n\n\n\n<div class=\"wp-block-group has-background is-vertical is-layout-flex wp-container-core-group-is-layout-b429018a wp-block-group-is-layout-flex\" style=\"background-color:#f1f1f1f2;padding-top:var(--wp--preset--spacing--70);padding-bottom:var(--wp--preset--spacing--70)\">\n<h2 class=\"wp-block-heading\" style=\"padding-top:var(--wp--preset--spacing--40);padding-bottom:var(--wp--preset--spacing--40);font-size:25px;font-style:normal;font-weight:600\">Ce prime\u0219ti c\u00e2nd o cumperi?<\/h2>\n\n\n\n<ul class=\"wp-block-list\">\n<li>Un canal din aluminiu \u00eencastrat de 32mm ad\u00e2ncime<\/li>\n\n\n\n<li>1 capac de difuzor din policarbonat opal<\/li>\n\n\n\n<li>Dou\u0103 capace metalice vopsite<\/li>\n\n\n\n<li>Catarame \u00eencastrate pentru a monta canalul \u00een siguran\u021b\u0103.<\/li>\n<\/ul>\n<\/div>\n\n\n\n<div class=\"wp-block-group\" style=\"padding-top:var(--wp--preset--spacing--80);padding-bottom:var(--wp--preset--spacing--80)\"><div class=\"wp-block-group__inner-container is-layout-constrained wp-block-group-is-layout-constrained\">\n<h2 class=\"wp-block-heading\" style=\"padding-top:var(--wp--preset--spacing--40);padding-bottom:var(--wp--preset--spacing--40);font-size:25px;font-style:normal;font-weight:600;text-transform:capitalize\">Scenarii ideale de utilizare pentru canalul nostru LED \u00eencastrat de 32mm<\/h2>\n\n\n\n<ul class=\"wp-block-list\">\n<li>Iluminat de cove arhitectural: Folose\u0219te tavanul pentru a crea linii de lumin\u0103 care se extind pentru un iluminat frumos.<\/li>\n\n\n\n<li>Iluminat \u00eencastrat \u00een pere\u021bi: Ideal pentru pere\u021bi accent \u0219i iluminat de caracter \u00een hoteluri, locuri de munc\u0103 \u0219i magazine.<\/li>\n\n\n\n<li>Under-Cabinet and Shelf Lighting: This type of lighting makes it easier to see what you&#8217;re doing in kitchens and display cabinets.<\/li>\n\n\n\n<li>Spa\u021bii comerciale: Ideal pentru iluminatul birourilor, holurilor de hotel \u0219i magazinelor de lux.<\/li>\n<\/ul>\n<\/div><\/div>\n\n\n\n<p><\/p>","protected":false},"featured_media":14815,"template":"","meta":{"_acf_changed":true,"_seopress_robots_primary_cat":"none","_seopress_titles_title":"32mm Deep Recessed LED Channel | Free-spot Aluminum Profile | TANGOOLED","_seopress_titles_desc":"Achieve flawless, dot-free lighting with our 32mm deep recessed LED channel. This extra-deep aluminum profile provides superior light diffusion for high-end architectural projects, ensuring a seamless linear glow.","_seopress_robots_index":""},"pcb-width":[230],"product-cat":[193],"class_list":{"0":"post-34971","1":"product","2":"type-product","3":"status-publish","4":"has-post-thumbnail","6":"pcb-width-20-25mm","7":"product-cat-recessed-profile"},"acf":[],"_links":{"self":[{"href":"https:\/\/tangooled.com\/ro\/wp-json\/wp\/v2\/product\/34971","targetHints":{"allow":["GET"]}}],"collection":[{"href":"https:\/\/tangooled.com\/ro\/wp-json\/wp\/v2\/product"}],"about":[{"href":"https:\/\/tangooled.com\/ro\/wp-json\/wp\/v2\/types\/product"}],"wp:featuredmedia":[{"embeddable":true,"href":"https:\/\/tangooled.com\/ro\/wp-json\/wp\/v2\/media\/14815"}],"wp:attachment":[{"href":"https:\/\/tangooled.com\/ro\/wp-json\/wp\/v2\/media?parent=34971"}],"wp:term":[{"taxonomy":"pcb-width","embeddable":true,"href":"https:\/\/tangooled.com\/ro\/wp-json\/wp\/v2\/pcb-width?post=34971"},{"taxonomy":"product-cat","embeddable":true,"href":"https:\/\/tangooled.com\/ro\/wp-json\/wp\/v2\/product-cat?post=34971"}],"curies":[{"name":"wp","href":"https:\/\/api.w.org\/{rel}","templated":true}]}}