{"id":34968,"date":"2025-07-01T02:31:49","date_gmt":"2025-07-01T10:31:49","guid":{"rendered":"https:\/\/tangooled.com\/?post_type=product&#038;p=34968"},"modified":"2026-01-31T01:17:00","modified_gmt":"2026-01-31T09:17:00","slug":"13mm-deep-recessed-flange-led-light-channel-35x13mm","status":"publish","type":"product","link":"https:\/\/tangooled.com\/ro\/produs\/13mm-deep-recessed-flange-led-light-channel-35x13mm\/","title":{"rendered":"Canal de lumin\u0103 LED cu flan\u0219\u0103 \u00eencastrat\u0103 de 13mm"},"content":{"rendered":"<div class=\"wp-block-group is-vertical is-layout-flex wp-container-core-group-is-layout-d255d7c4 wp-block-group-is-layout-flex\" style=\"padding-top:var(--wp--preset--spacing--80);padding-bottom:var(--wp--preset--spacing--80)\">\n<p>Canalul nostru LED \u00eencastrat, ad\u00e2nc de 13mm, este o modalitate simpl\u0103 \u0219i discret\u0103 de a ad\u0103uga iluminat \u00eentr-un spa\u021biu. Acest canal este ideal pentru spa\u021bii \u00eenguste, deoarece are doar 13mm \u00een\u0103l\u021bime \u0219i 35mm l\u0103\u021bime la baz\u0103. De asemenea, are o l\u0103\u021bime interioar\u0103 de 21mm, ceea ce \u00eenseamn\u0103 c\u0103 po\u021bi utiliza una sau mai multe benzi LED late.<br>Canalul din aluminiu pentru luminile cu band\u0103 LED func\u021bioneaz\u0103 bine ca un radiator de c\u0103ldur\u0103, ceea ce le face s\u0103 dureze mai mult. Canalul are flan\u0219e \u0219i este proiectat s\u0103 se potriveasc\u0103 perfect \u00een gips-carton sau tavane f\u0103r\u0103 goluri. Diagrama arat\u0103 cum s\u0103 faci instalarea u\u0219oar\u0103: mai \u00eent\u00e2i, ata\u0219eaz\u0103 cataramele \u00eencastrate \u00een slotul din spate, apoi \u00eempinge canalul \u00een siguran\u021b\u0103 \u00een decupaj.<br>Acest canal pu\u021bin ad\u00e2nc este perfect pentru a ad\u0103uga lumin\u0103 ambiental\u0103 \u00een buc\u0103t\u0103rii moderne \u0219i holuri, dar \u0219i pentru iluminatul de accent \u00een arhitectur\u0103, pe rafturi \u0219i \u00een vitrine.<\/p>\n<\/div>\n\n\n\n<div class=\"wp-block-group has-background is-vertical is-layout-flex wp-container-core-group-is-layout-d255d7c4 wp-block-group-is-layout-flex\" style=\"background-color:#f1f1f1;padding-top:var(--wp--preset--spacing--80);padding-bottom:var(--wp--preset--spacing--80)\">\n<div class=\"wp-block-group is-vertical is-layout-flex wp-container-core-group-is-layout-8cf370e7 wp-block-group-is-layout-flex\">\n<h2 class=\"wp-block-heading\" style=\"padding-top:var(--wp--preset--spacing--40);padding-bottom:var(--wp--preset--spacing--40);font-size:25px;font-style:normal;font-weight:600;text-transform:capitalize\">De ce s\u0103 alegi canalul LED din aluminiu \u00eencastrat de 13mm?<\/h2>\n\n\n\n<ul class=\"wp-block-list\">\n<li>Designul canalului montat la nivel ofer\u0103 un aspect curat, integrat<\/li>\n\n\n\n<li>Aluminiu anodizat 6063-T5 pentru a ajuta la men\u021binerea LED-urilor reci<\/li>\n\n\n\n<li>Func\u021bioneaz\u0103 cu multe benzi LED<\/li>\n\n\n\n<li>Include un capac difuzor opal care face lumina mai moale \u0219i uniform\u0103<\/li>\n\n\n\n<li>U\u0219or de instalat pentru gips-carton, dulapuri, mobilier \u0219i multe altele<\/li>\n\n\n\n<li>Disponibil \u00een finisaje argintie, neagr\u0103 \u0219i alb\u0103<\/li>\n<\/ul>\n<\/div>\n<\/div>\n\n\n\n<div class=\"wp-block-group\" style=\"padding-top:var(--wp--preset--spacing--60);padding-bottom:var(--wp--preset--spacing--60)\"><div class=\"wp-block-group__inner-container is-layout-constrained wp-block-group-is-layout-constrained\">\n<div class=\"wp-block-media-text has-media-on-the-right is-stacked-on-mobile\" style=\"grid-template-columns:auto 40%\"><div class=\"wp-block-media-text__content\">\n<h2 class=\"wp-block-heading\" style=\"padding-top:var(--wp--preset--spacing--40);padding-bottom:var(--wp--preset--spacing--40);font-size:25px;font-style:normal;font-weight:600;text-transform:capitalize\">Cum se instaleaz\u0103<\/h2>\n\n\n\n<ul class=\"wp-block-list\">\n<li>T\u0103ia\u021bi o priz\u0103 de 35mm l\u0103\u021bime \u0219i 13mm ad\u00e2ncime \u00een suprafa\u021ba dumneavoastr\u0103.<\/li>\n\n\n\n<li>Cur\u0103\u021ba\u021bi priza \u0219i ap\u0103sa\u021bi canalul din aluminiu p\u00e2n\u0103 la cap\u0103t. Finisarea cu flan\u0219e va ascunde orice margini aspre.<\/li>\n\n\n\n<li>Folosi\u021bi catarame sau adeziv puternic pentru a-l men\u021bine \u00een pozi\u021bie.<\/li>\n\n\n\n<li>Pune\u021bi banda LED \u00een interiorul canalului.<\/li>\n\n\n\n<li>A\u0219eza\u021bi difuzorul mat pentru a face lumina mai moale \u0219i mai str\u0103lucitoare.<\/li>\n\n\n\n<li>Ad\u0103uga\u021bi capace de cap\u0103t pentru a finaliza.<\/li>\n<\/ul>\n<\/div><figure class=\"wp-block-media-text__media\"><img loading=\"lazy\" decoding=\"async\" width=\"500\" height=\"500\" src=\"https:\/\/tangooled.com\/wp-content\/uploads\/2025\/07\/r3513-ins.webp\" alt=\"35x13mm recessed aluminum led light channel\" class=\"wp-image-41814 size-full\" srcset=\"https:\/\/tangooled.com\/wp-content\/uploads\/2025\/07\/r3513-ins.webp 500w, https:\/\/tangooled.com\/wp-content\/uploads\/2025\/07\/r3513-ins-300x300.webp 300w, https:\/\/tangooled.com\/wp-content\/uploads\/2025\/07\/r3513-ins-150x150.webp 150w\" sizes=\"auto, (max-width: 500px) 100vw, 500px\" \/><\/figure><\/div>\n<\/div><\/div>\n\n\n\n<div class=\"wp-block-group has-background is-vertical is-layout-flex wp-container-core-group-is-layout-b429018a wp-block-group-is-layout-flex\" style=\"background-color:#f1f1f1f2;padding-top:var(--wp--preset--spacing--70);padding-bottom:var(--wp--preset--spacing--70)\">\n<h2 class=\"wp-block-heading\" style=\"padding-top:var(--wp--preset--spacing--40);padding-bottom:var(--wp--preset--spacing--40);font-size:25px;font-style:normal;font-weight:600\">Ce con\u021bine kit-ul?<\/h2>\n\n\n\n<ul class=\"wp-block-list\">\n<li>1x canal LED din aluminiu \u00eencastrat<\/li>\n\n\n\n<li>1x capac difuzor opal pentru a face lumina uniform\u0103<\/li>\n\n\n\n<li>2x capace de cap\u0103t pentru a men\u021bine cablurile ordonate \u0219i sigure<\/li>\n\n\n\n<li>Catarame care sunt \u00eencastrate pentru o fixare puternic\u0103<\/li>\n<\/ul>\n<\/div>\n\n\n\n<div class=\"wp-block-group is-vertical is-layout-flex wp-container-core-group-is-layout-d255d7c4 wp-block-group-is-layout-flex\" style=\"padding-top:var(--wp--preset--spacing--80);padding-bottom:var(--wp--preset--spacing--80)\">\n<h2 class=\"wp-block-heading\" style=\"padding-top:var(--wp--preset--spacing--40);padding-bottom:var(--wp--preset--spacing--40);font-size:25px;font-style:normal;font-weight:600;text-transform:capitalize\"> Perfect pentru aceste aplica\u021bii<\/h2>\n\n\n\n<ul class=\"wp-block-list\">\n<li>Iluminat sub dulap \u0219i pe rafturi: \u00cembun\u0103t\u0103\u021bi\u021bi buc\u0103t\u0103riile, dulapurile \u0219i vitrinele.<\/li>\n\n\n\n<li>Iluminat de tip cove \u0219i arhitectural: Crea\u021bi linii ascunse de lumin\u0103 \u00een pere\u021bi \u0219i cabine.<\/li>\n\n\n\n<li>Vitrine de retail \u0219i comerciale: Folosi\u021bi LED-uri str\u0103lucitoare \u0219i curate pentru a eviden\u021bia produsele.<\/li>\n\n\n\n<li>Carcase pentru iluminatul mobilierului \u0219i dulapurilor: Lumini \u00eencorporate \u00een dulapuri \u0219i pe rafturi.<\/li>\n<\/ul>\n<\/div>\n\n\n\n<div class=\"wp-block-group has-background is-vertical is-layout-flex wp-container-core-group-is-layout-b429018a wp-block-group-is-layout-flex\" style=\"background-color:#f1f1f1f2;padding-top:var(--wp--preset--spacing--70);padding-bottom:var(--wp--preset--spacing--70)\">\n<h2 class=\"wp-block-heading\" style=\"padding-top:var(--wp--preset--spacing--40);padding-bottom:var(--wp--preset--spacing--40);font-size:25px;font-style:normal;font-weight:600;text-transform:capitalize\">produse care s-ar putea s\u0103-\u021bi plac\u0103<\/h2>\n\n\n\n<ul class=\"wp-block-list\">\n<li><a href=\"https:\/\/tangooled.com\/ro\/produs\/black-led-diffuser-aluminum-channel-for-12mm-tape-lights\/\"><mark style=\"background-color:rgba(0, 0, 0, 0)\" class=\"has-inline-color has-vivid-red-color\">Canal din aluminiu cu difuzor LED negru pentru benzi de 12mm<\/mark><\/a><\/li>\n\n\n\n<li><a href=\"https:\/\/tangooled.com\/ro\/produs\/25x14m-surface-mounted-led-light-aluminum-profile\/\"><mark style=\"background-color:rgba(0, 0, 0, 0)\" class=\"has-inline-color has-vivid-red-color\">Profil LED din aluminiu montat pe suprafa\u021b\u0103 de 25x14mm<\/mark><\/a><\/li>\n\n\n\n<li><a href=\"https:\/\/tangooled.com\/ro\/produs\/led-strip-light-channel-aluminum-profile-with-diffused-cover-6mm-height\/\"><mark style=\"background-color:rgba(0, 0, 0, 0)\" class=\"has-inline-color has-vivid-red-color\">Profil din aluminiu pentru benzi LED cu capac difuzor de 6mm \u00een\u0103l\u021bime<\/mark><\/a><\/li>\n\n\n\n<li><a href=\"https:\/\/tangooled.com\/ro\/produs\/recessed-led-aluminum-profile-up-and-down-lighting-channel-for-cabinet\/\"><mark style=\"background-color:rgba(0, 0, 0, 0)\" class=\"has-inline-color has-vivid-red-color\">Canal din aluminiu pentru iluminat LED \u00eencastrat, cu lumin\u0103 \u00een sus \u0219i \u00een jos, pentru dulapuri<\/mark><\/a><\/li>\n<\/ul>\n<\/div>\n\n\n\n<p><\/p>","protected":false},"featured_media":14831,"template":"","meta":{"_acf_changed":true,"_seopress_robots_primary_cat":"none","_seopress_titles_title":"13mm Deep Recessed LED Channel Aluminum Lighting Profile | TANGOOLED","_seopress_titles_desc":"Experience smooth linear lighting with our 13mm deep recessed LED channel. This recessed aluminum profile is designed for a flush-mount finish, providing excellent heat dissipation for professional indoor projects.","_seopress_robots_index":""},"pcb-width":[229],"product-cat":[193],"class_list":{"0":"post-34968","1":"product","2":"type-product","3":"status-publish","4":"has-post-thumbnail","6":"pcb-width-15-20mm","7":"product-cat-recessed-profile"},"acf":[],"_links":{"self":[{"href":"https:\/\/tangooled.com\/ro\/wp-json\/wp\/v2\/product\/34968","targetHints":{"allow":["GET"]}}],"collection":[{"href":"https:\/\/tangooled.com\/ro\/wp-json\/wp\/v2\/product"}],"about":[{"href":"https:\/\/tangooled.com\/ro\/wp-json\/wp\/v2\/types\/product"}],"wp:featuredmedia":[{"embeddable":true,"href":"https:\/\/tangooled.com\/ro\/wp-json\/wp\/v2\/media\/14831"}],"wp:attachment":[{"href":"https:\/\/tangooled.com\/ro\/wp-json\/wp\/v2\/media?parent=34968"}],"wp:term":[{"taxonomy":"pcb-width","embeddable":true,"href":"https:\/\/tangooled.com\/ro\/wp-json\/wp\/v2\/pcb-width?post=34968"},{"taxonomy":"product-cat","embeddable":true,"href":"https:\/\/tangooled.com\/ro\/wp-json\/wp\/v2\/product-cat?post=34968"}],"curies":[{"name":"wp","href":"https:\/\/api.w.org\/{rel}","templated":true}]}}