{"id":34966,"date":"2025-07-01T02:22:37","date_gmt":"2025-07-01T10:22:37","guid":{"rendered":"https:\/\/tangooled.com\/?post_type=product&#038;p=34966"},"modified":"2026-01-25T19:12:54","modified_gmt":"2026-01-26T03:12:54","slug":"recessed-25mm-led-aluminum-channel-for-double-row-led-strips","status":"publish","type":"product","link":"https:\/\/tangooled.com\/ro\/produs\/recessed-25mm-led-aluminum-channel-for-double-row-led-strips\/","title":{"rendered":"canal din aluminiu LED \u00eencastrat de 25mm pentru benzi LED pe dou\u0103 r\u00e2nduri"},"content":{"rendered":"<div class=\"wp-block-group\" style=\"padding-top:var(--wp--preset--spacing--80);padding-bottom:var(--wp--preset--spacing--80)\"><div class=\"wp-block-group__inner-container is-layout-constrained wp-block-group-is-layout-constrained\">\n<p>Canalul nostru din aluminiu LED \u00eencastrat de 25 mm este perfect pentru multe solu\u021bii de iluminat cu benzi. Are suficient spa\u021biu pentru dou\u0103 r\u00e2nduri de benzi LED, ceea ce \u00ee\u021bi ofer\u0103 o lumin\u0103 frumoas\u0103 \u0219i uniform\u0103.<br>This aluminum profile is 35.6 mm wide on the outside and 13.8 mm tall overall. The internal width is 25.0 mm, which is perfect for carrying LED strips\u00a0that are wider. The channel is made of high-quality extruded 6063-T5 aluminum alloy, which helps it cool down fast.The diffuser is made of opal PC material, which hides the bright spots of the LEDs.<br>This 25mm recessed channel is for indoor use, and its wide shape makes it perfect for tasks that demand a lot of light all the time, like commercial task lighting, wide ambient lighting in ceilings, and modern houses and offices&#8217; architectural lighting.<\/p>\n<\/div><\/div>\n\n\n\n<div class=\"wp-block-group has-background is-vertical is-layout-flex wp-container-core-group-is-layout-d255d7c4 wp-block-group-is-layout-flex\" style=\"background-color:#f1f1f1;padding-top:var(--wp--preset--spacing--80);padding-bottom:var(--wp--preset--spacing--80)\">\n<div class=\"wp-block-group is-vertical is-layout-flex wp-container-core-group-is-layout-8cf370e7 wp-block-group-is-layout-flex\">\n<h2 class=\"wp-block-heading\" style=\"padding-top:var(--wp--preset--spacing--40);padding-bottom:var(--wp--preset--spacing--40);font-size:25px;font-style:normal;font-weight:600;text-transform:capitalize\">De ce s\u0103 folose\u0219ti canalul nostru din aluminiu LED \u00eencastrat de 25 mm?<\/h2>\n\n\n\n<ul class=\"wp-block-list\">\n<li>sus\u021bine dou\u0103 benzi LED: Poate sus\u021bine benzi LED cu dou\u0103 r\u00e2nduri de p\u00e2n\u0103 la 12 mm l\u0103\u021bime, cum ar fi 2835 sau 5050.<\/li>\n\n\n\n<li>Montare la nivel: Acest stil se potrive\u0219te perfect \u00een peretele sau tavanul t\u0103u, ceea ce \u00eel face s\u0103 arate bine.<\/li>\n\n\n\n<li>Aluminiu rezistent: Metalul anodizat 6063-T5 ajut\u0103 LED-urile s\u0103 dureze mai mult prin disiparea c\u0103ldurii.<\/li>\n\n\n\n<li>Capac difuzor frosted: \u00cembl\u00e2nze\u0219te lumina \u0219i elimin\u0103 zonele dure.<\/li>\n\n\n\n<li>Protejeaz\u0103 benzile LED de praf \u0219i daune.<\/li>\n<\/ul>\n<\/div>\n<\/div>\n\n\n\n<div class=\"wp-block-group\" style=\"padding-top:var(--wp--preset--spacing--60);padding-bottom:var(--wp--preset--spacing--60)\"><div class=\"wp-block-group__inner-container is-layout-constrained wp-block-group-is-layout-constrained\">\n<div class=\"wp-block-media-text has-media-on-the-right is-stacked-on-mobile\"><div class=\"wp-block-media-text__content\">\n<h2 class=\"wp-block-heading\" style=\"padding-top:var(--wp--preset--spacing--40);padding-bottom:var(--wp--preset--spacing--40);font-size:25px;font-style:normal;font-weight:600;text-transform:capitalize\">Cum s\u0103 folose\u0219ti canalul LED \u00eencastrat de 25 mm<\/h2>\n\n\n\n<ul class=\"wp-block-list\">\n<li>F\u0103 o ad\u00e2ncitur\u0103 \u00een peretele sau tavanul care are aceea\u0219i dimensiune cu canalul din aluminiu.<\/li>\n\n\n\n<li>Pune canalul \u00een ad\u00e2ncitur\u0103 astfel \u00eenc\u00e2t s\u0103 fie la nivel cu suprafa\u021ba.<\/li>\n\n\n\n<li>Folose\u0219te \u0219uruburi pentru a-l men\u021bine pe loc.<\/li>\n\n\n\n<li>\u00cen interior, pune dou\u0103 benzi de LED-uri una l\u00e2ng\u0103 alta.<\/li>\n\n\n\n<li>A\u0219az\u0103 capacul pentru difuzorul frosted.<\/li>\n\n\n\n<li>Pentru a le \u00eenchide, pune capace la ambele capete.<\/li>\n\n\n\n<li>Conecteaz\u0103-l \u0219i bucur\u0103-te de o lumin\u0103 str\u0103lucitoare \u0219i uniform\u0103!<\/li>\n<\/ul>\n<\/div><figure class=\"wp-block-media-text__media\"><img loading=\"lazy\" decoding=\"async\" width=\"500\" height=\"500\" src=\"https:\/\/tangooled.com\/wp-content\/uploads\/2025\/07\/rp25-ins.webp\" alt=\"recessed 25mm led aluminum channel for double row led strips\" class=\"wp-image-41788 size-full\" srcset=\"https:\/\/tangooled.com\/wp-content\/uploads\/2025\/07\/rp25-ins.webp 500w, https:\/\/tangooled.com\/wp-content\/uploads\/2025\/07\/rp25-ins-300x300.webp 300w, https:\/\/tangooled.com\/wp-content\/uploads\/2025\/07\/rp25-ins-150x150.webp 150w\" sizes=\"auto, (max-width: 500px) 100vw, 500px\" \/><\/figure><\/div>\n<\/div><\/div>\n\n\n\n<div class=\"wp-block-group has-background is-vertical is-layout-flex wp-container-core-group-is-layout-b429018a wp-block-group-is-layout-flex\" style=\"background-color:#f1f1f1f2;padding-top:var(--wp--preset--spacing--70);padding-bottom:var(--wp--preset--spacing--70)\">\n<h2 class=\"wp-block-heading\" style=\"padding-top:var(--wp--preset--spacing--40);padding-bottom:var(--wp--preset--spacing--40);font-size:25px;font-style:normal;font-weight:600;text-transform:capitalize\">what\u2018s in the kit?<\/h2>\n\n\n\n<ul class=\"wp-block-list\">\n<li>1x Profil din aluminiu anodizat de 25mm<\/li>\n\n\n\n<li>1x Difuzor din policarbonat opal<\/li>\n\n\n\n<li>Dou\u0103 capace de cap\u0103t<\/li>\n\n\n\n<li>\u0218uruburi<\/li>\n<\/ul>\n<\/div>\n\n\n\n<div class=\"wp-block-group is-vertical is-layout-flex wp-container-core-group-is-layout-d255d7c4 wp-block-group-is-layout-flex\" style=\"padding-top:var(--wp--preset--spacing--80);padding-bottom:var(--wp--preset--spacing--80)\">\n<h2 class=\"wp-block-heading\" style=\"padding-top:var(--wp--preset--spacing--40);padding-bottom:var(--wp--preset--spacing--40);font-size:25px;font-style:normal;font-weight:600;text-transform:capitalize\">Unde po\u021bi s\u0103-l folose\u0219ti?<\/h2>\n\n\n\n<p style=\"padding-right:var(--wp--preset--spacing--50);padding-left:var(--wp--preset--spacing--50)\">Canalul nostru din aluminiu \u00eencastrat de 25 mm func\u021bioneaz\u0103 bine \u00een multe locuri:<\/p>\n\n\n\n<ul class=\"wp-block-list\">\n<li>F\u0103 linii de lumin\u0103 care sunt drepte \u0219i ordonate pe pere\u021bi \u0219i plafoane.<\/li>\n\n\n\n<li>Sub dulapuri: F\u0103 ca blaturile sau rafturile de buc\u0103t\u0103rie s\u0103 fie mai luminoase.<\/li>\n\n\n\n<li>Rafturi de retail: Folose\u0219te lumin\u0103 uniform\u0103 pentru a pune \u00een eviden\u021b\u0103 produsele tale.<\/li>\n\n\n\n<li>Designuri arhitecturale: Ofer\u0103 caselor \u0219i birourilor un aspect modern.<\/li>\n<\/ul>\n<\/div>\n\n\n\n<div class=\"wp-block-group has-background is-vertical is-layout-flex wp-container-core-group-is-layout-b429018a wp-block-group-is-layout-flex\" style=\"background-color:#f1f1f1f2;padding-top:var(--wp--preset--spacing--70);padding-bottom:var(--wp--preset--spacing--70)\">\n<h2 class=\"wp-block-heading\" style=\"padding-top:var(--wp--preset--spacing--40);padding-right:0;padding-bottom:var(--wp--preset--spacing--40);padding-left:0;font-size:25px;font-style:normal;font-weight:600;text-transform:capitalize\">produse conexe care s-ar putea s\u0103-\u021bi plac\u0103<\/h2>\n\n\n\n<ul class=\"wp-block-list\">\n<li><a href=\"https:\/\/tangooled.com\/ro\/produs\/black-led-diffuser-aluminum-channel-for-12mm-tape-lights\/\"><mark style=\"background-color:rgba(0, 0, 0, 0)\" class=\"has-inline-color has-vivid-red-color\">Canal din aluminiu cu difuzor LED negru pentru benzi de 12mm<\/mark><\/a><\/li>\n\n\n\n<li><a href=\"https:\/\/tangooled.com\/ro\/produs\/surface-mount-led-profile-with-frosted-diffuser-for-10mm-rope-lights\/\"><mark style=\"background-color:rgba(0, 0, 0, 0)\" class=\"has-inline-color has-vivid-red-color\">Profil LED de montare pe suprafa\u021b\u0103 cu difuzor satin pentru benzile de 10mm<\/mark><\/a><\/li>\n\n\n\n<li><a href=\"https:\/\/tangooled.com\/ro\/produs\/25mm-u-shape-led-mounting-channel-for-15mm-double-row-led-strip-lights\/\"><mark style=\"background-color:rgba(0, 0, 0, 0)\" class=\"has-inline-color has-vivid-red-color\">Canal de montare LED \u00een form\u0103 de U de 25mm pentru benzi LED cu dou\u0103 r\u00e2nduri de 15mm<\/mark><\/a><\/li>\n\n\n\n<li><a href=\"https:\/\/tangooled.com\/ro\/produs\/aluminum-led-strip-extrusion-diffuser-channel-for-5050-double-row-led-strip\/\"><mark style=\"background-color:rgba(0, 0, 0, 0)\" class=\"has-inline-color has-vivid-red-color\">Canal de extrudare pentru band\u0103 LED 5050 cu difuzor<\/mark><\/a> <\/li>\n<\/ul>\n<\/div>\n\n\n\n<p><\/p>","protected":false},"featured_media":14325,"template":"","meta":{"_acf_changed":true,"_seopress_robots_primary_cat":"none","_seopress_titles_title":"25mm Recessed LED Aluminum Channel for Double Row Strip | TANGOOLED","_seopress_titles_desc":"Buy our 25mm recessed LED aluminum channel designed for double row LED strips. This professional recessed profile provides high brightness and efficient heat dissipation for large-scale linear lighting projects.","_seopress_robots_index":""},"pcb-width":[228],"product-cat":[193],"class_list":{"0":"post-34966","1":"product","2":"type-product","3":"status-publish","4":"has-post-thumbnail","6":"pcb-width-6-12mm","7":"product-cat-recessed-profile"},"acf":[],"_links":{"self":[{"href":"https:\/\/tangooled.com\/ro\/wp-json\/wp\/v2\/product\/34966","targetHints":{"allow":["GET"]}}],"collection":[{"href":"https:\/\/tangooled.com\/ro\/wp-json\/wp\/v2\/product"}],"about":[{"href":"https:\/\/tangooled.com\/ro\/wp-json\/wp\/v2\/types\/product"}],"wp:featuredmedia":[{"embeddable":true,"href":"https:\/\/tangooled.com\/ro\/wp-json\/wp\/v2\/media\/14325"}],"wp:attachment":[{"href":"https:\/\/tangooled.com\/ro\/wp-json\/wp\/v2\/media?parent=34966"}],"wp:term":[{"taxonomy":"pcb-width","embeddable":true,"href":"https:\/\/tangooled.com\/ro\/wp-json\/wp\/v2\/pcb-width?post=34966"},{"taxonomy":"product-cat","embeddable":true,"href":"https:\/\/tangooled.com\/ro\/wp-json\/wp\/v2\/product-cat?post=34966"}],"curies":[{"name":"wp","href":"https:\/\/api.w.org\/{rel}","templated":true}]}}