{"id":34957,"date":"2025-07-01T02:12:26","date_gmt":"2025-07-01T10:12:26","guid":{"rendered":"https:\/\/tangooled.com\/?post_type=product&#038;p=34957"},"modified":"2026-01-31T00:58:48","modified_gmt":"2026-01-31T08:58:48","slug":"recessed-17mm-led-profile-aluminum-channel-for-12mm-led-strips","status":"publish","type":"product","link":"https:\/\/tangooled.com\/ro\/produs\/recessed-17mm-led-profile-aluminum-channel-for-12mm-led-strips\/","title":{"rendered":"canal din aluminiu LED \u00eencastrat de 17mm pentru benzi LED de 12mm"},"content":{"rendered":"<div class=\"wp-block-group is-vertical is-layout-flex wp-container-core-group-is-layout-d255d7c4 wp-block-group-is-layout-flex\" style=\"padding-top:var(--wp--preset--spacing--80);padding-bottom:var(--wp--preset--spacing--80)\">\n<p>Our 17mm recessed LED profile is made for LED strips that are up to 12mm wide. It\u2019s great for hiding strip lights within walls, ceilings, or furniture without any seams. This recessed aluminum channel has an outer width of 25.2mm and an overall height of 23.2mm, with an internal width of 14.6mm.<br>Canalul este fabricat dintr-un aliaj de aluminiu extrudat 6063-T5 de \u00eenalt\u0103 calitate pentru o disipare excelent\u0103 a c\u0103ldurii, prelungind via\u021ba \u0219i luminozitatea LED-urilor. Capacitatea de difuzare opal, construit\u0103 din material PC (Policarbonat), asigur\u0103 o distribu\u021bie uniform\u0103 a luminii f\u0103r\u0103 niciun punct. Capacele de cap\u0103t \u0219i clemele de montare sunt incluse \u00een sistemul complet, facilit\u00e2nd instalarea u\u0219oar\u0103 \u0219i uniform\u0103.<\/p>\n<\/div>\n\n\n\n<div class=\"wp-block-group has-background is-vertical is-layout-flex wp-container-core-group-is-layout-d255d7c4 wp-block-group-is-layout-flex\" style=\"background-color:#f1f1f1;padding-top:var(--wp--preset--spacing--80);padding-bottom:var(--wp--preset--spacing--80)\">\n<div class=\"wp-block-group is-vertical is-layout-flex wp-container-core-group-is-layout-8cf370e7 wp-block-group-is-layout-flex\">\n<h2 class=\"wp-block-heading\" style=\"padding-top:var(--wp--preset--spacing--40);padding-bottom:var(--wp--preset--spacing--40);font-size:25px;font-style:normal;font-weight:600;text-transform:capitalize\">De ce s\u0103 alegi profilul nostru LED \u00eencastrat de 17mm?<\/h2>\n\n\n\n<ul class=\"wp-block-list\">\n<li>Design \u00eencastrat f\u0103r\u0103 cus\u0103turi: Canalul se potrive\u0219te perfect \u00een gips-carton, lemn sau glet pentru un aspect curat.<\/li>\n\n\n\n<li>Func\u021bioneaz\u0103 cu cele mai populare lumini LED de band\u0103 \u0219i se potrive\u0219te bine cu benzile LED de 12mm.<\/li>\n\n\n\n<li>R\u0103citor de aluminiu puternic: Men\u021bine LED-urile reci \u0219i de lung\u0103 durat\u0103.<\/li>\n\n\n\n<li>Opal\/polycarbonate diffuser: Makes the light softer so it doesn&#8217;t have any dots.<\/li>\n\n\n\n<li>U\u0219or de asamblat: Vine cu cleme de arc, dou\u0103 capace de cap\u0103t \u0219i un capac care se fixeaz\u0103.<\/li>\n\n\n\n<li>Mai multe finisaje: Po\u021bi alege din aluminiu anodizat argintiu, negru mat sau alb mat pentru a se potrivi decorului t\u0103u.<\/li>\n<\/ul>\n<\/div>\n<\/div>\n\n\n\n<div class=\"wp-block-group\" style=\"padding-top:var(--wp--preset--spacing--60);padding-bottom:var(--wp--preset--spacing--60)\"><div class=\"wp-block-group__inner-container is-layout-constrained wp-block-group-is-layout-constrained\">\n<div class=\"wp-block-media-text has-media-on-the-right is-stacked-on-mobile\"><div class=\"wp-block-media-text__content\">\n<h2 class=\"wp-block-heading\" style=\"padding-top:var(--wp--preset--spacing--40);padding-bottom:var(--wp--preset--spacing--40);font-size:25px;text-transform:capitalize\">Pa\u0219i simpli de instalare<\/h2>\n\n\n\n<ul class=\"wp-block-list\">\n<li>Decupeaz\u0103 un \u0219an\u021b \u00een gips-carton, lemn, MDF sau glet acolo unde dore\u0219ti s\u0103 pui lumina.<\/li>\n\n\n\n<li>Folose\u0219te adeziv sau cleme de arc pentru a men\u021bine canalul fixat \u00een \u0219an\u021b.<\/li>\n\n\n\n<li>Pune banda ta LED de 12mm \u00een interiorul canalului.<\/li>\n\n\n\n<li>Pune capacul difuzor pe deasupra \u0219i ata\u0219eaz\u0103 capacele de cap\u0103t pentru a termina.<\/li>\n<\/ul>\n<\/div><figure class=\"wp-block-media-text__media\"><img loading=\"lazy\" decoding=\"async\" width=\"500\" height=\"500\" src=\"https:\/\/tangooled.com\/wp-content\/uploads\/2025\/07\/rp17-ins.webp\" alt=\"canal din aluminiu LED \u00eencastrat de 17mm pentru benzi LED de 12mm\" class=\"wp-image-41679 size-full\" srcset=\"https:\/\/tangooled.com\/wp-content\/uploads\/2025\/07\/rp17-ins.webp 500w, https:\/\/tangooled.com\/wp-content\/uploads\/2025\/07\/rp17-ins-300x300.webp 300w, https:\/\/tangooled.com\/wp-content\/uploads\/2025\/07\/rp17-ins-150x150.webp 150w\" sizes=\"auto, (max-width: 500px) 100vw, 500px\" \/><\/figure><\/div>\n<\/div><\/div>\n\n\n\n<div class=\"wp-block-group has-background is-vertical is-layout-flex wp-container-core-group-is-layout-d255d7c4 wp-block-group-is-layout-flex\" style=\"background-color:#f1f1f1;padding-top:var(--wp--preset--spacing--80);padding-bottom:var(--wp--preset--spacing--80)\">\n<h2 class=\"wp-block-heading\" style=\"padding-top:var(--wp--preset--spacing--40);padding-bottom:var(--wp--preset--spacing--40);font-size:25px;font-style:normal;font-weight:600;text-transform:capitalize\">What\u2019s Inside the Box?<\/h2>\n\n\n\n<ul class=\"wp-block-list\">\n<li>1x canal din aluminiu LED \u00eencastrat de 17mm l\u0103\u021bime<\/li>\n\n\n\n<li>1x capac difuzor opal care se fixeaz\u0103<\/li>\n\n\n\n<li>2x cleme de arc pentru a te asigura c\u0103 se potrive\u0219te str\u00e2ns<\/li>\n\n\n\n<li>2x capace de cap\u0103t (1 solid, 1 cu g\u0103ur\u0103 pentru cablu)<\/li>\n<\/ul>\n<\/div>\n\n\n\n<div class=\"wp-block-group\" style=\"padding-top:var(--wp--preset--spacing--80);padding-bottom:var(--wp--preset--spacing--80)\"><div class=\"wp-block-group__inner-container is-layout-constrained wp-block-group-is-layout-constrained\">\n<h2 class=\"wp-block-heading\" style=\"padding-top:var(--wp--preset--spacing--40);padding-bottom:var(--wp--preset--spacing--40);font-size:25px;font-style:normal;font-weight:600;text-transform:capitalize\">Utiliz\u0103ri excelente pentru profilul nostru LED \u00eencastrat de 17mm<\/h2>\n\n\n\n<ul class=\"wp-block-list\">\n<li>Iluminat sub dulapuri: folose\u0219te o lumin\u0103 uniform\u0103, dreptunghiular\u0103 pentru a face blaturile mai luminoase.<\/li>\n\n\n\n<li>Accente pe pere\u021bi \u0219i tavane: Pentru un efect modern, ascunde lumini \u00een \u0219an\u021buri.<\/li>\n\n\n\n<li>Iluminat pentru mobil\u0103: rafturi, dulapuri \u0219i dressing-uri primesc lumini atr\u0103g\u0103toare integrate.<\/li>\n\n\n\n<li>Expuneri comerciale \u0219i de afaceri: prezint\u0103 produsele \u00eentr-un mod profesional.<\/li>\n<\/ul>\n<\/div><\/div>\n\n\n\n<div class=\"wp-block-group has-background is-vertical is-layout-flex wp-container-core-group-is-layout-b429018a wp-block-group-is-layout-flex\" style=\"background-color:#f1f1f1f2;padding-top:var(--wp--preset--spacing--70);padding-bottom:var(--wp--preset--spacing--70)\">\n<h2 class=\"wp-block-heading\" style=\"padding-top:var(--wp--preset--spacing--40);padding-bottom:var(--wp--preset--spacing--40);font-size:25px;font-style:normal;font-weight:600;text-transform:capitalize\">Verific\u0103 produsele noastre afiliate<\/h2>\n\n\n\n<ul class=\"wp-block-list\">\n<li>Ai nevoie de un difuzor negru? Vezi <a href=\"https:\/\/tangooled.com\/ro\/produs\/black-led-diffuser-aluminum-channel-for-12mm-tape-lights\/\"><mark style=\"background-color:rgba(0, 0, 0, 0)\" class=\"has-inline-color has-vivid-red-color\">canal din aluminiu cu difuzor LED negru pentru benzi de lumin\u0103 de 12 mm<\/mark><\/a>. <\/li>\n\n\n\n<li>Pentru montarea \u00een col\u021b cu benzile de 12mm, viziteaz\u0103 <a href=\"https:\/\/tangooled.com\/ro\/produs\/18x18mm-led-strip-corner-profile-for-12mm-led-strips\/\"><mark style=\"background-color:rgba(0, 0, 0, 0)\" class=\"has-inline-color has-vivid-red-color\">Profil col\u021bar LED de 18x18mm pentru benzi LED de 12mm<\/mark><\/a>.<\/li>\n\n\n\n<li>Exploreaz\u0103 <a href=\"https:\/\/tangooled.com\/ro\/produs\/black-aluminum-u-channel-profile-for-10mm-led-strips\/\"><mark style=\"background-color:rgba(0, 0, 0, 0)\" class=\"has-inline-color has-vivid-red-color\">profil din aluminiu negru \u00een form\u0103 de U pentru benzi LED de 10 mm<\/mark><\/a> pentru nevoile de iluminat ultra-sub\u021bire.<\/li>\n<\/ul>\n<\/div>\n\n\n\n<p><\/p>","protected":false},"featured_media":14348,"template":"","meta":{"_acf_changed":false,"_seopress_robots_primary_cat":"none","_seopress_titles_title":"17mm Recessed LED Channel | Fits 12mm Wide LED Strips | TANGOOLED","_seopress_titles_desc":"The RP17 is a 17mm recessed LED profile specifically designed to accommodate 12mm wide LED strips. Featuring a flanged edge to hide cutouts, it\u2019s the ideal solution for high-power linear lighting.","_seopress_robots_index":""},"pcb-width":[229],"product-cat":[193],"class_list":{"0":"post-34957","1":"product","2":"type-product","3":"status-publish","4":"has-post-thumbnail","6":"pcb-width-15-20mm","7":"product-cat-recessed-profile"},"acf":[],"_links":{"self":[{"href":"https:\/\/tangooled.com\/ro\/wp-json\/wp\/v2\/product\/34957","targetHints":{"allow":["GET"]}}],"collection":[{"href":"https:\/\/tangooled.com\/ro\/wp-json\/wp\/v2\/product"}],"about":[{"href":"https:\/\/tangooled.com\/ro\/wp-json\/wp\/v2\/types\/product"}],"wp:featuredmedia":[{"embeddable":true,"href":"https:\/\/tangooled.com\/ro\/wp-json\/wp\/v2\/media\/14348"}],"wp:attachment":[{"href":"https:\/\/tangooled.com\/ro\/wp-json\/wp\/v2\/media?parent=34957"}],"wp:term":[{"taxonomy":"pcb-width","embeddable":true,"href":"https:\/\/tangooled.com\/ro\/wp-json\/wp\/v2\/pcb-width?post=34957"},{"taxonomy":"product-cat","embeddable":true,"href":"https:\/\/tangooled.com\/ro\/wp-json\/wp\/v2\/product-cat?post=34957"}],"curies":[{"name":"wp","href":"https:\/\/api.w.org\/{rel}","templated":true}]}}