{"id":34948,"date":"2025-07-01T01:50:51","date_gmt":"2025-07-01T09:50:51","guid":{"rendered":"https:\/\/tangooled.com\/?post_type=product&#038;p=34948"},"modified":"2026-02-02T22:22:41","modified_gmt":"2026-02-03T06:22:41","slug":"recessed-black-light-diffuser-aluminum-channel-for-10mm-led-strips","status":"publish","type":"product","link":"https:\/\/tangooled.com\/ro\/produs\/recessed-black-light-diffuser-aluminum-channel-for-10mm-led-strips\/","title":{"rendered":"Canal din aluminiu pentru difuzor de lumin\u0103 neagr\u0103 \u00eencastrat pentru benzi LED de 10mm"},"content":{"rendered":"<div class=\"wp-block-group\" style=\"padding-top:var(--wp--preset--spacing--80);padding-bottom:var(--wp--preset--spacing--80)\"><div class=\"wp-block-group__inner-container is-layout-constrained wp-block-group-is-layout-constrained\">\n<p>Canalul nostru din aluminiu pentru difuzor de lumin\u0103 neagr\u0103 \u00eencastrat ofer\u0103 o solu\u021bie de calitate profesional\u0103 pentru iluminatul \u00eencastrat f\u0103r\u0103 sudur\u0103. Ofer\u0103 un finisaj curat, nivelat pentru plafoane, lucr\u0103ri de t\u00e2mpl\u0103rie \u0219i aplica\u021bii de mobilier.<\/p>\n\n\n\n<p>Profilul are l\u0103\u021bimea de 21.2mm \u0219i \u00een\u0103l\u021bimea de 12.0mm, fiind fabricat din aluminiu robust, extrudat. Se potrive\u0219te perfect \u00eentr-o fanta care are 15.2 mm l\u0103\u021bime \u0219i 12.0 mm ad\u00e2ncime. L\u0103\u021bimea interioar\u0103 de 11.2mm face u\u0219or de instalat benzi LED care au 10mm sau mai pu\u021bin \u00een l\u0103\u021bime. Difuzorul din PC de culoare neagr\u0103 face ca lumina s\u0103 fie uniform\u0103 \u0219i de \u00eenalt\u0103 calitate, elimin\u00e2nd punctele LED vizibile. Finisajele exterioare de pe \u00eentreaga carcas\u0103 ajut\u0103 la gestionarea c\u0103ldurii.<\/p>\n\n\n\n<p>Exist\u0103 trei culori diferite ale canalului: negru, argintiu \u0219i alb. Are tot ce ai nevoie pentru a-l instala \u00een siguran\u021b\u0103 \u0219i f\u0103r\u0103 praf, precum \u0219i o modalitate simpl\u0103 de a conecta alimentarea: difuzorul din PC, clipsuri de montare din o\u021bel inoxidabil \u0219i dou\u0103 capace (unul solid \u0219i unul cu un orificiu pentru un cablu).<\/p>\n<\/div><\/div>\n\n\n\n<div class=\"wp-block-group has-background is-vertical is-layout-flex wp-container-core-group-is-layout-d255d7c4 wp-block-group-is-layout-flex\" style=\"background-color:#f1f1f1;padding-top:var(--wp--preset--spacing--80);padding-bottom:var(--wp--preset--spacing--80)\">\n<div class=\"wp-block-group is-vertical is-layout-flex wp-container-core-group-is-layout-8cf370e7 wp-block-group-is-layout-flex\">\n<h2 class=\"wp-block-heading\" style=\"padding-top:var(--wp--preset--spacing--40);padding-bottom:var(--wp--preset--spacing--40);font-size:25px;font-style:normal;font-weight:600;text-transform:capitalize\">De ce s\u0103 folose\u0219ti acest canal din aluminiu pentru difuzor de lumin\u0103 neagr\u0103 \u00eencastrat?<\/h2>\n\n\n\n<ul class=\"wp-block-list\">\n<li>Func\u021bia r\u0103citorului: Aluminiul ajut\u0103 la \u00eendep\u0103rtarea&nbsp;c\u0103ldurii de la banda ta LED. Acest lucru face ca banda ta LED s\u0103 dureze mai mult.<\/li>\n\n\n\n<li>Iluminare f\u0103r\u0103 puncte: Difuzorul fumuriu \u00eempr\u0103\u0219tie lumina LED \u00een mod uniform. Elimin\u0103 zonele inegale \u0219i produce o str\u0103lucire frumoas\u0103 \u0219i uniform\u0103.<\/li>\n\n\n\n<li>Flush Finish: The recessed profile fits into walls, ceilings, cabinets, or staircases so the light looks like it&#8217;s part of the structure.<\/li>\n\n\n\n<li>Protec\u021bie: Banda ta LED este \u00een siguran\u021b\u0103 de lovituri, praf \u0219i ap\u0103.<\/li>\n\n\n\n<li>Aspect modern: Nuanta neagr\u0103 face ca canalul s\u0103 fie aproape invizibil pe suprafe\u021be \u00eentunecate, dar se eviden\u021biaz\u0103 \u0219i arat\u0103 bine pe cele deschise.<\/li>\n\n\n\n<li>Utilizare versatil\u0103: Ca iluminat LED sub dulapuri, pe pere\u021bi accentuati, pe mobilier, \u00een vitrine.<\/li>\n<\/ul>\n<\/div>\n<\/div>\n\n\n\n<div class=\"wp-block-group\" style=\"padding-top:var(--wp--preset--spacing--60);padding-bottom:var(--wp--preset--spacing--60)\"><div class=\"wp-block-group__inner-container is-layout-constrained wp-block-group-is-layout-constrained\">\n<div class=\"wp-block-media-text has-media-on-the-right is-stacked-on-mobile\"><div class=\"wp-block-media-text__content\">\n<h2 class=\"wp-block-heading\" style=\"padding-top:var(--wp--preset--spacing--40);padding-bottom:var(--wp--preset--spacing--40);font-size:25px;font-style:normal;font-weight:600;text-transform:capitalize\">Pa\u0219i u\u0219ori pentru instalare<\/h2>\n\n\n\n<ul class=\"wp-block-list\">\n<li>Taie fanta: F\u0103 o fant\u0103 \u00een lemn, ipsos sau placaj.<\/li>\n\n\n\n<li>Fixeaz\u0103 canalul: Folose\u0219te adeziv sau clipsuri de montare pentru a men\u021bine profilul din aluminiu \u00een fant\u0103.<\/li>\n\n\n\n<li>Introdu banda ta LED: Pune banda LED de 10mm \u00een interiorul canalului.<\/li>\n\n\n\n<li>Pune difuzorul: Clipseaz\u0103 capacul negru peste banda ta LED.<\/li>\n\n\n\n<li>Ata\u0219eaz\u0103 capacele: Folose\u0219te capacele care vin cu cablurile pentru a proteja capetele.<\/li>\n<\/ul>\n<\/div><figure class=\"wp-block-media-text__media\"><img loading=\"lazy\" decoding=\"async\" width=\"500\" height=\"500\" src=\"https:\/\/tangooled.com\/wp-content\/uploads\/2025\/07\/irp04-ins.webp\" alt=\"recessed 15x12mm black light diffuser aluminum channel for 10mm led strips\" class=\"wp-image-41144 size-full\" srcset=\"https:\/\/tangooled.com\/wp-content\/uploads\/2025\/07\/irp04-ins.webp 500w, https:\/\/tangooled.com\/wp-content\/uploads\/2025\/07\/irp04-ins-300x300.webp 300w, https:\/\/tangooled.com\/wp-content\/uploads\/2025\/07\/irp04-ins-150x150.webp 150w\" sizes=\"auto, (max-width: 500px) 100vw, 500px\" \/><\/figure><\/div>\n<\/div><\/div>\n\n\n\n<div class=\"wp-block-group has-background\" style=\"background-color:#f1f1f1;padding-top:var(--wp--preset--spacing--80);padding-bottom:var(--wp--preset--spacing--80)\"><div class=\"wp-block-group__inner-container is-layout-constrained wp-block-group-is-layout-constrained\">\n<h2 class=\"wp-block-heading\" style=\"padding-top:var(--wp--preset--spacing--40);padding-bottom:var(--wp--preset--spacing--40);font-size:25px;font-style:normal;font-weight:600;text-transform:capitalize\">What\u2019s in the Box?<\/h2>\n\n\n\n<ul class=\"wp-block-list\">\n<li>1 x canal din aluminiu negru \u00eencastrat 15x12mm<\/li>\n\n\n\n<li>1 x difuzor din policarbonat fumuriu<\/li>\n\n\n\n<li>2 x capace (1 cu un orificiu, 1 f\u0103r\u0103)<\/li>\n\n\n\n<li>2 x clipsuri de montare pentru instalare sigur\u0103<\/li>\n<\/ul>\n<\/div><\/div>\n\n\n\n<div class=\"wp-block-group\" style=\"padding-top:var(--wp--preset--spacing--80);padding-bottom:var(--wp--preset--spacing--80)\"><div class=\"wp-block-group__inner-container is-layout-constrained wp-block-group-is-layout-constrained\">\n<h2 class=\"wp-block-heading\" style=\"padding-top:var(--wp--preset--spacing--40);padding-bottom:var(--wp--preset--spacing--40);font-size:25px;font-style:normal;font-weight:600;text-transform:capitalize\">Unde po\u021bi folosi acest canal din difuzor negru \u00eencastrat?<\/h2>\n\n\n\n<ul class=\"wp-block-list\">\n<li>Iluminat sub dulapuri: Adaug\u0103 lumin\u0103 pentru sarcini \u00een buc\u0103t\u0103rii sau ateliere.<\/li>\n\n\n\n<li>Iluminat pe perete sau tavan: Creeaz\u0103 o lumin\u0103 de atmosfer\u0103 sau accent ascuns\u0103.<\/li>\n\n\n\n<li>Mobilier \u0219i rafturi: Ilumineaz\u0103 rafturi sau biblioteci f\u0103r\u0103 cabluri vizibile.<\/li>\n\n\n\n<li>Afisaje comerciale: Folose\u0219te linii netede \u0219i luminoase pentru a eviden\u021bia m\u0103rfurile tale.<\/li>\n\n\n\n<li>Iluminat arhitectural \u00een colturi: Perfect pentru un aspect nivelat, f\u0103r\u0103 margini \u00een col\u021buri sau pe plafoane.<\/li>\n<\/ul>\n<\/div><\/div>\n\n\n\n<div class=\"wp-block-group has-background\" style=\"background-color:#f1f1f1;padding-top:var(--wp--preset--spacing--80);padding-bottom:var(--wp--preset--spacing--80)\"><div class=\"wp-block-group__inner-container is-layout-constrained wp-block-group-is-layout-constrained\">\n<h2 class=\"wp-block-heading\" style=\"padding-top:var(--wp--preset--spacing--40);padding-bottom:var(--wp--preset--spacing--40);font-size:20px\">Rezumat<\/h2>\n\n\n\n<p style=\"padding-right:var(--wp--preset--spacing--50);padding-left:var(--wp--preset--spacing--50)\">Acest canal LED cu difuzor negru \u00eencastrat este o solu\u021bie ideal\u0103 pentru a ata\u0219a benzi \u00eentr-un mod profesional, curat \u0219i sigur. Func\u021bioneaz\u0103 cu toate benzile LED populare de 10mm, men\u021bine LED-urile tale reci, protejeaz\u0103 banda \u0219i creaz\u0103 o iluminare uniform\u0103 \u0219i f\u0103r\u0103 puncte datorit\u0103 difuzorului s\u0103u fumuriu. Instaleaz\u0103-l \u00een pere\u021bii t\u0103i, plafoane, sc\u0103ri, mobilier sau vitrine pentru un aspect modern de iluminat arhitectural.<\/p>\n<\/div><\/div>\n\n\n\n<p style=\"padding-top:var(--wp--preset--spacing--80);padding-bottom:var(--wp--preset--spacing--80)\">Comand\u0103 acum \u0219i ob\u021bine tot ce ai nevoie \u00eentr-un singur kit! Pentru mai multe op\u021biuni, verific\u0103 <a href=\"https:\/\/tangooled.com\/ro\/produs\/black-aluminum-u-channel-profile-for-10mm-led-strips\/\"><mark style=\"background-color:rgba(0, 0, 0, 0)\" class=\"has-inline-color has-vivid-red-color\">canalul din aluminiu negru U pentru benzile LED de 10mm<\/mark><\/a> sau exploreaz\u0103 <a href=\"https:\/\/tangooled.com\/ro\/produs\/led-strip-light-channel-aluminum-profile-with-diffused-cover-6mm-height\/\"><mark style=\"background-color:rgba(0, 0, 0, 0)\" class=\"has-inline-color has-vivid-red-color\">profiluri sub\u021biri precum canalul de lumin\u0103 cu benzi LED de 6mm \u00een\u0103l\u021bime<\/mark><\/a>.<\/p>","protected":false},"featured_media":41148,"template":"","meta":{"_acf_changed":false,"_seopress_robots_primary_cat":"none","_seopress_titles_title":"Black Recessed Light Diffuser Aluminum Channel | TANGOOLED","_seopress_titles_desc":"Create a stealthy lighting effect with our black recessed light diffuser channel. The black lens provides a seamless dark aesthetic when off, making it perfect for premium 10mm LED strip installations.","_seopress_robots_index":""},"pcb-width":[228],"product-cat":[193],"class_list":{"0":"post-34948","1":"product","2":"type-product","3":"status-publish","4":"has-post-thumbnail","6":"pcb-width-6-12mm","7":"product-cat-recessed-profile"},"acf":[],"_links":{"self":[{"href":"https:\/\/tangooled.com\/ro\/wp-json\/wp\/v2\/product\/34948","targetHints":{"allow":["GET"]}}],"collection":[{"href":"https:\/\/tangooled.com\/ro\/wp-json\/wp\/v2\/product"}],"about":[{"href":"https:\/\/tangooled.com\/ro\/wp-json\/wp\/v2\/types\/product"}],"wp:featuredmedia":[{"embeddable":true,"href":"https:\/\/tangooled.com\/ro\/wp-json\/wp\/v2\/media\/41148"}],"wp:attachment":[{"href":"https:\/\/tangooled.com\/ro\/wp-json\/wp\/v2\/media?parent=34948"}],"wp:term":[{"taxonomy":"pcb-width","embeddable":true,"href":"https:\/\/tangooled.com\/ro\/wp-json\/wp\/v2\/pcb-width?post=34948"},{"taxonomy":"product-cat","embeddable":true,"href":"https:\/\/tangooled.com\/ro\/wp-json\/wp\/v2\/product-cat?post=34948"}],"curies":[{"name":"wp","href":"https:\/\/api.w.org\/{rel}","templated":true}]}}