{"id":34947,"date":"2025-07-01T01:48:07","date_gmt":"2025-07-01T09:48:07","guid":{"rendered":"https:\/\/tangooled.com\/?post_type=product&#038;p=34947"},"modified":"2026-02-02T22:29:46","modified_gmt":"2026-02-03T06:29:46","slug":"recessed-5mm-black-led-channel-for-8mm-cob-strips","status":"publish","type":"product","link":"https:\/\/tangooled.com\/ro\/produs\/recessed-5mm-black-led-channel-for-8mm-cob-strips\/","title":{"rendered":"canal LED negru \u00eencastrat de 5mm pentru benzi COB de 8mm"},"content":{"rendered":"<div class=\"wp-block-group is-vertical is-layout-flex wp-container-core-group-is-layout-d255d7c4 wp-block-group-is-layout-flex\" style=\"padding-top:var(--wp--preset--spacing--80);padding-bottom:var(--wp--preset--spacing--80)\">\n<p>Canalul nostru LED \u00eencastrat de 5mm, de culoare neagr\u0103, este conceput pentru instala\u021bii de iluminat de \u00eenalt\u0103 calitate. Func\u021bioneaz\u0103 bine cu lucr\u0103ri de lemn, gips-carton sau mobilier. Acest profil LED din aluminiu este realizat din aluminiu anodizat de \u00eenalt\u0103 calitate \u0219i are o \u00een\u0103l\u021bime de aproximativ 6.0mm \u0219i o l\u0103\u021bime de 21.2mm.<\/p>\n\n\n\n<p>Canalul are o l\u0103\u021bime interioar\u0103 de 11.2mm (0.44in), ceea ce este perfect pentru benzile LED COB de 8-10mm. Atunci c\u00e2nd este utilizat cu capacul de difuzor din PC rezistent, aceste benzi vor crea o linie de lumin\u0103 curat\u0103, profesional\u0103, f\u0103r\u0103 puncte vizibile. Canalul este disponibil \u00een negru, argintiu sau alb \u0219i include un set complet de accesorii, cum ar fi clemele de montare din o\u021bel inoxidabil \u0219i capacele finale, pentru a face instalarea sigur\u0103 \u0219i f\u0103r\u0103 praf. Acest lucru faciliteaz\u0103, de asemenea, conectarea la sursa de alimentare DC, oferind oric\u0103rui proiect de iluminat un aspect de \u00eenalt\u0103 calitate \u0219i integrat.<\/p>\n<\/div>\n\n\n\n<div class=\"wp-block-group has-background is-vertical is-layout-flex wp-container-core-group-is-layout-d255d7c4 wp-block-group-is-layout-flex\" style=\"background-color:#f1f1f1;padding-top:var(--wp--preset--spacing--80);padding-bottom:var(--wp--preset--spacing--80)\">\n<div class=\"wp-block-group is-vertical is-layout-flex wp-container-core-group-is-layout-8cf370e7 wp-block-group-is-layout-flex\">\n<h2 class=\"wp-block-heading\" style=\"padding-top:var(--wp--preset--spacing--40);padding-bottom:var(--wp--preset--spacing--40);font-size:25px;font-style:normal;font-weight:600;text-transform:capitalize\">De ce s\u0103 alegi canalul nostru LED \u00eencastrat de 5mm, de culoare neagr\u0103?<\/h2>\n\n\n\n<ul class=\"wp-block-list\">\n<li>Profilul ultra-\u00eengust de 5mm se potrive\u0219te perfect \u00een spa\u021bii str\u00e2mte, cum ar fi gips-cartonul sau dulapurile care au doar 6cm ad\u00e2ncime.<\/li>\n\n\n\n<li>Se potrive\u0219te perfect benzilor LED COB de 8mm, asigur\u00e2ndu-se c\u0103 lumina r\u0103m\u00e2ne constant\u0103 f\u0103r\u0103 puncte vizibile.<\/li>\n\n\n\n<li>Finisajul din aluminiu anodizat mat negru este de \u00eenalt\u0103 calitate \u0219i ascunde canalul, oferind un aspect curat, f\u0103r\u0103 margini.<\/li>\n\n\n\n<li>Difuzorul din policarbonat mat creeaz\u0103 o lumin\u0103 moale \u0219i uniform\u0103, f\u0103r\u0103 pete de c\u0103ldur\u0103.<\/li>\n\n\n\n<li>Vine cu cleme de montare \u0219i capace finale, care fac instalarea rapid\u0103 \u0219i u\u0219oar\u0103.<\/li>\n\n\n\n<li>Creat pentru iluminatul \u00eencastrat care este montat la nivel sau f\u0103r\u0103 margini.<\/li>\n\n\n\n<li>Func\u021bioneaz\u0103 cu benzile COB de densitate mare pentru un iluminat liniar f\u0103r\u0103 \u00eentreruperi.<\/li>\n<\/ul>\n<\/div>\n<\/div>\n\n\n\n<div class=\"wp-block-group\" style=\"padding-top:var(--wp--preset--spacing--60);padding-bottom:var(--wp--preset--spacing--60)\"><div class=\"wp-block-group__inner-container is-layout-constrained wp-block-group-is-layout-constrained\">\n<div class=\"wp-block-media-text has-media-on-the-right is-stacked-on-mobile\"><div class=\"wp-block-media-text__content\">\n<h2 class=\"wp-block-heading\" style=\"font-size:25px;font-style:normal;font-weight:600;text-transform:capitalize\">Sfaturi de instalare \u0219i compatibilitate<\/h2>\n\n\n\n<ul class=\"wp-block-list\">\n<li>Folose\u0219te o feronerie de m\u00e2n\u0103 pentru a t\u0103ia canalul uniform \u0219i a ob\u021bine capete \u0219i \u00eembin\u0103ri perfecte.<\/li>\n\n\n\n<li>Pentru instalare la nivel, folose\u0219te un frezor sau un ciocan pentru a face o strung\u0103 de 5mm ad\u00e2ncime \u0219i 15mm l\u0103\u021bime.<\/li>\n\n\n\n<li>Pentru cea mai bun\u0103 disipare a c\u0103ldurii \u0219i aliniere, decoje\u0219te \u0219i plaseaz\u0103 banda COB de 8mm \u00een baza canalului.<\/li>\n\n\n\n<li>Func\u021bioneaz\u0103 cu benzile LED COB de densitate mare, dar nu cu benzile SMD de densitate joas\u0103.<\/li>\n\n\n\n<li>Folose\u0219te cu drivere LED de \u00eencredere de la companii precum Mean Well \u0219i dimmers care func\u021bioneaz\u0103 cu ele.<\/li>\n<\/ul>\n<\/div><figure class=\"wp-block-media-text__media\"><img loading=\"lazy\" decoding=\"async\" width=\"500\" height=\"500\" src=\"https:\/\/tangooled.com\/wp-content\/uploads\/2025\/07\/irp03-ins.webp\" alt=\"canal LED negru \u00eencastrat de 5mm pentru benzi COB de 8mm\" class=\"wp-image-41137 size-full\" srcset=\"https:\/\/tangooled.com\/wp-content\/uploads\/2025\/07\/irp03-ins.webp 500w, https:\/\/tangooled.com\/wp-content\/uploads\/2025\/07\/irp03-ins-300x300.webp 300w, https:\/\/tangooled.com\/wp-content\/uploads\/2025\/07\/irp03-ins-150x150.webp 150w\" sizes=\"auto, (max-width: 500px) 100vw, 500px\" \/><\/figure><\/div>\n<\/div><\/div>\n\n\n\n<div class=\"wp-block-group has-background\" style=\"background-color:#f1f1f1f2;padding-top:var(--wp--preset--spacing--80);padding-bottom:var(--wp--preset--spacing--80)\"><div class=\"wp-block-group__inner-container is-layout-constrained wp-block-group-is-layout-constrained\">\n<h2 class=\"wp-block-heading\" style=\"padding-top:var(--wp--preset--spacing--40);padding-bottom:var(--wp--preset--spacing--40);font-size:25px;font-style:normal;font-weight:600\">What\u2019s Included?<\/h2>\n\n\n\n<ul class=\"wp-block-list\">\n<li>1x canal LED \u00eencastrat din aluminiu, de culoare neagr\u0103 <\/li>\n\n\n\n<li>\u2022 1x opal polycarbonate diffuser snap-in cover<\/li>\n\n\n\n<li>\u2022 2x mounting clips for secure installation<\/li>\n\n\n\n<li>\u2022 2x end caps (1 with wire hole for cable exit, 1 solid)<\/li>\n<\/ul>\n<\/div><\/div>\n\n\n\n<div class=\"wp-block-group is-vertical is-layout-flex wp-container-core-group-is-layout-d255d7c4 wp-block-group-is-layout-flex\" style=\"padding-top:var(--wp--preset--spacing--80);padding-bottom:var(--wp--preset--spacing--80)\">\n<h2 class=\"wp-block-heading\" style=\"padding-top:var(--wp--preset--spacing--40);padding-bottom:var(--wp--preset--spacing--40);font-size:25px;font-style:normal;font-weight:600\">Unde s\u0103 folose\u0219ti canalul LED \u00eencastrat de 5mm, de culoare neagr\u0103<\/h2>\n\n\n\n<ul class=\"wp-block-list\">\n<li>Mobilier \u0219i lucr\u0103ri de lemn: \u00cendeas\u0103-l \u00een rafturi, dulapuri \u0219i lucr\u0103ri personalizate din lemn pentru iluminat decorativ care se potrive\u0219te perfect cu textura lemnului.<\/li>\n\n\n\n<li>Iluminat sub dulap: Lumineaz\u0103 uniform \u0219i clar blaturile de buc\u0103t\u0103rie, f\u0103r\u0103 str\u0103luciri sau pete de c\u0103ldur\u0103.<\/li>\n\n\n\n<li>Pl\u0103ci de gips-carton: F\u0103 canale pu\u021bin ad\u00e2nci pentru l\u0103mpile moderne \u00eencastrate \u00een pere\u021bi \u0219i tavan; finisajul negru se \u00eembin\u0103 perfect cu restul camerei.<\/li>\n\n\n\n<li>Expuneri comerciale: Pentru a oferi magazinului t\u0103u o impresie profesionist\u0103, concentreaz\u0103 lumina asupra produselor \u0219i ascunde carcasa curat\u0103 neagr\u0103.<\/li>\n<\/ul>\n<\/div>\n\n\n\n<div class=\"wp-block-group is-vertical is-layout-flex wp-container-core-group-is-layout-d255d7c4 wp-block-group-is-layout-flex\" style=\"padding-top:var(--wp--preset--spacing--80);padding-bottom:var(--wp--preset--spacing--80)\">\n<p>Experimenteaz\u0103 diferen\u021ba unui canal LED \u00eencastrat curat de 5mm pentru benzile tale LED COB de 8mm din profilele noastre premium din aluminiu. Aduce iluminat modern, eficient din punct de vedere energetic \u0219i cu adev\u0103rat f\u0103r\u0103 \u00eentreruperi \u00een casa ta sau \u00een proiectul t\u0103u, cu \u00eencredere \u0219i u\u0219urin\u021b\u0103.<\/p>\n\n\n\n<ul class=\"wp-block-list\">\n<li><a href=\"https:\/\/tangooled.com\/ro\/produs\/black-led-diffuser-aluminum-channel-for-12mm-tape-lights\/\"><mark style=\"background-color:rgba(0, 0, 0, 0)\" class=\"has-inline-color has-vivid-red-color\">Canal din aluminiu cu difuzor LED negru pentru benzi de 12mm<\/mark><\/a><\/li>\n\n\n\n<li><a href=\"https:\/\/tangooled.com\/ro\/produs\/surface-mount-led-profile-with-frosted-diffuser-for-10mm-rope-lights\/\"><mark style=\"background-color:rgba(0, 0, 0, 0)\" class=\"has-inline-color has-vivid-red-color\">Profil LED de montare pe suprafa\u021b\u0103 cu difuzor satin pentru benzile de 10mm<\/mark><\/a><\/li>\n<\/ul>\n<\/div>\n\n\n\n<p><\/p>","protected":false},"featured_media":41140,"template":"","meta":{"_acf_changed":true,"_seopress_robots_primary_cat":"none","_seopress_titles_title":"Black 5mm Recessed LED Channel for 8mm COB Strips | TANGOOLED","_seopress_titles_desc":"Achieve a sleek, dot-free look with our black 5mm recessed LED channel. Specifically designed for 8mm COB strips, its ultra-narrow flange profile provides a seamless linear light effect in modern interiors.","_seopress_robots_index":""},"pcb-width":[228],"product-cat":[193],"class_list":{"0":"post-34947","1":"product","2":"type-product","3":"status-publish","4":"has-post-thumbnail","6":"pcb-width-6-12mm","7":"product-cat-recessed-profile"},"acf":[],"_links":{"self":[{"href":"https:\/\/tangooled.com\/ro\/wp-json\/wp\/v2\/product\/34947","targetHints":{"allow":["GET"]}}],"collection":[{"href":"https:\/\/tangooled.com\/ro\/wp-json\/wp\/v2\/product"}],"about":[{"href":"https:\/\/tangooled.com\/ro\/wp-json\/wp\/v2\/types\/product"}],"wp:featuredmedia":[{"embeddable":true,"href":"https:\/\/tangooled.com\/ro\/wp-json\/wp\/v2\/media\/41140"}],"wp:attachment":[{"href":"https:\/\/tangooled.com\/ro\/wp-json\/wp\/v2\/media?parent=34947"}],"wp:term":[{"taxonomy":"pcb-width","embeddable":true,"href":"https:\/\/tangooled.com\/ro\/wp-json\/wp\/v2\/pcb-width?post=34947"},{"taxonomy":"product-cat","embeddable":true,"href":"https:\/\/tangooled.com\/ro\/wp-json\/wp\/v2\/product-cat?post=34947"}],"curies":[{"name":"wp","href":"https:\/\/api.w.org\/{rel}","templated":true}]}}