{"id":34937,"date":"2025-07-01T00:43:01","date_gmt":"2025-07-01T08:43:01","guid":{"rendered":"https:\/\/tangooled.com\/?post_type=product&#038;p=34937"},"modified":"2026-02-02T22:25:45","modified_gmt":"2026-02-03T06:25:45","slug":"recessed-led-aluminum-profile-17x8mm-for-strip-lighting","status":"publish","type":"product","link":"https:\/\/tangooled.com\/ro\/produs\/recessed-led-aluminum-profile-17x8mm-for-strip-lighting\/","title":{"rendered":"profil din aluminiu \u00eencastrat de 17x8mm pentru iluminatul cu band\u0103 LED"},"content":{"rendered":"<div class=\"wp-block-group\" style=\"padding-top:var(--wp--preset--spacing--80);padding-bottom:var(--wp--preset--spacing--80)\"><div class=\"wp-block-group__inner-container is-layout-constrained wp-block-group-is-layout-constrained\">\n<p>Profilul nostru din aluminiu \u00eencadrat de 17x8mm pentru iluminatul cu band\u0103 LED este proiectat pentru a fi integrat direct \u00een pere\u021bi, tavan, mobilier sau dulapuri. Carcasa din aluminiu se potrive\u0219te cu o gam\u0103 larg\u0103 de l\u0103\u021bimi ale benzilor LED (p\u00e2n\u0103 la aproximativ 12mm), inclusiv benzile LED comune de 8mm, 10mm \u0219i 12mm \u0219i produsele compatibile cu banda LED COB. Se a\u0219az\u0103 \u00een caneluri de 17mm l\u0103\u021bime \u0219i 8mm ad\u00e2ncime, ceea ce \u00eei confer\u0103 un aspect profesional de iluminat arhitectural f\u0103r\u0103 puncte.<\/p>\n\n\n\n<p>Carcasa din aluminiu anodizat face ca aceasta s\u0103 fie un excelent radiator de c\u0103ldur\u0103 pentru LED-uri, men\u021bin\u00e2ndu-le reci \u0219i prelungind durata de via\u021b\u0103. Difuzorul opal inclus ascunde punctele LED, astfel \u00eenc\u00e2t s\u0103 ob\u021bii o lumin\u0103 uniform\u0103, cu o str\u0103lucire bl\u00e2nd\u0103 care face ca orice spa\u021biu s\u0103 par\u0103 mai curat.<\/p>\n<\/div><\/div>\n\n\n\n<div class=\"wp-block-group has-background\" style=\"background-color:#f1f1f1;padding-top:var(--wp--preset--spacing--80);padding-bottom:var(--wp--preset--spacing--80)\"><div class=\"wp-block-group__inner-container is-layout-constrained wp-block-group-is-layout-constrained\">\n<div class=\"wp-block-group is-vertical is-layout-flex wp-container-core-group-is-layout-8cf370e7 wp-block-group-is-layout-flex\">\n<h2 class=\"wp-block-heading\" style=\"padding-top:var(--wp--preset--spacing--40);padding-bottom:var(--wp--preset--spacing--40);font-size:25px;font-style:normal;font-weight:600;text-transform:capitalize\">De ce s\u0103 alegi acest profil LED \u00eencadrat de 17x8mm?<\/h2>\n\n\n\n<ul class=\"wp-block-list\">\n<li>Flush mount LED channel \u2013 for neat, low-profile install.<\/li>\n\n\n\n<li>Trimless lighting solution \u2013 perfect for drywall, furniture lighting integration, and kitchen cabinet accents.<\/li>\n\n\n\n<li>Strong heat sink \u2013 aluminum keeps LED tapes cool to avoid burnout.<\/li>\n\n\n\n<li>Iluminat f\u0103r\u0103 puncte \u2013 cu un difuzor opal care face lumina s\u0103 fie uniform\u0103 \u0219i lin\u0103, f\u0103r\u0103 zone fierbin\u021bi.<\/li>\n\n\n\n<li>Protection \u2013 shields LED strips from dust, moisture, and damage.<\/li>\n\n\n\n<li>Easy to cut and install \u2013 use mounting clips or adhesive to fix in place.<\/li>\n<\/ul>\n<\/div>\n<\/div><\/div>\n\n\n\n<div class=\"wp-block-group is-vertical is-layout-flex wp-container-core-group-is-layout-d255d7c4 wp-block-group-is-layout-flex\" style=\"padding-top:var(--wp--preset--spacing--80);padding-bottom:var(--wp--preset--spacing--80)\">\n<div class=\"wp-block-group\" style=\"padding-top:var(--wp--preset--spacing--60);padding-right:0;padding-bottom:var(--wp--preset--spacing--60);padding-left:0\"><div class=\"wp-block-group__inner-container is-layout-constrained wp-container-core-group-is-layout-c4900166 wp-block-group-is-layout-constrained\">\n<div class=\"wp-block-media-text has-media-on-the-right is-stacked-on-mobile\"><div class=\"wp-block-media-text__content\">\n<h2 class=\"wp-block-heading\" style=\"padding-top:var(--wp--preset--spacing--40);padding-bottom:var(--wp--preset--spacing--40);font-size:25px;text-transform:capitalize\">Cum s\u0103 instalezi canalul din aluminiu \u00eencadrat de 17x8mm<\/h2>\n\n\n\n<ul class=\"wp-block-list\">\n<li>Taie o canelur\u0103 \u00een gips-carton, lemn sau MDF pentru a se potrivi profilului (aproximativ 17.5mm l\u0103\u021bime x 8mm ad\u00e2ncime).<\/li>\n\n\n\n<li>Fixeaz\u0103 extrudatul de aluminiu utiliz\u00e2nd clemele de montare furnizate sau un adeziv puternic.<\/li>\n\n\n\n<li>A\u0219eaz\u0103 banda LED \u00een interiorul canalului, asigur\u00e2ndu-te c\u0103 banda se potrive\u0219te cu l\u0103\u021bimea intern\u0103 (~12mm).<\/li>\n\n\n\n<li>Prinde capacul difuzor opal pentru o lumin\u0103 uniform\u0103 \u0219i bl\u00e2nd\u0103.<\/li>\n\n\n\n<li>Ata\u0219eaz\u0103 capacele de cap\u0103t pentru a sigila capetele \u00een mod elegant (un capac cu o deschidere pentru fir pentru alimentare).<\/li>\n<\/ul>\n<\/div><figure class=\"wp-block-media-text__media\"><img loading=\"lazy\" decoding=\"async\" width=\"500\" height=\"500\" src=\"https:\/\/tangooled.com\/wp-content\/uploads\/2025\/07\/rp01-ins.webp\" alt=\"recessed aluminum profile 17x8mm for led strip lighting\" class=\"wp-image-40336 size-full\" srcset=\"https:\/\/tangooled.com\/wp-content\/uploads\/2025\/07\/rp01-ins.webp 500w, https:\/\/tangooled.com\/wp-content\/uploads\/2025\/07\/rp01-ins-300x300.webp 300w, https:\/\/tangooled.com\/wp-content\/uploads\/2025\/07\/rp01-ins-150x150.webp 150w\" sizes=\"auto, (max-width: 500px) 100vw, 500px\" \/><\/figure><\/div>\n<\/div><\/div>\n\n\n\n<hr class=\"wp-block-separator has-alpha-channel-opacity\"\/>\n<\/div>\n\n\n\n<div class=\"wp-block-group has-background\" style=\"background-color:#f1f1f1;padding-top:var(--wp--preset--spacing--50);padding-bottom:var(--wp--preset--spacing--50)\"><div class=\"wp-block-group__inner-container is-layout-constrained wp-block-group-is-layout-constrained\">\n<h2 class=\"wp-block-heading\" style=\"padding-top:var(--wp--preset--spacing--40);padding-bottom:var(--wp--preset--spacing--40);font-size:25px;font-style:normal;font-weight:600\">Accesorii Incluse<\/h2>\n\n\n\n<ul class=\"wp-block-list\">\n<li>Canal din aluminiu anodizat<\/li>\n\n\n\n<li>Difuzor opal (mat)<\/li>\n\n\n\n<li>Cleme de montare (2 sau mai multe pe metru)<\/li>\n\n\n\n<li>Capace de cap\u0103t (unul solid, unul cu o deschidere pentru fir)<\/li>\n<\/ul>\n<\/div><\/div>\n\n\n\n<div class=\"wp-block-group\" style=\"padding-top:var(--wp--preset--spacing--80);padding-bottom:var(--wp--preset--spacing--80)\"><div class=\"wp-block-group__inner-container is-layout-constrained wp-block-group-is-layout-constrained\">\n<h2 class=\"wp-block-heading\" style=\"font-size:25px;font-style:normal;font-weight:600;text-transform:capitalize\">Unde po\u021bi folosi acesta? modalit\u0103\u021bi comune de utilizare<\/h2>\n\n\n\n<ul class=\"wp-block-list\">\n<li>Buc\u0103t\u0103rii: Iluminat sub dulap, iluminare pentru sertare, rafturi de c\u0103mar\u0103.<\/li>\n\n\n\n<li>Saloane: Iluminat pentru tavan, biblioteci \u0219i sc\u0103ri.<\/li>\n\n\n\n<li>Spa\u021bii comerciale: Expuneri \u00een retail, iluminat de accent pentru birouri \u0219i recep\u021bia hotelului.<\/li>\n\n\n\n<li>Mobilier personalizat: Iluminat \u00eencadrat \u00een comode, vitrine \u0219i garderobe.<\/li>\n<\/ul>\n\n\n\n<p style=\"padding-right:var(--wp--preset--spacing--50);padding-left:var(--wp--preset--spacing--50)\">Pentru mai multe idei despre solu\u021bii de profil arhitectural, vezi <a href=\"https:\/\/tangooled.com\/ro\/produs\/trimless-drywall-led-channel-for-15mm-led-strip-lights\/\"><mark style=\"background-color:rgba(0, 0, 0, 0)\" class=\"has-inline-color has-vivid-red-color\">canal LED f\u0103r\u0103 margini pentru benzi LED de 15mm<\/mark><em><mark style=\"background-color:rgba(0, 0, 0, 0)\" class=\"has-inline-color has-vivid-red-color\"><\/mark><\/em><\/a>sau exploreaz\u0103 selec\u021bia noastr\u0103 de <mark style=\"background-color:rgba(0, 0, 0, 0)\" class=\"has-inline-color has-vivid-red-color\"><a href=\"https:\/\/tangooled.com\/ro\/produs\/surface-mount-led-profile-with-frosted-diffuser-for-10mm-rope-lights\/\">profilul LED montat pe suprafa\u021b\u0103 cu difuzor frosted pentru benzi de lumin\u0103 de 10 mm<\/a><\/mark><\/p>\n<\/div><\/div>\n\n\n\n<div class=\"wp-block-group has-background\" style=\"background-color:#f1f1f2;padding-top:var(--wp--preset--spacing--80);padding-bottom:var(--wp--preset--spacing--80)\"><div class=\"wp-block-group__inner-container is-layout-constrained wp-block-group-is-layout-constrained\">\n<h2 class=\"wp-block-heading\" style=\"padding-top:var(--wp--preset--spacing--40);padding-bottom:var(--wp--preset--spacing--40);font-size:25px;font-style:normal;font-weight:600;text-transform:capitalize\">De ce clien\u021bii no\u0219tri aleg acest profil<\/h2>\n\n\n\n<p style=\"padding-right:var(--wp--preset--spacing--50);padding-left:var(--wp--preset--spacing--50)\">Acest profil din aluminiu \u00eencadrat faciliteaz\u0103 construirea unui iluminat liniar ascuns. Dimensiunea sub\u021bire \u0219i adaptarea la nivel permit un canal de profil redus, integrat perfect \u00een pere\u021bi sau lemn. Finisajul profesional \u0219i extrudatul de aluminiu robust previn deteriorarea \u0219i reduc c\u0103ldura, spre deosebire de profilurile din plastic.<\/p>\n\n\n\n<p style=\"padding-right:var(--wp--preset--spacing--50);padding-left:var(--wp--preset--spacing--50)\">With the included opal diffuser, your LED strip light shines softly without glaring dots or uneven shadows. Perfect for furniture lighting integration, bookshelf lighting, or wardrobe lighting \u2014 even in high-use areas such as kitchens and retail displays.<\/p>\n\n\n\n<p style=\"padding-right:var(--wp--preset--spacing--50);padding-left:var(--wp--preset--spacing--50)\">Clien\u021bii achizi\u021bioneaz\u0103 aceste profile pentru a le asocia cu surse de alimentare dimabile \u0219i drivere pentru LED, care extind controlul \u0219i durata de via\u021b\u0103 a configura\u021biilor lor LED. Exploreaz\u0103 accesorii compatibile, cum ar fi <mark style=\"background-color:rgba(0, 0, 0, 0)\" class=\"has-inline-color has-vivid-red-color\"><a href=\"https:\/\/tangooled.com\/ro\/produs\/black-led-profile-with-black-diffuser-for-10mm-led-strip-light\/\">profilul LED negru cu difuzor negru pentru band\u0103 LED de 10mm<\/a><em> <\/em><\/mark>sau verific\u0103 <a href=\"https:\/\/tangooled.com\/ro\/produs\/17mm-led-strip-light-aluminum-channel-for-surface-mounting\/\"><mark style=\"background-color:rgba(0, 0, 0, 0)\" class=\"has-inline-color has-vivid-red-color\">Canal din aluminiu pentru banda LED de 17 mm, montare pe suprafa\u021b\u0103<\/mark><\/a> alternative pentru montare pe suprafa\u021b\u0103.<\/p>\n<\/div><\/div>\n\n\n\n<p><\/p>","protected":false},"featured_media":14394,"template":"","meta":{"_acf_changed":true,"_seopress_robots_primary_cat":"none","_seopress_titles_title":"17x8mm Recessed LED Profile Aluminum Channel | TANGOOLED","_seopress_titles_desc":"Buy professional 17x8mm recessed LED profile featuring a slim design. Ideal for 10mm-12mm LED strips, this aluminum channel hides cutout edges for a perfect flush-mount finish.","_seopress_robots_index":""},"pcb-width":[228],"product-cat":[193],"class_list":{"0":"post-34937","1":"product","2":"type-product","3":"status-publish","4":"has-post-thumbnail","6":"pcb-width-6-12mm","7":"product-cat-recessed-profile"},"acf":[],"_links":{"self":[{"href":"https:\/\/tangooled.com\/ro\/wp-json\/wp\/v2\/product\/34937","targetHints":{"allow":["GET"]}}],"collection":[{"href":"https:\/\/tangooled.com\/ro\/wp-json\/wp\/v2\/product"}],"about":[{"href":"https:\/\/tangooled.com\/ro\/wp-json\/wp\/v2\/types\/product"}],"wp:featuredmedia":[{"embeddable":true,"href":"https:\/\/tangooled.com\/ro\/wp-json\/wp\/v2\/media\/14394"}],"wp:attachment":[{"href":"https:\/\/tangooled.com\/ro\/wp-json\/wp\/v2\/media?parent=34937"}],"wp:term":[{"taxonomy":"pcb-width","embeddable":true,"href":"https:\/\/tangooled.com\/ro\/wp-json\/wp\/v2\/pcb-width?post=34937"},{"taxonomy":"product-cat","embeddable":true,"href":"https:\/\/tangooled.com\/ro\/wp-json\/wp\/v2\/product-cat?post=34937"}],"curies":[{"name":"wp","href":"https:\/\/api.w.org\/{rel}","templated":true}]}}