{"id":34906,"date":"2025-06-30T22:41:00","date_gmt":"2025-07-01T06:41:00","guid":{"rendered":"https:\/\/tangooled.com\/?post_type=product&#038;p=34906"},"modified":"2026-02-02T02:19:16","modified_gmt":"2026-02-02T10:19:16","slug":"30x30mm-corner-mount-black-led-profile-v-channel","status":"publish","type":"product","link":"https:\/\/tangooled.com\/ro\/produs\/30x30mm-corner-mount-black-led-profile-v-channel\/","title":{"rendered":"profil LED din aluminiu montat \u00een col\u021b, canal V negru 30x30mm"},"content":{"rendered":"<div class=\"wp-block-group is-vertical is-layout-flex wp-container-core-group-is-layout-d255d7c4 wp-block-group-is-layout-flex\" style=\"padding-top:var(--wp--preset--spacing--80);padding-bottom:var(--wp--preset--spacing--80)\">\n<p>Profilul nostru LED negru montat \u00een col\u021b, canal de 30x30mm&nbsp;va face mediul dumneavoastr\u0103&nbsp;mai luminos. Acest canal din aluminiu negru&nbsp;\u00een form\u0103 de V este perfect pentru a instala benzi LED \u00een col\u021buri \u0219i pe marginile camerelor \u00eentr-un mod inteligent \u0219i ordonat. Acest profil ofer\u0103 o carcas\u0103 puternic\u0103 \u0219i robust\u0103 care poate sus\u021bine benzi LED de p\u00e2n\u0103 la 20.2mm l\u0103\u021bime. M\u0103soar\u0103 30.0mm pe exterior. Difuzorul mare \u0219i curbat \u00eempr\u0103\u0219tie lumina pe o arie larg\u0103, conferind zonei&nbsp;un aspect contemporan \u0219i arhitectural. Acest profil v\u0103 ajut\u0103 s\u0103 ob\u021bine\u021bi o lumin\u0103 str\u0103lucitoare \u0219i uniform\u0103, f\u0103r\u0103 pete sau str\u0103lucire, indiferent dac\u0103 ave\u021bi nevoie de iluminat sub dulapuri, afi\u0219aje vitrin\u0103 sau accente arhitecturale. Instalarea este u\u0219oar\u0103 \u0219i sigur\u0103, de obicei prin fixarea profilului direct \u00een pere\u021bii col\u021bului pentru o ajustare perfect\u0103.<\/p>\n<\/div>\n\n\n\n<div class=\"wp-block-group has-background is-vertical is-layout-flex wp-container-core-group-is-layout-d255d7c4 wp-block-group-is-layout-flex\" style=\"background-color:#f1f1f1;padding-top:var(--wp--preset--spacing--80);padding-bottom:var(--wp--preset--spacing--80)\">\n<div class=\"wp-block-group is-vertical is-layout-flex wp-container-core-group-is-layout-8cf370e7 wp-block-group-is-layout-flex\">\n<h2 class=\"wp-block-heading\" style=\"padding-top:var(--wp--preset--spacing--40);padding-bottom:var(--wp--preset--spacing--40);font-size:25px;font-style:normal;font-weight:600;text-transform:capitalize\">De ce s\u0103 alege\u021bi profilul nostru LED negru montat \u00een col\u021b de 30x30mm?<\/h2>\n\n\n\n<ul class=\"wp-block-list\">\n<li>Carcasa din aluminiu negru este robust\u0103 \u0219i elegant\u0103 \u0219i protejeaz\u0103 benzile LED.<\/li>\n\n\n\n<li>Proiectat s\u0103 se integreze \u00een col\u021buri la un unghi de 90 de grade.<\/li>\n\n\n\n<li>Func\u021bioneaz\u0103 cu benzi LED cu l\u0103\u021bimea de 20mm sau mai pu\u021bin.<\/li>\n\n\n\n<li>Vine cu un difuzor opal care face lumina mai moale \u0219i o \u00eempr\u0103\u0219tie uniform.<\/li>\n\n\n\n<li>Ideal pentru iluminarea unui col\u021b, unui dulap sau a unei vitrine comerciale.<\/li>\n\n\n\n<li>Vine cu \u0219uruburi \u0219i capace de cap\u0103t care fac fixarea simpl\u0103.<\/li>\n<\/ul>\n<\/div>\n<\/div>\n\n\n\n<div class=\"wp-block-group is-vertical is-layout-flex wp-container-core-group-is-layout-d255d7c4 wp-block-group-is-layout-flex\" style=\"padding-top:var(--wp--preset--spacing--80);padding-bottom:var(--wp--preset--spacing--80)\">\n<hr class=\"wp-block-separator has-alpha-channel-opacity\"\/>\n\n\n\n<div class=\"wp-block-media-text has-media-on-the-right is-stacked-on-mobile\" style=\"grid-template-columns:auto 40%\"><div class=\"wp-block-media-text__content\">\n<h2 class=\"wp-block-heading\" style=\"padding-top:var(--wp--preset--spacing--40);padding-bottom:var(--wp--preset--spacing--40);font-size:25px;font-style:normal;font-weight:600;text-transform:capitalize\">Cum s\u0103 instala\u021bi cu u\u0219urin\u021b\u0103<\/h2>\n\n\n\n<ul class=\"wp-block-list\">\n<li>Folosi\u021bi \u0219uruburi pentru a ata\u0219a acest canal la col\u021b.<\/li>\n\n\n\n<li>Introduce\u021bi banda LED \u00een canal.<\/li>\n\n\n\n<li>Ap\u0103sa\u021bi pe difuzorul LED pentru a face lumina s\u0103 se \u00eempr\u0103\u0219tie uniform.<\/li>\n\n\n\n<li>Montati capacele de la capete pentru a oferi un aspect complet.<\/li>\n<\/ul>\n<\/div><figure class=\"wp-block-media-text__media\"><img loading=\"lazy\" decoding=\"async\" width=\"500\" height=\"500\" src=\"https:\/\/tangooled.com\/wp-content\/uploads\/2025\/06\/la30b-ins.webp\" alt=\"profil LED din aluminiu montat \u00een col\u021b, canal V negru 30x30mm\" class=\"wp-image-41964 size-full\" srcset=\"https:\/\/tangooled.com\/wp-content\/uploads\/2025\/06\/la30b-ins.webp 500w, https:\/\/tangooled.com\/wp-content\/uploads\/2025\/06\/la30b-ins-300x300.webp 300w, https:\/\/tangooled.com\/wp-content\/uploads\/2025\/06\/la30b-ins-150x150.webp 150w\" sizes=\"auto, (max-width: 500px) 100vw, 500px\" \/><\/figure><\/div>\n<\/div>\n\n\n\n<div class=\"wp-block-group has-background is-vertical is-layout-flex wp-container-core-group-is-layout-b429018a wp-block-group-is-layout-flex\" style=\"background-color:#f1f1f1f2;padding-top:var(--wp--preset--spacing--70);padding-bottom:var(--wp--preset--spacing--70)\">\n<h2 class=\"wp-block-heading\" style=\"padding-top:var(--wp--preset--spacing--40);padding-bottom:var(--wp--preset--spacing--40);font-size:25px;font-style:normal;font-weight:600\">Unde s\u0103 utiliza\u021bi acest profil LED negru montat \u00een col\u021b de 30x30mm<\/h2>\n\n\n\n<ul class=\"wp-block-list\">\n<li>Iluminat sub dulap pentru a lumina blaturile \u0219i zonele de lucru.<\/li>\n\n\n\n<li>Cove arhitecturale \u0219i col\u021buri de tavan pentru a \u00eembun\u0103t\u0103\u021bi atmosfera camerei.<\/li>\n\n\n\n<li>Afi\u0219aje comerciale \u0219i vitrine care scot \u00een eviden\u021b\u0103 produsele perfect.<\/li>\n\n\n\n<li>Dulapuri \u0219i armari pentru a ilumina zonele \u00eentunecate din col\u021b.<\/li>\n\n\n\n<li>Iluminat de lucru \u00een birouri \u0219i spa\u021bii de lucru pentru o iluminare clar\u0103, f\u0103r\u0103 str\u0103lucire.<\/li>\n<\/ul>\n<\/div>\n\n\n\n<div class=\"wp-block-group is-vertical is-layout-flex wp-container-core-group-is-layout-d255d7c4 wp-block-group-is-layout-flex\" style=\"padding-top:var(--wp--preset--spacing--80);padding-bottom:var(--wp--preset--spacing--80)\">\n<h2 class=\"wp-block-heading\" style=\"padding-top:var(--wp--preset--spacing--40);padding-bottom:var(--wp--preset--spacing--40);font-size:25px;font-style:normal;font-weight:600;text-transform:capitalize\">Compara\u021bi \u0219i explora\u021bi profiluri conexe<\/h2>\n\n\n\n<p>Verifica\u021bi aceste op\u021biuni pentru alte nevoi de iluminat:<\/p>\n\n\n\n<ul class=\"wp-block-list\">\n<li><a href=\"https:\/\/tangooled.com\/ro\/produs\/surface-mount-led-profile-with-frosted-diffuser-for-10mm-rope-lights\/\"><mark style=\"background-color:rgba(0, 0, 0, 0)\" class=\"has-inline-color has-vivid-red-color\">Profil LED de montare pe suprafa\u021b\u0103 cu difuzor satin pentru benzile de 10mm<\/mark><\/a><\/li>\n\n\n\n<li><a href=\"https:\/\/tangooled.com\/ro\/produs\/black-aluminum-u-channel-profile-for-10mm-led-strips\/\"><mark style=\"background-color:rgba(0, 0, 0, 0)\" class=\"has-inline-color has-vivid-red-color\">Profil de canal U din aluminiu negru pentru benzi LED de 10mm<\/mark><\/a><\/li>\n\n\n\n<li><a href=\"https:\/\/tangooled.com\/ro\/produs\/25x14m-surface-mounted-led-light-aluminum-profile\/\"><mark style=\"background-color:rgba(0, 0, 0, 0)\" class=\"has-inline-color has-vivid-red-color\">Profile din aluminiu pentru LED montat pe suprafa\u021b\u0103, 25x14mm<\/mark><\/a><\/li>\n\n\n\n<li><a href=\"https:\/\/tangooled.com\/ro\/produs\/v-shape-diffuser-corner-aluminum-led-profile-inner-20mm\/\"><mark style=\"background-color:rgba(0, 0, 0, 0)\" class=\"has-inline-color has-vivid-red-color\">Profil LED din aluminiu cu difuzor \u00een form\u0103 de V pentru col\u021b, interior 20mm<\/mark><\/a><\/li>\n<\/ul>\n<\/div>\n\n\n\n<div class=\"wp-block-group\" style=\"padding-top:var(--wp--preset--spacing--80);padding-bottom:var(--wp--preset--spacing--80)\"><div class=\"wp-block-group__inner-container is-layout-constrained wp-block-group-is-layout-constrained\">\n<h2 class=\"wp-block-heading\" style=\"padding-top:var(--wp--preset--spacing--40);padding-bottom:var(--wp--preset--spacing--40);font-size:25px;font-style:normal;font-weight:600;text-transform:capitalize\">Rezumat: Construit pentru col\u021buri luminoase<\/h2>\n\n\n\n<p>Profilul nostru LED negru montat \u00een col\u021b de 30x30mm este alegerea perfect\u0103 pentru oricine dore\u0219te un iluminat curat \u0219i profesional \u00een col\u021buri. Difuzorul opal, finisajul negru mat \u0219i canalul puternic din aluminiu V lucreaz\u0103 \u00eempreun\u0103 pentru a-i conferi un aspect pl\u0103cut \u0219i a func\u021biona eficient. Pute\u021bi s\u0103-l utiliza\u021bi \u00een buc\u0103t\u0103rii, birouri, magazine de retail sau oriunde are nevoie de un iluminat luminos \u0219i uniform \u00een col\u021b.<\/p>\n<\/div><\/div>\n\n\n\n<p><\/p>","protected":false},"featured_media":14070,"template":"","meta":{"_acf_changed":true,"_seopress_robots_primary_cat":"none","_seopress_titles_title":"30x30mm Corner Mount Black LED Profile | V-Channel | TANGOOLED","_seopress_titles_desc":"Source the LA30B 30x30mm corner mount black led profile. Heavy-duty black aluminum V-channel for architectural corner lighting projects. Durable & sleek.","_seopress_robots_index":""},"pcb-width":[229],"product-cat":[196],"class_list":{"0":"post-34906","1":"product","2":"type-product","3":"status-publish","4":"has-post-thumbnail","6":"pcb-width-15-20mm","7":"product-cat-corner-profile"},"acf":[],"_links":{"self":[{"href":"https:\/\/tangooled.com\/ro\/wp-json\/wp\/v2\/product\/34906","targetHints":{"allow":["GET"]}}],"collection":[{"href":"https:\/\/tangooled.com\/ro\/wp-json\/wp\/v2\/product"}],"about":[{"href":"https:\/\/tangooled.com\/ro\/wp-json\/wp\/v2\/types\/product"}],"wp:featuredmedia":[{"embeddable":true,"href":"https:\/\/tangooled.com\/ro\/wp-json\/wp\/v2\/media\/14070"}],"wp:attachment":[{"href":"https:\/\/tangooled.com\/ro\/wp-json\/wp\/v2\/media?parent=34906"}],"wp:term":[{"taxonomy":"pcb-width","embeddable":true,"href":"https:\/\/tangooled.com\/ro\/wp-json\/wp\/v2\/pcb-width?post=34906"},{"taxonomy":"product-cat","embeddable":true,"href":"https:\/\/tangooled.com\/ro\/wp-json\/wp\/v2\/product-cat?post=34906"}],"curies":[{"name":"wp","href":"https:\/\/api.w.org\/{rel}","templated":true}]}}