{"id":34903,"date":"2025-06-30T22:27:09","date_gmt":"2025-07-01T06:27:09","guid":{"rendered":"https:\/\/tangooled.com\/?post_type=product&#038;p=34903"},"modified":"2026-02-02T02:18:42","modified_gmt":"2026-02-02T10:18:42","slug":"slim-corner-led-channel-for-5mm-strips-la05","status":"publish","type":"product","link":"https:\/\/tangooled.com\/ro\/produs\/slim-corner-led-channel-for-5mm-strips-la05\/","title":{"rendered":"profil canal LED sub\u021bire pentru band\u0103 LED de 5mm"},"content":{"rendered":"<div class=\"wp-block-group is-vertical is-layout-flex wp-container-core-group-is-layout-d255d7c4 wp-block-group-is-layout-flex\" style=\"padding-top:var(--wp--preset--spacing--80);padding-bottom:var(--wp--preset--spacing--80)\">\n<p>Profilul nostru sub\u021bire de col\u021b TG-LA05 pentru benzi LED de 5 mm va face ca iluminatul dumneavoastr\u0103 s\u0103 aib\u0103 un aspect luminos \u0219i curat. Aceasta este o modalitate inteligent\u0103 \u0219i u\u0219oar\u0103 de a proteja benzile LED \u0219i de a le men\u021bine aspectul excelent \u00een spa\u021bii restr\u00e2nse. Aceast\u0103 extrudare din aluminiu are un profil extrem de joas\u0103 \u0219i este de 20.8mm l\u0103\u021bime \u0219i 11.8mm \u00een\u0103l\u021bime la exterior. Cavitatea interioar\u0103 este de 8.6mm. Are un aspect elegant \u0219i compact, care \u00eel face s\u0103 se potriveasc\u0103 bine \u00eentr-un col\u021b \u0219i s\u0103 emit\u0103 lumina moale sub un unghi. Acesta este potrivit pentru iluminat sub\u021bire, \u00eengust sau iluminat delicat de accent.<\/p>\n<\/div>\n\n\n\n<div class=\"wp-block-group has-background is-vertical is-layout-flex wp-container-core-group-is-layout-d255d7c4 wp-block-group-is-layout-flex\" style=\"background-color:#f1f1f1;padding-top:var(--wp--preset--spacing--80);padding-bottom:var(--wp--preset--spacing--80)\">\n<div class=\"wp-block-group is-vertical is-layout-flex wp-container-core-group-is-layout-8cf370e7 wp-block-group-is-layout-flex\">\n<h2 class=\"wp-block-heading\" style=\"padding-top:var(--wp--preset--spacing--40);padding-bottom:var(--wp--preset--spacing--40);font-size:25px;font-style:normal;font-weight:600;text-transform:capitalize\">De ce s\u0103 alege\u021bi acest profil sub\u021bire de col\u021b LED?<\/h2>\n\n\n\n<ul class=\"wp-block-list\">\n<li>Fits in tight spaces: This little LED channel for corners fits where bigger channels can&#8217;t.<\/li>\n\n\n\n<li>Fabricat din aluminiu puternic, protejeaz\u0103 benzile LED \u0219i func\u021bioneaz\u0103 ca un radiator de c\u0103ldur\u0103.<\/li>\n\n\n\n<li>Vine cu un difuzor mat care face lumina luminoas\u0103 dar moale, f\u0103r\u0103 col\u021buri ascu\u021bite.<\/li>\n\n\n\n<li>U\u0219or de asamblat: Vine cu \u0219uruburi \u0219i capace de cap\u0103t, astfel \u00eenc\u00e2t s\u0103 pute\u021bi face rapid.<\/li>\n\n\n\n<li>Func\u021bioneaz\u0103 cu benzi LED de 5 mm: Se potrive\u0219te perfect cu benzi LED \u00eenguste.<\/li>\n\n\n\n<li>Bun pentru interior: Grozav pentru iluminarea col\u021burilor \u00een case \u0219i alte locuri.<\/li>\n<\/ul>\n<\/div>\n<\/div>\n\n\n\n<div class=\"wp-block-group\" style=\"padding-top:var(--wp--preset--spacing--60);padding-bottom:var(--wp--preset--spacing--60)\"><div class=\"wp-block-group__inner-container is-layout-constrained wp-block-group-is-layout-constrained\">\n<div class=\"wp-block-media-text has-media-on-the-right is-stacked-on-mobile\" style=\"grid-template-columns:auto 40%\"><div class=\"wp-block-media-text__content\">\n<h2 class=\"wp-block-heading\" style=\"padding-top:var(--wp--preset--spacing--40);padding-bottom:var(--wp--preset--spacing--40);font-size:25px;font-style:normal;font-weight:600;text-transform:capitalize\">Cum s\u0103 o asamblezi<\/h2>\n\n\n\n<ul class=\"wp-block-list\">\n<li>Folose\u0219te \u0219uruburile sau adezivul pentru a ata\u0219a canalul la col\u021b.<\/li>\n\n\n\n<li>Plaseaz\u0103 banda LED de 5 mm \u00een canalul \u00eengust.<\/li>\n\n\n\n<li>Pentru a face lumina mai moale, pune capacul din difuzor mat.<\/li>\n\n\n\n<li>Pune capacele de cap\u0103t pentru a face marginile s\u0103 arate bine.<\/li>\n<\/ul>\n<\/div><figure class=\"wp-block-media-text__media\"><img loading=\"lazy\" decoding=\"async\" width=\"500\" height=\"500\" src=\"https:\/\/tangooled.com\/wp-content\/uploads\/2025\/06\/la05-ins.webp\" alt=\"profil canal LED sub\u021bire pentru band\u0103 LED de 5mm\" class=\"wp-image-41944 size-full\" srcset=\"https:\/\/tangooled.com\/wp-content\/uploads\/2025\/06\/la05-ins.webp 500w, https:\/\/tangooled.com\/wp-content\/uploads\/2025\/06\/la05-ins-300x300.webp 300w, https:\/\/tangooled.com\/wp-content\/uploads\/2025\/06\/la05-ins-150x150.webp 150w\" sizes=\"auto, (max-width: 500px) 100vw, 500px\" \/><\/figure><\/div>\n<\/div><\/div>\n\n\n\n<div class=\"wp-block-group has-background is-vertical is-layout-flex wp-container-core-group-is-layout-b429018a wp-block-group-is-layout-flex\" style=\"background-color:#f1f1f1f2;padding-top:var(--wp--preset--spacing--70);padding-bottom:var(--wp--preset--spacing--70)\">\n<h2 class=\"wp-block-heading\" style=\"padding-top:var(--wp--preset--spacing--40);padding-bottom:var(--wp--preset--spacing--40);font-size:25px;font-style:normal;font-weight:600;text-transform:capitalize\">Unde po\u021bi folosi canalul nostru sub\u021bire de col\u021b LED?<\/h2>\n\n\n\n<p>Aceast\u0103 form\u0103 mic\u0103 este grozav\u0103 pentru multe proiecte care necesit\u0103 o lumin\u0103 curat\u0103 \u00een col\u021buri, cum ar fi:<\/p>\n\n\n\n<ul class=\"wp-block-list\">\n<li>Iluminat sub dulapuri \u00een buc\u0103t\u0103rii sau locuri de munc\u0103<\/li>\n\n\n\n<li>Iluminat \u00een vitrine \u00een magazine&nbsp;<\/li>\n\n\n\n<li>Iluminat \u00een dulapuri \u0219i dressing-uri pentru acces u\u0219or<\/li>\n\n\n\n<li>Iluminare indirect\u0103 de-a lungul marginii unei rafturi<\/li>\n<\/ul>\n<\/div>\n\n\n\n<div class=\"wp-block-group is-vertical is-layout-flex wp-container-core-group-is-layout-d255d7c4 wp-block-group-is-layout-flex\" style=\"padding-top:var(--wp--preset--spacing--80);padding-bottom:var(--wp--preset--spacing--80)\">\n<h2 class=\"wp-block-heading\" style=\"padding-top:var(--wp--preset--spacing--40);padding-bottom:var(--wp--preset--spacing--40);font-size:25px;font-style:normal;font-weight:600;text-transform:capitalize\">Afl\u0103 mai multe despre produsele corelate<\/h2>\n\n\n\n<ul class=\"wp-block-list\">\n<li>Our black led profile with black diffuser for 10mm led strip light \u2014 a great choice for wider LED tapes.<\/li>\n\n\n\n<li>Canalul de lumin\u0103 LED din aluminiu cu capac difuzor de 6 mm \u00een\u0103l\u021bime pentru instala\u021bii cu profil joas\u0103.<\/li>\n\n\n\n<li>Sau \u00eencerca\u021bi bar\u0103 rigida de canal din aluminiu de 8x9mm pentru benzi LED de 5mm pentru o dimensiune \u0219i set de caracteristici pu\u021bin diferite.<\/li>\n<\/ul>\n<\/div>\n\n\n\n<div class=\"wp-block-group has-background\" style=\"background-color:#f1f1f1;padding-top:var(--wp--preset--spacing--80);padding-bottom:var(--wp--preset--spacing--80)\"><div class=\"wp-block-group__inner-container is-layout-constrained wp-block-group-is-layout-constrained\">\n<h2 class=\"wp-block-heading\" style=\"padding-top:var(--wp--preset--spacing--40);padding-bottom:var(--wp--preset--spacing--40);font-size:25px;font-style:normal;font-weight:600;text-transform:capitalize\">Rezumat<\/h2>\n\n\n\n<p style=\"padding-right:var(--wp--preset--spacing--50);padding-left:var(--wp--preset--spacing--50)\">Profilul sub\u021bire de col\u021b LED pentru benzi LED de 5 mm este o metod\u0103 util\u0103 \u0219i atractiv\u0103 de a p\u0103stra \u0219i a expune benzile LED \u00eenguste. Transforma col\u021burile aspre \u00een margini calde \u0219i str\u0103lucitoare cu un design curat, simplu \u0219i o construc\u021bie robust\u0103. Folosi\u021bi-l pentru a ob\u021bine o lumin\u0103 frumoas\u0103, uniform\u0103 \u00een iluminatul interior de col\u021buri de \u00eenalt\u0103 calitate, cum ar fi \u00een buc\u0103t\u0103rii \u0219i vitrine de expozi\u021bie.<\/p>\n<\/div><\/div>\n\n\n\n<p><\/p>","protected":false},"featured_media":14066,"template":"","meta":{"_acf_changed":true,"_seopress_robots_primary_cat":"none","_seopress_titles_title":"Slim Corner LED Channel for 5mm Strips LA05 | TANGOOLED","_seopress_titles_desc":"TANGOO's ultra-slim corner LED channel (LA05) specifically designed for 5mm LED strips. Ideal for minimalist lighting in tight spaces.","_seopress_robots_index":""},"pcb-width":[228],"product-cat":[196],"class_list":{"0":"post-34903","1":"product","2":"type-product","3":"status-publish","4":"has-post-thumbnail","6":"pcb-width-6-12mm","7":"product-cat-corner-profile"},"acf":[],"_links":{"self":[{"href":"https:\/\/tangooled.com\/ro\/wp-json\/wp\/v2\/product\/34903","targetHints":{"allow":["GET"]}}],"collection":[{"href":"https:\/\/tangooled.com\/ro\/wp-json\/wp\/v2\/product"}],"about":[{"href":"https:\/\/tangooled.com\/ro\/wp-json\/wp\/v2\/types\/product"}],"wp:featuredmedia":[{"embeddable":true,"href":"https:\/\/tangooled.com\/ro\/wp-json\/wp\/v2\/media\/14066"}],"wp:attachment":[{"href":"https:\/\/tangooled.com\/ro\/wp-json\/wp\/v2\/media?parent=34903"}],"wp:term":[{"taxonomy":"pcb-width","embeddable":true,"href":"https:\/\/tangooled.com\/ro\/wp-json\/wp\/v2\/pcb-width?post=34903"},{"taxonomy":"product-cat","embeddable":true,"href":"https:\/\/tangooled.com\/ro\/wp-json\/wp\/v2\/product-cat?post=34903"}],"curies":[{"name":"wp","href":"https:\/\/api.w.org\/{rel}","templated":true}]}}