{"id":34901,"date":"2025-06-30T22:24:57","date_gmt":"2025-07-01T06:24:57","guid":{"rendered":"https:\/\/tangooled.com\/?post_type=product&#038;p=34901"},"modified":"2026-02-02T22:26:04","modified_gmt":"2026-02-03T06:26:04","slug":"45-degree-corner-led-aluminum-channel","status":"publish","type":"product","link":"https:\/\/tangooled.com\/ro\/produs\/45-degree-corner-led-aluminum-channel\/","title":{"rendered":"canal LED din aluminiu de col\u021b cu unghi de 45 de grade pentru benzi LED de 10mm"},"content":{"rendered":"<div class=\"wp-block-group is-vertical is-layout-flex wp-container-core-group-is-layout-d255d7c4 wp-block-group-is-layout-flex\" style=\"padding-top:var(--wp--preset--spacing--80);padding-bottom:var(--wp--preset--spacing--80)\">\n<p>Our 45-degree corner LED channel is designed for 10mm LED strips and will enhance your lighting project. This V-shaped aluminum channel fits nicely in any corner and provides smooth, even light while keeping your LED lights safe and cool. This corner channel measures 19.0mm by 19.0mm on the outside and 11.2mm on the inside. It gives you clean, brilliant light exactly where you want it, whether you&#8217;re lighting up a corner of the kitchen, a wardrobe, or a display case. The installation is safe and easy. First, use screws to attach the mounting clips to the surface. Then, snap the profile into the secured clips.<\/p>\n<\/div>\n\n\n\n<div class=\"wp-block-group has-background is-vertical is-layout-flex wp-container-core-group-is-layout-d255d7c4 wp-block-group-is-layout-flex\" style=\"background-color:#f1f1f1;padding-top:var(--wp--preset--spacing--80);padding-bottom:var(--wp--preset--spacing--80)\">\n<div class=\"wp-block-group is-vertical is-layout-flex wp-container-core-group-is-layout-8cf370e7 wp-block-group-is-layout-flex\">\n<h2 class=\"wp-block-heading\" style=\"padding-top:var(--wp--preset--spacing--40);padding-bottom:var(--wp--preset--spacing--40);font-size:25px;font-style:normal;font-weight:600;text-transform:capitalize\">De ce s\u0103 alegi canalul nostru LED din aluminiu pentru col\u021buri la 45 de grade?<\/h2>\n\n\n\n<ul class=\"wp-block-list\">\n<li>Designul perfect pentru un unghi de 45 de grade: Extrudarea noastr\u0103 LED unghiular\u0103 creeaz\u0103 o linie clar\u0103 \u0219i neted\u0103 de lumin\u0103 \u00een orice col\u021b de 90 de grade. Canalul din aluminiu \u00een form\u0103 de V direc\u021bioneaz\u0103 fasciculul exact la 45 de grade, ceea ce este ideal pentru iluminatul cove \u0219i iluminatul sub dulap.<\/li>\n\n\n\n<li>Frosted Cover for Smooth Light Diffusion: The frosted diffuser cover that comes with it gets rid of the &#8220;dotted&#8221; aspect that uncovered strip lights have. This makes the light strip diffuser look dotless, which gives every space a soft glow.<\/li>\n\n\n\n<li>Protec\u021bie puternic\u0103 \u0219i de lung\u0103 durat\u0103: Profilul nostru din aluminiu pentru benzi LED va men\u021bine benzile tale LED scumpe \u00een siguran\u021b\u0103 de praf, umiditate \u0219i daune fizice. Se asigur\u0103 c\u0103 lumina dureaz\u0103 mult timp f\u0103r\u0103 a pierde str\u0103lucirea.<\/li>\n\n\n\n<li>Kit complet de instalare: Fiecare cutie vine cu clipsuri de montare, capace de finisare (cu \u0219i f\u0103r\u0103 g\u0103uri pentru fire) \u0219i lentila opal pentru canalul LED. Acestea sunt tot ce ai nevoie pentru a seta rapid \u0219i u\u0219or.<\/li>\n<\/ul>\n<\/div>\n<\/div>\n\n\n\n<div class=\"wp-block-group\" style=\"padding-top:var(--wp--preset--spacing--60);padding-bottom:var(--wp--preset--spacing--60)\"><div class=\"wp-block-group__inner-container is-layout-constrained wp-block-group-is-layout-constrained\">\n<div class=\"wp-block-media-text has-media-on-the-right is-stacked-on-mobile\" style=\"grid-template-columns:auto 40%\"><div class=\"wp-block-media-text__content\">\n<h2 class=\"wp-block-heading\" style=\"padding-top:var(--wp--preset--spacing--40);padding-bottom:var(--wp--preset--spacing--40);font-size:25px;font-style:normal;font-weight:600;text-transform:capitalize\">Cum s\u0103 \u00eel montezi<\/h2>\n\n\n\n<ul class=\"wp-block-list\">\n<li>Pune clipsurile \u00een col\u021bul interior unde vrei s\u0103 mearg\u0103 lumina.<\/li>\n\n\n\n<li>Asigur\u0103-te c\u0103 canalul din aluminiu se fixeaz\u0103 bine \u00een clipsuri.<\/li>\n\n\n\n<li>Pune banda ta LED de 10 mm \u00een canal astfel \u00eenc\u00e2t s\u0103 se potriveasc\u0103 perfect.<\/li>\n\n\n\n<li>Pune capacul difuzor mat deasupra \u0219i termin\u0103 cu capacele de finisare pentru a-i oferi un aspect finisat.<\/li>\n<\/ul>\n<\/div><figure class=\"wp-block-media-text__media\"><img loading=\"lazy\" decoding=\"async\" width=\"500\" height=\"500\" src=\"https:\/\/tangooled.com\/wp-content\/uploads\/2025\/06\/ila04-ins.webp\" alt=\"45 degree corner led aluminum channel for 10mm led strips\" class=\"wp-image-41941 size-full\" srcset=\"https:\/\/tangooled.com\/wp-content\/uploads\/2025\/06\/ila04-ins.webp 500w, https:\/\/tangooled.com\/wp-content\/uploads\/2025\/06\/ila04-ins-300x300.webp 300w, https:\/\/tangooled.com\/wp-content\/uploads\/2025\/06\/ila04-ins-150x150.webp 150w\" sizes=\"auto, (max-width: 500px) 100vw, 500px\" \/><\/figure><\/div>\n<\/div><\/div>\n\n\n\n<div class=\"wp-block-group has-background\" style=\"background-color:#f1f1f1;padding-top:var(--wp--preset--spacing--80);padding-bottom:var(--wp--preset--spacing--80)\"><div class=\"wp-block-group__inner-container is-layout-constrained wp-block-group-is-layout-constrained\">\n<h2 class=\"wp-block-heading\" style=\"padding-top:var(--wp--preset--spacing--40);padding-bottom:var(--wp--preset--spacing--40);font-size:25px;font-style:normal;font-weight:600;text-transform:capitalize\">what&#8217;s in the box?<\/h2>\n\n\n\n<ul class=\"wp-block-list\">\n<li>Un canal din aluminiu anodizat<\/li>\n\n\n\n<li>Un capac difuzor opal<\/li>\n\n\n\n<li>Dou\u0103 clipsuri de montaj pentru fiecare metru<\/li>\n\n\n\n<li>Dou\u0103 capace de finisare (unul sigilat \u0219i unul cu o gaur\u0103 pentru un fir)<\/li>\n<\/ul>\n<\/div><\/div>\n\n\n\n<div class=\"wp-block-group\" style=\"padding-top:var(--wp--preset--spacing--80);padding-bottom:var(--wp--preset--spacing--80)\"><div class=\"wp-block-group__inner-container is-layout-constrained wp-block-group-is-layout-constrained\">\n<h2 class=\"wp-block-heading\" style=\"padding-top:var(--wp--preset--spacing--40);padding-bottom:var(--wp--preset--spacing--40);font-size:25px;font-style:normal;font-weight:600;text-transform:capitalize\">Moduri comune de utilizare<\/h2>\n\n\n\n<ul class=\"wp-block-list\">\n<li>Iluminat sub dulap \u0219i mas\u0103: Ideal pentru instalarea unor lumini str\u0103lucitoare, f\u0103r\u0103 reflexii, \u00een col\u021burile buc\u0103t\u0103riilor \u0219i sub mese, pentru a oferi iluminat focalizat pentru sarcini.<\/li>\n\n\n\n<li>Iluminat pentru cove \u0219i sc\u0103ri: Potrivit personalizat pentru designele de canal de iluminat cove \u0219i lumini de scar\u0103 cu difuzor LED unghiular pentru siguran\u021b\u0103 \u0219i stil.<\/li>\n\n\n\n<li>Lighting for Displays and Shelves: Use beautiful display case lighting that doesn&#8217;t create hotspots or harsh glare to draw attention to your products or decor.<\/li>\n\n\n\n<li>Iluminat pentru dulapuri \u0219i garderobe: Raftul de lumin\u0103 pentru garderobe cu iluminat liniar LED asigur\u0103 c\u0103 nu exist\u0103 goluri \u00een umbre.<\/li>\n<\/ul>\n<\/div><\/div>\n\n\n\n<div class=\"wp-block-group has-background\" style=\"background-color:#f1f1f1;padding-top:var(--wp--preset--spacing--80);padding-bottom:var(--wp--preset--spacing--80)\"><div class=\"wp-block-group__inner-container is-layout-constrained wp-block-group-is-layout-constrained\">\n<h2 class=\"wp-block-heading\" style=\"padding-top:var(--wp--preset--spacing--40);padding-bottom:var(--wp--preset--spacing--40);font-size:25px;font-style:normal;font-weight:600;text-transform:capitalize\">Benzile LED care func\u021bioneaz\u0103 cu<\/h2>\n\n\n\n<p>Acest canal LED pentru col\u021buri la 45 de grade func\u021bioneaz\u0103 cu urm\u0103toarele:<\/p>\n\n\n\n<ul class=\"wp-block-list\">\n<li>Benzi cu SMD 5050, SMD 2835, SMD 3528 \u0219i SMD 5630<\/li>\n\n\n\n<li>M\u0103rci cunoscute precum Philips Hue Lightstrip<\/li>\n\n\n\n<li>Benzile LED cu un PCB mai \u00eengust de 10 mm<\/li>\n<\/ul>\n\n\n\n<p>Exploreaz\u0103 mai multe solu\u021bii de iluminat precum <a href=\"https:\/\/tangooled.com\/ro\/produs\/led-strip-light-channel-aluminum-profile-with-diffused-cover-6mm-height\/\"><mark style=\"background-color:rgba(0, 0, 0, 0)\" class=\"has-inline-color has-vivid-red-color\">Canal din aluminiu pentru luminile LED cu capac difuzor de 6mm \u00een\u0103l\u021bime<\/mark><\/a> \u0219i <mark style=\"background-color:rgba(0, 0, 0, 0)\" class=\"has-inline-color has-vivid-red-color\"><a href=\"https:\/\/tangooled.com\/ro\/produs\/led-diffuser-aluminum-profile-for-for-12mm-led-strip-lighting\/\">Canal din aluminiu pentru difuzor LED negru, pentru lumini cu band\u0103 de 12 mm<\/a> <\/mark>pentru a finaliza proiectul t\u0103u de iluminat.<\/p>\n<\/div><\/div>\n\n\n\n<p><\/p>","protected":false},"featured_media":14035,"template":"","meta":{"_acf_changed":false,"_seopress_robots_primary_cat":"none","_seopress_titles_title":"45 Degree Corner LED Channel for 10mm Strips | TANGOOLED","_seopress_titles_desc":"Professional 45 degree corner LED channel (ILA04) for 10mm strips. Angled aluminum extrusion designed for perfect under-cabinet & shelf lighting.","_seopress_robots_index":""},"pcb-width":[228],"product-cat":[196],"class_list":{"0":"post-34901","1":"product","2":"type-product","3":"status-publish","4":"has-post-thumbnail","6":"pcb-width-6-12mm","7":"product-cat-corner-profile"},"acf":[],"_links":{"self":[{"href":"https:\/\/tangooled.com\/ro\/wp-json\/wp\/v2\/product\/34901","targetHints":{"allow":["GET"]}}],"collection":[{"href":"https:\/\/tangooled.com\/ro\/wp-json\/wp\/v2\/product"}],"about":[{"href":"https:\/\/tangooled.com\/ro\/wp-json\/wp\/v2\/types\/product"}],"wp:featuredmedia":[{"embeddable":true,"href":"https:\/\/tangooled.com\/ro\/wp-json\/wp\/v2\/media\/14035"}],"wp:attachment":[{"href":"https:\/\/tangooled.com\/ro\/wp-json\/wp\/v2\/media?parent=34901"}],"wp:term":[{"taxonomy":"pcb-width","embeddable":true,"href":"https:\/\/tangooled.com\/ro\/wp-json\/wp\/v2\/pcb-width?post=34901"},{"taxonomy":"product-cat","embeddable":true,"href":"https:\/\/tangooled.com\/ro\/wp-json\/wp\/v2\/product-cat?post=34901"}],"curies":[{"name":"wp","href":"https:\/\/api.w.org\/{rel}","templated":true}]}}