{"id":34899,"date":"2025-06-30T22:21:50","date_gmt":"2025-07-01T06:21:50","guid":{"rendered":"https:\/\/tangooled.com\/?post_type=product&#038;p=34899"},"modified":"2026-02-02T02:17:44","modified_gmt":"2026-02-02T10:17:44","slug":"19x19mm-corner-mount-led-aluminum-profile-inner-width-11mm","status":"publish","type":"product","link":"https:\/\/tangooled.com\/ro\/produs\/19x19mm-corner-mount-led-aluminum-profile-inner-width-11mm\/","title":{"rendered":"profil LED din aluminiu montat \u00een col\u021b 19x19mm l\u0103\u021bimea interioar\u0103 11mm"},"content":{"rendered":"<div class=\"wp-block-group is-vertical is-layout-flex wp-container-core-group-is-layout-d255d7c4 wp-block-group-is-layout-flex\" style=\"padding-top:var(--wp--preset--spacing--80);padding-bottom:var(--wp--preset--spacing--80)\">\n<p>Vrei s\u0103 pui lumini LED \u00een col\u021buri \u00eentr-un mod inteligent? Profilul LED montat pe col\u021b, cu dimensiunea de 19x19mm, este ideal! Acest profil din aluminiu este conceput s\u0103 se potriveasc\u0103 perfect \u00een col\u021buri de 90 de grade (sau 45 de grade pentru lumina difuz\u0103), ceea ce face ca benzile tale LED s\u0103 arate elegante \u0219i cool. L\u0103\u021bimea interioar\u0103 a profilului este de 11mm, perfect\u0103 pentru majoritatea benzilor LED sub\u021biri \u0219i luminoase. Acest profil te ajut\u0103 s\u0103 ob\u021bii o iluminare excelent\u0103, uniform\u0103 \u0219i lin\u0103 \u00een col\u021burile casei sau afacerii tale.<\/p>\n<\/div>\n\n\n\n<div class=\"wp-block-group has-background is-vertical is-layout-flex wp-container-core-group-is-layout-d255d7c4 wp-block-group-is-layout-flex\" style=\"background-color:#f1f1f1;padding-top:var(--wp--preset--spacing--80);padding-bottom:var(--wp--preset--spacing--80)\">\n<div class=\"wp-block-group is-vertical is-layout-flex wp-container-core-group-is-layout-8cf370e7 wp-block-group-is-layout-flex\">\n<h2 class=\"wp-block-heading\" style=\"padding-top:var(--wp--preset--spacing--40);padding-bottom:var(--wp--preset--spacing--40);font-size:25px;font-style:normal;font-weight:600;text-transform:capitalize\">De ce s\u0103 alegi acest profil LED montat pe col\u021b de 19x19mm?<\/h2>\n\n\n\n<ul class=\"wp-block-list\">\n<li>Puternic \u0219i u\u0219or: Fabricat din aluminiu durabil (6063 Aluminium Aeronautic), care dureaz\u0103 mult.<\/li>\n\n\n\n<li>Func\u021bioneaz\u0103 cu benzi LED de p\u00e2n\u0103 la 11mm l\u0103\u021bime, adapt\u00e2ndu-se la multe tipuri comune de LED-uri.<\/li>\n\n\n\n<li>Good heat sink: Acesta men\u021bine benzile LED rece, ceea ce le face s\u0103 dureze mai mult.<\/li>\n\n\n\n<li>Capac transparent sau mat: Po\u021bi alege un capac care face lumina moale sau clar\u0103.<\/li>\n\n\n\n<li>U\u0219or de montat: Se potrive\u0219te exact pe col\u021buri \u0219i ofer\u0103 linii de lumin\u0103 clare \u0219i sharp.<\/li>\n\n\n\n<li>Func\u021bioneaz\u0103 bine \u00een interior: Folose\u0219te-l \u00een buc\u0103t\u0103rii, b\u0103i, pe rafturi \u0219i \u00een dulapuri.<\/li>\n<\/ul>\n<\/div>\n<\/div>\n\n\n\n<div class=\"wp-block-group\" style=\"padding-top:var(--wp--preset--spacing--60);padding-bottom:var(--wp--preset--spacing--60)\"><div class=\"wp-block-group__inner-container is-layout-constrained wp-block-group-is-layout-constrained\">\n<div class=\"wp-block-media-text has-media-on-the-right is-stacked-on-mobile\" style=\"grid-template-columns:auto 40%\"><div class=\"wp-block-media-text__content\">\n<h2 class=\"wp-block-heading\" style=\"padding-top:var(--wp--preset--spacing--40);padding-bottom:var(--wp--preset--spacing--40);font-size:25px;font-style:normal;font-weight:600;text-transform:capitalize\">Simplu de instalat \u0219i utilizat<\/h2>\n\n\n\n<ul class=\"wp-block-list\">\n<li>Monteaz\u0103-l \u00een col\u021b la un unghi de 45 de grade.<\/li>\n\n\n\n<li>Plasa\u021bi banda LED \u00een canal.<\/li>\n\n\n\n<li>Pune capacul difuzor pe care \u00eel alegi.<\/li>\n\n\n\n<li>Folose\u0219te \u0219uruburi sau clipsuri de montaj pentru a-l fixa.<\/li>\n<\/ul>\n<\/div><figure class=\"wp-block-media-text__media\"><img loading=\"lazy\" decoding=\"async\" width=\"500\" height=\"500\" src=\"https:\/\/tangooled.com\/wp-content\/uploads\/2025\/06\/la04-ins.webp\" alt=\"profil LED din aluminiu montat \u00een col\u021b 19x19mm l\u0103\u021bimea interioar\u0103 11mm\" class=\"wp-image-41957 size-full\" srcset=\"https:\/\/tangooled.com\/wp-content\/uploads\/2025\/06\/la04-ins.webp 500w, https:\/\/tangooled.com\/wp-content\/uploads\/2025\/06\/la04-ins-300x300.webp 300w, https:\/\/tangooled.com\/wp-content\/uploads\/2025\/06\/la04-ins-150x150.webp 150w\" sizes=\"auto, (max-width: 500px) 100vw, 500px\" \/><\/figure><\/div>\n<\/div><\/div>\n\n\n\n<div class=\"wp-block-group has-background is-vertical is-layout-flex wp-container-core-group-is-layout-b429018a wp-block-group-is-layout-flex\" style=\"background-color:#f1f1f1f2;padding-top:var(--wp--preset--spacing--70);padding-bottom:var(--wp--preset--spacing--70)\">\n<h2 class=\"wp-block-heading\" style=\"padding-top:var(--wp--preset--spacing--40);padding-bottom:var(--wp--preset--spacing--40);font-size:25px;font-style:normal;font-weight:600\">La ce po\u021bi folosi acest profil?<\/h2>\n\n\n\n<p>Func\u021bioneaz\u0103 bine \u00een multe locuri, cum ar fi:<\/p>\n\n\n\n<ul class=\"wp-block-list\">\n<li>Col\u021buri ale casei: sub dulapuri, \u00een dulapuri sau pe rafturi.<\/li>\n\n\n\n<li>Magazine: Folose\u0219te iluminat puternic \u00een col\u021buri pentru a eviden\u021bia produsele tale.<\/li>\n\n\n\n<li>Birouri: Folose\u0219te lumin\u0103 curat\u0103 pentru a lumina col\u021burile.<\/li>\n\n\n\n<li>Hoteluri \u0219i restaurante: F\u0103 camerele s\u0103 par\u0103 moderne \u0219i confortabile.<\/li>\n<\/ul>\n<\/div>\n\n\n\n<div class=\"wp-block-group\" style=\"padding-top:var(--wp--preset--spacing--80);padding-bottom:var(--wp--preset--spacing--80)\"><div class=\"wp-block-group__inner-container is-layout-constrained wp-block-group-is-layout-constrained\">\n<h2 class=\"wp-block-heading\" style=\"padding-top:var(--wp--preset--spacing--40);padding-bottom:var(--wp--preset--spacing--40);font-size:25px;font-style:normal;font-weight:600;text-transform:capitalize\">Profile similare care s-ar putea s\u0103 \u00ee\u021bi plac\u0103<\/h2>\n\n\n\n<ul class=\"wp-block-list\">\n<li><a href=\"https:\/\/tangooled.com\/ro\/produs\/black-led-diffuser-aluminum-channel-for-12mm-tape-lights\/\"><mark style=\"background-color:rgba(0, 0, 0, 0)\" class=\"has-inline-color has-vivid-red-color\">Canal din aluminiu cu difuzor LED negru pentru benzi de 12mm<\/mark><\/a> \u2014 For wider LED strips.<\/li>\n\n\n\n<li><a href=\"https:\/\/tangooled.com\/ro\/produs\/17mm-led-strip-light-aluminum-channel-for-surface-mounting\/\"><mark style=\"background-color:rgba(0, 0, 0, 0)\" class=\"has-inline-color has-vivid-red-color\">Canal din aluminiu pentru band\u0103 LED de 17mm pentru montare pe suprafa\u021b\u0103<\/mark> <\/a>\u2014 Slim surface mount option.<\/li>\n\n\n\n<li><a href=\"https:\/\/tangooled.com\/ro\/produs\/45-degree-corner-led-aluminum-channel-for-10mm-led-strips\/\"><mark style=\"background-color:rgba(0, 0, 0, 0)\" class=\"has-inline-color has-vivid-red-color\">Canal LED din aluminiu pentru col\u021b de 45 de grade pentru benzi LED de 10mm<\/mark><\/a> \u2014 Slightly narrower but similar style.<\/li>\n<\/ul>\n\n\n\n<p>This 19x19mm corner LED profile is made\u00a0for 45-degree angles and can hold\u00a0strips up to 11mm wide. It delivers a seamless, dot-free glow. This is a wonderful choice for hotels, stores, and homes who desire bright, professional lighting. This profile provides you with a look that is both sleek and brilliant, making it perfect for corners that want both beauty and quality.<\/p>\n<\/div><\/div>\n\n\n\n<div class=\"wp-block-group has-background\" style=\"background-color:#f1f1f1;padding-top:var(--wp--preset--spacing--80);padding-bottom:var(--wp--preset--spacing--80)\"><div class=\"wp-block-group__inner-container is-layout-constrained wp-block-group-is-layout-constrained\">\n<h2 class=\"wp-block-heading\" style=\"padding-top:var(--wp--preset--spacing--40);padding-bottom:var(--wp--preset--spacing--40);font-size:25px;font-style:normal;font-weight:600;text-transform:capitalize\">rezumat<\/h2>\n\n\n\n<p style=\"padding-right:var(--wp--preset--spacing--50);padding-left:var(--wp--preset--spacing--50)\">This 19x19mm corner LED profile is made\u00a0for 45-degree angles and can hold\u00a0strips up to 11mm wide. It delivers a seamless, dot-free glow. This is a wonderful choice for hotels, stores, and homes that desire bright, professional lighting. This profile provides you with a look that is both sleek and brilliant, making it perfect for corners that want both beauty and quality.<\/p>\n<\/div><\/div>","protected":false},"featured_media":14061,"template":"","meta":{"_acf_changed":true,"_seopress_robots_primary_cat":"none","_seopress_titles_title":"19x19mm Corner Mount LED Profile | 11mm Inner Width | TANGOOLED","_seopress_titles_desc":"19x19mm corner mount LED profile (LA04) with 11mm inner width. Durable aluminum housing for precise 90-degree corner lighting projects.","_seopress_robots_index":""},"pcb-width":[228],"product-cat":[196],"class_list":{"0":"post-34899","1":"product","2":"type-product","3":"status-publish","4":"has-post-thumbnail","6":"pcb-width-6-12mm","7":"product-cat-corner-profile"},"acf":[],"_links":{"self":[{"href":"https:\/\/tangooled.com\/ro\/wp-json\/wp\/v2\/product\/34899","targetHints":{"allow":["GET"]}}],"collection":[{"href":"https:\/\/tangooled.com\/ro\/wp-json\/wp\/v2\/product"}],"about":[{"href":"https:\/\/tangooled.com\/ro\/wp-json\/wp\/v2\/types\/product"}],"wp:featuredmedia":[{"embeddable":true,"href":"https:\/\/tangooled.com\/ro\/wp-json\/wp\/v2\/media\/14061"}],"wp:attachment":[{"href":"https:\/\/tangooled.com\/ro\/wp-json\/wp\/v2\/media?parent=34899"}],"wp:term":[{"taxonomy":"pcb-width","embeddable":true,"href":"https:\/\/tangooled.com\/ro\/wp-json\/wp\/v2\/pcb-width?post=34899"},{"taxonomy":"product-cat","embeddable":true,"href":"https:\/\/tangooled.com\/ro\/wp-json\/wp\/v2\/product-cat?post=34899"}],"curies":[{"name":"wp","href":"https:\/\/api.w.org\/{rel}","templated":true}]}}