{"id":34898,"date":"2025-06-30T22:19:00","date_gmt":"2025-07-01T06:19:00","guid":{"rendered":"https:\/\/tangooled.com\/?post_type=product&#038;p=34898"},"modified":"2026-02-02T02:17:08","modified_gmt":"2026-02-02T10:17:08","slug":"18x18mm-led-strip-corner-profile-for-12mm-led-strips","status":"publish","type":"product","link":"https:\/\/tangooled.com\/ro\/produs\/18x18mm-led-strip-corner-profile-for-12mm-led-strips\/","title":{"rendered":"profil de col\u021b 18x18mm pentru benzi LED de 12 mm"},"content":{"rendered":"<div class=\"wp-block-group is-vertical is-layout-flex wp-container-core-group-is-layout-d255d7c4 wp-block-group-is-layout-flex\" style=\"padding-top:var(--wp--preset--spacing--80);padding-bottom:var(--wp--preset--spacing--80)\">\n<p>The 18x18mm LED strip corner profile is an excellent way to light up corners in a tidy and sturdy way. This robust profile is 18.4mm by 18.4mm on the exterior and fits perfectly into 90-degree angles. It fits 12mm LED strips perfectly within, making it an outstanding option for neat, built-in corner lighting. This profile protects your LED lights and helps them live longer by letting heat escape freely. It&#8217;s simple and safe to set up. First, use screws to attach the mounting clips to the corner. After that, the profile fits tightly into the clips that are already there.<\/p>\n<\/div>\n\n\n\n<div class=\"wp-block-group has-background is-vertical is-layout-flex wp-container-core-group-is-layout-d255d7c4 wp-block-group-is-layout-flex\" style=\"background-color:#f1f1f1;padding-top:var(--wp--preset--spacing--80);padding-bottom:var(--wp--preset--spacing--80)\">\n<div class=\"wp-block-group is-vertical is-layout-flex wp-container-core-group-is-layout-8cf370e7 wp-block-group-is-layout-flex\">\n<h2 class=\"wp-block-heading\" style=\"padding-top:var(--wp--preset--spacing--40);padding-bottom:var(--wp--preset--spacing--40);font-size:25px;font-style:normal;font-weight:600;text-transform:capitalize\">De ce s\u0103 alege\u021bi acest profil col\u021bar de 18x18mm pentru benzi LED?<\/h2>\n\n\n\n<ul class=\"wp-block-list\">\n<li>Func\u021bioneaz\u0103 cu benzi LED de 12mm: Acesta func\u021bioneaz\u0103 cu multe tipuri de lumini LED, cum ar fi RGB, RGBW, COB \u0219i benzi rigide.<\/li>\n\n\n\n<li>Corpul rezistent: Fabricat din aluminiu anodizat de calitate superioar\u0103 6063-T5, care men\u021bine benzile LED reci \u0219i rezist\u0103 la rugin\u0103.<\/li>\n\n\n\n<li>Lumin\u0103 uniform\u0103: Difuzorul opal mat opre\u0219te petele de lumin\u0103 \u0219i \u00eempr\u0103\u0219tie lumina \u00een mod uniform \u0219i bl\u00e2nd.<\/li>\n\n\n\n<li>It comes with end caps, a diffuser cover, and mounting clips, so it&#8217;s easy to put together.<\/li>\n<\/ul>\n<\/div>\n<\/div>\n\n\n\n<div class=\"wp-block-group is-vertical is-layout-flex wp-container-core-group-is-layout-d255d7c4 wp-block-group-is-layout-flex\" style=\"padding-top:var(--wp--preset--spacing--80);padding-bottom:var(--wp--preset--spacing--80)\">\n<hr class=\"wp-block-separator has-alpha-channel-opacity\"\/>\n\n\n\n<div class=\"wp-block-media-text has-media-on-the-right is-stacked-on-mobile\" style=\"grid-template-columns:auto 40%\"><div class=\"wp-block-media-text__content\">\n<h2 class=\"wp-block-heading\" style=\"padding-top:var(--wp--preset--spacing--40);padding-bottom:var(--wp--preset--spacing--40);font-size:25px;font-style:normal;font-weight:600;text-transform:capitalize\">cum se instaleaz\u0103 canalul<\/h2>\n\n\n\n<ul class=\"wp-block-list\">\n<li>Utiliza\u021bi clipsurile de montaj pentru a-l fixa str\u00e2ns \u00een col\u021buri.<\/li>\n\n\n\n<li>T\u0103ia\u021bi extrudarea pentru a se potrivi cu loca\u021bia dumneavoastr\u0103.<\/li>\n\n\n\n<li>Lipici\u021bi banda LED \u00een interior.<\/li>\n\n\n\n<li>Pentru a face lumina mai bl\u00e2nd\u0103, ata\u0219a\u021bi difuzorul curbat.<\/li>\n\n\n\n<li>Folosi\u021bi capacele de cap\u0103t pentru a proteja cablurile \u0219i pentru a le face s\u0103 arate bine<\/li>\n<\/ul>\n<\/div><figure class=\"wp-block-media-text__media\"><img loading=\"lazy\" decoding=\"async\" width=\"500\" height=\"500\" src=\"https:\/\/tangooled.com\/wp-content\/uploads\/2025\/06\/la03-ins.webp\" alt=\"18x18mm led strip corner profile for 12mm led strips\" class=\"wp-image-41953 size-full\" srcset=\"https:\/\/tangooled.com\/wp-content\/uploads\/2025\/06\/la03-ins.webp 500w, https:\/\/tangooled.com\/wp-content\/uploads\/2025\/06\/la03-ins-300x300.webp 300w, https:\/\/tangooled.com\/wp-content\/uploads\/2025\/06\/la03-ins-150x150.webp 150w\" sizes=\"auto, (max-width: 500px) 100vw, 500px\" \/><\/figure><\/div>\n<\/div>\n\n\n\n<div class=\"wp-block-group has-background is-vertical is-layout-flex wp-container-core-group-is-layout-b429018a wp-block-group-is-layout-flex\" style=\"background-color:#f1f1f1f2;padding-top:var(--wp--preset--spacing--70);padding-bottom:var(--wp--preset--spacing--70)\">\n<h2 class=\"wp-block-heading\" style=\"padding-top:var(--wp--preset--spacing--40);padding-bottom:var(--wp--preset--spacing--40);font-size:25px;font-style:normal;font-weight:600;text-transform:capitalize\">ce este \u00een cutie?<\/h2>\n\n\n\n<ul class=\"wp-block-list\">\n<li>1x Canal din aluminiu (lungimea pe care o cump\u0103ra\u021bi)<\/li>\n\n\n\n<li>1x Capac pentru difuzor opal<\/li>\n\n\n\n<li>2 clipsuri de montaj pentru a-l men\u021bine pe loc<\/li>\n\n\n\n<li>Dou\u0103 capace de cap\u0103t, unul solid \u0219i unul cu un orificiu pentru un cablu<\/li>\n<\/ul>\n<\/div>\n\n\n\n<div class=\"wp-block-group is-vertical is-layout-flex wp-container-core-group-is-layout-d255d7c4 wp-block-group-is-layout-flex\" style=\"padding-top:var(--wp--preset--spacing--80);padding-bottom:var(--wp--preset--spacing--80)\">\n<h2 class=\"wp-block-heading\" style=\"padding-top:var(--wp--preset--spacing--40);padding-bottom:var(--wp--preset--spacing--40);font-size:25px;font-style:normal;font-weight:600;text-transform:capitalize\">Utiliz\u0103ri comune pentru profilul nostru col\u021bar de 18x18mm pentru benzi LED<\/h2>\n\n\n\n<ul class=\"wp-block-list\">\n<li>Iluminat pentru buc\u0103t\u0103rie: A\u0219eza\u021bi-l sub dulapuri sau pe rafturile din col\u021b. Grozav pentru a face blaturile mai luminoase cu o lumin\u0103 constant\u0103 pentru citit \u0219i g\u0103tit.<\/li>\n\n\n\n<li>Iluminat de cove pentru arhitectur\u0103: creeaz\u0103 linii frumoase de lumin\u0103 pe tavan sau \u00een col\u021burile pere\u021bilor. Face orice camer\u0103 s\u0103 par\u0103 mai bine \u0219i s\u0103 se simt\u0103 mai cald\u0103.<\/li>\n\n\n\n<li>Dulapuri de expunere \u00een magazine: Folosi\u021bi benzi de lumin\u0103 col\u021bare elegante pentru a atrage aten\u021bia asupra produselor \u0219i a le face s\u0103 ias\u0103 \u00een eviden\u021b\u0103.<\/li>\n\n\n\n<li>Mobilier \u0219i sc\u0103ri: Ad\u0103uga\u021bi-le \u00een garderobe, biblioteci \u0219i pe marginile sc\u0103rilor. Adaug\u0103 elegan\u021b\u0103 \u0219i siguran\u021b\u0103 cu lumini care dureaz\u0103.<\/li>\n<\/ul>\n<\/div>\n\n\n\n<p>Pentru mai multe op\u021biuni de profile de iluminat \u0219i ghiduri DIY, vizita\u021bi colec\u021bia noastr\u0103: <a href=\"https:\/\/tangooled.com\/ro\/produs\/black-led-profile-with-black-diffuser-for-10mm-led-strip-light\/\"><mark style=\"background-color:rgba(0, 0, 0, 0)\" class=\"has-inline-color has-vivid-red-color\">Profil LED negru cu difuzor negru pentru banda LED de 10mm<\/mark><\/a>, <a href=\"https:\/\/tangooled.com\/ro\/produs\/led-strip-light-channel-aluminum-profile-with-diffused-cover-6mm-height\/\"><mark style=\"background-color:rgba(0, 0, 0, 0)\" class=\"has-inline-color has-vivid-red-color\">Profil din aluminiu pentru benzi LED cu capac difuzor de 6mm \u00een\u0103l\u021bime<\/mark><\/a>, <a href=\"https:\/\/tangooled.com\/ro\/produs\/surface-mount-led-profile-with-frosted-diffuser-for-10mm-rope-lights\/\"><mark style=\"background-color:rgba(0, 0, 0, 0)\" class=\"has-inline-color has-vivid-red-color\">Profil LED de montare pe suprafa\u021b\u0103 cu difuzor satin pentru benzile de 10mm<\/mark><\/a>. <\/p>\n\n\n\n<p>Acest profil col\u021bar de 18x18mm pentru benzi LED v\u0103 ofer\u0103 o modalitate ordonat\u0103, u\u0219oar\u0103 \u0219i durabil\u0103 de a ilumina col\u021burile. Face\u021bi-v\u0103 spa\u021biul mai luminos \u0219i mai sigur cu o str\u0103lucire bl\u00e2nd\u0103 care eviden\u021biaz\u0103 cele mai bune loca\u021bii.<\/p>","protected":false},"featured_media":14054,"template":"","meta":{"_acf_changed":true,"_seopress_robots_primary_cat":"none","_seopress_titles_title":"18x18mm LED Strip Corner Profile | Rigid Aluminum Channel | TANGOOLED","_seopress_titles_desc":"Premium 18x18mm LED strip corner profile (LA03) for 12mm strips. Durable aluminum corner channel for wide-angle lighting and heat dissipation.","_seopress_robots_index":""},"pcb-width":[228],"product-cat":[196],"class_list":{"0":"post-34898","1":"product","2":"type-product","3":"status-publish","4":"has-post-thumbnail","6":"pcb-width-6-12mm","7":"product-cat-corner-profile"},"acf":[],"_links":{"self":[{"href":"https:\/\/tangooled.com\/ro\/wp-json\/wp\/v2\/product\/34898","targetHints":{"allow":["GET"]}}],"collection":[{"href":"https:\/\/tangooled.com\/ro\/wp-json\/wp\/v2\/product"}],"about":[{"href":"https:\/\/tangooled.com\/ro\/wp-json\/wp\/v2\/types\/product"}],"wp:featuredmedia":[{"embeddable":true,"href":"https:\/\/tangooled.com\/ro\/wp-json\/wp\/v2\/media\/14054"}],"wp:attachment":[{"href":"https:\/\/tangooled.com\/ro\/wp-json\/wp\/v2\/media?parent=34898"}],"wp:term":[{"taxonomy":"pcb-width","embeddable":true,"href":"https:\/\/tangooled.com\/ro\/wp-json\/wp\/v2\/pcb-width?post=34898"},{"taxonomy":"product-cat","embeddable":true,"href":"https:\/\/tangooled.com\/ro\/wp-json\/wp\/v2\/product-cat?post=34898"}],"curies":[{"name":"wp","href":"https:\/\/api.w.org\/{rel}","templated":true}]}}