{"id":34896,"date":"2025-06-30T22:15:55","date_gmt":"2025-07-01T06:15:55","guid":{"rendered":"https:\/\/tangooled.com\/?post_type=product&#038;p=34896"},"modified":"2026-02-02T02:16:21","modified_gmt":"2026-02-02T10:16:21","slug":"16x16mm-led-corner-extrusion-curved-diffuser","status":"publish","type":"product","link":"https:\/\/tangooled.com\/ro\/produs\/16x16mm-led-corner-extrusion-curved-diffuser\/","title":{"rendered":"difuzor curbat 16x16mm LED extrusion col\u021b pentru benzi LED de 10mm"},"content":{"rendered":"<div class=\"wp-block-group is-vertical is-layout-flex wp-container-core-group-is-layout-d255d7c4 wp-block-group-is-layout-flex\" style=\"padding-top:var(--wp--preset--spacing--80);padding-bottom:var(--wp--preset--spacing--80)\">\n<p>Extrudarea noastr\u0103 col\u021b 16x16mm pentru LED este excelent\u0103 pentru benzile LED de 10mm. Ofer\u0103 o lumin\u0103 curat\u0103, moale \u0219i sigur\u0103. Acest profil are 16.2mm pe exterior \u0219i reprezint\u0103 o solu\u021bie invizibil\u0103, \u00eencorporat\u0103 pentru orice unghi de 90 de grade. Designul men\u021bine spa\u021biile tale elegante \u0219i moderne, oferind lumin\u0103 f\u0103r\u0103 luciri dure sau pete. Instalarea este rapid\u0103 \u0219i u\u0219oar\u0103. \u00cen primul r\u00e2nd, folose\u0219te \u0219uruburi pentru a ata\u0219a permanent clipsurile de montaj la suprafa\u021b\u0103. Apoi, pur \u0219i simplu fixeaz\u0103 profilul de aluminiu \u00een clipsurile fixe.<\/p>\n<\/div>\n\n\n\n<div class=\"wp-block-group has-background is-vertical is-layout-flex wp-container-core-group-is-layout-d255d7c4 wp-block-group-is-layout-flex\" style=\"background-color:#f1f1f1;padding-top:var(--wp--preset--spacing--80);padding-bottom:var(--wp--preset--spacing--80)\">\n<div class=\"wp-block-group is-vertical is-layout-flex wp-container-core-group-is-layout-8cf370e7 wp-block-group-is-layout-flex\">\n<h2 class=\"wp-block-heading\" style=\"padding-top:var(--wp--preset--spacing--40);padding-bottom:var(--wp--preset--spacing--40);font-size:25px;font-style:normal;font-weight:600;text-transform:capitalize\">De ce s\u0103 alegi extrudarea noastr\u0103 col\u021b 16x16mm pentru LED?<\/h2>\n\n\n\n<ul class=\"wp-block-list\">\n<li>Dimensiune perfect\u0103: 16mm x 16mm se potrive\u0219te perfect \u00een col\u021buri.<\/li>\n\n\n\n<li>Works with LED strips that are 10mm wide\u2014no loose fits.<\/li>\n\n\n\n<li>Difuzorul curbat face ca lumina s\u0103 fie bl\u00e2nd\u0103 \u0219i uniform\u0103, f\u0103r\u0103 pete str\u0103lucitoare.<\/li>\n\n\n\n<li>Realizat\u0103 din aluminiu de \u00eenalt\u0103 calitate \u0219i robust pentru a men\u021bine LED-urile r\u0103coroase.<\/li>\n\n\n\n<li>Protejeaz\u0103 benzile LED de praf \u0219i impacturi.<\/li>\n\n\n\n<li>Vine cu clipsuri de montaj&nbsp;\u0219i capace de cap\u0103t care faciliteaz\u0103 asamblarea.<\/li>\n\n\n\n<li>Vine \u00een argintiu sau negru pentru un aspect curat.<\/li>\n<\/ul>\n<\/div>\n<\/div>\n\n\n\n<div class=\"wp-block-group\" style=\"padding-top:var(--wp--preset--spacing--60);padding-bottom:var(--wp--preset--spacing--60)\"><div class=\"wp-block-group__inner-container is-layout-constrained wp-block-group-is-layout-constrained\">\n<div class=\"wp-block-media-text has-media-on-the-right is-stacked-on-mobile\" style=\"grid-template-columns:auto 40%\"><div class=\"wp-block-media-text__content\">\n<h2 class=\"wp-block-heading\" style=\"padding-top:var(--wp--preset--spacing--40);padding-bottom:var(--wp--preset--spacing--40);font-size:25px;font-style:normal;font-weight:600;text-transform:capitalize\">Sfaturi pentru Instalare<\/h2>\n\n\n\n<ul class=\"wp-block-list\">\n<li>Folose\u0219te clipsuri de montaj pentru a le fixa bine \u00een col\u021buri.<\/li>\n\n\n\n<li>Decupeaz\u0103 extrudarea pentru a se potrivi cu loca\u021bia ta.<\/li>\n\n\n\n<li>Introduce\u021bi banda LED de 10mm \u00een interior.<\/li>\n\n\n\n<li>Pentru a face lumina mai bl\u00e2nd\u0103, ata\u0219a\u021bi difuzorul curbat.<\/li>\n\n\n\n<li>Folose\u0219te capace de cap\u0103t pentru a proteja cablurile \u0219i a le face s\u0103 arate bine.<\/li>\n<\/ul>\n<\/div><figure class=\"wp-block-media-text__media\"><img loading=\"lazy\" decoding=\"async\" width=\"500\" height=\"500\" src=\"https:\/\/tangooled.com\/wp-content\/uploads\/2025\/06\/la02-ins.webp\" alt=\"curved diffuser led corner extrusion 16x16mm for 10mm led strips\" class=\"wp-image-41950 size-full\" srcset=\"https:\/\/tangooled.com\/wp-content\/uploads\/2025\/06\/la02-ins.webp 500w, https:\/\/tangooled.com\/wp-content\/uploads\/2025\/06\/la02-ins-300x300.webp 300w, https:\/\/tangooled.com\/wp-content\/uploads\/2025\/06\/la02-ins-150x150.webp 150w\" sizes=\"auto, (max-width: 500px) 100vw, 500px\" \/><\/figure><\/div>\n<\/div><\/div>\n\n\n\n<div class=\"wp-block-group has-background is-vertical is-layout-flex wp-container-core-group-is-layout-b429018a wp-block-group-is-layout-flex\" style=\"background-color:#f1f1f1f2;padding-top:var(--wp--preset--spacing--70);padding-bottom:var(--wp--preset--spacing--70)\">\n<h2 class=\"wp-block-heading\" style=\"padding-top:var(--wp--preset--spacing--40);padding-bottom:var(--wp--preset--spacing--40);font-size:25px;font-style:normal;font-weight:600\">U\u0219or de utilizat \u00een multe locuri<\/h2>\n\n\n\n<p>Extrudarea noastr\u0103 col\u021b 16x16mm pentru LED poate fi folosit\u0103 \u00een multe moduri diferite:<\/p>\n\n\n\n<ul class=\"wp-block-list\">\n<li>Iluminat acas\u0103: Lumin\u0103 moale sub dulapurile de buc\u0103t\u0103rie. Iluminat \u00een trepte \u00een dormitoare \u0219i spa\u021bii de living.<\/li>\n\n\n\n<li>Dulapuri \u0219i rafturi: Lumin\u0103 str\u0103lucitoare, uniform\u0103 \u00een interiorul dulapurilor \u0219i pe rafturi.<\/li>\n\n\n\n<li>Magazine \u0219i vitrine: Folose\u0219te lumin\u0103 str\u0103lucitoare \u0219i constant\u0103 pentru a atrage aten\u021bia asupra lucrurilor.<\/li>\n\n\n\n<li>Birouri \u0219i spa\u021bii publice: \u00cembun\u0103t\u0103\u021be\u0219te coridoarele, birourile \u0219i zonele de recep\u021bie.<\/li>\n\n\n\n<li>Tr\u0103s\u0103turi arhitecturale: Creeaz\u0103 efecte de iluminare indirect\u0103 interesante \u00een col\u021buri.<\/li>\n<\/ul>\n<\/div>\n\n\n\n<div class=\"wp-block-group is-vertical is-layout-flex wp-container-core-group-is-layout-d255d7c4 wp-block-group-is-layout-flex\" style=\"padding-top:var(--wp--preset--spacing--80);padding-bottom:var(--wp--preset--spacing--80)\">\n<h2 class=\"wp-block-heading\" style=\"padding-top:var(--wp--preset--spacing--40);padding-bottom:var(--wp--preset--spacing--40);font-size:25px;font-style:normal;font-weight:600;text-transform:capitalize\">Compar\u0103 cu alte op\u021biuni<\/h2>\n\n\n\n<ul class=\"wp-block-list\">\n<li>Pentru un profil LED negru cu difuzor negru pentru lumina LED de 10mm, vezi acest <a href=\"https:\/\/tangooled.com\/ro\/produs\/black-led-profile-with-black-diffuser-for-10mm-led-strip-light\/\"><mark style=\"background-color:rgba(0, 0, 0, 0)\" class=\"has-inline-color has-vivid-red-color\">pagin\u0103<\/mark><\/a><\/li>\n\n\n\n<li>Pentru un profil LED de montare pe suprafa\u021b\u0103 cu difuzor mat pentru lumini de sfoar\u0103 de 10mm, verific\u0103 <a href=\"https:\/\/tangooled.com\/ro\/produs\/surface-mount-led-profile-with-frosted-diffuser-for-10mm-rope-lights\/\"><mark style=\"background-color:rgba(0, 0, 0, 0)\" class=\"has-inline-color has-vivid-red-color\">aici<\/mark><\/a>.<\/li>\n\n\n\n<li>Vrei mai multe stiluri de col\u021b? Vezi <a href=\"https:\/\/tangooled.com\/ro\/produs\/45-degree-corner-led-aluminum-channel-for-10mm-led-strips\/\"><mark style=\"background-color:rgba(0, 0, 0, 0)\" class=\"has-inline-color has-vivid-red-color\">canalul de aluminiu pentru col\u021b de 45 de grade pentru benzile LED de 10mm<\/mark><\/a>.<\/li>\n<\/ul>\n\n\n\n<p>F\u0103-\u021bi col\u021burile s\u0103 str\u0103luceasc\u0103 moale \u0219i luminos cu cea mai bun\u0103 extrudare col\u021b 16x16mm pentru LED. Instalare simpl\u0103. Lumin\u0103 frumoas\u0103!<\/p>\n<\/div>\n\n\n\n<p><\/p>","protected":false},"featured_media":14043,"template":"","meta":{"_acf_changed":true,"_seopress_robots_primary_cat":"none","_seopress_titles_title":"16x16mm LED Corner Extrusion with Curved Diffuser | TANGOOLED","_seopress_titles_desc":"16x16mm LED corner extrusion (LA02) with a curved diffuser for 10mm strips, offering smooth corner lighting and heat dissipation. Buy it from TANGOOLED now.","_seopress_robots_index":""},"pcb-width":[228],"product-cat":[196],"class_list":{"0":"post-34896","1":"product","2":"type-product","3":"status-publish","4":"has-post-thumbnail","6":"pcb-width-6-12mm","7":"product-cat-corner-profile"},"acf":[],"_links":{"self":[{"href":"https:\/\/tangooled.com\/ro\/wp-json\/wp\/v2\/product\/34896","targetHints":{"allow":["GET"]}}],"collection":[{"href":"https:\/\/tangooled.com\/ro\/wp-json\/wp\/v2\/product"}],"about":[{"href":"https:\/\/tangooled.com\/ro\/wp-json\/wp\/v2\/types\/product"}],"wp:featuredmedia":[{"embeddable":true,"href":"https:\/\/tangooled.com\/ro\/wp-json\/wp\/v2\/media\/14043"}],"wp:attachment":[{"href":"https:\/\/tangooled.com\/ro\/wp-json\/wp\/v2\/media?parent=34896"}],"wp:term":[{"taxonomy":"pcb-width","embeddable":true,"href":"https:\/\/tangooled.com\/ro\/wp-json\/wp\/v2\/pcb-width?post=34896"},{"taxonomy":"product-cat","embeddable":true,"href":"https:\/\/tangooled.com\/ro\/wp-json\/wp\/v2\/product-cat?post=34896"}],"curies":[{"name":"wp","href":"https:\/\/api.w.org\/{rel}","templated":true}]}}