{"id":34888,"date":"2025-06-30T22:07:20","date_gmt":"2025-07-01T06:07:20","guid":{"rendered":"https:\/\/tangooled.com\/?post_type=product&#038;p=34888"},"modified":"2026-02-02T01:54:35","modified_gmt":"2026-02-02T09:54:35","slug":"18mm-flexible-led-profile-for-12mm-led-strips","status":"publish","type":"product","link":"https:\/\/tangooled.com\/ro\/produs\/18mm-flexible-led-profile-for-12mm-led-strips\/","title":{"rendered":"Profil LED flexibil de 18mm pentru benzi LED de 12mm"},"content":{"rendered":"<div class=\"wp-block-group is-vertical is-layout-flex wp-container-core-group-is-layout-d255d7c4 wp-block-group-is-layout-flex\" style=\"padding-top:var(--wp--preset--spacing--80);padding-bottom:var(--wp--preset--spacing--80)\">\n<p>This 18mm flexible LED profile is made to make lighting setups that are smooth, curved, and very brilliant. This flexible channel is made of strong, high-quality aluminum that bends easily. This makes it easy to install around corners, curves, and other circular architectural components. It is made to fit flexible LED strips that are 12mm wide. The profile features a soft, white cover (diffuser) that effectively hides the harsh, bright dots or &#8220;hotspots&#8221; from the LED strip. This makes sure that the light output is a perfectly even and diffused line. The channel also protects your LED lighting parts from dust and damage, which makes them last longer.<\/p>\n<\/div>\n\n\n\n<div class=\"wp-block-group has-background is-vertical is-layout-flex wp-container-core-group-is-layout-d255d7c4 wp-block-group-is-layout-flex\" style=\"background-color:#f1f1f1;padding-top:var(--wp--preset--spacing--80);padding-bottom:var(--wp--preset--spacing--80)\">\n<div class=\"wp-block-group is-vertical is-layout-flex wp-container-core-group-is-layout-8cf370e7 wp-block-group-is-layout-flex\">\n<h2 class=\"wp-block-heading\" style=\"padding-top:var(--wp--preset--spacing--40);padding-bottom:var(--wp--preset--spacing--40);font-size:25px;font-style:normal;font-weight:600;text-transform:capitalize\">De ce s\u0103 alegi profilul nostru LED flexibil de 18 mm?<\/h2>\n\n\n\n<ul class=\"wp-block-list\">\n<li>Func\u021bioneaz\u0103 cu luminile tale: Acest profil este compatibil cu orice band\u0103 LED flexibil\u0103 care are o l\u0103\u021bime de 12 mm sau mai mic\u0103.<\/li>\n\n\n\n<li>Se \u00eendoaie \u0219i r\u0103m\u00e2ne: aluminiul este robust, dar flexibil. Se \u00eendoaie acolo unde vrei \u0219i r\u0103m\u00e2ne astfel.<\/li>\n\n\n\n<li>Protejeaz\u0103 lumina: Carcasa de aluminiu protejeaz\u0103 banda LED de praf sau contact.<\/li>\n\n\n\n<li>Arat\u0103 bine \u00een orice decor: Alege o finisare care se potrive\u0219te cu camera ta, cum ar fi argint, negru sau alb.<\/li>\n\n\n\n<li>Vine cu tot ce ai nevoie pentru a-l instala, cum ar fi clipsuri \u0219i capace.<\/li>\n<\/ul>\n<\/div>\n<\/div>\n\n\n\n<div class=\"wp-block-group is-vertical is-layout-flex wp-container-core-group-is-layout-d255d7c4 wp-block-group-is-layout-flex\" style=\"padding-top:var(--wp--preset--spacing--80);padding-bottom:var(--wp--preset--spacing--80)\">\n<hr class=\"wp-block-separator has-alpha-channel-opacity\"\/>\n\n\n\n<div class=\"wp-block-media-text has-media-on-the-right is-stacked-on-mobile\" style=\"grid-template-columns:auto 40%\"><div class=\"wp-block-media-text__content\">\n<h2 class=\"wp-block-heading\" style=\"padding-top:var(--wp--preset--spacing--40);padding-bottom:var(--wp--preset--spacing--40);font-size:25px;font-style:normal;font-weight:600;text-transform:capitalize\">Cum se instaleaz\u0103<\/h2>\n\n\n\n<ul class=\"wp-block-list\">\n<li>F\u0103 ca profilul s\u0103 se \u00eendoaie \u00een forma dorit\u0103.<\/li>\n\n\n\n<li>Pune banda ta LED de 12mm \u00een interiorul canalului.<\/li>\n\n\n\n<li>Pune capacul alb moale deasupra.<\/li>\n\n\n\n<li>Folose\u0219te clipsuri de montare pentru a ata\u0219a profilul de perete sau tavan.<\/li>\n\n\n\n<li>Montati capacele de la capete pentru a oferi un aspect complet.<\/li>\n<\/ul>\n<\/div><figure class=\"wp-block-media-text__media\"><img loading=\"lazy\" decoding=\"async\" width=\"500\" height=\"500\" src=\"https:\/\/tangooled.com\/wp-content\/uploads\/2026\/01\/bp01-ins.webp\" alt=\"bp01 ins\" class=\"wp-image-46013 size-full\" srcset=\"https:\/\/tangooled.com\/wp-content\/uploads\/2026\/01\/bp01-ins.webp 500w, https:\/\/tangooled.com\/wp-content\/uploads\/2026\/01\/bp01-ins-300x300.webp 300w, https:\/\/tangooled.com\/wp-content\/uploads\/2026\/01\/bp01-ins-150x150.webp 150w\" sizes=\"auto, (max-width: 500px) 100vw, 500px\" \/><\/figure><\/div>\n<\/div>\n\n\n\n<div class=\"wp-block-group has-background is-vertical is-layout-flex wp-container-core-group-is-layout-b429018a wp-block-group-is-layout-flex\" style=\"background-color:#f1f1f1f2;padding-top:var(--wp--preset--spacing--70);padding-bottom:var(--wp--preset--spacing--70)\">\n<h2 class=\"wp-block-heading\" style=\"padding-top:var(--wp--preset--spacing--40);padding-bottom:var(--wp--preset--spacing--40);font-size:25px;font-style:normal;font-weight:600\">Folose\u0219te-l pentru aceste idei distractive<\/h2>\n\n\n\n<ul class=\"wp-block-list\">\n<li>Luminile pe un perete curbat sau pe un birou rotund.<\/li>\n\n\n\n<li>Luminile care urmeaz\u0103 o arcad\u0103 \u00eentr-o u\u0219\u0103.<\/li>\n\n\n\n<li>Luminile ascunse \u00eentr-un cove \u00een tavan.<\/li>\n\n\n\n<li>Luminile care se afl\u0103 sub dulapurile sau rafturile din buc\u0103t\u0103rie.<\/li>\n\n\n\n<li>Forme de lumin\u0103 elegante \u0219i curg\u0103toare pentru o vitrin\u0103.<\/li>\n<\/ul>\n<\/div>\n\n\n\n<div class=\"wp-block-group is-vertical is-layout-flex wp-container-core-group-is-layout-d255d7c4 wp-block-group-is-layout-flex\" style=\"padding-top:var(--wp--preset--spacing--80);padding-bottom:var(--wp--preset--spacing--80)\">\n<h2 class=\"wp-block-heading\" style=\"padding-top:var(--wp--preset--spacing--40);padding-bottom:var(--wp--preset--spacing--40);font-size:25px;font-style:normal;font-weight:600;text-transform:capitalize\">Vezi celelalte produse ale noastre<\/h2>\n\n\n\n<p>Acest profil LED flexibil de 18 mm face parte dintr-o mare familie de produse de iluminat. Dac\u0103 \u00ee\u021bi place acesta, s-ar putea s\u0103-\u021bi plac\u0103 \u0219i:<\/p>\n\n\n\n<ul class=\"wp-block-list\">\n<li><a href=\"https:\/\/tangooled.com\/ro\/produs\/black-led-diffuser-aluminum-channel-for-12mm-tape-lights\/\"><mark style=\"background-color:rgba(0, 0, 0, 0)\" class=\"has-inline-color has-vivid-red-color\">Un canal de aluminiu pentru difuzor LED negru pentru benzi de 12 mm<\/mark> <\/a>pentru un aspect foarte modern.<\/li>\n\n\n\n<li><a href=\"https:\/\/tangooled.com\/ro\/produs\/surface-mount-led-profile-with-frosted-diffuser-for-10mm-rope-lights\/\"><mark style=\"background-color:rgba(0, 0, 0, 0)\" class=\"has-inline-color has-vivid-red-color\">Profil LED montabil pe suprafa\u021b\u0103, cu difuzor mat pentru benzi de lumin\u0103 de 10mm<\/mark><\/a> dac\u0103 ai nevoie de o op\u021biune dreapt\u0103, care nu se \u00eendoaie.<\/li>\n\n\n\n<li><a href=\"https:\/\/tangooled.com\/ro\/produs\/black-led-diffuser-aluminum-channel-for-12mm-tape-lights\/\"><mark style=\"background-color:rgba(0, 0, 0, 0)\" class=\"has-inline-color has-vivid-red-color\">Canal de aluminiu pentru difuzor LED negru pentru benzi de 12 mm<\/mark><\/a> pentru un aspect diferit care este, de asemenea, minunat pentru multe proiecte.<\/li>\n<\/ul>\n<\/div>\n\n\n\n<p><\/p>","protected":false},"featured_media":13110,"template":"","meta":{"_acf_changed":true,"_seopress_robots_primary_cat":"none","_seopress_titles_title":"Bendable 18mm Flexible LED Profile for 12mm Strip Lights | TANGOOLED","_seopress_titles_desc":"High-quality 18mm flexible LED profile designed for 12mm LED strips. Perfect for curved lighting designs, furniture, and architectural DIY projects.","_seopress_robots_index":""},"pcb-width":[228],"product-cat":[203],"class_list":{"0":"post-34888","1":"product","2":"type-product","3":"status-publish","4":"has-post-thumbnail","6":"pcb-width-6-12mm","7":"product-cat-flexible-profile"},"acf":[],"_links":{"self":[{"href":"https:\/\/tangooled.com\/ro\/wp-json\/wp\/v2\/product\/34888","targetHints":{"allow":["GET"]}}],"collection":[{"href":"https:\/\/tangooled.com\/ro\/wp-json\/wp\/v2\/product"}],"about":[{"href":"https:\/\/tangooled.com\/ro\/wp-json\/wp\/v2\/types\/product"}],"wp:featuredmedia":[{"embeddable":true,"href":"https:\/\/tangooled.com\/ro\/wp-json\/wp\/v2\/media\/13110"}],"wp:attachment":[{"href":"https:\/\/tangooled.com\/ro\/wp-json\/wp\/v2\/media?parent=34888"}],"wp:term":[{"taxonomy":"pcb-width","embeddable":true,"href":"https:\/\/tangooled.com\/ro\/wp-json\/wp\/v2\/pcb-width?post=34888"},{"taxonomy":"product-cat","embeddable":true,"href":"https:\/\/tangooled.com\/ro\/wp-json\/wp\/v2\/product-cat?post=34888"}],"curies":[{"name":"wp","href":"https:\/\/api.w.org\/{rel}","templated":true}]}}