{"id":34702,"date":"2025-06-29T23:44:22","date_gmt":"2025-06-30T07:44:22","guid":{"rendered":"https:\/\/tangooled.com\/?post_type=product&#038;p=34702"},"modified":"2026-01-29T23:50:13","modified_gmt":"2026-01-30T07:50:13","slug":"aluminum-u-channel-with-curved-led-diffuser-inner-16mm","status":"publish","type":"product","link":"https:\/\/tangooled.com\/ro\/produs\/aluminum-u-channel-with-curved-led-diffuser-inner-16mm\/","title":{"rendered":"canal U din aluminiu cu difuzor LED arcuit interior de 16 mm"},"content":{"rendered":"<div class=\"wp-block-group is-vertical is-layout-flex wp-container-core-group-is-layout-d255d7c4 wp-block-group-is-layout-flex\" style=\"padding-top:var(--wp--preset--spacing--80);padding-bottom:var(--wp--preset--spacing--80)\">\n<p>Our aluminum u channel with curved led diffuser inner 16mm is made for easy use. It has a wide 16.2mm inner width and a high-quality curved diffuser that makes sure the light is smooth and dot-free. This aluminum channel is meant to be mounted on the surface. It comes with matching end caps and mounting clips to make sure it looks professional. You can choose from silver, white, or black finishes to make sure they match your design&nbsp;exactly. It&#8217;s a safe, high-quality place to store your LED strips, whether you need it for personal or business use.<\/p>\n<\/div>\n\n\n\n<div class=\"wp-block-group has-background\" style=\"background-color:#f1f1f1;padding-top:var(--wp--preset--spacing--80);padding-bottom:var(--wp--preset--spacing--80)\"><div class=\"wp-block-group__inner-container is-layout-constrained wp-block-group-is-layout-constrained\">\n<div class=\"wp-block-group is-vertical is-layout-flex wp-container-core-group-is-layout-8cf370e7 wp-block-group-is-layout-flex\">\n<h2 class=\"wp-block-heading\" style=\"padding-top:var(--wp--preset--spacing--40);padding-bottom:var(--wp--preset--spacing--40);font-size:25px;font-style:normal;font-weight:600;text-transform:capitalize\">De ce s\u0103 alege\u021bi canalul nostru din aluminiu \u00een form\u0103 de U cu difuzor LED arcuit?<\/h2>\n\n\n\n<ul class=\"wp-block-list\">\n<li>Func\u021bioneaz\u0103 cu benzi LED de p\u00e2n\u0103 la 16 mm l\u0103\u021bime. Ofer\u0103 performan\u021be excelente cu benzile LED care au una sau dou\u0103 r\u00e2nduri.<\/li>\n\n\n\n<li>Canalul este realizat din aluminiu anodizat 6063-T5 de lung\u0103 durat\u0103, care men\u021bine LED-urile reci, permi\u021b\u00e2ndu-le s\u0103 dureze mai mult.<\/li>\n\n\n\n<li>Difuzorul curbat ofer\u0103 lumin\u0103 moale, f\u0103r\u0103 puncte, \u0219i men\u021bine LED-urile \u00een siguran\u021b\u0103 de praf.<\/li>\n\n\n\n<li>Se monteaz\u0103 u\u0219or pe o suprafa\u021b\u0103 cu clemele \u0219i capacele de cap\u0103t furnizate.<\/li>\n\n\n\n<li>Disponibil \u00een finisaje argintii, negre \u0219i albe pentru a se potrivi zonei dumneavoastr\u0103.<\/li>\n\n\n\n<li>Pute\u021bi ob\u021bine lungimi personalizate (1m, 2m) t\u0103iate pentru a se adapta proiectului dumneavoastr\u0103.<\/li>\n<\/ul>\n<\/div>\n<\/div><\/div>\n\n\n\n<div class=\"wp-block-group is-vertical is-layout-flex wp-container-core-group-is-layout-d255d7c4 wp-block-group-is-layout-flex\" style=\"padding-top:var(--wp--preset--spacing--80);padding-bottom:var(--wp--preset--spacing--80)\">\n<hr class=\"wp-block-separator has-alpha-channel-opacity\"\/>\n\n\n\n<div class=\"wp-block-media-text has-media-on-the-right is-stacked-on-mobile\" style=\"grid-template-columns:auto 40%\"><div class=\"wp-block-media-text__content\">\n<h2 class=\"wp-block-heading\" style=\"padding-top:var(--wp--preset--spacing--40);padding-bottom:var(--wp--preset--spacing--40);font-size:25px;font-style:normal;font-weight:600;text-transform:capitalize\">Cum s\u0103 instala\u021bi<\/h2>\n\n\n\n<ul class=\"wp-block-list\">\n<li>Folosi\u021bi un feronerie pentru a t\u0103ia carcasa din aluminiu extrudat la dimensiunea corect\u0103.<\/li>\n\n\n\n<li>Ata\u0219a\u021bi clemele de montaj pentru profilul din aluminiu pe suprafa\u021b\u0103 cu \u0219uruburi sau lipici.<\/li>\n\n\n\n<li>\u00cendep\u0103rta\u021bi spatele benzii adezive LED \u0219i plasa\u021bi-o \u00een interiorul tubului din aluminiu.<\/li>\n\n\n\n<li>Pentru o lumin\u0103 f\u0103r\u0103 puncte, monta\u021bi difuzorul cu lentil\u0103 curbat\u0103.<\/li>\n\n\n\n<li>Folosi\u021bi capacele de cap\u0103t furnizate pentru a termina marginile.<\/li>\n<\/ul>\n<\/div><figure class=\"wp-block-media-text__media\"><img loading=\"lazy\" decoding=\"async\" width=\"500\" height=\"500\" src=\"https:\/\/tangooled.com\/wp-content\/uploads\/2025\/06\/lp02a-ins.webp\" alt=\"aluminum u channel with curved led diffuser inner 16mm\" class=\"wp-image-48300 size-full\" srcset=\"https:\/\/tangooled.com\/wp-content\/uploads\/2025\/06\/lp02a-ins.webp 500w, https:\/\/tangooled.com\/wp-content\/uploads\/2025\/06\/lp02a-ins-300x300.webp 300w, https:\/\/tangooled.com\/wp-content\/uploads\/2025\/06\/lp02a-ins-150x150.webp 150w\" sizes=\"auto, (max-width: 500px) 100vw, 500px\" \/><\/figure><\/div>\n<\/div>\n\n\n\n<div class=\"wp-block-group has-background is-vertical is-layout-flex wp-container-core-group-is-layout-b429018a wp-block-group-is-layout-flex\" style=\"background-color:#f1f1f1f2;padding-top:var(--wp--preset--spacing--70);padding-bottom:var(--wp--preset--spacing--70)\">\n<h2 class=\"wp-block-heading\" style=\"padding-top:var(--wp--preset--spacing--40);padding-bottom:var(--wp--preset--spacing--40);font-size:25px;font-style:normal;font-weight:600\">Unde po\u021bi s\u0103-l folose\u0219ti?<\/h2>\n\n\n\n<p>Canalul nostru din aluminiu \u00een form\u0103 de U cu difuzor LED arcuit interior de 16 mm se potrive\u0219te \u00een multe locuri:<\/p>\n\n\n\n<ul class=\"wp-block-list\">\n<li>Sub dulapuri: Folosi\u021bi iluminatul uniform pentru a lumina buc\u0103t\u0103riile \u0219i zonele de lucru.<\/li>\n\n\n\n<li>Iluminat candelabru: Face\u021bi pere\u021bii \u0219i plafoanele s\u0103 str\u0103luceasc\u0103 uniform.<\/li>\n\n\n\n<li>Dulapuri \u0219i rafturi: Liniile drepte \u00eembun\u0103t\u0103\u021besc aspectul mobilierului.<\/li>\n\n\n\n<li>Expuneri comerciale: Folosi\u021bi lumin\u0103 uniform\u0103 pentru a face produsele atr\u0103g\u0103toare.<\/li>\n\n\n\n<li>Pentru casa sau biroul dumneavoastr\u0103, crea\u021bi canale de corp de iluminat moderne pentru un aspect elegant.<\/li>\n\n\n\n<li>Detalii arhitecturale: Folosi\u021bi at\u00e2t pentru iluminat profesional, c\u00e2t \u0219i decorativ.<\/li>\n<\/ul>\n<\/div>\n\n\n\n<div class=\"wp-block-group is-vertical is-layout-flex wp-container-core-group-is-layout-d255d7c4 wp-block-group-is-layout-flex\" style=\"padding-top:var(--wp--preset--spacing--80);padding-bottom:var(--wp--preset--spacing--80)\">\n<h2 class=\"wp-block-heading\" style=\"padding-top:var(--wp--preset--spacing--40);padding-bottom:var(--wp--preset--spacing--40);font-size:25px;font-style:normal;font-weight:600;text-transform:capitalize\">Produse conexe \u0219i altele <\/h2>\n\n\n\n<ul class=\"wp-block-list\">\n<li><a href=\"https:\/\/tangooled.com\/ro\/produs\/u-shape-aluminum-channel-with-square-diffuser-inner-16mm\/\"><mark style=\"background-color:rgba(0, 0, 0, 0)\" class=\"has-inline-color has-vivid-red-color\">Canal din aluminiu \u00een form\u0103 de U cu difuzor p\u0103trat interior de 16 mm<\/mark><\/a><\/li>\n\n\n\n<li><a href=\"https:\/\/tangooled.com\/ro\/produs\/20x18mm-double-layer-led-channel-inner-16mm-with-curved-diffuser\/\"><mark style=\"background-color:rgba(0, 0, 0, 0)\" class=\"has-inline-color has-vivid-red-color\">Canal LED cu dou\u0103 straturi de 20x18mm, interior 16mm cu difuzor curbat<\/mark><\/a><\/li>\n\n\n\n<li><a href=\"https:\/\/tangooled.com\/ro\/produs\/aluminum-led-strip-extrusion-diffuser-channel-for-5050-double-row-led-strip\/\"><mark style=\"background-color:rgba(0, 0, 0, 0)\" class=\"has-inline-color has-vivid-red-color\">Canal de extrudare pentru band\u0103 LED 5050 cu difuzor<\/mark><\/a><\/li>\n<\/ul>\n<\/div>\n\n\n\n<div class=\"wp-block-group has-background is-vertical is-layout-flex wp-container-core-group-is-layout-b429018a wp-block-group-is-layout-flex\" style=\"background-color:#f1f1f1f2;padding-top:var(--wp--preset--spacing--70);padding-bottom:var(--wp--preset--spacing--70)\">\n<p style=\"padding-right:var(--wp--preset--spacing--50);padding-left:var(--wp--preset--spacing--50)\">Ob\u021bine\u021bi cel mai bun profil din aluminiu linear LED pentru urm\u0103torul dumneavoastr\u0103 proiect de iluminat. R\u0103citorul nostru din aluminiu de grad profesional, cu difuzor curbat, este gata s\u0103 v\u0103 ajute s\u0103 crea\u021bi o lumin\u0103 curat\u0103, luminoas\u0103 \u0219i uniform\u0103. Consulta\u021bi detaliile complete ale produsului \u0219i comanda\u021bi ast\u0103zi de la Tangooled <mark style=\"background-color:rgba(0, 0, 0, 0)\" class=\"has-inline-color has-vivid-red-color\"><a href=\"https:\/\/tangooled.com\/ro\/led-profiles\/\">aici<\/a><\/mark>.<\/p>\n<\/div>\n\n\n\n<p><\/p>","protected":false},"featured_media":14090,"template":"","meta":{"_acf_changed":true,"_seopress_robots_primary_cat":"none","_seopress_titles_title":"Aluminum U Channel with Curved LED Diffuser Inner 16mm | TANGOOLED","_seopress_titles_desc":"Source the aluminum U channel LP02A. Featuring an inner 16mm width and a curved LED diffuser, this profile provides professional housing for flexible LED strips.","_seopress_robots_index":""},"pcb-width":[229],"product-cat":[192],"class_list":{"0":"post-34702","1":"product","2":"type-product","3":"status-publish","4":"has-post-thumbnail","6":"pcb-width-15-20mm","7":"product-cat-surface-led-profile"},"acf":[],"_links":{"self":[{"href":"https:\/\/tangooled.com\/ro\/wp-json\/wp\/v2\/product\/34702","targetHints":{"allow":["GET"]}}],"collection":[{"href":"https:\/\/tangooled.com\/ro\/wp-json\/wp\/v2\/product"}],"about":[{"href":"https:\/\/tangooled.com\/ro\/wp-json\/wp\/v2\/types\/product"}],"wp:featuredmedia":[{"embeddable":true,"href":"https:\/\/tangooled.com\/ro\/wp-json\/wp\/v2\/media\/14090"}],"wp:attachment":[{"href":"https:\/\/tangooled.com\/ro\/wp-json\/wp\/v2\/media?parent=34702"}],"wp:term":[{"taxonomy":"pcb-width","embeddable":true,"href":"https:\/\/tangooled.com\/ro\/wp-json\/wp\/v2\/pcb-width?post=34702"},{"taxonomy":"product-cat","embeddable":true,"href":"https:\/\/tangooled.com\/ro\/wp-json\/wp\/v2\/product-cat?post=34702"}],"curies":[{"name":"wp","href":"https:\/\/api.w.org\/{rel}","templated":true}]}}