{"id":34700,"date":"2025-06-29T23:41:14","date_gmt":"2025-06-30T07:41:14","guid":{"rendered":"https:\/\/tangooled.com\/?post_type=product&#038;p=34700"},"modified":"2026-01-29T19:09:42","modified_gmt":"2026-01-30T03:09:42","slug":"u-shaped-diffuser-double-layer-aluminum-led-channel-for-strip-light","status":"publish","type":"product","link":"https:\/\/tangooled.com\/ro\/produs\/u-shaped-diffuser-double-layer-aluminum-led-channel-for-strip-light\/","title":{"rendered":"Canal LED din aluminiu cu dou\u0103 straturi \u00een form\u0103 de U pentru benzi LED"},"content":{"rendered":"<div class=\"wp-block-group is-vertical is-layout-flex wp-container-core-group-is-layout-d255d7c4 wp-block-group-is-layout-flex\" style=\"padding-top:var(--wp--preset--spacing--80);padding-bottom:var(--wp--preset--spacing--80)\">\n<p>Iluminati spatiile dumneavoastra cu canalul nostru LED din aluminiu cu dou\u0103 straturi \u00een form\u0103 de U, proiectat pentru a sus\u021bine benzi LED cu o l\u0103\u021bime de p\u00e2n\u0103 la 15 mm. Acest canal LED cu dou\u0103 straturi are o l\u0103\u021bime de 20.0 mm \u0219i o \u00een\u0103l\u021bime de 18.8 mm, fiind o solu\u021bie ideal\u0103 pentru benzi LED cu dou\u0103 r\u00e2nduri. Instalarea sigur\u0103 \u0219i convenabil\u0103 implic\u0103 dou\u0103 etape simple: mai \u00eent\u00e2i, fixa\u021bi canalul de baz\u0103 pe suprafa\u021ba de montare; apoi, prindeti ferm al doilea strat de aluminiu, care sus\u021bine benzile LED \u0219i difuzorul p\u0103trat, \u00een baza fixat\u0103.<\/p>\n<\/div>\n\n\n\n<div class=\"wp-block-group has-background is-vertical is-layout-flex wp-container-core-group-is-layout-d255d7c4 wp-block-group-is-layout-flex\" style=\"background-color:#f1f1f1;padding-top:var(--wp--preset--spacing--80);padding-bottom:var(--wp--preset--spacing--80)\">\n<div class=\"wp-block-group is-vertical is-layout-flex wp-container-core-group-is-layout-8cf370e7 wp-block-group-is-layout-flex\">\n<h2 class=\"wp-block-heading\" style=\"padding-top:var(--wp--preset--spacing--40);padding-bottom:var(--wp--preset--spacing--40);font-size:25px;font-style:normal;font-weight:600;text-transform:capitalize\">De ce s\u0103 alege\u021bi canalul nostru LED din aluminiu cu dou\u0103 straturi \u00een form\u0103 de U?<\/h2>\n\n\n\n<ul class=\"wp-block-list\">\n<li>Dimensiune: 20mm l\u0103\u021bime x 19mm \u00een\u0103l\u021bime<\/li>\n\n\n\n<li>Design cu dou\u0103 straturi: un canal din aluminiu pentru fixare \u0219i cel\u0103lalt pentru sus\u021binerea benzilor LED<\/li>\n\n\n\n<li>Material: Aluminiu anodizat de calitate superioar\u0103 6063 care func\u021bioneaz\u0103 bine pentru disiparea c\u0103ldurii<\/li>\n\n\n\n<li>Difuzoare: Op\u021biuni din policarbonat opal sau frosted pentru lumin\u0103 uniform\u0103<\/li>\n\n\n\n<li>Kit complet: Include dou\u0103 canale, difuzor \u0219i capace de cap\u0103t<\/li>\n<\/ul>\n<\/div>\n<\/div>\n\n\n\n<div class=\"wp-block-group is-vertical is-layout-flex wp-container-core-group-is-layout-d255d7c4 wp-block-group-is-layout-flex\" style=\"padding-top:var(--wp--preset--spacing--80);padding-bottom:var(--wp--preset--spacing--80)\">\n<hr class=\"wp-block-separator has-alpha-channel-opacity\"\/>\n\n\n\n<div class=\"wp-block-media-text has-media-on-the-right is-stacked-on-mobile\" style=\"grid-template-columns:auto 40%\"><div class=\"wp-block-media-text__content\">\n<h2 class=\"wp-block-heading\" style=\"padding-top:var(--wp--preset--spacing--40);padding-bottom:var(--wp--preset--spacing--40);font-size:25px;font-style:normal;font-weight:600;text-transform:capitalize\">Unde s\u0103 \u00eel folose\u0219ti?<\/h2>\n\n\n\n<ul class=\"wp-block-list\">\n<li>Iluminare sub dulap: Acest canal LED din aluminiu cu dou\u0103 r\u00e2nduri, foarte luminos \u0219i uniform, este ideal pentru buc\u0103t\u0103rii \u0219i sta\u021bii de lucru.<\/li>\n\n\n\n<li>Retail \u0219i vitrine: Acest profil LED industrial ofer\u0103 o lumin\u0103 puternic\u0103 \u0219i uniform\u0103 care face ca lucrurile s\u0103 arate uimitor.<\/li>\n\n\n\n<li>Birouri \u0219i ateliere: Canalul LED pentru benzi LED cu dou\u0103 r\u00e2nduri furnizeaz\u0103 suficient\u0103 lumin\u0103, fiind excelent pentru sarcini de lucru.<\/li>\n<\/ul>\n<\/div><figure class=\"wp-block-media-text__media\"><img loading=\"lazy\" decoding=\"async\" width=\"500\" height=\"500\" src=\"https:\/\/tangooled.com\/wp-content\/uploads\/2025\/06\/lp01b-ins.webp\" alt=\"20x19mm double layer aluminum extrusion led channel\" class=\"wp-image-41915 size-full\" srcset=\"https:\/\/tangooled.com\/wp-content\/uploads\/2025\/06\/lp01b-ins.webp 500w, https:\/\/tangooled.com\/wp-content\/uploads\/2025\/06\/lp01b-ins-300x300.webp 300w, https:\/\/tangooled.com\/wp-content\/uploads\/2025\/06\/lp01b-ins-150x150.webp 150w\" sizes=\"auto, (max-width: 500px) 100vw, 500px\" \/><\/figure><\/div>\n<\/div>\n\n\n\n<div class=\"wp-block-group has-background is-vertical is-layout-flex wp-container-core-group-is-layout-b429018a wp-block-group-is-layout-flex\" style=\"background-color:#f1f1f1f2;padding-top:var(--wp--preset--spacing--70);padding-bottom:var(--wp--preset--spacing--70)\">\n<h2 class=\"wp-block-heading\" style=\"padding-top:var(--wp--preset--spacing--40);padding-bottom:var(--wp--preset--spacing--40);font-size:25px;font-style:normal;font-weight:600;text-transform:capitalize\">what&#8217;s included in a kit?<\/h2>\n\n\n\n<ul class=\"wp-block-list\">\n<li>Dou\u0103 canale din aluminiu t\u0103iate la lungimea dorit\u0103<\/li>\n\n\n\n<li>\u0218i difuzor p\u0103trat opal <\/li>\n\n\n\n<li>Capace de cap\u0103t, unul dintre ele av\u00e2nd o gaur\u0103 pentru un cablu, pentru conexiuni curate.<\/li>\n<\/ul>\n<\/div>\n\n\n\n<div class=\"wp-block-group is-vertical is-layout-flex wp-container-core-group-is-layout-d255d7c4 wp-block-group-is-layout-flex\" style=\"padding-top:var(--wp--preset--spacing--80);padding-bottom:var(--wp--preset--spacing--80)\">\n<h2 class=\"wp-block-heading\" style=\"padding-top:var(--wp--preset--spacing--40);padding-bottom:var(--wp--preset--spacing--40);font-size:25px;font-style:normal;font-weight:600;text-transform:capitalize\">Concluzie<\/h2>\n\n\n\n<p>Upgrade your lighting with U shaped diffuser double-layer aluminum LED channel. It\u2019s an excellent choice for anyone needing a double-layer aluminum extrusion that offers protection, cooling, and style. Explore our full range of <mark style=\"background-color:rgba(0, 0, 0, 0)\" class=\"has-inline-color has-vivid-red-color\"><a href=\"https:\/\/tangooled.com\/ro\/led-profiles\/\">profiluri LED din aluminiu<\/a><\/mark><a href=\"https:\/\/tangoooled.com\/led-profiles\/\"><mark style=\"background-color:rgba(0, 0, 0, 0)\" class=\"has-inline-color has-vivid-red-color\"> <\/mark><\/a>\u0219i accesorii aici pentru a finaliza proiectele dumneavoastr\u0103 de iluminat cu u\u0219urin\u021b\u0103!<\/p>\n\n\n\n<p><\/p>\n<\/div>\n\n\n\n<p><\/p>","protected":false},"featured_media":14088,"template":"","meta":{"_acf_changed":true,"_seopress_robots_primary_cat":"none","_seopress_titles_title":"U Shape Diffuser Double Layer Aluminum LED Channel | TANGOOLED","_seopress_titles_desc":"Source the double layer aluminum LED channel. Features a U shaped diffuser for 3-side glowing effects and professional thermal management for strip lights.","_seopress_robots_index":""},"pcb-width":[229],"product-cat":[192],"class_list":{"0":"post-34700","1":"product","2":"type-product","3":"status-publish","4":"has-post-thumbnail","6":"pcb-width-15-20mm","7":"product-cat-surface-led-profile"},"acf":[],"_links":{"self":[{"href":"https:\/\/tangooled.com\/ro\/wp-json\/wp\/v2\/product\/34700","targetHints":{"allow":["GET"]}}],"collection":[{"href":"https:\/\/tangooled.com\/ro\/wp-json\/wp\/v2\/product"}],"about":[{"href":"https:\/\/tangooled.com\/ro\/wp-json\/wp\/v2\/types\/product"}],"wp:featuredmedia":[{"embeddable":true,"href":"https:\/\/tangooled.com\/ro\/wp-json\/wp\/v2\/media\/14088"}],"wp:attachment":[{"href":"https:\/\/tangooled.com\/ro\/wp-json\/wp\/v2\/media?parent=34700"}],"wp:term":[{"taxonomy":"pcb-width","embeddable":true,"href":"https:\/\/tangooled.com\/ro\/wp-json\/wp\/v2\/pcb-width?post=34700"},{"taxonomy":"product-cat","embeddable":true,"href":"https:\/\/tangooled.com\/ro\/wp-json\/wp\/v2\/product-cat?post=34700"}],"curies":[{"name":"wp","href":"https:\/\/api.w.org\/{rel}","templated":true}]}}