{"id":34698,"date":"2025-06-29T23:37:27","date_gmt":"2025-06-30T07:37:27","guid":{"rendered":"https:\/\/tangooled.com\/?post_type=product&#038;p=34698"},"modified":"2026-01-29T19:06:13","modified_gmt":"2026-01-30T03:06:13","slug":"double-layer-led-channel-inner-16mm-with-curved-diffuser-lp01a","status":"publish","type":"product","link":"https:\/\/tangooled.com\/ro\/produs\/double-layer-led-channel-inner-16mm-with-curved-diffuser-lp01a\/","title":{"rendered":"canal LED cu dou\u0103 straturi, interior de 16 mm, cu difuzor curbat LP01A"},"content":{"rendered":"<div class=\"wp-block-group is-vertical is-layout-flex wp-container-core-group-is-layout-d255d7c4 wp-block-group-is-layout-flex\" style=\"padding-top:var(--wp--preset--spacing--80);padding-bottom:var(--wp--preset--spacing--80)\">\n<p>Folosi\u021bi canalul nostru LED cu dou\u0103 straturi \u0219i difuzor curbat LP01A pentru a ob\u021bine o lumin\u0103 curat\u0103 \u0219i uniform\u0103. Acest profil elegant din aluminiu are 20 mm l\u0103\u021bime \u0219i 18.8 mm \u00een\u0103l\u021bime \u0219i poate sus\u021bine benzi LED de p\u00e2n\u0103 la 16 mm l\u0103\u021bime. Asta \u00eel face perfect pentru benzi LED late, cu dou\u0103 r\u00e2nduri sau de \u00eenalt\u0103 calitate. Difuzorul s\u0103u curbat ofer\u0103 o str\u0103lucire frumoas\u0103, f\u0103r\u0103 puncte, care se potrive\u0219te bine \u00een casele moderne, afaceri \u0219i expuneri de magazin. Exist\u0103 dou\u0103 etape pentru instalare: mai \u00eent\u00e2i, ata\u0219a\u021bi canalul de baz\u0103 pe suprafa\u021ba de montare. Apoi, canalul superior, care vine cu banda LED \u0219i difuzorul curbat deja instalat, poate fi fixat \u00een baza fix\u0103 pentru un finisaj profesional \u0219i sigur.<\/p>\n<\/div>\n\n\n\n<div class=\"wp-block-group has-background is-vertical is-layout-flex wp-container-core-group-is-layout-d255d7c4 wp-block-group-is-layout-flex\" style=\"background-color:#f1f1f1;padding-top:var(--wp--preset--spacing--80);padding-bottom:var(--wp--preset--spacing--80)\">\n<div class=\"wp-block-group is-vertical is-layout-flex wp-container-core-group-is-layout-8cf370e7 wp-block-group-is-layout-flex\">\n<h2 class=\"wp-block-heading\" style=\"padding-top:var(--wp--preset--spacing--40);padding-bottom:var(--wp--preset--spacing--40);font-size:25px;font-style:normal;font-weight:600;text-transform:capitalize\">De ce s\u0103 alege\u021bi canalul nostru LED cu dou\u0103 straturi de 20x18mm?<\/h2>\n\n\n\n<ul class=\"wp-block-list\">\n<li>Canalul interior lat poate sus\u021bine benzi LED de p\u00e2n\u0103 la 16 mm l\u0103\u021bime, precum filmele Philips Hue \u0219i benzile COB.<\/li>\n\n\n\n<li>Capacul difuzorului curbat \u00eempr\u0103\u0219tie lumina uniform, astfel \u00eenc\u00e2t nu exist\u0103 puncte ascu\u021bite sau zone fierbin\u021bi.<\/li>\n\n\n\n<li>Dou\u0103 straturi de aluminiu anodizat ajut\u0103 la men\u021binerea LED-urilor r\u0103coroase \u0219i gestioneaz\u0103 bine c\u0103ldura.<\/li>\n\n\n\n<li>Designul profilului puternic \u0219i elegant este at\u00e2t atractiv, c\u00e2t \u0219i rezistent.<\/li>\n\n\n\n<li>Pute\u021bi alege \u00eentre finisaje argintii, negre sau albe pentru a se potrivi oric\u0103rui stil.<\/li>\n<\/ul>\n<\/div>\n<\/div>\n\n\n\n<div class=\"wp-block-group is-vertical is-layout-flex wp-container-core-group-is-layout-d255d7c4 wp-block-group-is-layout-flex\" style=\"padding-top:var(--wp--preset--spacing--80);padding-bottom:var(--wp--preset--spacing--80)\">\n<hr class=\"wp-block-separator has-alpha-channel-opacity\"\/>\n\n\n\n<div class=\"wp-block-media-text has-media-on-the-right is-stacked-on-mobile\" style=\"grid-template-columns:auto 40%\"><div class=\"wp-block-media-text__content\">\n<h2 class=\"wp-block-heading\" style=\"padding-top:var(--wp--preset--spacing--40);padding-bottom:var(--wp--preset--spacing--40);font-size:25px;font-style:normal;font-weight:600;text-transform:capitalize\">Cele mai bune moduri de a utiliza canalul LED cu dou\u0103 straturi<\/h2>\n\n\n\n<ul class=\"wp-block-list\">\n<li>Iluminat liniar de calitate arhitectural\u0103: Acest \u0219in\u0103 LED este perfect\u0103 pentru casele \u0219i afacerile moderne care necesit\u0103 iluminare puternic\u0103 \u0219i uniform\u0103 datorit\u0103 construc\u021biei sale cu dou\u0103 straturi.<\/li>\n\n\n\n<li>Iluminat sub dulap \u0219i de lucru: Faceti bucatariile \u0219i spa\u021biile de lucru mai luminoase cu o str\u0103lucire u\u0219oar\u0103, f\u0103r\u0103 puncte.<\/li>\n\n\n\n<li>Retail and Display Shelving: Use professional lighting that won&#8217;t create bright spots to draw attention to your merchandise.<\/li>\n\n\n\n<li>Iluminat personalizat pentru col\u021buri \u0219i perete: Difuzorul curbat face posibil s\u0103 realiza\u021bi sp\u0103l\u0103ri de perete sau col\u021buri de tavan moi.<\/li>\n<\/ul>\n<\/div><figure class=\"wp-block-media-text__media\"><img loading=\"lazy\" decoding=\"async\" width=\"500\" height=\"500\" src=\"https:\/\/tangooled.com\/wp-content\/uploads\/2025\/06\/lp01a-ins.webp\" alt=\"20x18mm double layer led channel inner 16mm with curved diffuser\" class=\"wp-image-41907 size-full\" srcset=\"https:\/\/tangooled.com\/wp-content\/uploads\/2025\/06\/lp01a-ins.webp 500w, https:\/\/tangooled.com\/wp-content\/uploads\/2025\/06\/lp01a-ins-300x300.webp 300w, https:\/\/tangooled.com\/wp-content\/uploads\/2025\/06\/lp01a-ins-150x150.webp 150w\" sizes=\"auto, (max-width: 500px) 100vw, 500px\" \/><\/figure><\/div>\n<\/div>\n\n\n\n<div class=\"wp-block-group has-background\" style=\"background-color:#f1f1f1;padding-top:var(--wp--preset--spacing--80);padding-bottom:var(--wp--preset--spacing--80)\"><div class=\"wp-block-group__inner-container is-layout-constrained wp-block-group-is-layout-constrained\">\n<h2 class=\"wp-block-heading\" style=\"padding-top:var(--wp--preset--spacing--40);padding-bottom:var(--wp--preset--spacing--40);font-size:25px;font-style:normal;font-weight:600;text-transform:capitalize\">Componente incluse pentru a te ajuta s\u0103 \u00eencepi<\/h2>\n\n\n\n<ul class=\"wp-block-list\">\n<li>Dou\u0103 canale din aluminiu, t\u0103iate la lungimea dorit\u0103<\/li>\n\n\n\n<li>Un difuzor curbat din opal<\/li>\n\n\n\n<li>Capace de cap\u0103t, unul dintre ele av\u00e2nd o gaur\u0103 pentru un cablu, pentru conexiuni curate.<\/li>\n<\/ul>\n<\/div><\/div>\n\n\n\n<div class=\"wp-block-group\" style=\"padding-top:var(--wp--preset--spacing--80);padding-bottom:var(--wp--preset--spacing--80)\"><div class=\"wp-block-group__inner-container is-layout-constrained wp-block-group-is-layout-constrained\">\n<h2 class=\"wp-block-heading\" style=\"padding-top:var(--wp--preset--spacing--40);padding-bottom:var(--wp--preset--spacing--40);font-size:25px;font-style:normal;font-weight:600;text-transform:capitalize\">rezumat<\/h2>\n\n\n\n<p>Canalul nostru LED cu dou\u0103 straturi de 20x18 mm, cu un canal interior de 16 mm \u0219i un difuzor curbat este apreciat de arhitec\u021bi, designeri \u0219i pasiona\u021bi de bricolaj. Pentru a vedea diferite dimensiuni \u0219i tipuri de difuzori disponibile, consulta\u021bi:<\/p>\n\n\n\n<ul class=\"wp-block-list\">\n<li><a href=\"https:\/\/tangooled.com\/ro\/produs\/surface-mount-led-profile-with-frosted-diffuser-for-10mm-rope-lights\/\"><mark style=\"background-color:rgba(0, 0, 0, 0)\" class=\"has-inline-color has-vivid-red-color\">Profil LED de montare pe suprafa\u021b\u0103 cu difuzor satin pentru benzile de 10mm<\/mark><\/a><\/li>\n\n\n\n<li><a href=\"https:\/\/tangooled.com\/ro\/produs\/aluminum-u-channel-with-curved-led-diffuser-inner-16mm\/\"><mark style=\"background-color:rgba(0, 0, 0, 0)\" class=\"has-inline-color has-vivid-red-color\">Canal U din aluminiu cu difuzor LED curbat interior de 16 mm<\/mark><\/a><\/li>\n\n\n\n<li><a href=\"https:\/\/tangooled.com\/ro\/produs\/20x19mm-double-layer-aluminum-extrusion-led-channel\/\"><mark style=\"background-color:rgba(0, 0, 0, 0)\" class=\"has-inline-color has-vivid-red-color\">canal din aluminiu cu dou\u0103 straturi de 20x19mm<\/mark><\/a><\/li>\n<\/ul>\n<\/div><\/div>\n\n\n\n<p><\/p>","protected":false},"featured_media":14084,"template":"","meta":{"_acf_changed":true,"_seopress_robots_primary_cat":"none","_seopress_titles_title":"Double Layer LED Channel Inner 16mm Curved Diffuser LP01A | TANGOOLED","_seopress_titles_desc":"The LP01A is a premium double layer led channel with an inner 16mm width. Featuring a sleek curved diffuser for dot-free linear lighting. Perfect for modern cabinetry and architectural accents.","_seopress_robots_index":""},"pcb-width":[229],"product-cat":[192],"class_list":{"0":"post-34698","1":"product","2":"type-product","3":"status-publish","4":"has-post-thumbnail","6":"pcb-width-15-20mm","7":"product-cat-surface-led-profile"},"acf":[],"_links":{"self":[{"href":"https:\/\/tangooled.com\/ro\/wp-json\/wp\/v2\/product\/34698","targetHints":{"allow":["GET"]}}],"collection":[{"href":"https:\/\/tangooled.com\/ro\/wp-json\/wp\/v2\/product"}],"about":[{"href":"https:\/\/tangooled.com\/ro\/wp-json\/wp\/v2\/types\/product"}],"wp:featuredmedia":[{"embeddable":true,"href":"https:\/\/tangooled.com\/ro\/wp-json\/wp\/v2\/media\/14084"}],"wp:attachment":[{"href":"https:\/\/tangooled.com\/ro\/wp-json\/wp\/v2\/media?parent=34698"}],"wp:term":[{"taxonomy":"pcb-width","embeddable":true,"href":"https:\/\/tangooled.com\/ro\/wp-json\/wp\/v2\/pcb-width?post=34698"},{"taxonomy":"product-cat","embeddable":true,"href":"https:\/\/tangooled.com\/ro\/wp-json\/wp\/v2\/product-cat?post=34698"}],"curies":[{"name":"wp","href":"https:\/\/api.w.org\/{rel}","templated":true}]}}