{"id":34686,"date":"2025-06-29T23:11:41","date_gmt":"2025-06-30T07:11:41","guid":{"rendered":"https:\/\/tangooled.com\/?post_type=product&#038;p=34686"},"modified":"2026-01-21T18:51:40","modified_gmt":"2026-01-22T02:51:40","slug":"17mm-led-strip-light-aluminum-channel-for-surface-mounting","status":"publish","type":"product","link":"https:\/\/tangooled.com\/ro\/produs\/17mm-led-strip-light-aluminum-channel-for-surface-mounting\/","title":{"rendered":"Canal din aluminiu pentru banda LED de 17 mm, montare pe suprafa\u021b\u0103"},"content":{"rendered":"<div class=\"wp-block-group is-vertical is-layout-flex wp-container-core-group-is-layout-d255d7c4 wp-block-group-is-layout-flex\" style=\"padding-top:var(--wp--preset--spacing--80);padding-bottom:var(--wp--preset--spacing--80)\">\n<p>Utilizarea canalului nostru pentru band\u0103 LED de 17mm este cea mai bun\u0103 modalitate de a te asigura c\u0103 proiectul t\u0103u de iluminare arat\u0103 profesionist \u0219i rezist\u0103 \u00een timp. Acest profil elegant, de montare pe suprafa\u021b\u0103, din aluminiu este conceput pentru a sus\u021bine benzi LED de p\u00e2n\u0103 la 12mm l\u0103\u021bime. Ofer\u0103 un carcas\u0103 protectoare robust\u0103 care func\u021bioneaz\u0103, de asemenea, ca un radiator de c\u0103ldur\u0103 pentru a face luminile tale s\u0103 dureze mai mult. Kits-ul vine cu&nbsp;cleme de montare care fac u\u0219or s\u0103 fixezi canalul pe orice suprafa\u021b\u0103 plat\u0103, inclusiv dulapuri de buc\u0103t\u0103rie sau garderobe. Pentru a finaliza aspectul, se folosesc capacele corespunz\u0103toare pentru a \u00eenchide profilul. Acest lucru ascunde marginile aspre \u0219i previne acumularea de praf.<br>Acest canal pentru band\u0103 LED de 17mm se potrive\u0219te bine \u00een multe locuri interioare, cum ar fi buc\u0103t\u0103riile, garderobele \u0219i magazinele, f\u0103c\u00e2ndu-\u021bi proiectul de iluminare simplu \u0219i ordonat.<\/p>\n<\/div>\n\n\n\n<div class=\"wp-block-group has-background is-vertical is-layout-flex wp-container-core-group-is-layout-d255d7c4 wp-block-group-is-layout-flex\" style=\"background-color:#f1f1f1;padding-top:var(--wp--preset--spacing--80);padding-bottom:var(--wp--preset--spacing--80)\">\n<div class=\"wp-block-group is-vertical is-layout-flex wp-container-core-group-is-layout-8cf370e7 wp-block-group-is-layout-flex\">\n<h2 class=\"wp-block-heading\" style=\"padding-top:var(--wp--preset--spacing--40);padding-bottom:var(--wp--preset--spacing--40);font-size:25px;font-style:normal;font-weight:600;text-transform:capitalize\">De ce s\u0103 alegi acest canal din aluminiu pentru band\u0103 LED de 17mm?<\/h2>\n<\/div>\n\n\n\n<ul class=\"wp-block-list\">\n<li>Fabricat din aluminiu anodizat, care ajut\u0103 LED-ul s\u0103 dureze mai mult, ac\u021bion\u00e2nd ca un radiator de c\u0103ldur\u0103.<\/li>\n\n\n\n<li>Func\u021bioneaz\u0103 cu cele mai&nbsp;bune benzi LED populare, cum ar fi SMD 5050, SMD 2835 \u0219i benzi LED COB.<\/li>\n\n\n\n<li>Vine cu un difuzor din policarbonat (disponibil \u00een opal, mat sau transparent) pentru a crea un efect de lumin\u0103 uniform.<\/li>\n\n\n\n<li>Vine cu cleme de montare \u0219i capace pentru o instalare simpl\u0103 \u0219i sigur\u0103 pe o suprafa\u021b\u0103 plat\u0103.<\/li>\n\n\n\n<li>Func\u021bioneaz\u0103 \u00een diverse locuri, inclusiv buc\u0103t\u0103rii, magazine, dulapuri, locuri de munc\u0103 \u0219i multe altele.<\/li>\n<\/ul>\n<\/div>\n\n\n\n<div class=\"wp-block-group is-vertical is-layout-flex wp-container-core-group-is-layout-d255d7c4 wp-block-group-is-layout-flex\" style=\"padding-top:var(--wp--preset--spacing--80);padding-bottom:var(--wp--preset--spacing--80)\">\n<hr class=\"wp-block-separator has-alpha-channel-opacity\"\/>\n\n\n\n<div class=\"wp-block-media-text has-media-on-the-right is-stacked-on-mobile\" style=\"grid-template-columns:auto 40%\"><div class=\"wp-block-media-text__content\">\n<h2 class=\"wp-block-heading\" style=\"font-size:25px;font-style:normal;font-weight:600;text-transform:capitalize\">Unde po\u021bi folosi canalul din aluminiu pentru band\u0103 LED de 17mm<\/h2>\n\n\n\n<ul class=\"wp-block-list\">\n<li>Under-cabinet kitchen lighting: Light that is clean and doesn&#8217;t leave dots on surfaces<\/li>\n\n\n\n<li>Dulapuri \u0219i garderobe: Lumin\u0103 moale \u0219i clar\u0103 care se potrive\u0219te marginilor mobilierului<\/li>\n\n\n\n<li>Dulapuri de expunere \u0219i magazine: Exhib\u0103 produse cu o iluminare uniform\u0103 \u0219i constant\u0103<\/li>\n\n\n\n<li>Lumin\u0103 de lucru \u00een birouri \u0219i ateliere: Lumin\u0103 de munc\u0103 care este str\u0103lucitoare \u0219i curat\u0103<\/li>\n<\/ul>\n<\/div><figure class=\"wp-block-media-text__media\"><img loading=\"lazy\" decoding=\"async\" width=\"535\" height=\"536\" src=\"https:\/\/tangooled.com\/wp-content\/uploads\/2026\/01\/fp17-ins.webp\" alt=\"Canal din aluminiu pentru banda LED de 17 mm, montare pe suprafa\u021b\u0103\" class=\"wp-image-44714 size-full\" srcset=\"https:\/\/tangooled.com\/wp-content\/uploads\/2026\/01\/fp17-ins.webp 535w, https:\/\/tangooled.com\/wp-content\/uploads\/2026\/01\/fp17-ins-300x300.webp 300w, https:\/\/tangooled.com\/wp-content\/uploads\/2026\/01\/fp17-ins-150x150.webp 150w\" sizes=\"auto, (max-width: 535px) 100vw, 535px\" \/><\/figure><\/div>\n<\/div>\n\n\n\n<div class=\"wp-block-group has-background is-vertical is-layout-flex wp-container-core-group-is-layout-d255d7c4 wp-block-group-is-layout-flex\" style=\"background-color:#f1f1f1;padding-top:var(--wp--preset--spacing--80);padding-bottom:var(--wp--preset--spacing--80)\">\n<h2 class=\"wp-block-heading\" style=\"padding-top:var(--wp--preset--spacing--40);padding-bottom:var(--wp--preset--spacing--40);font-size:25px;font-style:normal;font-weight:600;text-transform:capitalize\">Include Tot Ce Ai Nevoie!<\/h2>\n\n\n\n<p>C\u00e2nd cumperi acest canal pentru band\u0103 LED de 17mm, prime\u0219ti:<\/p>\n\n\n\n<ul class=\"wp-block-list\">\n<li>1x canal de extrudare din aluminiu<\/li>\n\n\n\n<li>1x capac pentru difuzor pentru LED-uri (alege transparent, mat sau opal)<\/li>\n\n\n\n<li>Cleme pentru montare (de obicei, dou\u0103 pe metrul de canal)<\/li>\n\n\n\n<li>Capace (unul solid \u0219i unul cu un orificiu pentru fir)<\/li>\n<\/ul>\n<\/div>\n\n\n\n<div class=\"wp-block-group is-vertical is-layout-flex wp-container-core-group-is-layout-d255d7c4 wp-block-group-is-layout-flex\" style=\"padding-top:var(--wp--preset--spacing--80);padding-bottom:var(--wp--preset--spacing--80)\">\n<h2 class=\"wp-block-heading\" style=\"padding-top:var(--wp--preset--spacing--40);padding-bottom:var(--wp--preset--spacing--40);font-size:25px;font-style:normal;font-weight:600;text-transform:capitalize\">Produse conexe care s-ar putea s\u0103-\u021bi plac\u0103<\/h2>\n\n\n\n<ul class=\"wp-block-list\">\n<li><a href=\"https:\/\/tangooled.com\/ro\/produs\/black-led-diffuser-aluminum-channel-for-12mm-tape-lights\/\"><mark style=\"background-color:rgba(0, 0, 0, 0)\" class=\"has-inline-color has-vivid-red-color\">Canal din aluminiu cu difuzor LED negru pentru benzi de 12mm<\/mark><\/a><\/li>\n\n\n\n<li><a href=\"https:\/\/tangooled.com\/ro\/produs\/surface-mount-led-profile-with-frosted-diffuser-for-10mm-rope-lights\/\"><mark style=\"background-color:rgba(0, 0, 0, 0)\" class=\"has-inline-color has-vivid-red-color\">Profil LED de montare pe suprafa\u021b\u0103 cu difuzor satin pentru benzile de 10mm<\/mark><\/a><\/li>\n\n\n\n<li><a href=\"https:\/\/tangooled.com\/ro\/produs\/led-strip-light-channel-aluminum-profile-with-diffused-cover-6mm-height\/\"><mark style=\"background-color:rgba(0, 0, 0, 0)\" class=\"has-inline-color has-vivid-red-color\">Profil din aluminiu pentru benzi LED cu capac difuzor de 6mm \u00een\u0103l\u021bime<\/mark><\/a><\/li>\n\n\n\n<li><a href=\"https:\/\/tangooled.com\/ro\/produs\/black-aluminum-u-channel-profile-for-10mm-led-strips\/\"><mark style=\"background-color:rgba(0, 0, 0, 0)\" class=\"has-inline-color has-vivid-red-color\">Profil de canal U din aluminiu negru pentru benzi LED de 10mm<\/mark><\/a><\/li>\n<\/ul>\n<\/div>\n\n\n\n<div class=\"wp-block-group has-background is-vertical is-layout-flex wp-container-core-group-is-layout-d255d7c4 wp-block-group-is-layout-flex\" style=\"background-color:#f1f1f1;padding-top:var(--wp--preset--spacing--80);padding-bottom:var(--wp--preset--spacing--80)\">\n<h2 class=\"wp-block-heading\" style=\"padding-top:var(--wp--preset--spacing--40);padding-bottom:var(--wp--preset--spacing--40);font-size:25px;font-style:normal;font-weight:600;text-transform:capitalize\">rezumat<\/h2>\n\n\n\n<p style=\"padding-right:var(--wp--preset--spacing--50);padding-left:var(--wp--preset--spacing--50)\">Canalul pentru band\u0103 LED de 17mm pentru montare pe suprafa\u021b\u0103 este cea mai bun\u0103 alegere pentru instal\u0103ri de benzi LED curate, durabile \u0219i profesionale. Acest profil din aluminiu rezistent func\u021bioneaz\u0103 cu cele mai multe tipuri de benzi LED \u0219i ofer\u0103 o lumin\u0103 uniform\u0103, f\u0103r\u0103 puncte. Poate fi utilizat pentru iluminatul de lucru \u00een buc\u0103t\u0103rie, expunerile din magazine sau iluminatul din garderob\u0103.<\/p>\n<\/div>\n\n\n\n<p><\/p>","protected":false},"featured_media":13985,"template":"","meta":{"_acf_changed":true,"_seopress_robots_primary_cat":"none","_seopress_titles_title":"Aluminum 17mm LED Strip Light Channel | TANGOOLED","_seopress_titles_desc":"Source the 17mm LED strip light channel. This FP17 is designed for surface mounting, this aluminum profile ensures professional heat dissipation for flexible LED tapes.","_seopress_robots_index":""},"pcb-width":[228],"product-cat":[192],"class_list":{"0":"post-34686","1":"product","2":"type-product","3":"status-publish","4":"has-post-thumbnail","6":"pcb-width-6-12mm","7":"product-cat-surface-led-profile"},"acf":[],"_links":{"self":[{"href":"https:\/\/tangooled.com\/ro\/wp-json\/wp\/v2\/product\/34686","targetHints":{"allow":["GET"]}}],"collection":[{"href":"https:\/\/tangooled.com\/ro\/wp-json\/wp\/v2\/product"}],"about":[{"href":"https:\/\/tangooled.com\/ro\/wp-json\/wp\/v2\/types\/product"}],"wp:featuredmedia":[{"embeddable":true,"href":"https:\/\/tangooled.com\/ro\/wp-json\/wp\/v2\/media\/13985"}],"wp:attachment":[{"href":"https:\/\/tangooled.com\/ro\/wp-json\/wp\/v2\/media?parent=34686"}],"wp:term":[{"taxonomy":"pcb-width","embeddable":true,"href":"https:\/\/tangooled.com\/ro\/wp-json\/wp\/v2\/pcb-width?post=34686"},{"taxonomy":"product-cat","embeddable":true,"href":"https:\/\/tangooled.com\/ro\/wp-json\/wp\/v2\/product-cat?post=34686"}],"curies":[{"name":"wp","href":"https:\/\/api.w.org\/{rel}","templated":true}]}}