{"id":123,"date":"2023-04-22T11:30:40","date_gmt":"2023-04-22T11:30:40","guid":{"rendered":"https:\/\/tangooled.com\/?page_id=123"},"modified":"2026-03-27T06:33:52","modified_gmt":"2026-03-27T14:33:52","slug":"contact","status":"publish","type":"page","link":"https:\/\/tangooled.com\/ro\/contact\/","title":{"rendered":"Contact"},"content":{"rendered":"<h1>Contacteaz\u0103-ne<\/h1>\n<p>As a professional LED lighting manufacturer, we provide LED profile lights with the best user experience.<\/p>\n<p>For all distributors, wholesalers, and retailers, our LED profile lighting products can ensure you the creative design and best competitive prices.<\/p>\n<h2>Contact Us for More Information<\/h2>\n<p>V\u0103 rug\u0103m s\u0103 ne comunica\u021bi cererea dumneavoastr\u0103, vom reveni la dumneavoastr\u0103 \u00een termen de 24 de ore.<\/p>\n<p>If you want to get in touch with us as soon as possible, please click\u00a0<a href=\"https:\/\/api.whatsapp.com\/send\/?phone=8613923108992&amp;text&amp;type=phone_number&amp;app_absent=0\"><strong>+86 139231089920<\/strong> <\/a>chat with us on\u00a0<strong>WhatsApp<\/strong><\/p>\n<h2>Visit Our Extrusion Factory &amp; Office<\/h2>\n<p>Compania noastr\u0103 este situat\u0103 \u00een Foshan, care este la doar o distan\u021b\u0103 scurt\u0103 de una p\u00e2n\u0103 la dou\u0103 ore de aeroporturile din Guangzhou sau Shenzhen. Sunte\u021bi \u00eentotdeauna binevenit s\u0103 vizita\u021bi fabrica noastr\u0103 de extrudare a profilurilor LED \u0219i unitatea de produc\u021bie. Echipa noastr\u0103 este preg\u0103tit\u0103 s\u0103 v\u0103 ofere un tur personal al facilit\u0103\u021bilor noastre, s\u0103 v\u0103 arate cele mai recente produse de extrudare LED \u0219i s\u0103 r\u0103spund\u0103 la orice \u00eentreb\u0103ri a\u021bi putea avea.<\/p>\n<ul>\n<li>\n\t\t\t\t\t\t\t<svg xmlns=\"http:\/\/www.w3.org\/2000\/svg\" viewbox=\"0 0 384 512\"><path d=\"M215.7 499.2C267 435 384 279.4 384 192C384 86 298 0 192 0S0 86 0 192c0 87.4 117 243 168.3 307.2c12.3 15.3 35.1 15.3 47.4 0zM192 128a64 64 0 1 1 0 128 64 64 0 1 1 0-128z\"><\/path><\/svg><br \/>\n\t\t\t\t\t\t\t\t\t\tFactory Address: No.5 Changxing Road, Jun\u2019an Foshan 528329 Guangdong\n\t\t\t\t\t\t\t\t\t<\/li>\n<li>\n\t\t\t\t\t\t\t<svg xmlns=\"http:\/\/www.w3.org\/2000\/svg\" viewbox=\"0 0 384 512\"><path d=\"M215.7 499.2C267 435 384 279.4 384 192C384 86 298 0 192 0S0 86 0 192c0 87.4 117 243 168.3 307.2c12.3 15.3 35.1 15.3 47.4 0zM192 128a64 64 0 1 1 0 128 64 64 0 1 1 0-128z\"><\/path><\/svg><br \/>\n\t\t\t\t\t\t\t\t\t\tOffice Address: No.9 Zhi&#8217;an North Road, Jun&#8217;an Foshan 528329 Guangdong\n\t\t\t\t\t\t\t\t\t<\/li>\n<li>\n\t\t\t\t\t\t\t<svg xmlns=\"http:\/\/www.w3.org\/2000\/svg\" viewbox=\"0 0 512 512\"><path d=\"M64 112c-8.8 0-16 7.2-16 16l0 22.1L220.5 291.7c20.7 17 50.4 17 71.1 0L464 150.1l0-22.1c0-8.8-7.2-16-16-16L64 112zM48 212.2L48 384c0 8.8 7.2 16 16 16l384 0c8.8 0 16-7.2 16-16l0-171.8L322 328.8c-38.4 31.5-93.7 31.5-132 0L48 212.2zM0 128C0 92.7 28.7 64 64 64l384 0c35.3 0 64 28.7 64 64l0 256c0 35.3-28.7 64-64 64L64 448c-35.3 0-64-28.7-64-64L0 128z\"><\/path><\/svg><br \/>\n\t\t\t\t\t\t\t\t\t\tsophie@tangooled.com\n\t\t\t\t\t\t\t\t\t<\/li>\n<li>\n\t\t\t\t\t\t\t\t\t\t\t<a href=\"https:\/\/api.whatsapp.com\/send\/?phone=8613923108992&#038;text&#038;type=phone_number&#038;app_absent=0\"><br \/>\n\t\t\t\t\t\t\t<svg xmlns=\"http:\/\/www.w3.org\/2000\/svg\" viewbox=\"0 0 448 512\"><path d=\"M380.9 97.1C339 55.1 283.2 32 223.9 32c-122.4 0-222 99.6-222 222 0 39.1 10.2 77.3 29.6 111L0 480l117.7-30.9c32.4 17.7 68.9 27 106.1 27h.1c122.3 0 224.1-99.6 224.1-222 0-59.3-25.2-115-67.1-157zm-157 341.6c-33.2 0-65.7-8.9-94-25.7l-6.7-4-69.8 18.3L72 359.2l-4.4-7c-18.5-29.4-28.2-63.3-28.2-98.2 0-101.7 82.8-184.5 184.6-184.5 49.3 0 95.6 19.2 130.4 54.1 34.8 34.9 56.2 81.2 56.1 130.5 0 101.8-84.9 184.6-186.6 184.6zm101.2-138.2c-5.5-2.8-32.8-16.2-37.9-18-5.1-1.9-8.8-2.8-12.5 2.8-3.7 5.6-14.3 18-17.6 21.8-3.2 3.7-6.5 4.2-12 1.4-32.6-16.3-54-29.1-75.5-66-5.7-9.8 5.7-9.1 16.3-30.3 1.8-3.7 .9-6.9-.5-9.7-1.4-2.8-12.5-30.1-17.1-41.2-4.5-10.8-9.1-9.3-12.5-9.5-3.2-.2-6.9-.2-10.6-.2-3.7 0-9.7 1.4-14.8 6.9-5.1 5.6-19.4 19-19.4 46.3 0 27.3 19.9 53.7 22.6 57.4 2.8 3.7 39.1 59.7 94.8 83.8 35.2 15.2 49 16.5 66.6 13.9 10.7-1.6 32.8-13.4 37.4-26.4 4.6-13 4.6-24.1 3.2-26.4-1.3-2.5-5-3.9-10.5-6.6z\"><\/path><\/svg><br \/>\n\t\t\t\t\t\t\t\t\t\tWhatsapp: +8613923108992 (Click to Chat Now)<br \/>\n\t\t\t\t\t\t\t\t\t\t\t<\/a>\n\t\t\t\t\t\t\t\t\t<\/li>\n<\/ul>\n<p>\t\t\t<iframe loading=\"lazy\"\n\t\t\t\t\tsrc=\"https:\/\/maps.google.com\/maps?q=No.5%20Changxing%20Road%2C%20Jun%E2%80%99an%20Foshan%20528329%20Guangdong%20China&#038;t=m&#038;z=10&#038;output=embed&#038;iwloc=near\"\n\t\t\t\t\ttitle=\"No.5 Changxing Road, Jun\u2019an Foshan 528329 Guangdong China\"\n\t\t\t\t\taria-label=\"No.5 Changxing Road, Jun\u2019an Foshan 528329 Guangdong China\"\n\t\t\t><\/iframe><\/p>","protected":false},"excerpt":{"rendered":"<p>Contact Us As a professional LED lighting manufacturer, we provide LED profile lights with the best user experience. For all distributors, wholesalers, and retailers, our LED profile lighting products can ensure you the creative design and best competitive prices. Contact Us for More Information Please let us know your request, we will get back to [&hellip;]<\/p>","protected":false},"author":1,"featured_media":0,"parent":0,"menu_order":6,"comment_status":"closed","ping_status":"closed","template":"","meta":{"_acf_changed":false,"_seopress_robots_primary_cat":"","_seopress_titles_title":"","_seopress_titles_desc":"","_seopress_robots_index":"","footnotes":""},"class_list":["post-123","page","type-page","status-publish"],"acf":[],"_links":{"self":[{"href":"https:\/\/tangooled.com\/ro\/wp-json\/wp\/v2\/pages\/123","targetHints":{"allow":["GET"]}}],"collection":[{"href":"https:\/\/tangooled.com\/ro\/wp-json\/wp\/v2\/pages"}],"about":[{"href":"https:\/\/tangooled.com\/ro\/wp-json\/wp\/v2\/types\/page"}],"author":[{"embeddable":true,"href":"https:\/\/tangooled.com\/ro\/wp-json\/wp\/v2\/users\/1"}],"replies":[{"embeddable":true,"href":"https:\/\/tangooled.com\/ro\/wp-json\/wp\/v2\/comments?post=123"}],"version-history":[{"count":33,"href":"https:\/\/tangooled.com\/ro\/wp-json\/wp\/v2\/pages\/123\/revisions"}],"predecessor-version":[{"id":55287,"href":"https:\/\/tangooled.com\/ro\/wp-json\/wp\/v2\/pages\/123\/revisions\/55287"}],"wp:attachment":[{"href":"https:\/\/tangooled.com\/ro\/wp-json\/wp\/v2\/media?parent=123"}],"curies":[{"name":"wp","href":"https:\/\/api.w.org\/{rel}","templated":true}]}}