{"id":47916,"date":"2026-01-13T02:30:21","date_gmt":"2026-01-13T10:30:21","guid":{"rendered":"https:\/\/tangooled.com\/?post_type=product&#038;p=47916"},"modified":"2026-01-22T02:16:53","modified_gmt":"2026-01-22T10:16:53","slug":"surface-mount-triple-row-led-strip-aluminum-channel-fpt01","status":"publish","type":"product","link":"https:\/\/tangooled.com\/pt\/product\/surface-mount-triple-row-led-strip-aluminum-channel-fpt01\/","title":{"rendered":"canal de alum\u00ednio para fita LED de montagem em superf\u00edcie em tripla fila FPT01"},"content":{"rendered":"<div class=\"wp-block-group is-vertical is-layout-flex wp-container-core-group-is-layout-d255d7c4 wp-block-group-is-layout-flex\" style=\"padding-top:var(--wp--preset--spacing--80);padding-bottom:var(--wp--preset--spacing--80)\">\n<p>O canal de alum\u00ednio LED de tr\u00eas fileiras para montagem em superf\u00edcie \u00e9 projetado para suportar tr\u00eas fitas de LED lado a lado. A largura interna de cada um dos tr\u00eas canais \u00e9 de 11mm, permitindo a acomoda\u00e7\u00e3o de fitas de 8mm e 10mm. Este canal \u00e9 f\u00e1cil de instalar e protege e refrigera suas fitas de LED, ajudando-as a durar mais e manter seu brilho e suavidade.<\/p>\n<\/div>\n\n\n\n<div class=\"wp-block-group has-background\" style=\"background-color:#f1f1f1;padding-top:var(--wp--preset--spacing--80);padding-bottom:var(--wp--preset--spacing--80)\"><div class=\"wp-block-group__inner-container is-layout-constrained wp-block-group-is-layout-constrained\">\n<div class=\"wp-block-group is-vertical is-layout-flex wp-container-core-group-is-layout-8cf370e7 wp-block-group-is-layout-flex\">\n<h2 class=\"wp-block-heading\" style=\"padding-top:var(--wp--preset--spacing--40);padding-bottom:var(--wp--preset--spacing--40);font-size:25px;font-style:normal;font-weight:600;text-transform:capitalize\">Por que escolher nosso canal de alum\u00ednio LED de tr\u00eas fileiras para montagem em superf\u00edcie?<\/h2>\n\n\n\n<ul class=\"wp-block-list\">\n<li>Canal LED de tr\u00eas fileiras: Suporta at\u00e9 tr\u00eas fileiras de fitas de LED, ideal para alta luminosidade.<\/li>\n\n\n\n<li>Perfil LED para montagem em superf\u00edcie: Este tipo de perfil LED \u00e9 facilmente instalado em superf\u00edcies planas, como paredes e tetos.<\/li>\n\n\n\n<li>Perfil de alum\u00ednio dur\u00e1vel: Feito de liga de alum\u00ednio de grau de avia\u00e7\u00e3o com duplo anodiza\u00e7\u00e3o para maior resist\u00eancia.<\/li>\n\n\n\n<li>Distribui\u00e7\u00e3o uniforme da luz: A lente difusora fosca torna a luz suave e reduz pontos quentes.<\/li>\n\n\n\n<li>Kit de instala\u00e7\u00e3o completo: inclui um canal, tr\u00eas difusores e tampas de extremidade (uma com um buraco para fio).<\/li>\n<\/ul>\n<\/div>\n<\/div><\/div>\n\n\n\n<div class=\"wp-block-group is-vertical is-layout-flex wp-container-core-group-is-layout-d255d7c4 wp-block-group-is-layout-flex\" style=\"padding-top:var(--wp--preset--spacing--80);padding-bottom:var(--wp--preset--spacing--80)\">\n<hr class=\"wp-block-separator has-alpha-channel-opacity\"\/>\n\n\n\n<div class=\"wp-block-media-text has-media-on-the-right is-stacked-on-mobile\" style=\"grid-template-columns:auto 40%\"><div class=\"wp-block-media-text__content\">\n<h2 class=\"wp-block-heading\" style=\"padding-top:var(--wp--preset--spacing--40);padding-bottom:var(--wp--preset--spacing--40);font-size:25px;font-style:normal;font-weight:600;text-transform:capitalize\">Instala\u00e7\u00e3o f\u00e1cil<\/h2>\n\n\n\n<p>Instalar este canal de ilumina\u00e7\u00e3o linear montado na superf\u00edcie \u00e9 f\u00e1cil. Voc\u00ea pode usar a fita 3M ou parafusos para fixar os perfis LED em qualquer superf\u00edcie, como madeira, drywall ou arm\u00e1rios. Instale as tampas de extremidade em ambas as extremidades do perfil para proteger os fios das fitas de LED e dar um acabamento limpo e polido.<\/p>\n<\/div><figure class=\"wp-block-media-text__media\"><img loading=\"lazy\" decoding=\"async\" width=\"500\" height=\"500\" src=\"https:\/\/tangooled.com\/wp-content\/uploads\/2026\/01\/fpt01-ins.webp\" alt=\"surface mount triple row led strip aluminum channel for three led tape lights\" class=\"wp-image-48631 size-full\" srcset=\"https:\/\/tangooled.com\/wp-content\/uploads\/2026\/01\/fpt01-ins.webp 500w, https:\/\/tangooled.com\/wp-content\/uploads\/2026\/01\/fpt01-ins-300x300.webp 300w, https:\/\/tangooled.com\/wp-content\/uploads\/2026\/01\/fpt01-ins-150x150.webp 150w\" sizes=\"auto, (max-width: 500px) 100vw, 500px\" \/><\/figure><\/div>\n<\/div>\n\n\n\n<div class=\"wp-block-group has-background is-vertical is-layout-flex wp-container-core-group-is-layout-b429018a wp-block-group-is-layout-flex\" style=\"background-color:#f1f1f1f2;padding-top:var(--wp--preset--spacing--70);padding-bottom:var(--wp--preset--spacing--70)\">\n<h2 class=\"wp-block-heading\" style=\"padding-top:var(--wp--preset--spacing--40);padding-bottom:var(--wp--preset--spacing--40);font-size:25px;font-style:normal;font-weight:600;text-transform:capitalize\">O que voc\u00ea pode fazer com o canal de alum\u00ednio LED de tr\u00eas fileiras para montagem em superf\u00edcie?<\/h2>\n\n\n\n<ul class=\"wp-block-list\">\n<li>Ilumina\u00e7\u00e3o de varejo: Ilumina tudo com uma luz ampla e brilhante.<\/li>\n\n\n\n<li>Ilumina\u00e7\u00e3o arquitet\u00f4nica: Faz as paredes e outras coisas se destacarem.<\/li>\n\n\n\n<li>Ilumina\u00e7\u00e3o geral do ambiente: Este canal torna o ambiente todo mais brilhante usando tr\u00eas fitas de LED.<\/li>\n<\/ul>\n<\/div>\n\n\n\n<div class=\"wp-block-group is-vertical is-layout-flex wp-container-core-group-is-layout-d255d7c4 wp-block-group-is-layout-flex\" style=\"padding-top:var(--wp--preset--spacing--80);padding-bottom:var(--wp--preset--spacing--80)\">\n<h2 class=\"wp-block-heading\" style=\"padding-top:var(--wp--preset--spacing--40);padding-bottom:var(--wp--preset--spacing--40);font-size:25px;font-style:normal;font-weight:600;text-transform:capitalize\">Resumo<\/h2>\n\n\n\n<p>Este canal de alum\u00ednio LED de tr\u00eas fileiras para montagem em superf\u00edcie facilita a ilumina\u00e7\u00e3o e \u00e9 robusto. Ele segura com seguran\u00e7a tr\u00eas fitas de LED e as mant\u00e9m refrigeradas. Os difusores fazem a luz parecer suave e limpa. Todas as pe\u00e7as est\u00e3o inclu\u00eddas, portanto a instala\u00e7\u00e3o \u00e9 r\u00e1pida e direta. Este canal LED estiloso e robusto dar\u00e1 \u00e0 sua casa ou loja o visual certo e uma luz forte.<\/p>\n<\/div>\n\n\n\n<p><\/p>","protected":false},"featured_media":15636,"template":"","meta":{"_acf_changed":true,"_seopress_robots_primary_cat":"none","_seopress_titles_title":"Surface Mount Triple Row LED Aluminum Channel | TANGOOLED","_seopress_titles_desc":"Source this surface mount triple row LED aluminum channel. Designed to fit three LED strips, it offers high-lumen output and excellent heat dissipation for large-scale lighting projects.","_seopress_robots_index":""},"pcb-width":[228],"product-cat":[192],"class_list":{"0":"post-47916","1":"product","2":"type-product","3":"status-publish","4":"has-post-thumbnail","6":"pcb-width-6-12mm","7":"product-cat-surface-led-profile"},"acf":[],"_links":{"self":[{"href":"https:\/\/tangooled.com\/pt\/wp-json\/wp\/v2\/product\/47916","targetHints":{"allow":["GET"]}}],"collection":[{"href":"https:\/\/tangooled.com\/pt\/wp-json\/wp\/v2\/product"}],"about":[{"href":"https:\/\/tangooled.com\/pt\/wp-json\/wp\/v2\/types\/product"}],"wp:featuredmedia":[{"embeddable":true,"href":"https:\/\/tangooled.com\/pt\/wp-json\/wp\/v2\/media\/15636"}],"wp:attachment":[{"href":"https:\/\/tangooled.com\/pt\/wp-json\/wp\/v2\/media?parent=47916"}],"wp:term":[{"taxonomy":"pcb-width","embeddable":true,"href":"https:\/\/tangooled.com\/pt\/wp-json\/wp\/v2\/pcb-width?post=47916"},{"taxonomy":"product-cat","embeddable":true,"href":"https:\/\/tangooled.com\/pt\/wp-json\/wp\/v2\/product-cat?post=47916"}],"curies":[{"name":"wp","href":"https:\/\/api.w.org\/{rel}","templated":true}]}}