{"id":47902,"date":"2026-01-13T02:27:17","date_gmt":"2026-01-13T10:27:17","guid":{"rendered":"https:\/\/tangooled.com\/?post_type=product&#038;p=47902"},"modified":"2026-02-02T01:37:58","modified_gmt":"2026-02-02T09:37:58","slug":"30-degree-optic-lens-double-layer-led-aluminum-channel-lp01c","status":"publish","type":"product","link":"https:\/\/tangooled.com\/pt\/product\/30-degree-optic-lens-double-layer-led-aluminum-channel-lp01c\/","title":{"rendered":"difusor de lente \u00f3ptica de 30 graus, canal de alum\u00ednio LED de camada dupla"},"content":{"rendered":"<div class=\"wp-block-group is-vertical is-layout-flex wp-container-core-group-is-layout-d255d7c4 wp-block-group-is-layout-flex\" style=\"padding-top:var(--wp--preset--spacing--80);padding-bottom:var(--wp--preset--spacing--80)\">\n<p>Gere uma ilumina\u00e7\u00e3o de fita LED focada com nosso canal de alum\u00ednio LED de camada dupla com lente de 30 graus! Este canal criativo possui uma lente \u00f3ptica que foca a sa\u00edda de luz exatamente dentro de um \u00e2ngulo de feixe de 30 graus. O canal tem 20mm de largura e 15,5mm de altura do lado de fora, conferindo um visual elegante e embutido.<br>The special double-layer design makes it easier to control heat, which is essential for extending your LED strips&#8217; lifespan. The installation process is simple and secure: first, fix the lower base channel to the mounting surface; then, securely snap the second layer, which holds the LED strip and the 30-degree lens, into place inside the fixed base.<\/p>\n<\/div>\n\n\n\n<div class=\"wp-block-group has-background\" style=\"background-color:#f1f1f1;padding-top:var(--wp--preset--spacing--80);padding-bottom:var(--wp--preset--spacing--80)\"><div class=\"wp-block-group__inner-container is-layout-constrained wp-block-group-is-layout-constrained\">\n<div class=\"wp-block-group is-vertical is-layout-flex wp-container-core-group-is-layout-8cf370e7 wp-block-group-is-layout-flex\">\n<h2 class=\"wp-block-heading\" style=\"padding-top:var(--wp--preset--spacing--40);padding-bottom:var(--wp--preset--spacing--40);font-size:25px;font-style:normal;font-weight:600;text-transform:capitalize\">Why Choose Our 30\u00b0 Optic Lens Diffuser Double Layer LED Aluminum Channel?<\/h2>\n\n\n\n<ul class=\"wp-block-list\">\n<li>Focused 30\u00b0 beam angle: Uses a special optic lens to direct light exactly where you want it. No more light that goes to waste or glare.<\/li>\n\n\n\n<li>Canal LED de camada dupla: a camada interna tem 16mm de largura, ideal para fitas LED de duas fileiras.<\/li>\n\n\n\n<li>Boa dissipa\u00e7\u00e3o de calor: Feito de alum\u00ednio anodizado 6063-T5, que mant\u00e9m os LEDs frios para durar mais.<\/li>\n\n\n\n<li>Ilumina\u00e7\u00e3o sem pontos: O tampa difusora torna sua luz suave e agrad\u00e1vel.<\/li>\n\n\n\n<li>Acabamentos da caixa de alum\u00ednio: Voc\u00ea pode obt\u00ea-lo em prata, preto ou branco para combinar com seu estilo.<\/li>\n<\/ul>\n<\/div>\n<\/div><\/div>\n\n\n\n<div class=\"wp-block-group is-vertical is-layout-flex wp-container-core-group-is-layout-d255d7c4 wp-block-group-is-layout-flex\" style=\"padding-top:var(--wp--preset--spacing--80);padding-bottom:var(--wp--preset--spacing--80)\">\n<hr class=\"wp-block-separator has-alpha-channel-opacity\"\/>\n\n\n\n<div class=\"wp-block-media-text has-media-on-the-right is-stacked-on-mobile\" style=\"grid-template-columns:auto 40%\"><div class=\"wp-block-media-text__content\">\n<h2 class=\"wp-block-heading\" style=\"padding-top:var(--wp--preset--spacing--40);padding-bottom:var(--wp--preset--spacing--40);font-size:25px;font-style:normal;font-weight:600;text-transform:capitalize\">Instala\u00e7\u00e3o &amp; Compatibilidade<\/h2>\n\n\n\n<p>Funciona com a maioria das fitas LED que t\u00eam at\u00e9 15mm de largura, como a SMD 5050. Com uma serra fina, voc\u00ea pode cort\u00e1-lo facilmente para o comprimento correto. Este canal de lente \u00f3ptica de 30 graus pode ser montado na superf\u00edcie, proporcionando um visual limpo e profissional. Voc\u00ea tamb\u00e9m pode utilizar uma fonte de alimenta\u00e7\u00e3o dimm\u00e1vel com ele, que permite ajustar completamente a ilumina\u00e7\u00e3o.<\/p>\n<\/div><figure class=\"wp-block-media-text__media\"><img loading=\"lazy\" decoding=\"async\" width=\"500\" height=\"500\" src=\"https:\/\/tangooled.com\/wp-content\/uploads\/2025\/06\/lp01c-ins.webp\" alt=\"30 degree optic lens diffuser double layer led aluminum channel\" class=\"wp-image-41920 size-full\" srcset=\"https:\/\/tangooled.com\/wp-content\/uploads\/2025\/06\/lp01c-ins.webp 500w, https:\/\/tangooled.com\/wp-content\/uploads\/2025\/06\/lp01c-ins-300x300.webp 300w, https:\/\/tangooled.com\/wp-content\/uploads\/2025\/06\/lp01c-ins-150x150.webp 150w\" sizes=\"auto, (max-width: 500px) 100vw, 500px\" \/><\/figure><\/div>\n<\/div>\n\n\n\n<div class=\"wp-block-group has-background is-vertical is-layout-flex wp-container-core-group-is-layout-b429018a wp-block-group-is-layout-flex\" style=\"background-color:#f1f1f1f2;padding-top:var(--wp--preset--spacing--70);padding-bottom:var(--wp--preset--spacing--70)\">\n<h2 class=\"wp-block-heading\" style=\"padding-top:var(--wp--preset--spacing--40);padding-bottom:var(--wp--preset--spacing--40);font-size:25px;font-style:normal;font-weight:600\">Perfeito para muitas utiliza\u00e7\u00f5es<\/h2>\n\n\n\n<p>Este canal LED de camada dupla \u00e9 uma boa solu\u00e7\u00e3o para:<\/p>\n\n\n\n<ul class=\"wp-block-list\">\n<li>Exposi\u00e7\u00f5es em lojas: ilumina\u00e7\u00e3o para prateleiras e vitrines.<\/li>\n\n\n\n<li>\u00c1reas comerciais: escrit\u00f3rios, corredores e ilumina\u00e7\u00e3o para tarefas.<\/li>\n\n\n\n<li>Casas de alto padr\u00e3o: ilumina\u00e7\u00e3o para m\u00f3veis, escadas e embaixo de arm\u00e1rios.<\/li>\n\n\n\n<li>Ilumina\u00e7\u00e3o de museus e galerias: destaque a arte sem causar ofuscamento.<\/li>\n<\/ul>\n<\/div>\n\n\n\n<div class=\"wp-block-group is-vertical is-layout-flex wp-container-core-group-is-layout-d255d7c4 wp-block-group-is-layout-flex\" style=\"padding-top:var(--wp--preset--spacing--80);padding-bottom:var(--wp--preset--spacing--80)\">\n<h2 class=\"wp-block-heading\" style=\"padding-top:var(--wp--preset--spacing--40);padding-bottom:var(--wp--preset--spacing--40);font-size:25px;font-style:normal;font-weight:600;text-transform:capitalize\">What\u2019s Included<\/h2>\n\n\n\n<ul class=\"wp-block-list\">\n<li>1x Canal de Alum\u00ednio LED de Camada Dupla<\/li>\n\n\n\n<li>1x 30\u00b0 Optic Lens Diffuser Cover<\/li>\n\n\n\n<li>2x Tampas de Extremidade (uma com um buraco para um fio e uma s\u00f3lida)<\/li>\n<\/ul>\n<\/div>\n\n\n\n<div class=\"wp-block-group has-background is-vertical is-layout-flex wp-container-core-group-is-layout-b429018a wp-block-group-is-layout-flex\" style=\"background-color:#f1f1f1f2;padding-top:var(--wp--preset--spacing--70);padding-bottom:var(--wp--preset--spacing--70)\">\n<h2 class=\"wp-block-heading\" style=\"padding-top:var(--wp--preset--spacing--40);padding-bottom:var(--wp--preset--spacing--40);font-size:25px;font-style:normal;font-weight:600\">Links Internos para Produtos Relacionados<\/h2>\n\n\n\n<ul class=\"wp-block-list\">\n<li>Precisa de um perfil para uma fita LED menor? Confira o <a href=\"https:\/\/tangooled.com\/pt\/product\/black-led-diffuser-aluminum-channel-for-12mm-tape-lights\/\"><mark style=\"background-color:rgba(0, 0, 0, 0)\" class=\"has-inline-color has-vivid-red-color\">canal de alum\u00ednio difusor preto para fitas de 12mm<\/mark><\/a>.<\/li>\n\n\n\n<li>Para necessidades de perfil baixo, experimente o nosso <a href=\"https:\/\/tangooled.com\/pt\/product\/25x6mm-low-profile-led-strip-channel-for-10mm-led-strip-light\/\"><mark style=\"background-color:rgba(0, 0, 0, 0)\" class=\"has-inline-color has-vivid-red-color\">canal de LED de perfil baixo 25x6mm para fita LED de 10mm<\/mark><\/a>.<\/li>\n\n\n\n<li>Quer um \u00e2ngulo de feixe maior? Veja o <a href=\"https:\/\/tangooled.com\/pt\/product\/aluminum-profile-with-60-degree-lens-led-diffuser\/\"><mark style=\"background-color:rgba(0, 0, 0, 0)\" class=\"has-inline-color has-vivid-red-color\">perfil de alum\u00ednio com difusor de lente LED de 60 graus<\/mark><\/a>. <\/li>\n<\/ul>\n<\/div>\n\n\n\n<div class=\"wp-block-group is-vertical is-layout-flex wp-container-core-group-is-layout-d255d7c4 wp-block-group-is-layout-flex\" style=\"padding-top:var(--wp--preset--spacing--80);padding-bottom:var(--wp--preset--spacing--80)\">\n<h2 class=\"wp-block-heading\" style=\"padding-top:var(--wp--preset--spacing--40);padding-bottom:var(--wp--preset--spacing--40);font-size:25px;font-style:normal;font-weight:600;text-transform:capitalize\">Resumo<\/h2>\n\n\n\n<p>Se voc\u00ea deseja uma luz que seja brilhante, suave e focada, este canal de alum\u00ednio LED de camada dupla com uma lente \u00f3ptica de 30 graus \u00e9 uma \u00f3tima escolha. Tem um difusor n\u00edtido de 30 graus que torna os feixes claros e focados. O alum\u00ednio anodizado 6063-T5 permite que o calor flua facilmente. Este canal difusor de lente \u00e9 fant\u00e1stico para uma variedade de aplica\u00e7\u00f5es, como iluminar sua casa ou trabalhar em projetos de design de ilumina\u00e7\u00e3o.<\/p>\n\n\n\n<p><\/p>\n<\/div>","protected":false},"featured_media":33350,"template":"","meta":{"_acf_changed":true,"_seopress_robots_primary_cat":"none","_seopress_titles_title":"30 Degree Optic Lens Double Layer LED Aluminum Channel | LP01C | TANGOOLED","_seopress_titles_desc":"Source the double layer LED aluminum channel featuring a 30 degree optic lens. Engineered for superior thermal management and precise beam control. Ideal for professional architectural lighting.","_seopress_robots_index":""},"pcb-width":[228],"product-cat":[201],"class_list":{"0":"post-47902","1":"product","2":"type-product","3":"status-publish","4":"has-post-thumbnail","6":"pcb-width-6-12mm","7":"product-cat-optic-lens-profile"},"acf":[],"_links":{"self":[{"href":"https:\/\/tangooled.com\/pt\/wp-json\/wp\/v2\/product\/47902","targetHints":{"allow":["GET"]}}],"collection":[{"href":"https:\/\/tangooled.com\/pt\/wp-json\/wp\/v2\/product"}],"about":[{"href":"https:\/\/tangooled.com\/pt\/wp-json\/wp\/v2\/types\/product"}],"wp:featuredmedia":[{"embeddable":true,"href":"https:\/\/tangooled.com\/pt\/wp-json\/wp\/v2\/media\/33350"}],"wp:attachment":[{"href":"https:\/\/tangooled.com\/pt\/wp-json\/wp\/v2\/media?parent=47902"}],"wp:term":[{"taxonomy":"pcb-width","embeddable":true,"href":"https:\/\/tangooled.com\/pt\/wp-json\/wp\/v2\/pcb-width?post=47902"},{"taxonomy":"product-cat","embeddable":true,"href":"https:\/\/tangooled.com\/pt\/wp-json\/wp\/v2\/product-cat?post=47902"}],"curies":[{"name":"wp","href":"https:\/\/api.w.org\/{rel}","templated":true}]}}