{"id":47897,"date":"2026-01-13T02:24:08","date_gmt":"2026-01-13T10:24:08","guid":{"rendered":"https:\/\/tangooled.com\/?post_type=product&#038;p=47897"},"modified":"2026-04-08T21:33:20","modified_gmt":"2026-04-09T05:33:20","slug":"10-degree-lens-surface-mount-led-channel-fp02l","status":"publish","type":"product","link":"https:\/\/tangooled.com\/pt\/product\/10-degree-lens-surface-mount-led-channel-fp02l\/","title":{"rendered":"Canal LED de Montagem Superficial com Lente de 10 Graus FP02L"},"content":{"rendered":"<div class=\"wp-block-group is-vertical is-layout-flex wp-container-core-group-is-layout-d255d7c4 wp-block-group-is-layout-flex\" style=\"padding-top:var(--wp--preset--spacing--80);padding-bottom:var(--wp--preset--spacing--80)\">\n<p>This 10-degree lens LED channel features a slim aluminum profile with an inner width of 12.2 mm, compatible with high-density LED strips such as SMD3528 and SMD5050. It has a precision\u00a0optical lens that concentrates light into an ultra-narrow 10\u00b0 beam, giving you a sharp, long-distance light with little light spill.<br>Este perfil \u00e9 feito para montagem em superf\u00edcie e vem com todas as pe\u00e7as necess\u00e1rias para uma instala\u00e7\u00e3o suave, como capas de extremidade e clips de montagem. \u00c9 a melhor escolha para ilumina\u00e7\u00e3o de destaque em espa\u00e7os com tetos altos, ao longo de paredes e em \u00e1reas espec\u00edficas onde voc\u00ea precisa de controle preciso sobre a luz.<\/p>\n<\/div>\n\n\n\n<div class=\"wp-block-group has-background\" style=\"background-color:#f1f1f1;padding-top:var(--wp--preset--spacing--80);padding-bottom:var(--wp--preset--spacing--80)\"><div class=\"wp-block-group__inner-container is-layout-constrained wp-block-group-is-layout-constrained\">\n<div class=\"wp-block-group is-vertical is-layout-flex wp-container-core-group-is-layout-8cf370e7 wp-block-group-is-layout-flex\">\n<h2 class=\"wp-block-heading\" style=\"padding-top:var(--wp--preset--spacing--40);padding-bottom:var(--wp--preset--spacing--40);font-size:25px;font-style:normal;font-weight:600;text-transform:capitalize\">Por que escolher nosso canal LED com lente de 10 graus?<\/h2>\n\n\n\n<ul class=\"wp-block-list\">\n<li>Sharp 10\u00b0 Beam: The special lens focuses the light in a tight, narrow beam. This means the light goes right where you want it.<\/li>\n\n\n\n<li>Canal de Alum\u00ednio Forte: Fabricado em alum\u00ednio anodizado 6063-T5. Mant\u00e9m suas fitas LED frescas, permitindo que a luz dure muito tempo.<\/li>\n\n\n\n<li>F\u00e1cil de Montar: Design de montagem em superf\u00edcie com clips e capas de extremidade inclu\u00eddas.<\/li>\n\n\n\n<li>Difusor de Lente Transparente: Fabricado com uma lente de policarbonato clara para um \u00f3timo controle da luz sem amarelar.<\/li>\n\n\n\n<li>Perfeito para V\u00e1rias Aplica\u00e7\u00f5es: Use em sua casa, escrit\u00f3rio ou loja. \u00c9 excelente para ilumina\u00e7\u00e3o sob arm\u00e1rios, prateleiras, paredes ou vitrines.<\/li>\n<\/ul>\n<\/div>\n<\/div><\/div>\n\n\n\n<div class=\"wp-block-group is-vertical is-layout-flex wp-container-core-group-is-layout-d255d7c4 wp-block-group-is-layout-flex\" style=\"padding-top:var(--wp--preset--spacing--80);padding-bottom:var(--wp--preset--spacing--80)\">\n<hr class=\"wp-block-separator has-alpha-channel-opacity\"\/>\n\n\n\n<div class=\"wp-block-media-text has-media-on-the-right is-stacked-on-mobile\" style=\"grid-template-columns:auto 40%\"><div class=\"wp-block-media-text__content\">\n<h2 class=\"wp-block-heading\" style=\"padding-top:var(--wp--preset--spacing--40);padding-bottom:var(--wp--preset--spacing--40);font-size:25px;font-style:normal;font-weight:600;text-transform:capitalize\">F\u00e1cil de Usar e Instalar<\/h2>\n\n\n\n<ul class=\"wp-block-list\">\n<li>Corte os canais de alum\u00ednio e o difusor de lente no comprimento desejado com uma serra manual.<\/li>\n\n\n\n<li>Descole a parte adesiva da sua fita LED e pressione firmemente dentro do canal.<\/li>\n\n\n\n<li>Prenda o difusor de lente de 10 graus no lugar e depois fixe as capas de extremidade em ambas as extremidades do canal.<\/li>\n\n\n\n<li>Fixe o canal de alum\u00ednio em paredes, tetos ou arm\u00e1rios usando os clips e parafusos de montagem inclu\u00eddos.<\/li>\n<\/ul>\n<\/div><figure class=\"wp-block-media-text__media\"><img loading=\"lazy\" decoding=\"async\" width=\"500\" height=\"500\" src=\"https:\/\/tangooled.com\/wp-content\/uploads\/2026\/01\/fp02l-ins.webp\" alt=\"10 degree lens surface mount led channel fp02l\" class=\"wp-image-49001 size-full\" srcset=\"https:\/\/tangooled.com\/wp-content\/uploads\/2026\/01\/fp02l-ins.webp 500w, https:\/\/tangooled.com\/wp-content\/uploads\/2026\/01\/fp02l-ins-300x300.webp 300w, https:\/\/tangooled.com\/wp-content\/uploads\/2026\/01\/fp02l-ins-150x150.webp 150w\" sizes=\"auto, (max-width: 500px) 100vw, 500px\" \/><\/figure><\/div>\n<\/div>\n\n\n\n<div class=\"wp-block-group has-background is-vertical is-layout-flex wp-container-core-group-is-layout-b429018a wp-block-group-is-layout-flex\" style=\"background-color:#f1f1f1f2;padding-top:var(--wp--preset--spacing--70);padding-bottom:var(--wp--preset--spacing--70)\">\n<h2 class=\"wp-block-heading\" style=\"padding-top:var(--wp--preset--spacing--40);padding-bottom:var(--wp--preset--spacing--40);font-size:25px;font-style:normal;font-weight:600\">Onde voc\u00ea pode usar nosso canal LED com lente de 10 graus?<\/h2>\n\n\n\n<p>Este canal LED com lente de 10 graus \u00e9 perfeito para:<\/p>\n\n\n\n<ul class=\"wp-block-list\">\n<li>Ilumina\u00e7\u00e3o de Destaque: Para criar um impacto visual impressionante, destacando obras de arte, detalhes arquitet\u00f4nicos ou decora\u00e7\u00e3o de casa.<\/li>\n\n\n\n<li>Ilumina\u00e7\u00e3o de Teto: Instale no teto para criar luzes direcionadas que emitem luz de forma elegante e moderna.<\/li>\n\n\n\n<li>Ilumina\u00e7\u00e3o Sob o Arm\u00e1rio: Use luz focada e sem ofuscamento para iluminar suas superf\u00edcies e dar \u00e0 sua cozinha uma apar\u00eancia elegante e profissional.<\/li>\n\n\n\n<li>Ilumina\u00e7\u00e3o de Vitrines e Prateleiras: Use um feixe estreito de luz para chamar a aten\u00e7\u00e3o para seus itens ou cole\u00e7\u00f5es.<\/li>\n\n\n\n<li>Architectural Highlighting: Use a crisp, strong line of light to show off the building&#8217;s interior or exterior&#8217;s unique lines, edges, and corners.<\/li>\n<\/ul>\n<\/div>\n\n\n\n<div class=\"wp-block-group is-vertical is-layout-flex wp-container-core-group-is-layout-d255d7c4 wp-block-group-is-layout-flex\" style=\"padding-top:var(--wp--preset--spacing--80);padding-bottom:var(--wp--preset--spacing--80)\">\n<h2 class=\"wp-block-heading\" style=\"padding-top:var(--wp--preset--spacing--40);padding-bottom:var(--wp--preset--spacing--40);font-size:25px;font-style:normal;font-weight:600;text-transform:capitalize\">Resumo<\/h2>\n\n\n\n<p>A lente dentro do canal foca a luz LED em um \u00e2ngulo de feixe estreito de 10 graus. Isso faz com que as luzes sejam brilhantes e n\u00edtidas. Outros feixes difusores, como 15, 20 ou 60 graus, suavizam uma \u00e1rea mais ampla. Se voc\u00ea deseja uma \u00f3tima ilumina\u00e7\u00e3o de destaque com bordas e detalhes, este canal LED com lente de 10 graus \u00e9 perfeito.<\/p>\n<\/div>\n\n\n\n<p><\/p>","protected":false},"featured_media":14209,"template":"","meta":{"_acf_changed":false,"_seopress_robots_primary_cat":"none","_seopress_titles_title":"10 Degree Lens LED Channel | Surface Mount Profile | TANGOOLED","_seopress_titles_desc":"Source this 10 degree lens LED channel for ultra-narrow beam control. Ideal for high-ceiling accent lighting and wall washing. High-quality surface mount profile from TANGOOLED.","_seopress_robots_index":""},"pcb-width":[228],"product-cat":[201],"class_list":{"0":"post-47897","1":"product","2":"type-product","3":"status-publish","4":"has-post-thumbnail","6":"pcb-width-6-12mm","7":"product-cat-optic-lens-profile"},"acf":[],"_links":{"self":[{"href":"https:\/\/tangooled.com\/pt\/wp-json\/wp\/v2\/product\/47897","targetHints":{"allow":["GET"]}}],"collection":[{"href":"https:\/\/tangooled.com\/pt\/wp-json\/wp\/v2\/product"}],"about":[{"href":"https:\/\/tangooled.com\/pt\/wp-json\/wp\/v2\/types\/product"}],"wp:featuredmedia":[{"embeddable":true,"href":"https:\/\/tangooled.com\/pt\/wp-json\/wp\/v2\/media\/14209"}],"wp:attachment":[{"href":"https:\/\/tangooled.com\/pt\/wp-json\/wp\/v2\/media?parent=47897"}],"wp:term":[{"taxonomy":"pcb-width","embeddable":true,"href":"https:\/\/tangooled.com\/pt\/wp-json\/wp\/v2\/pcb-width?post=47897"},{"taxonomy":"product-cat","embeddable":true,"href":"https:\/\/tangooled.com\/pt\/wp-json\/wp\/v2\/product-cat?post=47897"}],"curies":[{"name":"wp","href":"https:\/\/api.w.org\/{rel}","templated":true}]}}