{"id":47893,"date":"2026-01-13T02:18:38","date_gmt":"2026-01-13T10:18:38","guid":{"rendered":"https:\/\/tangooled.com\/?post_type=product&#038;p=47893"},"modified":"2026-02-02T01:38:16","modified_gmt":"2026-02-02T09:38:16","slug":"aluminum-led-profile-30-degree-lens-diffuser-for-10mm-strips","status":"publish","type":"product","link":"https:\/\/tangooled.com\/pt\/product\/aluminum-led-profile-30-degree-lens-diffuser-for-10mm-strips\/","title":{"rendered":"perfil LED de alum\u00ednio com difusor de lente de 30 graus para tiras de 10mm"},"content":{"rendered":"<div class=\"wp-block-group is-vertical is-layout-flex wp-container-core-group-is-layout-d255d7c4 wp-block-group-is-layout-flex\" style=\"padding-top:var(--wp--preset--spacing--80);padding-bottom:var(--wp--preset--spacing--80)\">\n<p>Este perfil LED de lente de alum\u00ednio de 30 graus foi projetado para fornecer luz focada. Medindo 17,2 mm de largura e 12,9 mm de altura, funciona com fitas LED padr\u00e3o de 10 mm e possui um difusor de lente clara para concentrar a luz LED em um \u00e2ngulo de emiss\u00e3o estreito, adequado para aplica\u00e7\u00f5es de ilumina\u00e7\u00e3o de fitas LED de destaque. Este perfil LED de alum\u00ednio com difusor de lente de 30 graus apresenta clipes de montagem para instala\u00e7\u00e3o f\u00e1cil. Pode ser fixado com seguran\u00e7a em qualquer superf\u00edcie. Quer voc\u00ea esteja iluminando um display de varejo ou adicionando detalhes sofisticados \u00e0 sua casa, este perfil combina durabilidade com um acabamento elegante e profissional.<\/p>\n<\/div>\n\n\n\n<div class=\"wp-block-group has-background\" style=\"background-color:#f1f1f1;padding-top:var(--wp--preset--spacing--80);padding-bottom:var(--wp--preset--spacing--80)\"><div class=\"wp-block-group__inner-container is-layout-constrained wp-block-group-is-layout-constrained\">\n<div class=\"wp-block-group is-vertical is-layout-flex wp-container-core-group-is-layout-8cf370e7 wp-block-group-is-layout-flex\">\n<h2 class=\"wp-block-heading\" style=\"padding-top:var(--wp--preset--spacing--40);padding-bottom:var(--wp--preset--spacing--40);font-size:25px;font-style:normal;font-weight:600;text-transform:capitalize\">Por que escolher nosso perfil LED com lente de 30 graus?<\/h2>\n\n\n\n<p>Nosso perfil LED com lente de 30 graus oferece muitos benef\u00edcios:<\/p>\n\n\n\n<ul class=\"wp-block-list\">\n<li>Focused light beam: The 30\u00b0 lens makes a tight beam of light that doesn&#8217;t cause glare, so it goes exactly where you want it to.<\/li>\n\n\n\n<li>Strong aluminum channel: It keeps LED strips cool and makes them last\u00a0longer by acting as a heat sink.<\/li>\n\n\n\n<li>This\u00a0channel\u00a0is great for 10mm LED strips because it has an inner width of 12mm. It works with popular models like the 5050 and 2835.<\/li>\n\n\n\n<li>Este produto vem com tudo o que voc\u00ea precisa para instal\u00e1-lo r\u00e1pida e ordenadamente, incluindo tampas de extremidade e clipes de montagem.<\/li>\n<\/ul>\n<\/div>\n<\/div><\/div>\n\n\n\n<div class=\"wp-block-group is-vertical is-layout-flex wp-container-core-group-is-layout-d255d7c4 wp-block-group-is-layout-flex\" style=\"padding-top:var(--wp--preset--spacing--80);padding-bottom:var(--wp--preset--spacing--80)\">\n<hr class=\"wp-block-separator has-alpha-channel-opacity\"\/>\n\n\n\n<div class=\"wp-block-media-text has-media-on-the-right is-stacked-on-mobile\" style=\"grid-template-columns:auto 40%\"><div class=\"wp-block-media-text__content\">\n<h2 class=\"wp-block-heading\" style=\"padding-top:var(--wp--preset--spacing--40);padding-bottom:var(--wp--preset--spacing--40);font-size:25px;font-style:normal;font-weight:600;text-transform:capitalize\">Dicas de Instala\u00e7\u00e3o para os Melhores Resultados<\/h2>\n\n\n\n<ul class=\"wp-block-list\">\n<li>Make sure the LED strip is firmly attached to the base of the aluminum channel. Drill\u00a0a hole in the channel and run the power cord through it.<\/li>\n\n\n\n<li>Use parafusos para fixar os clipes de montagem na superf\u00edcie onde deseja mont\u00e1-los.<\/li>\n\n\n\n<li>Coloque o canal de alum\u00ednio nos clipes que j\u00e1 est\u00e3o no lugar.<\/li>\n\n\n\n<li>Conecte o cabo de alimenta\u00e7\u00e3o \u00e0 fonte de energia.<\/li>\n\n\n\n<li>Para finalizar a instala\u00e7\u00e3o, coloque as tampas de extremidade e encaixe a tampa do difusor LED.<\/li>\n<\/ul>\n<\/div><figure class=\"wp-block-media-text__media\"><img loading=\"lazy\" decoding=\"async\" width=\"500\" height=\"500\" src=\"https:\/\/tangooled.com\/wp-content\/uploads\/2026\/01\/fp01l-ins.webp\" alt=\"aluminum led profile with 30 degree lens diffuser for 10mm led strips\" class=\"wp-image-48331 size-full\" srcset=\"https:\/\/tangooled.com\/wp-content\/uploads\/2026\/01\/fp01l-ins.webp 500w, https:\/\/tangooled.com\/wp-content\/uploads\/2026\/01\/fp01l-ins-300x300.webp 300w, https:\/\/tangooled.com\/wp-content\/uploads\/2026\/01\/fp01l-ins-150x150.webp 150w\" sizes=\"auto, (max-width: 500px) 100vw, 500px\" \/><\/figure><\/div>\n<\/div>\n\n\n\n<div class=\"wp-block-group has-background\" style=\"background-color:#f1f1f1f2;padding-top:var(--wp--preset--spacing--80);padding-bottom:var(--wp--preset--spacing--80)\"><div class=\"wp-block-group__inner-container is-layout-constrained wp-block-group-is-layout-constrained\">\n<h2 class=\"wp-block-heading\" style=\"padding-top:var(--wp--preset--spacing--40);padding-bottom:var(--wp--preset--spacing--40);font-size:25px;font-style:normal;font-weight:600\">Onde voc\u00ea pode usar o perfil LED com lente de 30 graus?<\/h2>\n\n\n\n<ul class=\"wp-block-list\">\n<li>Ilumina\u00e7\u00e3o de arm\u00e1rios em casa: Coloque-os em sua cozinha ou arm\u00e1rios para fazer ilumina\u00e7\u00e3o de prateleira sem ofuscamento.<\/li>\n\n\n\n<li>Para neg\u00f3cios: \u00d3timo para displays em lojas, balc\u00f5es e acentos de ilumina\u00e7\u00e3o direcionada.<\/li>\n\n\n\n<li>Ilumina\u00e7\u00e3o arquitet\u00f4nica: Use para iluminar linhas de teto, acentos de parede e designs de luz linear bonitos.<\/li>\n\n\n\n<li>Closets and shelves: Helps make light that is concentrated and doesn&#8217;t cause glare for everyday use.<\/li>\n<\/ul>\n<\/div><\/div>\n\n\n\n<div class=\"wp-block-group is-vertical is-layout-flex wp-container-core-group-is-layout-d255d7c4 wp-block-group-is-layout-flex\" style=\"padding-top:var(--wp--preset--spacing--80);padding-bottom:var(--wp--preset--spacing--80)\">\n<h2 class=\"wp-block-heading\" style=\"padding-top:var(--wp--preset--spacing--40);padding-bottom:var(--wp--preset--spacing--40);font-size:25px;font-style:normal;font-weight:600;text-transform:capitalize\">Explore Mais Perfis LED<\/h2>\n\n\n\n<ul class=\"wp-block-list\">\n<li><a href=\"https:\/\/tangooled.com\/pt\/product\/led-strip-light-channel-aluminum-profile-with-diffused-cover-6mm-height\/\"><mark style=\"background-color:rgba(0, 0, 0, 0)\" class=\"has-inline-color has-vivid-red-color\">Canal de luz LED de alum\u00ednio com cobertura difusa, altura de 6 mm<\/mark><\/a><\/li>\n\n\n\n<li><a href=\"https:\/\/tangooled.com\/pt\/product\/black-aluminum-u-channel-profile-for-10mm-led-strips\/\"><mark style=\"background-color:rgba(0, 0, 0, 0)\" class=\"has-inline-color has-vivid-red-color\">Perfil U de alum\u00ednio preto para fitas LED de 10 mm<\/mark><\/a><\/li>\n\n\n\n<li><a href=\"https:\/\/tangooled.com\/pt\/product\/aluminum-profile-with-60-degree-lens-led-diffuser\/\"><mark style=\"background-color:rgba(0, 0, 0, 0)\" class=\"has-inline-color has-vivid-red-color\">Perfil de alum\u00ednio com difusor de lente LED de 60 graus<\/mark><\/a><\/li>\n\n\n\n<li><a href=\"https:\/\/tangooled.com\/pt\/product\/15x16mm-led-channel-with-half-round-diffuser-for-10mm-led-strips\/\"><mark style=\"background-color:rgba(0, 0, 0, 0)\" class=\"has-inline-color has-vivid-red-color\">Canal LED de 15x16mm com difusor semi-redondo para tiras LED de 10mm<\/mark><\/a><\/li>\n<\/ul>\n<\/div>\n\n\n\n<div class=\"wp-block-group has-background\" style=\"background-color:#f1f1f1f2;padding-top:var(--wp--preset--spacing--80);padding-bottom:var(--wp--preset--spacing--80)\"><div class=\"wp-block-group__inner-container is-layout-constrained wp-block-group-is-layout-constrained\">\n<h2 class=\"wp-block-heading\" style=\"padding-top:var(--wp--preset--spacing--40);padding-bottom:var(--wp--preset--spacing--40);font-size:25px;font-style:normal;font-weight:600\">Kit Completo para uma Instala\u00e7\u00e3o Profissional<\/h2>\n\n\n\n<ul class=\"wp-block-list\">\n<li>1X Canal de alum\u00ednio (modelo TG-FP01L)<\/li>\n\n\n\n<li>1x difusor de lente \u00f3ptica de 30 graus (claro, pl\u00e1stico r\u00edgido)<\/li>\n\n\n\n<li>2x clipes de montagem para fixa\u00e7\u00e3o segura<\/li>\n\n\n\n<li>2x tampas de extremidade (uma com furo para fio, uma sem)<br><\/li>\n<\/ul>\n<\/div><\/div>\n\n\n\n<div class=\"wp-block-group is-vertical is-layout-flex wp-container-core-group-is-layout-d255d7c4 wp-block-group-is-layout-flex\" style=\"padding-top:var(--wp--preset--spacing--80);padding-bottom:var(--wp--preset--spacing--80)\">\n<h2 class=\"wp-block-heading\" style=\"padding-top:var(--wp--preset--spacing--40);padding-bottom:var(--wp--preset--spacing--40);font-size:25px;font-style:normal;font-weight:600;text-transform:capitalize\">Resumo<\/h2>\n\n\n\n<p>Este perfil LED de alum\u00ednio com difusor de lente de 30 graus \u00e9 \u00f3timo para fita LED. \u00c9 feito para pessoas que desejam luz focada e clara de suas fitas LED de 10 mm. Voc\u00ea pode us\u00e1-lo para extrus\u00e3o de ilumina\u00e7\u00e3o de destaque, perfis LED para escovar paredes, projetos de ilumina\u00e7\u00e3o DIY, ou design de ilumina\u00e7\u00e3o arquitet\u00f4nica. O feixe forte ajuda a destacar detalhes e reduzir o vazamento de luz e ofuscamento.<\/p>\n<\/div>\n\n\n\n<p><\/p>","protected":false},"featured_media":14204,"template":"","meta":{"_acf_changed":true,"_seopress_robots_primary_cat":"none","_seopress_titles_title":"30 Degree Lens LED Profile | Aluminum Channel | FP01L | TANGOOLED","_seopress_titles_desc":"Source this aluminum LED profile featuring a 30 degree lens diffuser. Designed for 10mm LED strips, it provides focused beam control for wall washing and accent lighting.","_seopress_robots_index":""},"pcb-width":[228],"product-cat":[201],"class_list":{"0":"post-47893","1":"product","2":"type-product","3":"status-publish","4":"has-post-thumbnail","6":"pcb-width-6-12mm","7":"product-cat-optic-lens-profile"},"acf":[],"_links":{"self":[{"href":"https:\/\/tangooled.com\/pt\/wp-json\/wp\/v2\/product\/47893","targetHints":{"allow":["GET"]}}],"collection":[{"href":"https:\/\/tangooled.com\/pt\/wp-json\/wp\/v2\/product"}],"about":[{"href":"https:\/\/tangooled.com\/pt\/wp-json\/wp\/v2\/types\/product"}],"wp:featuredmedia":[{"embeddable":true,"href":"https:\/\/tangooled.com\/pt\/wp-json\/wp\/v2\/media\/14204"}],"wp:attachment":[{"href":"https:\/\/tangooled.com\/pt\/wp-json\/wp\/v2\/media?parent=47893"}],"wp:term":[{"taxonomy":"pcb-width","embeddable":true,"href":"https:\/\/tangooled.com\/pt\/wp-json\/wp\/v2\/pcb-width?post=47893"},{"taxonomy":"product-cat","embeddable":true,"href":"https:\/\/tangooled.com\/pt\/wp-json\/wp\/v2\/product-cat?post=47893"}],"curies":[{"name":"wp","href":"https:\/\/api.w.org\/{rel}","templated":true}]}}