{"id":47891,"date":"2026-01-13T02:05:15","date_gmt":"2026-01-13T10:05:15","guid":{"rendered":"https:\/\/tangooled.com\/?post_type=product&#038;p=47891"},"modified":"2026-02-02T01:38:34","modified_gmt":"2026-02-02T09:38:34","slug":"led-square-diffuser-aluminum-channel-20x23mm-inner-17mm","status":"publish","type":"product","link":"https:\/\/tangooled.com\/pt\/product\/led-square-diffuser-aluminum-channel-20x23mm-inner-17mm\/","title":{"rendered":"canal de alum\u00ednio para difusor LED quadrado 20x23mm interno 17mm"},"content":{"rendered":"<div class=\"wp-block-group is-vertical is-layout-flex wp-container-core-group-is-layout-d255d7c4 wp-block-group-is-layout-flex\" style=\"padding-top:var(--wp--preset--spacing--80);padding-bottom:var(--wp--preset--spacing--80)\">\n<p>O LP20B \u00e9 um canal de alum\u00ednio difusor quadrado LED de 20x23mm com um design arquitet\u00f4nico elegante. A largura interna de 17.4mm e o design de perfil profundo o tornam \u00f3timo para fitas LED mais largas. Isso significa que pode gerenciar o calor de forma eficaz, e o difusor quadrado torna a luz suave e livre de pontos. Voc\u00ea pode simplesmente e com seguran\u00e7a instalar o canal de alum\u00ednio em uma superf\u00edcie limpa com clipes de montagem. Este canal possui tampas de extremidade correspondentes e oculta todos os seus elementos internos, para que pare\u00e7a organizado em casas, neg\u00f3cios ou exibi\u00e7\u00f5es de lojas.<\/p>\n<\/div>\n\n\n\n<div class=\"wp-block-group has-background\" style=\"background-color:#f1f1f1;padding-top:var(--wp--preset--spacing--80);padding-bottom:var(--wp--preset--spacing--80)\"><div class=\"wp-block-group__inner-container is-layout-constrained wp-block-group-is-layout-constrained\">\n<div class=\"wp-block-group is-vertical is-layout-flex wp-container-core-group-is-layout-8cf370e7 wp-block-group-is-layout-flex\">\n<h2 class=\"wp-block-heading\" style=\"padding-top:var(--wp--preset--spacing--40);padding-bottom:var(--wp--preset--spacing--40);font-size:25px;font-style:normal;font-weight:600;text-transform:capitalize\">Por Que Escolher Nosso Canal de Alum\u00ednio Difusor Quadrado LED 20X23mm?<\/h2>\n\n\n\n<ul class=\"wp-block-list\">\n<li>Dissipador de calor forte: O alum\u00ednio 6063-T5 impede que o LED fique muito quente, o que aumenta sua durabilidade.<\/li>\n\n\n\n<li>Ilumina\u00e7\u00e3o sem pontos: O difusor opalino-fosco espalha a luz de maneira uniforme e suave.<\/li>\n\n\n\n<li>Fitas LED largas e de dupla fileira se ajustam a fitas com uma largura interna de at\u00e9 17mm.<\/li>\n\n\n\n<li>Forte e organizado: Protege os LEDs da poeira e danos.<\/li>\n\n\n\n<li>Voc\u00ea pode escolher entre acabamentos prateados, pretos ou brancos.<\/li>\n\n\n\n<li>Ele vem com clipes e tampas de extremidade, o que facilita a montagem.<\/li>\n<\/ul>\n<\/div>\n<\/div><\/div>\n\n\n\n<div class=\"wp-block-group is-vertical is-layout-flex wp-container-core-group-is-layout-d255d7c4 wp-block-group-is-layout-flex\" style=\"padding-top:var(--wp--preset--spacing--80);padding-bottom:var(--wp--preset--spacing--80)\">\n<hr class=\"wp-block-separator has-alpha-channel-opacity\"\/>\n\n\n\n<div class=\"wp-block-media-text has-media-on-the-right is-stacked-on-mobile\" style=\"grid-template-columns:auto 40%\"><div class=\"wp-block-media-text__content\">\n<h2 class=\"wp-block-heading\" style=\"padding-top:var(--wp--preset--spacing--40);padding-bottom:var(--wp--preset--spacing--40);font-size:25px;font-style:normal;font-weight:600;text-transform:capitalize\">Passos de Instala\u00e7\u00e3o<\/h2>\n\n\n\n<ul class=\"wp-block-list\">\n<li>Anexe os clipes de montagem&nbsp;\u00e0 superf\u00edcie.<\/li>\n\n\n\n<li>Coloque sua fita LED dentro do canal de alum\u00ednio.<\/li>\n\n\n\n<li>Coloque o canal nos clipes.<\/li>\n\n\n\n<li>Coloque as tampas de extremidade e a tampa do difusor para um acabamento completo.<\/li>\n<\/ul>\n<\/div><figure class=\"wp-block-media-text__media\"><img loading=\"lazy\" decoding=\"async\" width=\"500\" height=\"500\" src=\"https:\/\/tangooled.com\/wp-content\/uploads\/2026\/01\/lp20b-ins.webp\" alt=\"led square diffuser aluminum channel 20x23mm inner 17mm\" class=\"wp-image-48329 size-full\" srcset=\"https:\/\/tangooled.com\/wp-content\/uploads\/2026\/01\/lp20b-ins.webp 500w, https:\/\/tangooled.com\/wp-content\/uploads\/2026\/01\/lp20b-ins-300x300.webp 300w, https:\/\/tangooled.com\/wp-content\/uploads\/2026\/01\/lp20b-ins-150x150.webp 150w\" sizes=\"auto, (max-width: 500px) 100vw, 500px\" \/><\/figure><\/div>\n<\/div>\n\n\n\n<div class=\"wp-block-group has-background is-vertical is-layout-flex wp-container-core-group-is-layout-b429018a wp-block-group-is-layout-flex\" style=\"background-color:#f1f1f1f2;padding-top:var(--wp--preset--spacing--70);padding-bottom:var(--wp--preset--spacing--70)\">\n<h2 class=\"wp-block-heading\" style=\"padding-top:var(--wp--preset--spacing--40);padding-bottom:var(--wp--preset--spacing--40);font-size:25px;font-style:normal;font-weight:600\">Como Usar Nosso Canal de Alum\u00ednio LED<\/h2>\n\n\n\n<ul class=\"wp-block-list\">\n<li>Sob Arm\u00e1rios: Um design limpo e uma luz de trabalho brilhante.<\/li>\n\n\n\n<li>Closets e guarda-roupas: Luzes de prateleira brilhantes que s\u00e3o f\u00e1ceis de instalar.<\/li>\n\n\n\n<li>Luzes de fita limpas e brilhantes para lojas e escrit\u00f3rios em paredes e tetos.<\/li>\n\n\n\n<li>Expositores: Use luz suave e uniforme para mostrar seus itens.<\/li>\n\n\n\n<li>Ilumina\u00e7\u00e3o de cove e de destaque: Destaque caracter\u00edsticas arquitet\u00f4nicas<\/li>\n<\/ul>\n<\/div>\n\n\n\n<div class=\"wp-block-group is-vertical is-layout-flex wp-container-core-group-is-layout-d255d7c4 wp-block-group-is-layout-flex\" style=\"padding-top:var(--wp--preset--spacing--80);padding-bottom:var(--wp--preset--spacing--80)\">\n<h2 class=\"wp-block-heading\" style=\"padding-top:var(--wp--preset--spacing--40);padding-bottom:var(--wp--preset--spacing--40);font-size:25px;font-style:normal;font-weight:600;text-transform:capitalize\">Produtos Relacionados Que Voc\u00ea Pode Gostar<\/h2>\n\n\n\n<ul class=\"wp-block-list\">\n<li><a href=\"https:\/\/tangooled.com\/pt\/product\/black-led-diffuser-aluminum-channel-for-12mm-tape-lights\/\"><mark style=\"background-color:rgba(0, 0, 0, 0)\" class=\"has-inline-color has-vivid-red-color\">Canal de alum\u00ednio com difusor LED preto para luzes de fita de 12mm<\/mark><\/a><\/li>\n\n\n\n<li><a href=\"https:\/\/tangooled.com\/pt\/product\/surface-mount-led-profile-with-frosted-diffuser-for-10mm-rope-lights\/\"><mark style=\"background-color:rgba(0, 0, 0, 0)\" class=\"has-inline-color has-vivid-red-color\">Perfil LED de montagem de superf\u00edcie com difusor fosco para luzes de cord\u00e3o de 10mm<\/mark><\/a><\/li>\n\n\n\n<li><a href=\"https:\/\/tangooled.com\/pt\/product\/recessed-aluminum-profile-17x8mm-for-led-strip-lighting\/\"><mark style=\"background-color:rgba(0, 0, 0, 0)\" class=\"has-inline-color has-vivid-red-color\">Perfil de alum\u00ednio embutido 17x8mm para ilumina\u00e7\u00e3o com fita LED<\/mark><\/a><\/li>\n\n\n\n<li><a href=\"https:\/\/tangooled.com\/pt\/product\/17mm-led-strip-light-aluminum-channel-for-surface-mounting\/\"><mark style=\"background-color:rgba(0, 0, 0, 0)\" class=\"has-inline-color has-vivid-red-color\">Canal de alum\u00ednio para fita LED de 17mm para montagem em superf\u00edcie<\/mark><\/a><\/li>\n<\/ul>\n<\/div>\n\n\n\n<div class=\"wp-block-group has-background is-vertical is-layout-flex wp-container-core-group-is-layout-b429018a wp-block-group-is-layout-flex\" style=\"background-color:#f1f1f1f2;padding-top:var(--wp--preset--spacing--70);padding-bottom:var(--wp--preset--spacing--70)\">\n<h2 class=\"wp-block-heading\" style=\"padding-top:var(--wp--preset--spacing--40);padding-bottom:var(--wp--preset--spacing--40);font-size:25px;font-style:normal;font-weight:600\">Resumo<\/h2>\n\n\n\n<p style=\"padding-right:var(--wp--preset--spacing--50);padding-left:var(--wp--preset--spacing--50)\">Nosso canal de alum\u00ednio difusor quadrado LED de 20x23mm \u00e9 a maneira ideal de manter suas luzes de fita LED organizadas, brilhantes e seguras. Este canal LED pode ser usado para muitos prop\u00f3sitos, incluindo iluminar casas, neg\u00f3cios, etc.<\/p>\n<\/div>\n\n\n\n<p><\/p>","protected":false},"featured_media":14110,"template":"","meta":{"_acf_changed":true,"_seopress_robots_primary_cat":"none","_seopress_titles_title":"20x23mm LED Square Diffuser Aluminum Channel LP20B | TANGOOLED","_seopress_titles_desc":"Source this 20x23mm LED square diffuser aluminum channel. Featuring a 17mm inner width, it provides deep housing for high-density LED strips with a flat, modern finish.","_seopress_robots_index":""},"pcb-width":[229],"product-cat":[192],"class_list":{"0":"post-47891","1":"product","2":"type-product","3":"status-publish","4":"has-post-thumbnail","6":"pcb-width-15-20mm","7":"product-cat-surface-led-profile"},"acf":[],"_links":{"self":[{"href":"https:\/\/tangooled.com\/pt\/wp-json\/wp\/v2\/product\/47891","targetHints":{"allow":["GET"]}}],"collection":[{"href":"https:\/\/tangooled.com\/pt\/wp-json\/wp\/v2\/product"}],"about":[{"href":"https:\/\/tangooled.com\/pt\/wp-json\/wp\/v2\/types\/product"}],"wp:featuredmedia":[{"embeddable":true,"href":"https:\/\/tangooled.com\/pt\/wp-json\/wp\/v2\/media\/14110"}],"wp:attachment":[{"href":"https:\/\/tangooled.com\/pt\/wp-json\/wp\/v2\/media?parent=47891"}],"wp:term":[{"taxonomy":"pcb-width","embeddable":true,"href":"https:\/\/tangooled.com\/pt\/wp-json\/wp\/v2\/pcb-width?post=47891"},{"taxonomy":"product-cat","embeddable":true,"href":"https:\/\/tangooled.com\/pt\/wp-json\/wp\/v2\/product-cat?post=47891"}],"curies":[{"name":"wp","href":"https:\/\/api.w.org\/{rel}","templated":true}]}}