{"id":47888,"date":"2026-01-13T02:03:04","date_gmt":"2026-01-13T10:03:04","guid":{"rendered":"https:\/\/tangooled.com\/?post_type=product&#038;p=47888"},"modified":"2026-01-29T22:07:25","modified_gmt":"2026-01-30T06:07:25","slug":"led-curved-diffuser-aluminum-channel-19x23mm-for-15mm-strips","status":"publish","type":"product","link":"https:\/\/tangooled.com\/pt\/product\/led-curved-diffuser-aluminum-channel-19x23mm-for-15mm-strips\/","title":{"rendered":"canal de alum\u00ednio para difusor LED curvo 19x23mm para tiras de 15mm"},"content":{"rendered":"<div class=\"wp-block-group is-vertical is-layout-flex wp-container-core-group-is-layout-d255d7c4 wp-block-group-is-layout-flex\" style=\"padding-top:var(--wp--preset--spacing--80);padding-bottom:var(--wp--preset--spacing--80)\">\n<p>The LP20A is a high-quality LED curved diffuser aluminum channel 19x23mm that will give you a great lighting experience. It has a wide 17.4mm inner width that fits LED strips up to 15mm perfectly. The deep-profile design and curved diffuser make sure that the glow is smooth and dot-free. Installation is quick and easy. Just use the provided mounting clips to attach it securely to any flat surface. This channel comes with matching end caps and gives a clean, professional look. It&#8217;s great for both home and business projects.<\/p>\n<\/div>\n\n\n\n<div class=\"wp-block-group has-background\" style=\"background-color:#f1f1f1;padding-top:var(--wp--preset--spacing--80);padding-bottom:var(--wp--preset--spacing--80)\"><div class=\"wp-block-group__inner-container is-layout-constrained wp-block-group-is-layout-constrained\">\n<div class=\"wp-block-group is-vertical is-layout-flex wp-container-core-group-is-layout-8cf370e7 wp-block-group-is-layout-flex\">\n<h2 class=\"wp-block-heading\" style=\"padding-top:var(--wp--preset--spacing--40);padding-bottom:var(--wp--preset--spacing--40);font-size:25px;font-style:normal;font-weight:600;text-transform:capitalize\">Por que escolher este canal de alum\u00ednio difusor curvo em LED 19x23mm?<\/h2>\n\n\n\n<ul class=\"wp-block-list\">\n<li>Feito de robusta liga de alum\u00ednio 6063-T5, que ajuda os LEDs a durarem mais e a esfriarem mais rapidamente.<\/li>\n\n\n\n<li>O difusor de policarbonato opalino reduz o brilho intenso dos LEDs e oculta os pontos de LED.<\/li>\n\n\n\n<li>Funciona perfeitamente com tiras LED de 15mm de largura para proporcionar uma luz ampla e uniforme.<\/li>\n\n\n\n<li>Vem com clipes e tampas de extremidade para f\u00e1cil instala\u00e7\u00e3o.<\/li>\n<\/ul>\n<\/div>\n<\/div><\/div>\n\n\n\n<div class=\"wp-block-group is-vertical is-layout-flex wp-container-core-group-is-layout-d255d7c4 wp-block-group-is-layout-flex\" style=\"padding-top:var(--wp--preset--spacing--80);padding-bottom:var(--wp--preset--spacing--80)\">\n<hr class=\"wp-block-separator has-alpha-channel-opacity\"\/>\n\n\n\n<div class=\"wp-block-media-text has-media-on-the-right is-stacked-on-mobile\" style=\"grid-template-columns:auto 40%\"><div class=\"wp-block-media-text__content\">\n<h2 class=\"wp-block-heading\" style=\"padding-top:var(--wp--preset--spacing--40);padding-bottom:var(--wp--preset--spacing--40);font-size:25px;font-style:normal;font-weight:600;text-transform:capitalize\">Instala\u00e7\u00e3o f\u00e1cil<\/h2>\n\n\n\n<ul class=\"wp-block-list\">\n<li>Para uma montagem segura na superf\u00edcie, use os clipes de montagem que v\u00eam com ele.<\/li>\n\n\n\n<li>In addition, you may also put the profile into drywall so that it doesn&#8217;t show.<\/li>\n\n\n\n<li>Voc\u00ea pode facilmente cortar o canal para o comprimento certo no local.<\/li>\n\n\n\n<li>Para finalizar rapidamente, encaixe o difusor snap-on.<\/li>\n<\/ul>\n<\/div><figure class=\"wp-block-media-text__media\"><img loading=\"lazy\" decoding=\"async\" width=\"500\" height=\"500\" src=\"https:\/\/tangooled.com\/wp-content\/uploads\/2026\/01\/lp20a-ins.webp\" alt=\"led curved diffuser aluminum channel 19x23mm for 15mm strips\" class=\"wp-image-48326 size-full\" srcset=\"https:\/\/tangooled.com\/wp-content\/uploads\/2026\/01\/lp20a-ins.webp 500w, https:\/\/tangooled.com\/wp-content\/uploads\/2026\/01\/lp20a-ins-300x300.webp 300w, https:\/\/tangooled.com\/wp-content\/uploads\/2026\/01\/lp20a-ins-150x150.webp 150w\" sizes=\"auto, (max-width: 500px) 100vw, 500px\" \/><\/figure><\/div>\n<\/div>\n\n\n\n<div class=\"wp-block-group has-background\" style=\"background-color:#f1f1f1f2;padding-top:var(--wp--preset--spacing--80);padding-bottom:var(--wp--preset--spacing--80)\"><div class=\"wp-block-group__inner-container is-layout-constrained wp-block-group-is-layout-constrained\">\n<h2 class=\"wp-block-heading\" style=\"padding-top:var(--wp--preset--spacing--40);padding-bottom:var(--wp--preset--spacing--40);font-size:25px;font-style:normal;font-weight:600;text-transform:capitalize\">Onde pode ser usado este produto?<\/h2>\n\n\n\n<ul class=\"wp-block-list\">\n<li>Sob Arm\u00e1rios: Um design limpo e uma luz de trabalho brilhante.<\/li>\n\n\n\n<li>Closets e guarda-roupas: Luzes de prateleira brilhantes que s\u00e3o f\u00e1ceis de instalar.<\/li>\n\n\n\n<li>Luzes de fita limpas e brilhantes para lojas e escrit\u00f3rios em paredes e tetos.<\/li>\n\n\n\n<li>Expositores: Use luz suave e uniforme para mostrar seus itens.<\/li>\n\n\n\n<li>Ilumina\u00e7\u00e3o em covo e realce: Destaque caracter\u00edsticas arquitet\u00f4nicas.<\/li>\n<\/ul>\n<\/div><\/div>\n\n\n\n<div class=\"wp-block-group is-vertical is-layout-flex wp-container-core-group-is-layout-d255d7c4 wp-block-group-is-layout-flex\" style=\"padding-top:var(--wp--preset--spacing--80);padding-bottom:var(--wp--preset--spacing--80)\">\n<h2 class=\"wp-block-heading\" style=\"padding-top:var(--wp--preset--spacing--40);padding-bottom:var(--wp--preset--spacing--40);font-size:25px;font-style:normal;font-weight:600;text-transform:capitalize\">Produtos Relacionados para Considerar<\/h2>\n\n\n\n<ul class=\"wp-block-list\">\n<li><a href=\"https:\/\/tangooled.com\/pt\/product\/22x10mm-led-profile-light-channel-for-15mm-flexible-led-strips\/\"><mark style=\"background-color:rgba(0, 0, 0, 0)\" class=\"has-inline-color has-vivid-red-color\">Canal de luz de perfil LED 22x10mm para tiras LED flex\u00edveis de 15mm<\/mark><\/a> para um ajuste de tamanho diferente.<\/li>\n\n\n\n<li><a href=\"https:\/\/tangooled.com\/pt\/product\/aluminum-u-channel-with-curved-led-diffuser-inner-16mm\/\"><mark style=\"background-color:rgba(0, 0, 0, 0)\" class=\"has-inline-color has-vivid-red-color\">Canal em U de alum\u00ednio com difusor curvo interno de 16mm<\/mark><\/a> para tiras LED menores.<\/li>\n\n\n\n<li><a href=\"https:\/\/tangooled.com\/pt\/product\/25mm-u-shape-led-mounting-channel-for-15mm-double-row-led-strip-lights\/\"><mark style=\"background-color:rgba(0, 0, 0, 0)\" class=\"has-inline-color has-vivid-red-color\">Canal de montagem em LED em forma de U de 25mm para tiras LED de 15mm de duas fileiras <\/mark><\/a>para configura\u00e7\u00e3o de LED de duas fileiras.<\/li>\n<\/ul>\n<\/div>\n\n\n\n<p><\/p>","protected":false},"featured_media":14107,"template":"","meta":{"_acf_changed":true,"_seopress_robots_primary_cat":"none","_seopress_titles_title":"LED Curved Diffuser Aluminum Channel 19x23mm LP20A | TANGOOLED","_seopress_titles_desc":"Source this 19x23mm LED curved diffuser aluminum channel. Specially made for 15mm LED strips to ensure optimal heat dissipation and smooth light output.","_seopress_robots_index":""},"pcb-width":[229],"product-cat":[192],"class_list":{"0":"post-47888","1":"product","2":"type-product","3":"status-publish","4":"has-post-thumbnail","6":"pcb-width-15-20mm","7":"product-cat-surface-led-profile"},"acf":[],"_links":{"self":[{"href":"https:\/\/tangooled.com\/pt\/wp-json\/wp\/v2\/product\/47888","targetHints":{"allow":["GET"]}}],"collection":[{"href":"https:\/\/tangooled.com\/pt\/wp-json\/wp\/v2\/product"}],"about":[{"href":"https:\/\/tangooled.com\/pt\/wp-json\/wp\/v2\/types\/product"}],"wp:featuredmedia":[{"embeddable":true,"href":"https:\/\/tangooled.com\/pt\/wp-json\/wp\/v2\/media\/14107"}],"wp:attachment":[{"href":"https:\/\/tangooled.com\/pt\/wp-json\/wp\/v2\/media?parent=47888"}],"wp:term":[{"taxonomy":"pcb-width","embeddable":true,"href":"https:\/\/tangooled.com\/pt\/wp-json\/wp\/v2\/pcb-width?post=47888"},{"taxonomy":"product-cat","embeddable":true,"href":"https:\/\/tangooled.com\/pt\/wp-json\/wp\/v2\/product-cat?post=47888"}],"curies":[{"name":"wp","href":"https:\/\/api.w.org\/{rel}","templated":true}]}}