{"id":47886,"date":"2026-01-13T02:00:37","date_gmt":"2026-01-13T10:00:37","guid":{"rendered":"https:\/\/tangooled.com\/?post_type=product&#038;p=47886"},"modified":"2026-01-29T22:05:52","modified_gmt":"2026-01-30T06:05:52","slug":"15x16mm-led-channel-with-half-round-diffuser-lp04","status":"publish","type":"product","link":"https:\/\/tangooled.com\/pt\/product\/15x16mm-led-channel-with-half-round-diffuser-lp04\/","title":{"rendered":"Canal LED de 15x16mm com difusor semi-redondo para tiras LED de 10mm"},"content":{"rendered":"<div class=\"wp-block-group is-vertical is-layout-flex wp-container-core-group-is-layout-d255d7c4 wp-block-group-is-layout-flex\" style=\"padding-top:var(--wp--preset--spacing--80);padding-bottom:var(--wp--preset--spacing--80)\">\n<p>O canal LED 15x16mm com difusor semicircular para fitas de 10mm \u00e9 feito para fornecer uma luz que \u00e9 suave, brilhante e uniforme. Este canal LED 15x16mm faz com que suas fitas de 10mm pare\u00e7am uma ilumina\u00e7\u00e3o limpa e profissional, com um difusor curvo que diminui o ofuscamento. Ele se encaixa bem e protege suas fitas LED enquanto permite que o calor escape para que durem mais.<\/p>\n<\/div>\n\n\n\n<div class=\"wp-block-group has-background\" style=\"background-color:#f1f1f1;padding-top:var(--wp--preset--spacing--80);padding-bottom:var(--wp--preset--spacing--80)\"><div class=\"wp-block-group__inner-container is-layout-constrained wp-block-group-is-layout-constrained\">\n<div class=\"wp-block-group is-vertical is-layout-flex wp-container-core-group-is-layout-8cf370e7 wp-block-group-is-layout-flex\">\n<h2 class=\"wp-block-heading\" style=\"padding-top:var(--wp--preset--spacing--40);padding-bottom:var(--wp--preset--spacing--40);font-size:25px;font-style:normal;font-weight:600;text-transform:capitalize\">Vis\u00e3o Geral do Canal LED 15x16mm com Difusor Semicircular <\/h2>\n\n\n\n<ul class=\"wp-block-list\">\n<li>A largura interna \u00e9 de 13,4mm, portanto, se encaixa bem em fitas LED de 10mm. Isso inclui fitas SMD 5050, 2835 e COB.<\/li>\n\n\n\n<li>Difusor semicircular: nosso difusor de policarbonato opalino fornece uma luz suave, sem pontos, que \u00e9 \u00f3tima para casas e empresas.<\/li>\n\n\n\n<li>This product is strong and won&#8217;t rust because it is made of 6063-T5 anodized aluminum alloy.<\/li>\n\n\n\n<li>Tamanho pequeno: possui 16mm de largura e 15mm de altura externamente, ent\u00e3o se encaixa em espa\u00e7os pequenos e economiza espa\u00e7o.<\/li>\n\n\n\n<li>Kit completo: inclui um canal, uma lente difusora, dois clipes de montagem met\u00e1licos e duas tampas de extremidade (uma com um buraco para um fio).<\/li>\n<\/ul>\n<\/div>\n<\/div><\/div>\n\n\n\n<div class=\"wp-block-group is-vertical is-layout-flex wp-container-core-group-is-layout-d255d7c4 wp-block-group-is-layout-flex\" style=\"padding-top:var(--wp--preset--spacing--80);padding-bottom:var(--wp--preset--spacing--80)\">\n<hr class=\"wp-block-separator has-alpha-channel-opacity\"\/>\n\n\n\n<div class=\"wp-block-media-text has-media-on-the-right is-stacked-on-mobile\" style=\"grid-template-columns:auto 40%\"><div class=\"wp-block-media-text__content\">\n<h2 class=\"wp-block-heading\" style=\"padding-top:var(--wp--preset--spacing--40);padding-bottom:var(--wp--preset--spacing--40);font-size:25px;font-style:normal;font-weight:600;text-transform:capitalize\">Passos para Instala\u00e7\u00e3o<\/h2>\n\n\n\n<ul class=\"wp-block-list\">\n<li>Use parafusos para fixar os clipes de metal \u00e0 superf\u00edcie.<\/li>\n\n\n\n<li>Coloque sua fita LED de 10mm dentro do canal de alum\u00ednio.<\/li>\n\n\n\n<li>Certifique-se de que os clipes de montagem seguram o canal firmemente.<\/li>\n\n\n\n<li>Empurre o difusor semicircular sobre o canal para obter uma luz suave e uniforme.<\/li>\n\n\n\n<li>Coloque as tampas de extremidade para manter os fios seguros e fechar as extremidades.<\/li>\n<\/ul>\n<\/div><figure class=\"wp-block-media-text__media\"><img loading=\"lazy\" decoding=\"async\" width=\"500\" height=\"500\" src=\"https:\/\/tangooled.com\/wp-content\/uploads\/2026\/01\/lp04-ins.webp\" alt=\"15x16mm led channel with half round diffuser for 10mm led strips\" class=\"wp-image-48325 size-full\" srcset=\"https:\/\/tangooled.com\/wp-content\/uploads\/2026\/01\/lp04-ins.webp 500w, https:\/\/tangooled.com\/wp-content\/uploads\/2026\/01\/lp04-ins-300x300.webp 300w, https:\/\/tangooled.com\/wp-content\/uploads\/2026\/01\/lp04-ins-150x150.webp 150w\" sizes=\"auto, (max-width: 500px) 100vw, 500px\" \/><\/figure><\/div>\n<\/div>\n\n\n\n<div class=\"wp-block-group has-background is-vertical is-layout-flex wp-container-core-group-is-layout-b429018a wp-block-group-is-layout-flex\" style=\"background-color:#f1f1f1f2;padding-top:var(--wp--preset--spacing--70);padding-bottom:var(--wp--preset--spacing--70)\">\n<h2 class=\"wp-block-heading\" style=\"padding-top:var(--wp--preset--spacing--40);padding-bottom:var(--wp--preset--spacing--40);font-size:25px;font-style:normal;font-weight:600\">Melhores Aplica\u00e7\u00f5es<\/h2>\n\n\n\n<ul class=\"wp-block-list\">\n<li>Bright lighting under the kitchen cabinets that doesn&#8217;t make the countertops shine.<\/li>\n\n\n\n<li>Store shelves\u2014use bright, focused light to make things stand out.<\/li>\n\n\n\n<li>Architectural details\u2014indirect lighting for modern cove and wall designs.<\/li>\n\n\n\n<li>Guarda-roupas e closets: ilumina\u00e7\u00e3o limpa e uniforme dentro dos m\u00f3veis.<\/li>\n\n\n\n<li>Enclosures de exibi\u00e7\u00e3o s\u00e3o cases elegantes e seguros para fitas LED que s\u00e3o f\u00e1ceis de quebrar.<\/li>\n<\/ul>\n<\/div>\n\n\n\n<div class=\"wp-block-group is-vertical is-layout-flex wp-container-core-group-is-layout-d255d7c4 wp-block-group-is-layout-flex\" style=\"padding-top:var(--wp--preset--spacing--80);padding-bottom:var(--wp--preset--spacing--80)\">\n<h2 class=\"wp-block-heading\" style=\"padding-top:var(--wp--preset--spacing--40);padding-bottom:var(--wp--preset--spacing--40);font-size:25px;font-style:normal;font-weight:600;text-transform:capitalize\">Produtos Relacionados<\/h2>\n\n\n\n<ul class=\"wp-block-list\">\n<li>Veja o <a href=\"https:\/\/tangooled.com\/pt\/product\/black-led-profile-with-black-diffuser-for-10mm-led-strip-light\/\"><mark style=\"background-color:rgba(0, 0, 0, 0)\" class=\"has-inline-color has-vivid-red-color\">Perfil LED Preto com Difusor Preto para Luz de Fita LED de 10mm<\/mark><\/a> para uma op\u00e7\u00e3o de acabamento preto elegante.<\/li>\n\n\n\n<li>Experimente o <a href=\"https:\/\/tangooled.com\/pt\/product\/surface-mount-led-profile-with-frosted-diffuser-for-10mm-rope-lights\/\"><mark style=\"background-color:rgba(0, 0, 0, 0)\" class=\"has-inline-color has-vivid-red-color\">Perfil LED de Montagem Superficial com Difusor Fosco para Luzes de Cord\u00e3o de 10mm<\/mark><\/a> para configura\u00e7\u00f5es flex\u00edveis de luz de cord\u00e3o.<\/li>\n\n\n\n<li>Para necessidades mais finas, veja o <a href=\"https:\/\/tangooled.com\/pt\/product\/led-light-diffuser-channel-aluminum-15x12mm-for-10mm-led-strips\/\"><mark style=\"background-color:rgba(0, 0, 0, 0)\" class=\"has-inline-color has-vivid-red-color\">Canal Difusor de Luz LED em Alum\u00ednio 15x12mm para Fitas LED de 10mm<\/mark><\/a>.<\/li>\n\n\n\n<li>Explore o <a href=\"https:\/\/tangooled.com\/pt\/product\/aluminum-led-strip-extrusion-diffuser-channel-for-5050-double-row-led-strip\/\"><mark style=\"background-color:rgba(0, 0, 0, 0)\" class=\"has-inline-color has-vivid-red-color\">Canal Difusor de Extrus\u00e3o de Fita LED em Alum\u00ednio para Fita LED de Dupla Linha 5050<\/mark><\/a> para compatibilidade com LED de dupla linha.<\/li>\n<\/ul>\n\n\n\n<p>Se voc\u00ea quer uma ilumina\u00e7\u00e3o LED limpa, robusta e uniforme que seja f\u00e1cil de instalar, este canal LED 15x16mm com difusor semicircular para fitas de 10mm \u00e9 uma \u00f3tima escolha. O difusor semicircular e a melhor estrutura proporcionam \u00f3timos efeitos de ilumina\u00e7\u00e3o em cozinhas, lojas, m\u00f3veis e muito mais.<\/p>\n<\/div>\n\n\n\n<p><\/p>","protected":false},"featured_media":14104,"template":"","meta":{"_acf_changed":true,"_seopress_robots_primary_cat":"none","_seopress_titles_title":"15x16mm LED Channel with Half Round Diffuser LP04 | TANGOOLED","_seopress_titles_desc":"Source the 15x16mm LED channel. Features a unique half round diffuser for 10mm LED strips, providing professional heat dissipation and a sleek look.","_seopress_robots_index":""},"pcb-width":[229],"product-cat":[192],"class_list":{"0":"post-47886","1":"product","2":"type-product","3":"status-publish","4":"has-post-thumbnail","6":"pcb-width-15-20mm","7":"product-cat-surface-led-profile"},"acf":[],"_links":{"self":[{"href":"https:\/\/tangooled.com\/pt\/wp-json\/wp\/v2\/product\/47886","targetHints":{"allow":["GET"]}}],"collection":[{"href":"https:\/\/tangooled.com\/pt\/wp-json\/wp\/v2\/product"}],"about":[{"href":"https:\/\/tangooled.com\/pt\/wp-json\/wp\/v2\/types\/product"}],"wp:featuredmedia":[{"embeddable":true,"href":"https:\/\/tangooled.com\/pt\/wp-json\/wp\/v2\/media\/14104"}],"wp:attachment":[{"href":"https:\/\/tangooled.com\/pt\/wp-json\/wp\/v2\/media?parent=47886"}],"wp:term":[{"taxonomy":"pcb-width","embeddable":true,"href":"https:\/\/tangooled.com\/pt\/wp-json\/wp\/v2\/pcb-width?post=47886"},{"taxonomy":"product-cat","embeddable":true,"href":"https:\/\/tangooled.com\/pt\/wp-json\/wp\/v2\/product-cat?post=47886"}],"curies":[{"name":"wp","href":"https:\/\/api.w.org\/{rel}","templated":true}]}}