{"id":47879,"date":"2026-01-13T01:55:17","date_gmt":"2026-01-13T09:55:17","guid":{"rendered":"https:\/\/tangooled.com\/?post_type=product&#038;p=47879"},"modified":"2026-01-21T23:32:08","modified_gmt":"2026-01-22T07:32:08","slug":"aluminum-led-extrusion-for-5050-double-row-strips-lp03a","status":"publish","type":"product","link":"https:\/\/tangooled.com\/pt\/product\/aluminum-led-extrusion-for-5050-double-row-strips-lp03a\/","title":{"rendered":"canal de extrus\u00e3o de alum\u00ednio para difusor LED para tiras de dupla fila 5050"},"content":{"rendered":"<div class=\"wp-block-group is-vertical is-layout-flex wp-container-core-group-is-layout-d255d7c4 wp-block-group-is-layout-flex\" style=\"padding-top:var(--wp--preset--spacing--80);padding-bottom:var(--wp--preset--spacing--80)\">\n<p>Our LP03A is a high-quality aluminum LED extrusion for\u00a05050 strips of double rows. This diffuser channel has 16.2mm inner width\u00a0made to hold wider or high-density strips and let heat escape easily, which makes LEDs last longer. The curved diffuser of high quality makes sure that the glow is smooth and has no spots. The channel comes with clips and end caps that make it quick and easy to put up. This channel is great for lighting up your home, office, or store.<\/p>\n<\/div>\n\n\n\n<div class=\"wp-block-group has-background\" style=\"background-color:#f1f1f1;padding-top:var(--wp--preset--spacing--80);padding-bottom:var(--wp--preset--spacing--80)\"><div class=\"wp-block-group__inner-container is-layout-constrained wp-block-group-is-layout-constrained\">\n<div class=\"wp-block-group is-vertical is-layout-flex wp-container-core-group-is-layout-8cf370e7 wp-block-group-is-layout-flex\">\n<h2 class=\"wp-block-heading\" style=\"padding-top:var(--wp--preset--spacing--40);padding-bottom:var(--wp--preset--spacing--40);font-size:25px;font-style:normal;font-weight:600;text-transform:capitalize\">Por que escolher nosso extrusado de alum\u00ednio LED para fitas de 5050?<\/h2>\n\n\n\n<ul class=\"wp-block-list\">\n<li>Alum\u00ednio forte e leve: Feito de liga de alum\u00ednio 6063-T5. Mant\u00e9m os LEDs longe do superaquecimento.<\/li>\n\n\n\n<li>O difusor opaco em PC ajuda a esconder os pontos dos LEDs, proporcionando uma ilumina\u00e7\u00e3o suave e sem pontos.<\/li>\n\n\n\n<li>Se adapta a muitos tamanhos diferentes: Funciona com fitas de LED de duplas filas 5050 e outras fitas largas como 2835 e RGBW.<\/li>\n\n\n\n<li>F\u00e1cil de usar: Vem com tampas de extremidade e clips de montagem para uma instala\u00e7\u00e3o simples.<\/li>\n\n\n\n<li>Apar\u00eancia organizada: O acabamento limpo e prateado combina bem com interiores modernos.<\/li>\n<\/ul>\n<\/div>\n<\/div><\/div>\n\n\n\n<div class=\"wp-block-group is-vertical is-layout-flex wp-container-core-group-is-layout-d255d7c4 wp-block-group-is-layout-flex\" style=\"padding-top:var(--wp--preset--spacing--80);padding-bottom:var(--wp--preset--spacing--80)\">\n<hr class=\"wp-block-separator has-alpha-channel-opacity\"\/>\n\n\n\n<div class=\"wp-block-media-text has-media-on-the-right is-stacked-on-mobile\" style=\"grid-template-columns:auto 40%\"><div class=\"wp-block-media-text__content\">\n<h2 class=\"wp-block-heading\" style=\"padding-top:var(--wp--preset--spacing--40);padding-bottom:var(--wp--preset--spacing--40);font-size:25px;font-style:normal;font-weight:600;text-transform:capitalize\">Dicas de instala\u00e7\u00e3o f\u00e1ceis e seguras<\/h2>\n\n\n\n<ul class=\"wp-block-list\">\n<li>Verifique o tamanho do canal e me\u00e7a sua fita de LED.<\/li>\n\n\n\n<li>Anexe clips de montagem \u00e0 superf\u00edcie.<\/li>\n\n\n\n<li>Encaixe o perfil de alum\u00ednio nos clips.<\/li>\n\n\n\n<li>Coloque sua fita de LED no canal.<\/li>\n\n\n\n<li>Coloque a tampa em cima do difusor.<\/li>\n\n\n\n<li>Coloque as tampas de extremidade para deixar a fia\u00e7\u00e3o com uma boa apar\u00eancia.<\/li>\n<\/ul>\n<\/div><figure class=\"wp-block-media-text__media\"><img loading=\"lazy\" decoding=\"async\" width=\"500\" height=\"500\" src=\"https:\/\/tangooled.com\/wp-content\/uploads\/2026\/01\/lp03a-ins.webp\" alt=\"aluminum led strip extrusion diffuser channel for 5050 double row led strip\" class=\"wp-image-48307 size-full\" srcset=\"https:\/\/tangooled.com\/wp-content\/uploads\/2026\/01\/lp03a-ins.webp 500w, https:\/\/tangooled.com\/wp-content\/uploads\/2026\/01\/lp03a-ins-300x300.webp 300w, https:\/\/tangooled.com\/wp-content\/uploads\/2026\/01\/lp03a-ins-150x150.webp 150w\" sizes=\"auto, (max-width: 500px) 100vw, 500px\" \/><\/figure><\/div>\n<\/div>\n\n\n\n<div class=\"wp-block-group has-background is-vertical is-layout-flex wp-container-core-group-is-layout-b429018a wp-block-group-is-layout-flex\" style=\"background-color:#f1f1f1f2;padding-top:var(--wp--preset--spacing--70);padding-bottom:var(--wp--preset--spacing--70)\">\n<h2 class=\"wp-block-heading\" style=\"padding-top:var(--wp--preset--spacing--40);padding-bottom:var(--wp--preset--spacing--40);font-size:25px;font-style:normal;font-weight:600\">Onde usar: Aplica\u00e7\u00f5es amplas<\/h2>\n\n\n\n<ul class=\"wp-block-list\">\n<li>Para ilumina\u00e7\u00e3o poderosa sob a marcenaria da cozinha<\/li>\n\n\n\n<li>Ilumina\u00e7\u00e3o para prateleiras de livros e arm\u00e1rios para deixar as coisas claras e brilhantes<\/li>\n\n\n\n<li>Ilumina\u00e7\u00e3o de cove e teto para um visual suave e atraente<\/li>\n\n\n\n<li>Ilumina\u00e7\u00e3o para exibi\u00e7\u00f5es de varejo que mostram sua mercadoria da melhor maneira<\/li>\n\n\n\n<li>Luzes para escrit\u00f3rios e espa\u00e7os de trabalho que tornam os ambientes de trabalho brilhantes e uniformes<\/li>\n<\/ul>\n<\/div>\n\n\n\n<div class=\"wp-block-group is-vertical is-layout-flex wp-container-core-group-is-layout-d255d7c4 wp-block-group-is-layout-flex\" style=\"padding-top:var(--wp--preset--spacing--80);padding-bottom:var(--wp--preset--spacing--80)\">\n<h2 class=\"wp-block-heading\" style=\"padding-top:var(--wp--preset--spacing--40);padding-bottom:var(--wp--preset--spacing--40);font-size:25px;font-style:normal;font-weight:600;text-transform:capitalize\">Resumo<\/h2>\n\n\n\n<p>Nosso extrusado de alum\u00ednio LED para fita de LED de duplas filas 5050 \u00e9 a melhor maneira de fazer suas luzes LED parecerem profissionais, brilharem intensamente e suavemente, e durarem muito tempo. Escolha nosso kit para uma instala\u00e7\u00e3o f\u00e1cil, forte prote\u00e7\u00e3o contra calor e um visual impressionante. Saiba mais sobre os diferentes tipos de perfis LED em nossas p\u00e1ginas de <a href=\"https:\/\/tangooled.com\/pt\/product\/black-aluminum-u-channel-profile-for-10mm-led-strips\/\"><mark style=\"background-color:rgba(0, 0, 0, 0)\" class=\"has-inline-color has-vivid-red-color\">perfil de canal de alum\u00ednio u preto para fitas de LED de 10mm<\/mark><\/a> e <a href=\"https:\/\/tangooled.com\/pt\/product\/led-light-diffuser-channel-aluminum-15x12mm-for-10mm-led-strips\/\"><mark style=\"background-color:rgba(0, 0, 0, 0)\" class=\"has-inline-color has-vivid-red-color\">canal difusor de luz LED em alum\u00ednio 15x12mm para fitas de LED de 10mm<\/mark><\/a>.<\/p>\n<\/div>\n\n\n\n<p><\/p>","protected":false},"featured_media":14097,"template":"","meta":{"_acf_changed":true,"_seopress_robots_primary_cat":"none","_seopress_titles_title":"Aluminum LED Extrusion for 5050 Strips | LP03A | TANGOOLED","_seopress_titles_desc":"Source the aluminum LED extrusion. Specifically designed to accommodate 5050 double row LED strips with professional heat management.","_seopress_robots_index":""},"pcb-width":[229],"product-cat":[192],"class_list":{"0":"post-47879","1":"product","2":"type-product","3":"status-publish","4":"has-post-thumbnail","6":"pcb-width-15-20mm","7":"product-cat-surface-led-profile"},"acf":[],"_links":{"self":[{"href":"https:\/\/tangooled.com\/pt\/wp-json\/wp\/v2\/product\/47879","targetHints":{"allow":["GET"]}}],"collection":[{"href":"https:\/\/tangooled.com\/pt\/wp-json\/wp\/v2\/product"}],"about":[{"href":"https:\/\/tangooled.com\/pt\/wp-json\/wp\/v2\/types\/product"}],"wp:featuredmedia":[{"embeddable":true,"href":"https:\/\/tangooled.com\/pt\/wp-json\/wp\/v2\/media\/14097"}],"wp:attachment":[{"href":"https:\/\/tangooled.com\/pt\/wp-json\/wp\/v2\/media?parent=47879"}],"wp:term":[{"taxonomy":"pcb-width","embeddable":true,"href":"https:\/\/tangooled.com\/pt\/wp-json\/wp\/v2\/pcb-width?post=47879"},{"taxonomy":"product-cat","embeddable":true,"href":"https:\/\/tangooled.com\/pt\/wp-json\/wp\/v2\/product-cat?post=47879"}],"curies":[{"name":"wp","href":"https:\/\/api.w.org\/{rel}","templated":true}]}}