{"id":46008,"date":"2026-01-07T19:29:36","date_gmt":"2026-01-08T03:29:36","guid":{"rendered":"https:\/\/tangooled.com\/?post_type=product&#038;p=46008"},"modified":"2026-01-29T02:23:04","modified_gmt":"2026-01-29T10:23:04","slug":"led-profile-under-cabinet-corner-lighting-for-led-strip-12mm","status":"publish","type":"product","link":"https:\/\/tangooled.com\/pt\/product\/led-profile-under-cabinet-corner-lighting-for-led-strip-12mm\/","title":{"rendered":"perfil LED para ilumina\u00e7\u00e3o de canto sob arm\u00e1rios para tira LED de 12mm"},"content":{"rendered":"<div class=\"wp-block-group is-vertical is-layout-flex wp-container-core-group-is-layout-d255d7c4 wp-block-group-is-layout-flex\" style=\"padding-top:var(--wp--preset--spacing--80);padding-bottom:var(--wp--preset--spacing--80)\">\n<p>Ilumine seu espa\u00e7o com uma ilumina\u00e7\u00e3o de canto perfeita! Nosso perfil de LED para ilumina\u00e7\u00e3o de canto sob arm\u00e1rios \u00e9 projetado para se encaixar perfeitamente em \u00e2ngulos de 90 graus, fazendo o melhor uso do espa\u00e7o do canto. O perfil tem um design compacto e triangular, medindo 14,3mm de altura e 29,1mm na base, e se adapta facilmente a uma tira de LED de at\u00e9 12mm.<br>A instala\u00e7\u00e3o \u00e9 simples e limpa: o canal de alum\u00ednio \u00e9 montado na superf\u00edcie usando suportes de encaixe que s\u00e3o primeiro aparafusados de forma segura \u00e0 superf\u00edcie. Funciona bem nos cantos do seu local de trabalho, cozinha ou arm\u00e1rio. Mant\u00e9m a tira segura e permite que o calor escape facilmente. Diga adeus a manchas escuras e ol\u00e1 a uma luz suave e clara que \u00e9 exatamente orientada para ilumina\u00e7\u00e3o concentrada onde voc\u00ea mais precisa.<\/p>\n<\/div>\n\n\n\n<div class=\"wp-block-group has-background is-vertical is-layout-flex wp-container-core-group-is-layout-d255d7c4 wp-block-group-is-layout-flex\" style=\"background-color:#f1f1f1;padding-top:var(--wp--preset--spacing--80);padding-bottom:var(--wp--preset--spacing--80)\">\n<div class=\"wp-block-group is-vertical is-layout-flex wp-container-core-group-is-layout-8cf370e7 wp-block-group-is-layout-flex\">\n<h2 class=\"wp-block-heading\" style=\"padding-top:var(--wp--preset--spacing--40);padding-bottom:var(--wp--preset--spacing--40);font-size:25px;font-style:normal;font-weight:600;text-transform:capitalize\">Por que escolher nosso perfil de ilumina\u00e7\u00e3o de canto?<\/h2>\n\n\n\n<ul class=\"wp-block-list\">\n<li>Fits 12mm LED strip lights easily\u2014no squeezing or bending.<\/li>\n\n\n\n<li>The unique V-shape design makes it the perfect corner light for 90\u00b0 angles.<\/li>\n\n\n\n<li>Feito de alum\u00ednio de alta qualidade&nbsp;para manter suas tiras de LED frescas e durar muito tempo.<\/li>\n\n\n\n<li>Possui um difusor fosco que espalha a luz de forma uniforme e suave, sem pontos ofuscantes.<\/li>\n\n\n\n<li>Mant\u00e9m suas tiras de LED seguras contra poeira e danos em cozinhas e oficinas.<\/li>\n\n\n\n<li>Vem com clipes e tampas de extremidade que facilitam a montagem.<\/li>\n<\/ul>\n<\/div>\n<\/div>\n\n\n\n<div class=\"wp-block-group is-vertical is-layout-flex wp-container-core-group-is-layout-d255d7c4 wp-block-group-is-layout-flex\" style=\"padding-top:var(--wp--preset--spacing--80);padding-bottom:var(--wp--preset--spacing--80)\">\n<hr class=\"wp-block-separator has-alpha-channel-opacity\"\/>\n\n\n\n<div class=\"wp-block-media-text has-media-on-the-right is-stacked-on-mobile\" style=\"grid-template-columns:auto 40%\"><div class=\"wp-block-media-text__content\">\n<h2 class=\"wp-block-heading\" style=\"padding-top:var(--wp--preset--spacing--40);padding-bottom:var(--wp--preset--spacing--40);font-size:25px;font-style:normal;font-weight:600;text-transform:capitalize\">Conselhos para Instala\u00e7\u00e3o<\/h2>\n\n\n\n<ul class=\"wp-block-list\">\n<li>Use tiras de LED de 12mm com pelo menos 120 LEDs por metro para uma ilumina\u00e7\u00e3o mais suave e sem pontos.<\/li>\n\n\n\n<li>Prenda os clipes de montagem no canto do seu arm\u00e1rio e, em seguida, encaixe o perfil de LED no lugar.<\/li>\n\n\n\n<li>Coloque sua tira de LED no canal antes de colocar o difusor.<\/li>\n\n\n\n<li>Use as tampas de extremidade para manter suas tiras seguras e garantir que todas tenham uma boa apar\u00eancia.<\/li>\n\n\n\n<li>Se voc\u00ea quiser us\u00e1-lo em ambientes \u00famidos, como cozinhas, certifique-se de us\u00e1-lo com tiras \u00e0 prova d'\u00e1gua.<\/li>\n<\/ul>\n<\/div><figure class=\"wp-block-media-text__media\"><img loading=\"lazy\" decoding=\"async\" width=\"500\" height=\"499\" src=\"https:\/\/tangooled.com\/wp-content\/uploads\/2026\/01\/cd02-installation.jpg\" alt=\"perfil LED para ilumina\u00e7\u00e3o de canto sob arm\u00e1rios para tira LED de 12mm\" class=\"wp-image-46020 size-full\" srcset=\"https:\/\/tangooled.com\/wp-content\/uploads\/2026\/01\/cd02-installation.jpg 500w, https:\/\/tangooled.com\/wp-content\/uploads\/2026\/01\/cd02-installation-300x300.jpg 300w, https:\/\/tangooled.com\/wp-content\/uploads\/2026\/01\/cd02-installation-150x150.jpg 150w\" sizes=\"auto, (max-width: 500px) 100vw, 500px\" \/><\/figure><\/div>\n<\/div>\n\n\n\n<div class=\"wp-block-group has-background is-vertical is-layout-flex wp-container-core-group-is-layout-b429018a wp-block-group-is-layout-flex\" style=\"background-color:#f1f1f1f2;padding-top:var(--wp--preset--spacing--70);padding-bottom:var(--wp--preset--spacing--70)\">\n<h2 class=\"wp-block-heading\" style=\"padding-top:var(--wp--preset--spacing--40);padding-bottom:var(--wp--preset--spacing--40);font-size:25px;font-style:normal;font-weight:600\">Como usar este perfil de LED<\/h2>\n\n\n\n<p>Este perfil de ilumina\u00e7\u00e3o de canto \u00e9 \u00f3timo para iluminar o espa\u00e7o sob arm\u00e1rios e mais em uma variedade de situa\u00e7\u00f5es:<\/p>\n\n\n\n<ul class=\"wp-block-list\">\n<li>Arm\u00e1rios de cozinha: Para tornar seus balc\u00f5es e superf\u00edcies de trabalho mais brilhantes, use luz suave e angulada.<\/li>\n\n\n\n<li>Closets e guarda-roupas: Encontre roupas e outros objetos rapidamente e facilmente, sem sombras.<\/li>\n\n\n\n<li>Oficina e bancada: Voc\u00ea pode ver tudo claramente enquanto trabalha.<\/li>\n\n\n\n<li>Use ilumina\u00e7\u00e3o de destaque brilhante e n\u00edtida para fazer os produtos se destacarem nas exibi\u00e7\u00f5es e prateleiras de varejo.<\/li>\n<\/ul>\n<\/div>\n\n\n\n<div class=\"wp-block-group is-vertical is-layout-flex wp-container-core-group-is-layout-d255d7c4 wp-block-group-is-layout-flex\" style=\"padding-top:var(--wp--preset--spacing--80);padding-bottom:var(--wp--preset--spacing--80)\">\n<h2 class=\"wp-block-heading\" style=\"padding-top:var(--wp--preset--spacing--40);padding-bottom:var(--wp--preset--spacing--40);font-size:25px;font-style:normal;font-weight:600;text-transform:capitalize\">Aplica\u00e7\u00f5es do perfil de LED de montagem em superf\u00edcie<\/h2>\n\n\n\n<ul class=\"wp-block-list\">\n<li>Arm\u00e1rios de cozinha: Para tornar seus balc\u00f5es e superf\u00edcies de trabalho mais brilhantes, use luz suave e angulada.<\/li>\n\n\n\n<li>Closets e guarda-roupas: Encontre roupas e outros objetos rapidamente e facilmente, sem sombras.<\/li>\n\n\n\n<li>Oficina e bancada: Voc\u00ea pode ver tudo claramente enquanto trabalha.<\/li>\n\n\n\n<li>Use ilumina\u00e7\u00e3o de destaque brilhante e n\u00edtida para fazer os produtos se destacarem nas exibi\u00e7\u00f5es e prateleiras de varejo.<\/li>\n<\/ul>\n<\/div>\n\n\n\n<div class=\"wp-block-group has-background is-vertical is-layout-flex wp-container-core-group-is-layout-b429018a wp-block-group-is-layout-flex\" style=\"background-color:#f1f1f1f2;padding-top:var(--wp--preset--spacing--70);padding-bottom:var(--wp--preset--spacing--70)\">\n<h2 class=\"wp-block-heading\" style=\"padding-top:var(--wp--preset--spacing--40);padding-bottom:var(--wp--preset--spacing--40);font-size:25px;font-style:normal;font-weight:600\">Produtos Relacionados<\/h2>\n\n\n\n<ul class=\"wp-block-list\">\n<li>Explore nosso <mark style=\"background-color:rgba(0, 0, 0, 0)\" class=\"has-inline-color has-vivid-red-color\"><a href=\"https:\/\/tangooled.com\/pt\/product\/surface-mount-led-profile-with-frosted-diffuser-for-10mm-rope-lights\/\">perfil de LED de montagem em superf\u00edcie com difusor fosco para luzes de corda de 10mm<\/a><\/mark> para superf\u00edcies planas.<\/li>\n\n\n\n<li>Confira nosso <a href=\"https:\/\/tangooled.com\/pt\/product\/cabinet-led-strip-channel-with-diffuser-for-double-led-strips\/\"><mark style=\"background-color:rgba(0, 0, 0, 0)\" class=\"has-inline-color has-vivid-red-color\">canal de tira LED para arm\u00e1rio com difusor para tiras LED duplas<\/mark><\/a> para m\u00faltiplas linhas de luz.<\/li>\n\n\n\n<li>Encontre op\u00e7\u00f5es slim com <mark style=\"background-color:rgba(0, 0, 0, 0)\" class=\"has-inline-color has-vivid-red-color\"><a href=\"https:\/\/tangooled.com\/pt\/product\/25x6mm-low-profile-led-strip-channel-for-10mm-led-strip-light\/\">canal de LED de perfil baixo 25x6mm para fita LED de 10mm<\/a><\/mark>.<\/li>\n<\/ul>\n<\/div>\n\n\n\n<div class=\"wp-block-group is-vertical is-layout-flex wp-container-core-group-is-layout-d255d7c4 wp-block-group-is-layout-flex\" style=\"padding-top:var(--wp--preset--spacing--80);padding-bottom:var(--wp--preset--spacing--80)\">\n<h2 class=\"wp-block-heading\" style=\"padding-top:var(--wp--preset--spacing--40);padding-bottom:var(--wp--preset--spacing--40);font-size:25px;font-style:normal;font-weight:600;text-transform:capitalize\">Aplica\u00e7\u00f5es do perfil de LED de montagem em superf\u00edcie<\/h2>\n\n\n\n<p>Nosso perfil de LED para ilumina\u00e7\u00e3o de canto sob arm\u00e1rios permite produzir uma ilumina\u00e7\u00e3o sob arm\u00e1rio que \u00e9 brilhante, clara e suave, sem manchas escuras ou bordas \u00e1speras. Ele se encaixa perfeitamente nos cantos dos arm\u00e1rios e mant\u00e9m seu canal de tira LED de 12mm no lugar. Adicione este perfil de canto hoje para uma instala\u00e7\u00e3o f\u00e1cil e ilumina\u00e7\u00e3o de canto duradoura e estilosa em cozinhas, closets, oficinas, prateleiras de varejo e muito mais.<\/p>\n<\/div>\n\n\n\n<p><\/p>","protected":false},"featured_media":14275,"template":"","meta":{"_acf_changed":true,"_seopress_robots_primary_cat":"none","_seopress_titles_title":"LED Profile for Under Cabinet Corner Lighting | TANGOOLED","_seopress_titles_desc":"Source the LED profile for under cabinet corner lighting. Specifically designed for 12mm strips to provide shadow-free illumination in kitchens & retail displays. T","_seopress_robots_index":""},"pcb-width":[229],"product-cat":[192],"class_list":{"0":"post-46008","1":"product","2":"type-product","3":"status-publish","4":"has-post-thumbnail","6":"pcb-width-15-20mm","7":"product-cat-surface-led-profile"},"acf":[],"_links":{"self":[{"href":"https:\/\/tangooled.com\/pt\/wp-json\/wp\/v2\/product\/46008","targetHints":{"allow":["GET"]}}],"collection":[{"href":"https:\/\/tangooled.com\/pt\/wp-json\/wp\/v2\/product"}],"about":[{"href":"https:\/\/tangooled.com\/pt\/wp-json\/wp\/v2\/types\/product"}],"wp:featuredmedia":[{"embeddable":true,"href":"https:\/\/tangooled.com\/pt\/wp-json\/wp\/v2\/media\/14275"}],"wp:attachment":[{"href":"https:\/\/tangooled.com\/pt\/wp-json\/wp\/v2\/media?parent=46008"}],"wp:term":[{"taxonomy":"pcb-width","embeddable":true,"href":"https:\/\/tangooled.com\/pt\/wp-json\/wp\/v2\/pcb-width?post=46008"},{"taxonomy":"product-cat","embeddable":true,"href":"https:\/\/tangooled.com\/pt\/wp-json\/wp\/v2\/product-cat?post=46008"}],"curies":[{"name":"wp","href":"https:\/\/api.w.org\/{rel}","templated":true}]}}