{"id":46005,"date":"2026-01-07T18:55:58","date_gmt":"2026-01-08T02:55:58","guid":{"rendered":"https:\/\/tangooled.com\/?post_type=product&#038;p=46005"},"modified":"2026-02-02T22:17:38","modified_gmt":"2026-02-03T06:17:38","slug":"8mm-recessed-led-strip-light-mounting-channel-for-cabient-door","status":"publish","type":"product","link":"https:\/\/tangooled.com\/pt\/product\/8mm-recessed-led-strip-light-mounting-channel-for-cabient-door\/","title":{"rendered":"canal de montagem para fita LED embutida de 8mm para porta de arm\u00e1rio"},"content":{"rendered":"<div class=\"wp-block-group is-vertical is-layout-flex wp-container-core-group-is-layout-d255d7c4 wp-block-group-is-layout-flex\" style=\"padding-top:var(--wp--preset--spacing--80);padding-bottom:var(--wp--preset--spacing--80)\">\n<p>Our 8mm recessed cabinet door LED channel will make your cabinet doors glow. This thin profile features a 20.0mm flange width and a short 10.4mm depth, making it ideal for installing 8mm wide LED strip lights in very tight areas. To install, carve a groove into the furniture and then recess the channel entirely into it. This gives the lights a clean, flush-mount look without the bulkier lights protruding out. The profile&#8217;s built-in tilted design sends the light out, brilliantly lighting up the inside of the cabinet. It works great for closet doors, the edges of fine display cases, or thin shelves. It keeps heat in check and protects strips while giving off a gentle, professional, and clean glow.<\/p>\n<\/div>\n\n\n\n<div class=\"wp-block-group has-background is-vertical is-layout-flex wp-container-core-group-is-layout-d255d7c4 wp-block-group-is-layout-flex\" style=\"background-color:#f1f1f1;padding-top:var(--wp--preset--spacing--80);padding-bottom:var(--wp--preset--spacing--80)\">\n<div class=\"wp-block-group is-vertical is-layout-flex wp-container-core-group-is-layout-8cf370e7 wp-block-group-is-layout-flex\">\n<h2 class=\"wp-block-heading\" style=\"padding-top:var(--wp--preset--spacing--40);padding-bottom:var(--wp--preset--spacing--40);font-size:25px;font-style:normal;font-weight:600;text-transform:capitalize\">Por que escolher nosso canal LED embutido de 8mm para portas de arm\u00e1rio?<\/h2>\n\n\n\n<ul class=\"wp-block-list\">\n<li>Design Embutido: Coloque fitas LED em um sulco fino nas portas dos arm\u00e1rios para um visual limpo e sem acabamentos.<\/li>\n\n\n\n<li>Funciona com fitas LED de 8mm: Funciona com fitas LED SMD 3528, 2835 e COB populares.<\/li>\n\n\n\n<li>Difus\u00e3o Suave da Luz: A tampa difusora fosca espalha a luz uniformemente, sem pontos ou manchas quentes.<\/li>\n\n\n\n<li>Mant\u00e9m seus LEDs seguros: O alum\u00ednio anodizado mant\u00e9m poeira e calor afastados.<\/li>\n\n\n\n<li>F\u00e1cil de cortar e instalar: Basta cort\u00e1-lo no comprimento certo e fazer um sulco para um encaixe f\u00e1cil.<\/li>\n\n\n\n<li>Kit Completo: Vem com um canal, um difusor e tampas de extremidade com e sem furos para fios.<\/li>\n<\/ul>\n<\/div>\n<\/div>\n\n\n\n<div class=\"wp-block-group is-vertical is-layout-flex wp-container-core-group-is-layout-d255d7c4 wp-block-group-is-layout-flex\" style=\"padding-top:var(--wp--preset--spacing--80);padding-bottom:var(--wp--preset--spacing--80)\">\n<hr class=\"wp-block-separator has-alpha-channel-opacity\"\/>\n\n\n\n<div class=\"wp-block-media-text has-media-on-the-right is-stacked-on-mobile\" style=\"grid-template-columns:auto 40%\"><div class=\"wp-block-media-text__content\">\n<h2 class=\"wp-block-heading\" style=\"padding-top:var(--wp--preset--spacing--40);padding-bottom:var(--wp--preset--spacing--40);font-size:25px;font-style:normal;font-weight:600;text-transform:capitalize\">Instala\u00e7\u00e3o f\u00e1cil em 5 etapas<\/h2>\n\n\n\n<ul class=\"wp-block-list\">\n<li>Use uma fresadora para fazer um sulco na porta ou painel do arm\u00e1rio que tenha 12,5 mm de largura e 8 mm de profundidade.<\/li>\n\n\n\n<li>Corte o perfil de alum\u00ednio e o difusor fosco no comprimento desejado.<\/li>\n\n\n\n<li>Insira o canal no sulco que voc\u00ea fez pressionando-o ou colando-o.<\/li>\n\n\n\n<li>Coloque sua fita LED de 8mm no canal de alum\u00ednio para garantir que permane\u00e7a no lugar.<\/li>\n\n\n\n<li>Coloque as tampas de extremidade e encaixe a tampa difusora para finalizar o visual.<\/li>\n<\/ul>\n<\/div><figure class=\"wp-block-media-text__media\"><img loading=\"lazy\" decoding=\"async\" width=\"500\" height=\"500\" src=\"https:\/\/tangooled.com\/wp-content\/uploads\/2026\/01\/cd01-ins.webp\" alt=\"canal de montagem para fita LED embutida de 8mm para porta de arm\u00e1rio\" class=\"wp-image-46006 size-full\" srcset=\"https:\/\/tangooled.com\/wp-content\/uploads\/2026\/01\/cd01-ins.webp 500w, https:\/\/tangooled.com\/wp-content\/uploads\/2026\/01\/cd01-ins-300x300.webp 300w, https:\/\/tangooled.com\/wp-content\/uploads\/2026\/01\/cd01-ins-150x150.webp 150w\" sizes=\"auto, (max-width: 500px) 100vw, 500px\" \/><\/figure><\/div>\n<\/div>\n\n\n\n<div class=\"wp-block-group has-background is-vertical is-layout-flex wp-container-core-group-is-layout-b429018a wp-block-group-is-layout-flex\" style=\"background-color:#f1f1f1f2;padding-top:var(--wp--preset--spacing--70);padding-bottom:var(--wp--preset--spacing--70)\">\n<h2 class=\"wp-block-heading\" style=\"padding-top:var(--wp--preset--spacing--40);padding-bottom:var(--wp--preset--spacing--40);font-size:25px;font-style:normal;font-weight:600\">Cen\u00e1rios de Uso<\/h2>\n\n\n\n<ul class=\"wp-block-list\">\n<li>Ilumina\u00e7\u00e3o para portas de arm\u00e1rio de cozinha: D\u00e1 \u00e0s portas do arm\u00e1rio um brilho bonito que facilita a visualiza\u00e7\u00e3o \u00e0 noite e tem uma boa apar\u00eancia.<\/li>\n\n\n\n<li>Ilumina\u00e7\u00e3o para closets e guarda-roupas: Ilumina cabideiros dentro dos arm\u00e1rios para que voc\u00ea possa ver facilmente as roupas.<\/li>\n\n\n\n<li>Ilumina\u00e7\u00e3o de destaque para prateleiras e gavetas: Luz que \u00e9 suave e uniforme torna prateleiras e gavetas mais brilhantes.<\/li>\n\n\n\n<li>Ilumina\u00e7\u00e3o embutida em m\u00f3veis: Funciona com m\u00f3veis sob medida ou trabalhos em madeira para dar um visual de alta qualidade.<\/li>\n<\/ul>\n<\/div>\n\n\n\n<div class=\"wp-block-group is-vertical is-layout-flex wp-container-core-group-is-layout-d255d7c4 wp-block-group-is-layout-flex\" style=\"padding-top:var(--wp--preset--spacing--80);padding-bottom:var(--wp--preset--spacing--80)\">\n<h2 class=\"wp-block-heading\" style=\"padding-top:var(--wp--preset--spacing--40);padding-bottom:var(--wp--preset--spacing--40);font-size:25px;font-style:normal;font-weight:600;text-transform:capitalize\">links de produtos relacionados<\/h2>\n\n\n\n<ul class=\"wp-block-list\">\n<li>Para uma op\u00e7\u00e3o de canal difusor preto, veja <a href=\"https:\/\/tangooled.com\/pt\/product\/black-led-profile-with-black-diffuser-for-10mm-led-strip-light\/\"><mark style=\"background-color:rgba(0, 0, 0, 0)\" class=\"has-inline-color has-vivid-red-color\">perfil LED preto com difusor preto para fita de LED de 10mm<\/mark><\/a>.<\/li>\n\n\n\n<li>Experimente relacionados <a href=\"https:\/\/tangooled.com\/pt\/product\/led-strip-light-channel-aluminum-profile-with-diffused-cover-6mm-height\/\"><mark style=\"background-color:rgba(0, 0, 0, 0)\" class=\"has-inline-color has-vivid-red-color\">Canal de luz LED de alum\u00ednio com cobertura difusa, altura de 6 mm<\/mark><\/a> para instala\u00e7\u00f5es mais finas.<\/li>\n\n\n\n<li>Explore nosso <a href=\"https:\/\/tangooled.com\/pt\/product\/recessed-led-aluminum-profile-up-and-down-lighting-channel-for-cabinet\/\"><mark style=\"background-color:rgba(0, 0, 0, 0)\" class=\"has-inline-color has-vivid-red-color\">canal de alum\u00ednio LED embutido para ilumina\u00e7\u00e3o de arm\u00e1rio para cima e para baixo<\/mark><\/a> para mais solu\u00e7\u00f5es de ilumina\u00e7\u00e3o de arm\u00e1rio.<\/li>\n\n\n\n<li>Veja tamb\u00e9m nosso <a href=\"https:\/\/tangooled.com\/pt\/product\/10mm-led-profile-aluminum-channel-for-8mm-led-tape-lights\/\"><mark style=\"background-color:rgba(0, 0, 0, 0)\" class=\"has-inline-color has-vivid-red-color\">canal de alum\u00ednio de perfil LED de 10mm para fitas LED de 8mm<\/mark><\/a> para um perfil ligeiramente maior.<\/li>\n<\/ul>\n<\/div>\n\n\n\n<p><\/p>","protected":false},"featured_media":14272,"template":"","meta":{"_acf_changed":true,"_seopress_robots_primary_cat":"none","_seopress_titles_title":"8mm Recessed Cabinet Door LED Channel | TANGOOLED","_seopress_titles_desc":"Source the 8mm recessed cabinet door LED channel. Ultra-slim aluminum mounting profile designed for seamless furniture integration & door frame lighting.","_seopress_robots_index":""},"pcb-width":[228],"product-cat":[193],"class_list":{"0":"post-46005","1":"product","2":"type-product","3":"status-publish","4":"has-post-thumbnail","6":"pcb-width-6-12mm","7":"product-cat-recessed-profile"},"acf":[],"_links":{"self":[{"href":"https:\/\/tangooled.com\/pt\/wp-json\/wp\/v2\/product\/46005","targetHints":{"allow":["GET"]}}],"collection":[{"href":"https:\/\/tangooled.com\/pt\/wp-json\/wp\/v2\/product"}],"about":[{"href":"https:\/\/tangooled.com\/pt\/wp-json\/wp\/v2\/types\/product"}],"wp:featuredmedia":[{"embeddable":true,"href":"https:\/\/tangooled.com\/pt\/wp-json\/wp\/v2\/media\/14272"}],"wp:attachment":[{"href":"https:\/\/tangooled.com\/pt\/wp-json\/wp\/v2\/media?parent=46005"}],"wp:term":[{"taxonomy":"pcb-width","embeddable":true,"href":"https:\/\/tangooled.com\/pt\/wp-json\/wp\/v2\/pcb-width?post=46005"},{"taxonomy":"product-cat","embeddable":true,"href":"https:\/\/tangooled.com\/pt\/wp-json\/wp\/v2\/product-cat?post=46005"}],"curies":[{"name":"wp","href":"https:\/\/api.w.org\/{rel}","templated":true}]}}