{"id":46001,"date":"2026-01-07T18:52:46","date_gmt":"2026-01-08T02:52:46","guid":{"rendered":"https:\/\/tangooled.com\/?post_type=product&#038;p=46001"},"modified":"2026-02-02T22:19:27","modified_gmt":"2026-02-03T06:19:27","slug":"wood-cabinet-edge-led-strip-channel-under-shelf-lighting","status":"publish","type":"product","link":"https:\/\/tangooled.com\/pt\/product\/wood-cabinet-edge-led-strip-channel-under-shelf-lighting\/","title":{"rendered":"canal de fita LED de borda de arm\u00e1rio de madeira para ilumina\u00e7\u00e3o sob a prateleira"},"content":{"rendered":"<div class=\"wp-block-group is-vertical is-layout-flex wp-container-core-group-is-layout-d255d7c4 wp-block-group-is-layout-flex\" style=\"padding-top:var(--wp--preset--spacing--80);padding-bottom:var(--wp--preset--spacing--80)\">\n<p>Nosso canal LED para a borda de arm\u00e1rios de madeira \u00e9 projetado para ser instalado na borda da prateleira. A luz direciona-se para baixo, iluminando o espa\u00e7o abaixo sem causar ofuscamento. Este design de ilumina\u00e7\u00e3o de arm\u00e1rio em madeira maximiza o espa\u00e7o da borda, e a luz angular reduz efetivamente as sombras nos itens abaixo da prateleira, tornando todo o espa\u00e7o mais iluminado e uniformemente iluminado. Esta \u00e9 uma maneira inteligente e pr\u00e1tica de iluminar os itens dentro do arm\u00e1rio e na prateleira de exibi\u00e7\u00e3o.<\/p>\n<\/div>\n\n\n\n<div class=\"wp-block-group has-background is-vertical is-layout-flex wp-container-core-group-is-layout-d255d7c4 wp-block-group-is-layout-flex\" style=\"background-color:#f1f1f1;padding-top:var(--wp--preset--spacing--80);padding-bottom:var(--wp--preset--spacing--80)\">\n<div class=\"wp-block-group is-vertical is-layout-flex wp-container-core-group-is-layout-8cf370e7 wp-block-group-is-layout-flex\">\n<h2 class=\"wp-block-heading\" style=\"padding-top:var(--wp--preset--spacing--40);padding-bottom:var(--wp--preset--spacing--40);font-size:25px;font-style:normal;font-weight:600;text-transform:capitalize\">Por Que Escolher Nosso Canal LED para Borda de Arm\u00e1rio em Madeira?<\/h2>\n\n\n\n<p>Our product is a smart edge lighting channel that fits nicely on wooden shelves or cabinets. It holds your LED strips safely while making your space brighter and nicer. This is why it&#8217;s so great:<\/p>\n\n\n\n<ul class=\"wp-block-list\">\n<li>Encaixa-se perfeitamente nas bordas dos arm\u00e1rios de madeira para um visual limpo.<\/li>\n\n\n\n<li>Fornece luz brilhante sob as prateleiras para ajudar voc\u00ea a ver melhor.\u00a0<\/li>\n\n\n\n<li>Feito de alum\u00ednio robusto, o que faz com que as fitas LED durem mais.<\/li>\n\n\n\n<li>Vem com um difusor de luz transparente para uma luz suave e uniforme.\u00a0<\/li>\n\n\n\n<li>F\u00e1cil de instalar com ferramentas b\u00e1sicas.<\/li>\n\n\n\n<li>Funciona com muitos tipos diferentes de fitas LED DC12V.<\/li>\n<\/ul>\n<\/div>\n<\/div>\n\n\n\n<div class=\"wp-block-group is-vertical is-layout-flex wp-container-core-group-is-layout-d255d7c4 wp-block-group-is-layout-flex\" style=\"padding-top:var(--wp--preset--spacing--80);padding-bottom:var(--wp--preset--spacing--80)\">\n<hr class=\"wp-block-separator has-alpha-channel-opacity\"\/>\n\n\n\n<div class=\"wp-block-media-text has-media-on-the-right is-stacked-on-mobile\" style=\"grid-template-columns:auto 40%\"><div class=\"wp-block-media-text__content\">\n<h2 class=\"wp-block-heading\" style=\"padding-top:var(--wp--preset--spacing--40);padding-bottom:var(--wp--preset--spacing--40);font-size:25px;font-style:normal;font-weight:600;text-transform:capitalize\">Como Instalar<\/h2>\n\n\n\n<ul class=\"wp-block-list\">\n<li>Me\u00e7a e Corte: Use uma fita m\u00e9trica para descobrir o comprimento da borda da prateleira e depois corte o perfil de alum\u00ednio para esse comprimento.<\/li>\n\n\n\n<li>Anexe o Perfil: Prenda o perfil de alum\u00ednio na parte inferior da borda da prateleira. Certifique-se de que esteja alinhado com a borda frontal da madeira para um visual limpo.<\/li>\n\n\n\n<li>Coloque a Fita LED no Lugar: Remova a parte adesiva da fita LED e cole-a firmemente no perfil de alum\u00ednio.<\/li>\n\n\n\n<li>Teste e instale o difusor: para testar, conecte a fita LED \u00e0 sua fonte de energia e, em seguida, encaixe a tampa de difusor de pl\u00e1stico no perfil para finaliz\u00e1-lo.<\/li>\n<\/ul>\n<\/div><figure class=\"wp-block-media-text__media\"><img loading=\"lazy\" decoding=\"async\" width=\"500\" height=\"500\" src=\"https:\/\/tangooled.com\/wp-content\/uploads\/2026\/01\/lb06-ins.webp\" alt=\"canal de fita LED de borda de arm\u00e1rio de madeira para ilumina\u00e7\u00e3o sob a prateleira\" class=\"wp-image-46002 size-full\" srcset=\"https:\/\/tangooled.com\/wp-content\/uploads\/2026\/01\/lb06-ins.webp 500w, https:\/\/tangooled.com\/wp-content\/uploads\/2026\/01\/lb06-ins-300x300.webp 300w, https:\/\/tangooled.com\/wp-content\/uploads\/2026\/01\/lb06-ins-150x150.webp 150w\" sizes=\"auto, (max-width: 500px) 100vw, 500px\" \/><\/figure><\/div>\n<\/div>\n\n\n\n<div class=\"wp-block-group has-background is-vertical is-layout-flex wp-container-core-group-is-layout-b429018a wp-block-group-is-layout-flex\" style=\"background-color:#f1f1f1f2;padding-top:var(--wp--preset--spacing--70);padding-bottom:var(--wp--preset--spacing--70)\">\n<h2 class=\"wp-block-heading\" style=\"padding-top:var(--wp--preset--spacing--40);padding-bottom:var(--wp--preset--spacing--40);font-size:25px;font-style:normal;font-weight:600;text-transform:capitalize\">melhor maneira de usar<\/h2>\n\n\n\n<ul class=\"wp-block-list\">\n<li>Ilumina\u00e7\u00e3o de trabalho sob a prateleira que \u00e9 brilhante o suficiente para ler receitas, cortar alimentos e cozinhar.<\/li>\n\n\n\n<li>Ilumina\u00e7\u00e3o para estantes e exibi\u00e7\u00f5es: Ilumine seus livros, cole\u00e7\u00f5es ou itens armazenados com luz suave.<\/li>\n\n\n\n<li>Ilumina\u00e7\u00e3o de Prateleira Flutuante: Esta luz moderna oculta a fonte e cria um agrad\u00e1vel efeito de ilumina\u00e7\u00e3o na parede.<\/li>\n\n\n\n<li>Ilumine prateleiras escuras em seu closet e guarda-roupa para torn\u00e1-las mais f\u00e1ceis de ver e parecer melhores.<\/li>\n<\/ul>\n<\/div>\n\n\n\n<div class=\"wp-block-group is-vertical is-layout-flex wp-container-core-group-is-layout-d255d7c4 wp-block-group-is-layout-flex\" style=\"padding-top:var(--wp--preset--spacing--80);padding-bottom:var(--wp--preset--spacing--80)\">\n<h2 class=\"wp-block-heading\" style=\"padding-top:var(--wp--preset--spacing--40);padding-bottom:var(--wp--preset--spacing--40);font-size:25px;font-style:normal;font-weight:600;text-transform:capitalize\">Produtos Relacionados que Voc\u00ea Pode Gostar<\/h2>\n\n\n\n<ul class=\"wp-block-list\">\n<li>Perfil LED preto com difusor preto para fita LED de 10mm: <a href=\"https:\/\/tangooled.com\/pt\/product\/black-led-profile-with-black-diffuser-for-10mm-led-strip-light\/\"><mark style=\"background-color:rgba(0, 0, 0, 0)\" class=\"has-inline-color has-vivid-red-color\">Ver produto<\/mark><\/a><\/li>\n\n\n\n<li>Perfil LED para montagem na superf\u00edcie com difusor fosco para luzes em corda de 10mm: <a href=\"https:\/\/tangooled.com\/pt\/product\/surface-mount-led-profile-with-frosted-diffuser-for-10mm-rope-lights\/\"><mark style=\"background-color:rgba(0, 0, 0, 0)\" class=\"has-inline-color has-vivid-red-color\">Ver produto<\/mark><\/a><\/li>\n\n\n\n<li>Canal difusor de luz LED de alum\u00ednio 15x12mm para fitas LED de 10mm: <a href=\"https:\/\/tangooled.com\/pt\/product\/led-light-diffuser-channel-aluminum-15x12mm-for-10mm-led-strips\/\"><mark style=\"background-color:rgba(0, 0, 0, 0)\" class=\"has-inline-color has-vivid-red-color\">Ver produto<\/mark><\/a><\/li>\n<\/ul>\n<\/div>\n\n\n\n<div class=\"wp-block-group has-background is-vertical is-layout-flex wp-container-core-group-is-layout-b429018a wp-block-group-is-layout-flex\" style=\"background-color:#f1f1f1f2;padding-top:var(--wp--preset--spacing--70);padding-bottom:var(--wp--preset--spacing--70)\">\n<h2 class=\"wp-block-heading\" style=\"padding-top:var(--wp--preset--spacing--40);padding-bottom:var(--wp--preset--spacing--40);font-size:25px;font-style:normal;font-weight:600;text-transform:capitalize\">resumo<\/h2>\n\n\n\n<p style=\"padding-right:var(--wp--preset--spacing--50);padding-left:var(--wp--preset--spacing--50)\">Instalar ilumina\u00e7\u00e3o de borda sob prateleiras de madeira \u00e9 f\u00e1cil com nosso canal LED para borda de arm\u00e1rios de madeira. Funciona com a maioria das fitas LED que t\u00eam at\u00e9 8mm de largura e se encaixa em madeira que tenha 18mm de espessura. O difusor fosco torna a luz suave, uniforme e sem pontos, e o alum\u00ednio anodizado mant\u00e9m os LEDs frescos e seguros. \u00c9 excelente para adicionar ilumina\u00e7\u00e3o de trabalho, ambiente e de destaque em cozinhas, prateleiras de exibi\u00e7\u00e3o e prateleiras flutuantes.<\/p>\n<\/div>\n\n\n\n<p><\/p>","protected":false},"featured_media":14191,"template":"","meta":{"_acf_changed":true,"_seopress_robots_primary_cat":"none","_seopress_titles_title":"Wood Cabinet Edge LED Channel | Under Shelf Lighting | TANGOOLED","_seopress_titles_desc":"Source the wood cabinet edge led channel. Specifically designed for integrated edge lighting in furniture and under shelf applications. Professional TANGOOLED quality.","_seopress_robots_index":""},"pcb-width":[228],"product-cat":[193],"class_list":{"0":"post-46001","1":"product","2":"type-product","3":"status-publish","4":"has-post-thumbnail","6":"pcb-width-6-12mm","7":"product-cat-recessed-profile"},"acf":[],"_links":{"self":[{"href":"https:\/\/tangooled.com\/pt\/wp-json\/wp\/v2\/product\/46001","targetHints":{"allow":["GET"]}}],"collection":[{"href":"https:\/\/tangooled.com\/pt\/wp-json\/wp\/v2\/product"}],"about":[{"href":"https:\/\/tangooled.com\/pt\/wp-json\/wp\/v2\/types\/product"}],"wp:featuredmedia":[{"embeddable":true,"href":"https:\/\/tangooled.com\/pt\/wp-json\/wp\/v2\/media\/14191"}],"wp:attachment":[{"href":"https:\/\/tangooled.com\/pt\/wp-json\/wp\/v2\/media?parent=46001"}],"wp:term":[{"taxonomy":"pcb-width","embeddable":true,"href":"https:\/\/tangooled.com\/pt\/wp-json\/wp\/v2\/pcb-width?post=46001"},{"taxonomy":"product-cat","embeddable":true,"href":"https:\/\/tangooled.com\/pt\/wp-json\/wp\/v2\/product-cat?post=46001"}],"curies":[{"name":"wp","href":"https:\/\/api.w.org\/{rel}","templated":true}]}}