{"id":45997,"date":"2026-01-07T18:49:10","date_gmt":"2026-01-08T02:49:10","guid":{"rendered":"https:\/\/tangooled.com\/?post_type=product&#038;p=45997"},"modified":"2026-02-02T22:29:02","modified_gmt":"2026-02-03T06:29:02","slug":"cabinet-led-aluminum-profile-up-down-edge-lighting-lb05","status":"publish","type":"product","link":"https:\/\/tangooled.com\/pt\/product\/cabinet-led-aluminum-profile-up-down-edge-lighting-lb05\/","title":{"rendered":"perfil de alum\u00ednio LED de arm\u00e1rio com ilumina\u00e7\u00e3o de borda para cima e para baixo"},"content":{"rendered":"<div class=\"wp-block-group is-vertical is-layout-flex wp-container-core-group-is-layout-d255d7c4 wp-block-group-is-layout-flex\" style=\"padding-top:var(--wp--preset--spacing--80);padding-bottom:var(--wp--preset--spacing--80)\">\n<p>Ilumine seu espa\u00e7o de arm\u00e1rio com nosso perfil LED para ilumina\u00e7\u00e3o de borda superior e inferior. Este perfil de alum\u00ednio \u00e9 projetado para fornecer uma ilumina\u00e7\u00e3o limpa e n\u00edtida a partir das bordas. Funciona para ilumina\u00e7\u00e3o de borda tanto para cima quanto para baixo em um \u00fanico canal. Foi feito para se encaixar perfeitamente em seu arm\u00e1rio e iluminar onde voc\u00ea precisa.<\/p>\n<\/div>\n\n\n\n<div class=\"wp-block-group has-background is-vertical is-layout-flex wp-container-core-group-is-layout-d255d7c4 wp-block-group-is-layout-flex\" style=\"background-color:#f1f1f1;padding-top:var(--wp--preset--spacing--80);padding-bottom:var(--wp--preset--spacing--80)\">\n<div class=\"wp-block-group is-vertical is-layout-flex wp-container-core-group-is-layout-8cf370e7 wp-block-group-is-layout-flex\">\n<h2 class=\"wp-block-heading\" style=\"padding-top:var(--wp--preset--spacing--40);padding-bottom:var(--wp--preset--spacing--40);font-size:25px;font-style:normal;font-weight:600;text-transform:capitalize\">Por que escolher este canal de ilumina\u00e7\u00e3o de borda para cima e para baixo?<\/h2>\n\n\n\n<ul class=\"wp-block-list\">\n<li>Dire\u00e7\u00e3o de Luz Dual: A luz brilha para cima e para baixo ao mesmo tempo. Isso economiza espa\u00e7o e faz com que seu arm\u00e1rio ou prateleira pare\u00e7a agrad\u00e1vel.<\/li>\n\n\n\n<li>Perfil de Alum\u00ednio Resistente: Feito de alum\u00ednio resistente. Ele mant\u00e9m suas fitas de LED frescas e faz sua luz durar mais. <\/li>\n\n\n\n<li>Ajuste bem: Feito para se encaixar bem nas bordas dos arm\u00e1rios e funciona com muitos tipos de fitas de LED. <\/li>\n\n\n\n<li>Simples de Usar: Voc\u00ea pode usar parafusos para coloc\u00e1-lo na superf\u00edcie ou inserir em um slot.<\/li>\n<\/ul>\n<\/div>\n<\/div>\n\n\n\n<div class=\"wp-block-group is-vertical is-layout-flex wp-container-core-group-is-layout-d255d7c4 wp-block-group-is-layout-flex\" style=\"padding-top:var(--wp--preset--spacing--80);padding-bottom:var(--wp--preset--spacing--80)\">\n<hr class=\"wp-block-separator has-alpha-channel-opacity\"\/>\n\n\n\n<div class=\"wp-block-media-text has-media-on-the-right is-stacked-on-mobile\" style=\"grid-template-columns:auto 40%\"><div class=\"wp-block-media-text__content\">\n<h2 class=\"wp-block-heading\" style=\"padding-top:var(--wp--preset--spacing--40);padding-bottom:var(--wp--preset--spacing--40);font-size:25px;font-style:normal;font-weight:600;text-transform:capitalize\">Como usar este perfil de alum\u00ednio?<\/h2>\n\n\n\n<ul class=\"wp-block-list\">\n<li>Arm\u00e1rios de Cozinha: Use este perfil LED para iluminar as bordas dos arm\u00e1rios de cozinha para uma melhor ilumina\u00e7\u00e3o de tarefas e estilo.<\/li>\n\n\n\n<li>Guarda-Roupas e Closets: Use o canal de ilumina\u00e7\u00e3o de borda para adicionar uma luz brilhante e suave aos seus guarda-roupas.<\/li>\n\n\n\n<li>Expositores e Prateleiras: Use uma boa ilumina\u00e7\u00e3o em ambos os cantos para mostrar suas coisas.<\/li>\n\n\n\n<li>Espa\u00e7os de Escrit\u00f3rio e Varejo: Use em prateleiras ou unidades de exibi\u00e7\u00e3o para deix\u00e1-las bonitas.<\/li>\n<\/ul>\n<\/div><figure class=\"wp-block-media-text__media\"><img loading=\"lazy\" decoding=\"async\" width=\"500\" height=\"500\" src=\"https:\/\/tangooled.com\/wp-content\/uploads\/2026\/01\/lb05-ins.webp\" alt=\"perfil de alum\u00ednio LED de arm\u00e1rio com ilumina\u00e7\u00e3o de borda para cima e para baixo\" class=\"wp-image-45998 size-full\" srcset=\"https:\/\/tangooled.com\/wp-content\/uploads\/2026\/01\/lb05-ins.webp 500w, https:\/\/tangooled.com\/wp-content\/uploads\/2026\/01\/lb05-ins-300x300.webp 300w, https:\/\/tangooled.com\/wp-content\/uploads\/2026\/01\/lb05-ins-150x150.webp 150w\" sizes=\"auto, (max-width: 500px) 100vw, 500px\" \/><\/figure><\/div>\n<\/div>\n\n\n\n<div class=\"wp-block-group has-background is-vertical is-layout-flex wp-container-core-group-is-layout-b429018a wp-block-group-is-layout-flex\" style=\"background-color:#f1f1f1f2;padding-top:var(--wp--preset--spacing--70);padding-bottom:var(--wp--preset--spacing--70)\">\n<h2 class=\"wp-block-heading\" style=\"padding-top:var(--wp--preset--spacing--40);padding-bottom:var(--wp--preset--spacing--40);font-size:25px;font-style:normal;font-weight:600\">Ver Produtos Relacionados<\/h2>\n\n\n\n<ul class=\"wp-block-list\">\n<li><a href=\"https:\/\/tangooled.com\/pt\/product\/black-led-diffuser-aluminum-channel-for-12mm-tape-lights\/\"><mark style=\"background-color:rgba(0, 0, 0, 0)\" class=\"has-inline-color has-vivid-red-color\">Canal de alum\u00ednio com difusor LED preto para luzes de fita de 12mm<\/mark><\/a>: \u00d3timo para temas de design mais escuros com uma distribui\u00e7\u00e3o de luz organizada.<\/li>\n\n\n\n<li><a href=\"https:\/\/tangooled.com\/pt\/product\/surface-mount-led-profile-with-frosted-diffuser-for-10mm-rope-lights\/\"><mark style=\"background-color:rgba(0, 0, 0, 0)\" class=\"has-inline-color has-vivid-red-color\">Perfil LED de montagem em superf\u00edcie com difusor fosco para luzes de fita de 10mm<\/mark><\/a>: F\u00e1cil de instalar com difusor fosco.<\/li>\n\n\n\n<li><a href=\"https:\/\/tangooled.com\/pt\/product\/recessed-led-aluminum-profile-up-and-down-lighting-channel-for-cabinet\/\"><mark style=\"background-color:rgba(0, 0, 0, 0)\" class=\"has-inline-color has-vivid-red-color\">Perfil de alum\u00ednio LED embutido para ilumina\u00e7\u00e3o superior e inferior para arm\u00e1rios<\/mark><\/a>: Ilumina\u00e7\u00e3o de borda em encaixe para um design de arm\u00e1rio elegante.<\/li>\n<\/ul>\n<\/div>\n\n\n\n<div class=\"wp-block-group is-vertical is-layout-flex wp-container-core-group-is-layout-d255d7c4 wp-block-group-is-layout-flex\" style=\"padding-top:var(--wp--preset--spacing--80);padding-bottom:var(--wp--preset--spacing--80)\">\n<h2 class=\"wp-block-heading\" style=\"padding-top:var(--wp--preset--spacing--40);padding-bottom:var(--wp--preset--spacing--40);font-size:25px;font-style:normal;font-weight:600;text-transform:capitalize\">Resumo<\/h2>\n\n\n\n<p>Nosso perfil LED para ilumina\u00e7\u00e3o de borda superior e inferior \u00e9 a melhor escolha para uma ilumina\u00e7\u00e3o organizada e estilosa. O recurso exclusivo de ilumina\u00e7\u00e3o de borda para cima e para baixo fornece uma \u00f3tima luz para qualquer espa\u00e7o de casa ou neg\u00f3cio. O perfil de alum\u00ednio dur\u00e1vel mant\u00e9m os LEDs frescos e brilhantes. F\u00e1cil de instalar com difusor opal ou fosco, este canal faz a luz parecer suave e homog\u00eanea.<\/p>\n<\/div>\n\n\n\n<p><\/p>","protected":false},"featured_media":14188,"template":"","meta":{"_acf_changed":true,"_seopress_robots_primary_cat":"none","_seopress_titles_title":"LB05 Up and Down Edge Lighting LED Profile | TANGOOLED","_seopress_titles_desc":"LB05 aluminum LED profile for up and down edge lighting. Specially designed for cabinet edges and glass shelving to create dual-sided lighting effects.","_seopress_robots_index":""},"pcb-width":[228],"product-cat":[193],"class_list":{"0":"post-45997","1":"product","2":"type-product","3":"status-publish","4":"has-post-thumbnail","6":"pcb-width-6-12mm","7":"product-cat-recessed-profile"},"acf":[],"_links":{"self":[{"href":"https:\/\/tangooled.com\/pt\/wp-json\/wp\/v2\/product\/45997","targetHints":{"allow":["GET"]}}],"collection":[{"href":"https:\/\/tangooled.com\/pt\/wp-json\/wp\/v2\/product"}],"about":[{"href":"https:\/\/tangooled.com\/pt\/wp-json\/wp\/v2\/types\/product"}],"wp:featuredmedia":[{"embeddable":true,"href":"https:\/\/tangooled.com\/pt\/wp-json\/wp\/v2\/media\/14188"}],"wp:attachment":[{"href":"https:\/\/tangooled.com\/pt\/wp-json\/wp\/v2\/media?parent=45997"}],"wp:term":[{"taxonomy":"pcb-width","embeddable":true,"href":"https:\/\/tangooled.com\/pt\/wp-json\/wp\/v2\/pcb-width?post=45997"},{"taxonomy":"product-cat","embeddable":true,"href":"https:\/\/tangooled.com\/pt\/wp-json\/wp\/v2\/product-cat?post=45997"}],"curies":[{"name":"wp","href":"https:\/\/api.w.org\/{rel}","templated":true}]}}