{"id":45993,"date":"2026-01-07T18:45:54","date_gmt":"2026-01-08T02:45:54","guid":{"rendered":"https:\/\/tangooled.com\/?post_type=product&#038;p=45993"},"modified":"2026-02-02T22:18:35","modified_gmt":"2026-02-03T06:18:35","slug":"cabinet-aluminum-channel-up-down-diffusers-lb04","status":"publish","type":"product","link":"https:\/\/tangooled.com\/pt\/product\/cabinet-aluminum-channel-up-down-diffusers-lb04\/","title":{"rendered":"canal de alum\u00ednio de arm\u00e1rio com difusores LED para cima e para baixo lB04"},"content":{"rendered":"<div class=\"wp-block-group is-vertical is-layout-flex wp-container-core-group-is-layout-d255d7c4 wp-block-group-is-layout-flex\" style=\"padding-top:var(--wp--preset--spacing--80);padding-bottom:var(--wp--preset--spacing--80)\">\n<p>Fa\u00e7a seu arm\u00e1rio brilhar com o canal de alum\u00ednio LB04 para arm\u00e1rios com difusores para cima e para baixo. Este canal de alum\u00ednio \u00e9 projetado para proporcionar ilumina\u00e7\u00e3o bidirecional, emitindo um brilho suave e uniforme tanto para cima quanto para baixo. Este canal de ilumina\u00e7\u00e3o para cima e para baixo \u00e9 perfeito para sua casa ou espa\u00e7o comercial.<\/p>\n<\/div>\n\n\n\n<div class=\"wp-block-group has-background is-vertical is-layout-flex wp-container-core-group-is-layout-d255d7c4 wp-block-group-is-layout-flex\" style=\"background-color:#f1f1f1;padding-top:var(--wp--preset--spacing--80);padding-bottom:var(--wp--preset--spacing--80)\">\n<div class=\"wp-block-group is-vertical is-layout-flex wp-container-core-group-is-layout-8cf370e7 wp-block-group-is-layout-flex\">\n<h2 class=\"wp-block-heading\" style=\"padding-top:var(--wp--preset--spacing--40);padding-bottom:var(--wp--preset--spacing--40);font-size:25px;font-style:normal;font-weight:600;text-transform:capitalize\">Por que escolher o canal de alum\u00ednio LB04?<\/h2>\n\n\n\n<p>Este canal de alum\u00ednio para arm\u00e1rios com difusores para cima e para baixo \u00e9 forte, f\u00e1cil de usar e possui um \u00f3timo visual. Ele ajuda suas luzes de LED a durarem mais, mantendo-as frias. O canal de alum\u00ednio de alta qualidade atua como um dissipador de calor e protege suas tiras.<\/p>\n\n\n\n<ul class=\"wp-block-list\">\n<li>Luz dupla: A luz brilha para cima e para baixo ao mesmo tempo. <\/li>\n\n\n\n<li>Material forte: Feito de alum\u00ednio 6063-T5, que \u00e9 resistente e permite uma boa dissipa\u00e7\u00e3o de calor.<\/li>\n\n\n\n<li>Luz suave: Os difusores espalham a luz de maneira uniforme e ocultam pontos.<\/li>\n\n\n\n<li>F\u00e1cil de montar: feito para ser montado em uma superf\u00edcie.<\/li>\n\n\n\n<li>Compat\u00edvel com v\u00e1rias tiras: Pode ser usado com tiras de LED de at\u00e9 12 mm de largura.<\/li>\n<\/ul>\n<\/div>\n<\/div>\n\n\n\n<div class=\"wp-block-group is-vertical is-layout-flex wp-container-core-group-is-layout-d255d7c4 wp-block-group-is-layout-flex\" style=\"padding-top:var(--wp--preset--spacing--80);padding-bottom:var(--wp--preset--spacing--80)\">\n<hr class=\"wp-block-separator has-alpha-channel-opacity\"\/>\n\n\n\n<div class=\"wp-block-media-text has-media-on-the-right is-stacked-on-mobile\" style=\"grid-template-columns:auto 40%\"><div class=\"wp-block-media-text__content\">\n<h2 class=\"wp-block-heading\" style=\"padding-top:var(--wp--preset--spacing--40);padding-bottom:var(--wp--preset--spacing--40);font-size:25px;font-style:normal;font-weight:600;text-transform:capitalize\">F\u00e1cil de instalar<\/h2>\n\n\n\n<p>Este canal de alum\u00ednio \u00e9 feito para montagem em recesso de painel. O painel de madeira pode ser embutido neste canal e fixado com parafusos.<\/p>\n<\/div><figure class=\"wp-block-media-text__media\"><img loading=\"lazy\" decoding=\"async\" width=\"500\" height=\"500\" src=\"https:\/\/tangooled.com\/wp-content\/uploads\/2026\/01\/lb04-ins.webp\" alt=\"lb04 cabinet aluminum channel with up and down led diffusers\" class=\"wp-image-45995 size-full\" srcset=\"https:\/\/tangooled.com\/wp-content\/uploads\/2026\/01\/lb04-ins.webp 500w, https:\/\/tangooled.com\/wp-content\/uploads\/2026\/01\/lb04-ins-300x300.webp 300w, https:\/\/tangooled.com\/wp-content\/uploads\/2026\/01\/lb04-ins-150x150.webp 150w\" sizes=\"auto, (max-width: 500px) 100vw, 500px\" \/><\/figure><\/div>\n<\/div>\n\n\n\n<div class=\"wp-block-group has-background is-vertical is-layout-flex wp-container-core-group-is-layout-b429018a wp-block-group-is-layout-flex\" style=\"background-color:#f1f1f1f2;padding-top:var(--wp--preset--spacing--70);padding-bottom:var(--wp--preset--spacing--70)\">\n<h2 class=\"wp-block-heading\" style=\"padding-top:var(--wp--preset--spacing--40);padding-bottom:var(--wp--preset--spacing--40);font-size:25px;font-style:normal;font-weight:600\">\u00d3timo para muitos locais<\/h2>\n\n\n\n<ul class=\"wp-block-list\">\n<li>Arm\u00e1rios de cozinha para uma luz de trabalho clara<\/li>\n\n\n\n<li>Prateleiras para exibir seus livros favoritos<\/li>\n\n\n\n<li>Guarda-roupas e closets para f\u00e1cil visibilidade<\/li>\n\n\n\n<li>Exposi\u00e7\u00f5es de varejo para destacar produtos<\/li>\n<\/ul>\n\n\n\n<p style=\"padding-right:var(--wp--preset--spacing--50);padding-left:var(--wp--preset--spacing--50)\">Se voc\u00ea quer uma op\u00e7\u00e3o similar, veja isso <a href=\"https:\/\/tangooled.com\/pt\/product\/surface-mount-led-profile-with-frosted-diffuser-for-10mm-rope-lights\/\"><mark style=\"background-color:rgba(0, 0, 0, 0)\" class=\"has-inline-color has-vivid-red-color\">perfil LED de montagem em superf\u00edcie com difusor fosco para luzes de corda de 10mm<\/mark><\/a>.<br>Ou confira isso <a href=\"https:\/\/tangooled.com\/pt\/product\/black-led-diffuser-aluminum-channel-for-12mm-tape-lights\/\"><mark style=\"background-color:rgba(0, 0, 0, 0)\" class=\"has-inline-color has-vivid-red-color\">canal de alum\u00ednio com difusor LED preto para luzes de fita de 12mm<\/mark><\/a> para acabamento preto.<\/p>\n<\/div>\n\n\n\n<p><\/p>","protected":false},"featured_media":14182,"template":"","meta":{"_acf_changed":true,"_seopress_robots_primary_cat":"none","_seopress_titles_title":"Cabinet Aluminum Channel with Up and Down Diffusers LB04 | TANGOOLED","_seopress_titles_desc":"Source the cabinet aluminum channel with up and down LED diffusers for balanced ambient lighting. Our LB04 aluminum profile is for furniture & display cases.","_seopress_robots_index":""},"pcb-width":[228],"product-cat":[193],"class_list":{"0":"post-45993","1":"product","2":"type-product","3":"status-publish","4":"has-post-thumbnail","6":"pcb-width-6-12mm","7":"product-cat-recessed-profile"},"acf":[],"_links":{"self":[{"href":"https:\/\/tangooled.com\/pt\/wp-json\/wp\/v2\/product\/45993","targetHints":{"allow":["GET"]}}],"collection":[{"href":"https:\/\/tangooled.com\/pt\/wp-json\/wp\/v2\/product"}],"about":[{"href":"https:\/\/tangooled.com\/pt\/wp-json\/wp\/v2\/types\/product"}],"wp:featuredmedia":[{"embeddable":true,"href":"https:\/\/tangooled.com\/pt\/wp-json\/wp\/v2\/media\/14182"}],"wp:attachment":[{"href":"https:\/\/tangooled.com\/pt\/wp-json\/wp\/v2\/media?parent=45993"}],"wp:term":[{"taxonomy":"pcb-width","embeddable":true,"href":"https:\/\/tangooled.com\/pt\/wp-json\/wp\/v2\/pcb-width?post=45993"},{"taxonomy":"product-cat","embeddable":true,"href":"https:\/\/tangooled.com\/pt\/wp-json\/wp\/v2\/product-cat?post=45993"}],"curies":[{"name":"wp","href":"https:\/\/api.w.org\/{rel}","templated":true}]}}